{"id":1314,"date":"2025-12-19T15:29:43","date_gmt":"2025-12-19T07:29:43","guid":{"rendered":"https:\/\/www.haideclean.com\/?post_type=product&#038;p=1314"},"modified":"2026-03-19T11:42:05","modified_gmt":"2026-03-19T03:42:05","slug":"chd5070twqqle6-high-pressure-water-road-marking-line-cleaning-truck","status":"publish","type":"product","link":"https:\/\/www.haideclean.com\/de\/product\/chd5070twqqle6-high-pressure-water-road-marking-line-cleaning-truck\/","title":{"rendered":"CHD5070TWQLE6 Hochdruck Wasser Stra\u00dfe Markierung Linie Reinigung Truck"},"content":{"rendered":"<p><strong>\u4e00\u3001 Kernleistung &amp; Reinigungsm\u00f6glichkeiten<\/strong><\/p>\n<ul>\n<li>Ultra-Hochdruck-Pumpeneinheit: unter Anwendung fortschrittlicher Technologie betr\u00e4gt der Arbeitsdruck bis zu 70MPa, wodurch eine tiefe Reinigung des Bodens erreicht wird.<\/li>\n<li>Split-Reduktionsgetriebe Optimierung: Der Hauptmotor des Fahrwerks ist mit einem Split-Reduktionsgetriebe ausgestattet, das die Fahrgeschwindigkeit reduziert und die Effizienz der Bodenreinigung erheblich verbessert.<\/li>\n<\/ul>\n<p><strong>\u4e8c\u3001 Effiziente \u00dcbertragungs- und Subsystemkonfiguration<\/strong><\/p>\n<ul>\n<li>Direktantriebssystem des Untermotors: Der Untermotor treibt die Hochdruckwasserpumpe und die Arbeitseinrichtung direkt an, wodurch eine pr\u00e4zise Steuerung und eine hohe \u00dcbertragungseffizienz gew\u00e4hrleistet werden.<\/li>\n<\/ul>\n<p><strong>\u4e09\u3001 Flexible Arbeitsger\u00e4te<\/strong><\/p>\n<ul>\n<li>Scheibentyp vordere Waschmaschine: mit mehrrichtlicher Schwingfunktion (links, rechts, oben und unten), die sich an die komplexe Stra\u00dfenumgebung anpasst und die betriebliche Flexibilit\u00e4t erh\u00f6ht.<\/li>\n<li>Fahrsicherheitskonstruktion: das Arbeitsger\u00e4t wird automatisch in die Position nahe dem Fahrer zur\u00fcckgezogen&#8217; s Kabine beim Fahren, um Fahrsicherheit und Stabilit\u00e4t zu gew\u00e4hrleisten.<\/li>\n<\/ul>\n<p><strong>\u56db\u3001 Hochwertige Komponenten und intelligenter Schutz<\/strong><\/p>\n<ul>\n<li>Bekannte Markenkomponenten: Alle Komponenten werden aus bekannten Marken ausgew\u00e4hlt, um eine ausgezeichnete Leistung und einen zuverl\u00e4ssigen Betrieb zu gew\u00e4hrleisten.<\/li>\n<li>Kein Wasseralarmsystem: Die Hochdruckwasserpumpe ist mit einem Wasserstandsalarmger\u00e4t ausgestattet, das automatisch \u00fcberwacht und alarmiert, um eine Trockenrotation ohne Wasser zu verhindern.<\/li>\n<\/ul>\n<p><strong>\u4e94\u3001 Bequemer Betrieb und umfassende \u00dcberwachung<\/strong><\/p>\n<ul>\n<li>Integriertes Steuersystem: die Annahme eines fortschrittlichen Controllers, die Realisierung eines Einschl\u00fcsselbetriebs und der Instrument\u00fcberwachung im Innenraum, die Vereinfachung des Betriebsprozesses und die Erleichterung der pr\u00e4zisen Steuerung des Reinigungsbetriebs und des Stra\u00dfenwaschbetriebs.<\/li>\n<\/ul>\n<p><strong>\u516d\u3001 Langlebige Materialien und Strukturgestaltung<\/strong><\/p>\n<ul>\n<li>Edelstahlbeh\u00e4lter: Der Beh\u00e4lter besteht aus Edelstahlmaterial, das eine ausgezeichnete Korrosionsbest\u00e4ndigkeit hat und die Lebensdauer verl\u00e4ngert.<\/li>\n<\/ul>","protected":false},"excerpt":{"rendered":"<p>CHD5070TWQLE6 Hochdruckwassermarkierung Reinigungsfahrzeug ist Yantai Haide Special Vehicle Co., Ltd. entsprechend der Marktnachfrage nach unabh\u00e4ngiger Entwicklung der Stra\u00dfenoberfl\u00e4che Tiefenreinigung und Parksch\u00fcrze \u00d6lentfernung und andere Funktionen.<\/p>","protected":false},"featured_media":1315,"template":"","meta":[],"product_brand":[],"product_cat":[27],"product_tag":[],"class_list":{"0":"post-1314","1":"product","2":"type-product","3":"status-publish","4":"has-post-thumbnail","6":"product_cat-cleaning-vehicles","8":"first","9":"instock","10":"shipping-taxable","11":"product-type-simple"},"_links":{"self":[{"href":"https:\/\/www.haideclean.com\/de\/wp-json\/wp\/v2\/product\/1314","targetHints":{"allow":["GET"]}}],"collection":[{"href":"https:\/\/www.haideclean.com\/de\/wp-json\/wp\/v2\/product"}],"about":[{"href":"https:\/\/www.haideclean.com\/de\/wp-json\/wp\/v2\/types\/product"}],"wp:featuredmedia":[{"embeddable":true,"href":"https:\/\/www.haideclean.com\/de\/wp-json\/wp\/v2\/media\/1315"}],"wp:attachment":[{"href":"https:\/\/www.haideclean.com\/de\/wp-json\/wp\/v2\/media?parent=1314"}],"wp:term":[{"taxonomy":"product_brand","embeddable":true,"href":"https:\/\/www.haideclean.com\/de\/wp-json\/wp\/v2\/product_brand?post=1314"},{"taxonomy":"product_cat","embeddable":true,"href":"https:\/\/www.haideclean.com\/de\/wp-json\/wp\/v2\/product_cat?post=1314"},{"taxonomy":"product_tag","embeddable":true,"href":"https:\/\/www.haideclean.com\/de\/wp-json\/wp\/v2\/product_tag?post=1314"}],"curies":[{"name":"wp","href":"https:\/\/api.w.org\/{rel}","templated":true}]}}