{"id":1325,"date":"2025-12-19T15:51:29","date_gmt":"2025-12-19T07:51:29","guid":{"rendered":"https:\/\/www.haideclean.com\/?post_type=product&#038;p=1325"},"modified":"2026-03-19T12:25:06","modified_gmt":"2026-03-19T04:25:06","slug":"chd5180zxxdfe6-hook-lift-garbage-truck","status":"publish","type":"product","link":"https:\/\/www.haideclean.com\/de\/product\/chd5180zxxdfe6-hook-lift-garbage-truck\/","title":{"rendered":"CHD5180ZXXDFE6 Haken Lift M\u00fcllwagen"},"content":{"rendered":"<p><strong>1. Die obere Struktur des Auslegers ist aus hochfester BS700MC-Stahlplatte verschwei\u00dft:<\/strong> Die Gesamtstruktur des Auslegers besteht aus BS700MC hochfester Stahlplatte mit einer Dehnfestigkeit von 730 N\/mm\u00b2, wobei in kritischen Teilen Guss- oder Schmiedestahl verwendet wird. Der Auslegerrahmen wird durch einen Schwei\u00dfroboter mit hochfestem gasgesch\u00fctztem Schwei\u00dfen verschwei\u00dft, was eine stabile und zuverl\u00e4ssige Schwei\u00dfleistung gew\u00e4hrleistet. Alle rotierenden Wellenl\u00f6cher werden mit einer gro\u00dfen CNC-Bohr- und Fr\u00e4smaschine bearbeitet, die die Pr\u00e4zision der gesamten Maschinenstruktur gew\u00e4hrleistet.<\/p>\n<p>Tabelle der Parameter der mechanischen Eigenschaften von Materialien:<\/p>\n<table>\n<tbody>\n<tr>\n<td colspan=\"8\" width=\"367\">Chemische Zusammensetzung<\/td>\n<td colspan=\"6\" width=\"282\">Mechanische Eigenschaften<\/td>\n<\/tr>\n<tr>\n<td width=\"42\">C<\/td>\n<td width=\"42\">Sie<\/td>\n<td width=\"42\">Mn<\/td>\n<td width=\"49\">P<\/td>\n<td width=\"49\">S<\/td>\n<td width=\"49\">ALT<\/td>\n<td width=\"42\">Sie<\/td>\n<td width=\"49\">Cr<\/td>\n<td width=\"58\">Ausbeutefestigkeit<\/td>\n<td width=\"46\">Zugfestigkeit<\/td>\n<td width=\"38\">Dehnung<\/td>\n<td width=\"62\">Biegeleistung<\/td>\n<td width=\"38\">Schocktemperatur<\/td>\n<td width=\"38\">Wirkungsmittel<\/td>\n<\/tr>\n<tr>\n<td width=\"42\">0.07<\/td>\n<td width=\"42\">0.19<\/td>\n<td width=\"42\">1.87<\/td>\n<td width=\"49\">0.012<\/td>\n<td width=\"49\">0.003<\/td>\n<td width=\"49\">0.031<\/td>\n<td width=\"42\">0.03<\/td>\n<td width=\"49\">0.058<\/td>\n<td width=\"58\">730<\/p>\n<p>\/N\/mm2<\/td>\n<td width=\"46\">835<\/p>\n<p>\/MPa<\/td>\n<td width=\"38\">20%<\/td>\n<td width=\"62\">180\u00bad = 2,0a<\/td>\n<td width=\"38\">-20<\/p>\n<p>\u00b0C<\/td>\n<td width=\"38\">90J<\/td>\n<\/tr>\n<\/tbody>\n<\/table>\n<p>2. Der Teleskop-Arm-F\u00fchrungsmechanismus nimmt seitliche Gleitnut und Schieber mit F\u00fchrungsstruktur an, um den Lade- und Entladeprozess reibungslos zu machen.<\/p>\n<p><img fetchpriority=\"high\" decoding=\"async\" class=\"alignnone wp-image-2432 size-full\" src=\"https:\/\/www.haideclean.com\/wp-content\/uploads\/2025\/12\/High-strength-slider.jpg\" alt=\"\" width=\"800\" height=\"600\" srcset=\"https:\/\/www.haideclean.com\/wp-content\/uploads\/2025\/12\/High-strength-slider.jpg 800w, https:\/\/www.haideclean.com\/wp-content\/uploads\/2025\/12\/High-strength-slider-300x225.jpg 300w, https:\/\/www.haideclean.com\/wp-content\/uploads\/2025\/12\/High-strength-slider-768x576.jpg 768w, https:\/\/www.haideclean.com\/wp-content\/uploads\/2025\/12\/High-strength-slider-600x450.jpg 600w\" sizes=\"(max-width: 800px) 100vw, 800px\" \/><\/p>\n<p>Hochfester Schieber<\/p>\n<p>3. Alle rotierenden Wellenloch Paarteile verwenden \u00f6lfreie geschmierte DU wartungsfreie Lager, wodurch Wartungsarbeiten einfach und der Betrieb der Ausr\u00fcstung zuverl\u00e4ssig sind.<\/p>\n<p><img decoding=\"async\" class=\"alignnone wp-image-2438 size-full\" src=\"https:\/\/www.haideclean.com\/wp-content\/uploads\/2025\/12\/High-strength-slider2.jpg\" alt=\"\" width=\"800\" height=\"600\" srcset=\"https:\/\/www.haideclean.com\/wp-content\/uploads\/2025\/12\/High-strength-slider2.jpg 800w, https:\/\/www.haideclean.com\/wp-content\/uploads\/2025\/12\/High-strength-slider2-300x225.jpg 300w, https:\/\/www.haideclean.com\/wp-content\/uploads\/2025\/12\/High-strength-slider2-768x576.jpg 768w, https:\/\/www.haideclean.com\/wp-content\/uploads\/2025\/12\/High-strength-slider2-600x450.jpg 600w\" sizes=\"(max-width: 800px) 100vw, 800px\" \/><\/p>\n<p>\u00d6lfreie geschmierte DU wartungsfreie Lager<\/p>\n<p>4. Der Hakenarm nimmt eine automatische Verriegelungs- und \u00d6ffnungsstruktur an. Der Verriegelungsblock \u00f6ffnet sich durch Schwerkraft, wenn die Box gehackt wird, und ist im Transportzustand verriegelt. Wenn die Box gehackt wird, \u00f6ffnet sich der Verriegelungsblock, der die \u00d6ffnung des Hakenf\u00fchrungsteils erweitert, was es dem Fahrer erleichtert, die Box zu haken.<\/p>\n<p><img decoding=\"async\" class=\"alignnone wp-image-2443 size-full\" src=\"https:\/\/www.haideclean.com\/wp-content\/uploads\/2025\/12\/High-strength-slider3.jpg\" alt=\"\" width=\"800\" height=\"800\" srcset=\"https:\/\/www.haideclean.com\/wp-content\/uploads\/2025\/12\/High-strength-slider3.jpg 800w, https:\/\/www.haideclean.com\/wp-content\/uploads\/2025\/12\/High-strength-slider3-300x300.jpg 300w, https:\/\/www.haideclean.com\/wp-content\/uploads\/2025\/12\/High-strength-slider3-150x150.jpg 150w, https:\/\/www.haideclean.com\/wp-content\/uploads\/2025\/12\/High-strength-slider3-768x768.jpg 768w, https:\/\/www.haideclean.com\/wp-content\/uploads\/2025\/12\/High-strength-slider3-600x600.jpg 600w, https:\/\/www.haideclean.com\/wp-content\/uploads\/2025\/12\/High-strength-slider3-100x100.jpg 100w\" sizes=\"(max-width: 800px) 100vw, 800px\" \/><\/p>\n<p>5. Der Schlossbeh\u00e4lterzylinder und der Teleskopzylinder sind mit zweiwegigen Hydraulikschl\u00f6ssern ausgestattet, um sicherzustellen, dass die Bewegung in jeder Position bleibt.<\/p>\n<p><img loading=\"lazy\" decoding=\"async\" class=\"alignnone wp-image-2444 size-full\" src=\"https:\/\/www.haideclean.com\/wp-content\/uploads\/2025\/12\/High-strength-slider4.jpg\" alt=\"\" width=\"800\" height=\"600\" srcset=\"https:\/\/www.haideclean.com\/wp-content\/uploads\/2025\/12\/High-strength-slider4.jpg 800w, https:\/\/www.haideclean.com\/wp-content\/uploads\/2025\/12\/High-strength-slider4-300x225.jpg 300w, https:\/\/www.haideclean.com\/wp-content\/uploads\/2025\/12\/High-strength-slider4-768x576.jpg 768w, https:\/\/www.haideclean.com\/wp-content\/uploads\/2025\/12\/High-strength-slider4-600x450.jpg 600w\" sizes=\"(max-width: 800px) 100vw, 800px\" \/><\/p>\n<p>Hydraulische Schlossbox<\/p>\n<p><img loading=\"lazy\" decoding=\"async\" class=\"alignnone wp-image-2445 size-full\" src=\"https:\/\/www.haideclean.com\/wp-content\/uploads\/2025\/12\/High-strength-slider6.jpg\" alt=\"\" width=\"800\" height=\"800\" srcset=\"https:\/\/www.haideclean.com\/wp-content\/uploads\/2025\/12\/High-strength-slider6.jpg 800w, https:\/\/www.haideclean.com\/wp-content\/uploads\/2025\/12\/High-strength-slider6-300x300.jpg 300w, https:\/\/www.haideclean.com\/wp-content\/uploads\/2025\/12\/High-strength-slider6-150x150.jpg 150w, https:\/\/www.haideclean.com\/wp-content\/uploads\/2025\/12\/High-strength-slider6-768x768.jpg 768w, https:\/\/www.haideclean.com\/wp-content\/uploads\/2025\/12\/High-strength-slider6-600x600.jpg 600w, https:\/\/www.haideclean.com\/wp-content\/uploads\/2025\/12\/High-strength-slider6-100x100.jpg 100w\" sizes=\"(max-width: 800px) 100vw, 800px\" \/><\/p>\n<p>Teleskopisches Hydraulikschloss<\/p>\n<p>6. Das Fahrzeug nimmt einen Quersperrmechanismus an, der den Hauptl\u00e4ngsbalken des M\u00fcllbeh\u00e4lters mit dem Verriegelungshaken verriegelt und die Sicherheit und Zuverl\u00e4ssigkeit des M\u00fcllbeh\u00e4ltersperres gew\u00e4hrleistet; der hydraulisch gesteuerte Verriegelungszylinder ist einfach zu bedienen und hat eine stabile Leistung, was den Beh\u00e4lter sicherer macht.<\/p>\n<p><img loading=\"lazy\" decoding=\"async\" class=\"alignnone wp-image-2448 size-full\" src=\"https:\/\/www.haideclean.com\/wp-content\/uploads\/2025\/12\/High-strength-slider7.jpg\" alt=\"\" width=\"800\" height=\"600\" srcset=\"https:\/\/www.haideclean.com\/wp-content\/uploads\/2025\/12\/High-strength-slider7.jpg 800w, https:\/\/www.haideclean.com\/wp-content\/uploads\/2025\/12\/High-strength-slider7-300x225.jpg 300w, https:\/\/www.haideclean.com\/wp-content\/uploads\/2025\/12\/High-strength-slider7-768x576.jpg 768w, https:\/\/www.haideclean.com\/wp-content\/uploads\/2025\/12\/High-strength-slider7-600x450.jpg 600w\" sizes=\"(max-width: 800px) 100vw, 800px\" \/><\/p>\n<p>7. Das Mehrwegs-Richtungsventil gew\u00e4hrleistet eine zuverl\u00e4ssige Richtungsschaltung des Hydrauliksystems und stellt sicher, dass der Arbeitszylinder in jeder Position bleiben kann.<\/p>\n<p><img loading=\"lazy\" decoding=\"async\" class=\"alignnone wp-image-2449 size-full\" src=\"https:\/\/www.haideclean.com\/wp-content\/uploads\/2025\/12\/High-strength-slider8.jpg\" alt=\"\" width=\"800\" height=\"600\" srcset=\"https:\/\/www.haideclean.com\/wp-content\/uploads\/2025\/12\/High-strength-slider8.jpg 800w, https:\/\/www.haideclean.com\/wp-content\/uploads\/2025\/12\/High-strength-slider8-300x225.jpg 300w, https:\/\/www.haideclean.com\/wp-content\/uploads\/2025\/12\/High-strength-slider8-768x576.jpg 768w, https:\/\/www.haideclean.com\/wp-content\/uploads\/2025\/12\/High-strength-slider8-600x450.jpg 600w\" sizes=\"(max-width: 800px) 100vw, 800px\" \/><\/p>\n<p>Hydraulisches Richtventil<\/p>\n<p>8. Das Zwei-Wege-Balanceventil sorgt daf\u00fcr, dass sich die beiden Hauptauslegerzylinder synchron bewegen und konstanten Druck aufrechterhalten.<\/p>\n<p><img loading=\"lazy\" decoding=\"async\" class=\"alignnone wp-image-2450 size-full\" src=\"https:\/\/www.haideclean.com\/wp-content\/uploads\/2025\/12\/High-strength-slider9.jpg\" alt=\"\" width=\"800\" height=\"600\" srcset=\"https:\/\/www.haideclean.com\/wp-content\/uploads\/2025\/12\/High-strength-slider9.jpg 800w, https:\/\/www.haideclean.com\/wp-content\/uploads\/2025\/12\/High-strength-slider9-300x225.jpg 300w, https:\/\/www.haideclean.com\/wp-content\/uploads\/2025\/12\/High-strength-slider9-768x576.jpg 768w, https:\/\/www.haideclean.com\/wp-content\/uploads\/2025\/12\/High-strength-slider9-600x450.jpg 600w\" sizes=\"(max-width: 800px) 100vw, 800px\" \/><\/p>\n<p>Ausgleichsventil<\/p>\n<p>9. Das hydraulische Filtrationssystem verwendet hochpr\u00e4zise Filterelemente, die die Filtrationsgenauigkeit des gesamten Fahrzeughydrauliksystems erheblich verbessern k\u00f6nnen.<\/p>\n<p><img loading=\"lazy\" decoding=\"async\" class=\"alignnone wp-image-2451 size-full\" src=\"https:\/\/www.haideclean.com\/wp-content\/uploads\/2025\/12\/High-strength-slider10.jpg\" alt=\"\" width=\"800\" height=\"600\" srcset=\"https:\/\/www.haideclean.com\/wp-content\/uploads\/2025\/12\/High-strength-slider10.jpg 800w, https:\/\/www.haideclean.com\/wp-content\/uploads\/2025\/12\/High-strength-slider10-300x225.jpg 300w, https:\/\/www.haideclean.com\/wp-content\/uploads\/2025\/12\/High-strength-slider10-768x576.jpg 768w, https:\/\/www.haideclean.com\/wp-content\/uploads\/2025\/12\/High-strength-slider10-600x450.jpg 600w\" sizes=\"(max-width: 800px) 100vw, 800px\" \/><\/p>\n<p>10. Die hydraulisch angetriebene hintere St\u00fctzeinrichtung senkt den St\u00fctzradrahmen beim Aufh\u00e4ngen und Entladen der Ladebox und bietet Hilfsst\u00fctze. Die einzigartigen einst\u00fcckigen vergr\u00f6\u00dferten Rollen erh\u00f6hen das Fahrzeug&#8217; Schwerpunktbereich, wodurch allgemeine Stabilit\u00e4t und Zuverl\u00e4ssigkeit gew\u00e4hrleistet werden.<\/p>\n<p><img loading=\"lazy\" decoding=\"async\" class=\"alignnone wp-image-2452 size-full\" src=\"https:\/\/www.haideclean.com\/wp-content\/uploads\/2025\/12\/High-strength-slider11.jpg\" alt=\"\" width=\"800\" height=\"600\" srcset=\"https:\/\/www.haideclean.com\/wp-content\/uploads\/2025\/12\/High-strength-slider11.jpg 800w, https:\/\/www.haideclean.com\/wp-content\/uploads\/2025\/12\/High-strength-slider11-300x225.jpg 300w, https:\/\/www.haideclean.com\/wp-content\/uploads\/2025\/12\/High-strength-slider11-768x576.jpg 768w, https:\/\/www.haideclean.com\/wp-content\/uploads\/2025\/12\/High-strength-slider11-600x450.jpg 600w\" sizes=\"(max-width: 800px) 100vw, 800px\" \/><\/p>\n<p>pneumatisches Steuerventil<\/p>\n<p>11. Hochfeste Stahlplatten werden verwendet, und der Unterbalken nimmt einen Z-f\u00f6rmigen Abschnitt an, um sicherzustellen, dass der Unterbalken vollst\u00e4ndig mit dem Hauptbalken des Geh\u00e4uses integriert werden kann, wodurch die nat\u00fcrliche Kr\u00fcmmung des Hauptbalkens des Geh\u00e4uses erhalten wird.<\/p>\n<p><img loading=\"lazy\" decoding=\"async\" class=\"alignnone wp-image-2453 size-full\" src=\"https:\/\/www.haideclean.com\/wp-content\/uploads\/2025\/12\/High-strength-slider12.jpg\" alt=\"\" width=\"800\" height=\"600\" srcset=\"https:\/\/www.haideclean.com\/wp-content\/uploads\/2025\/12\/High-strength-slider12.jpg 800w, https:\/\/www.haideclean.com\/wp-content\/uploads\/2025\/12\/High-strength-slider12-300x225.jpg 300w, https:\/\/www.haideclean.com\/wp-content\/uploads\/2025\/12\/High-strength-slider12-768x576.jpg 768w, https:\/\/www.haideclean.com\/wp-content\/uploads\/2025\/12\/High-strength-slider12-600x450.jpg 600w\" sizes=\"(max-width: 800px) 100vw, 800px\" \/><\/p>\n<p>Hochfester Typ<\/p>\n<p>12. Die Kabine verf\u00fcgt \u00fcber ein integriertes elektronisches Steuersystem, das es erm\u00f6glicht, alle Funktionen von innen der Kabine zu bedienen.<\/p>\n<p><img loading=\"lazy\" decoding=\"async\" class=\"alignnone wp-image-2454 size-full\" src=\"https:\/\/www.haideclean.com\/wp-content\/uploads\/2025\/12\/High-strength-slider13.jpg\" alt=\"\" width=\"800\" height=\"600\" srcset=\"https:\/\/www.haideclean.com\/wp-content\/uploads\/2025\/12\/High-strength-slider13.jpg 800w, https:\/\/www.haideclean.com\/wp-content\/uploads\/2025\/12\/High-strength-slider13-300x225.jpg 300w, https:\/\/www.haideclean.com\/wp-content\/uploads\/2025\/12\/High-strength-slider13-768x576.jpg 768w, https:\/\/www.haideclean.com\/wp-content\/uploads\/2025\/12\/High-strength-slider13-600x450.jpg 600w\" sizes=\"(max-width: 800px) 100vw, 800px\" \/><\/p>\n<p><img loading=\"lazy\" decoding=\"async\" class=\"alignnone wp-image-2455 size-full\" src=\"https:\/\/www.haideclean.com\/wp-content\/uploads\/2025\/12\/High-strength-slider14.jpg\" alt=\"\" width=\"800\" height=\"600\" srcset=\"https:\/\/www.haideclean.com\/wp-content\/uploads\/2025\/12\/High-strength-slider14.jpg 800w, https:\/\/www.haideclean.com\/wp-content\/uploads\/2025\/12\/High-strength-slider14-300x225.jpg 300w, https:\/\/www.haideclean.com\/wp-content\/uploads\/2025\/12\/High-strength-slider14-768x576.jpg 768w, https:\/\/www.haideclean.com\/wp-content\/uploads\/2025\/12\/High-strength-slider14-600x450.jpg 600w\" sizes=\"(max-width: 800px) 100vw, 800px\" \/> <img loading=\"lazy\" decoding=\"async\" class=\"alignnone wp-image-2456 size-full\" src=\"https:\/\/www.haideclean.com\/wp-content\/uploads\/2025\/12\/High-strength-slider15.jpg\" alt=\"\" width=\"800\" height=\"600\" srcset=\"https:\/\/www.haideclean.com\/wp-content\/uploads\/2025\/12\/High-strength-slider15.jpg 800w, https:\/\/www.haideclean.com\/wp-content\/uploads\/2025\/12\/High-strength-slider15-300x225.jpg 300w, https:\/\/www.haideclean.com\/wp-content\/uploads\/2025\/12\/High-strength-slider15-768x576.jpg 768w, https:\/\/www.haideclean.com\/wp-content\/uploads\/2025\/12\/High-strength-slider15-600x450.jpg 600w\" sizes=\"(max-width: 800px) 100vw, 800px\" \/><\/p>","protected":false},"excerpt":{"rendered":"<p>Der CHD5180ZXXDFE6 Hakenliftm\u00fcllwagen ist ein Sanit\u00e4rfahrzeug, das hohe Effizienz, Zuverl\u00e4ssigkeit und Umweltfreundlichkeit verbindet.<\/p>\n<p>Das Fahrzeug verf\u00fcgt \u00fcber leistungsstarke Leistung, geringen Kraftstoffverbrauch und minimalen L\u00e4rm. Der vollst\u00e4ndig versiegelte Abfallbeh\u00e4lter verhindert Sekund\u00e4rverschmutzung w\u00e4hrend des Transports, bietet einfache Bedienung und gew\u00e4hrleistet eine stabile Leistung.<\/p>","protected":false},"featured_media":1327,"template":"","meta":[],"product_brand":[],"product_cat":[28],"product_tag":[],"class_list":{"0":"post-1325","1":"product","2":"type-product","3":"status-publish","4":"has-post-thumbnail","6":"product_cat-waste-collection-transport","8":"first","9":"instock","10":"shipping-taxable","11":"product-type-simple"},"_links":{"self":[{"href":"https:\/\/www.haideclean.com\/de\/wp-json\/wp\/v2\/product\/1325","targetHints":{"allow":["GET"]}}],"collection":[{"href":"https:\/\/www.haideclean.com\/de\/wp-json\/wp\/v2\/product"}],"about":[{"href":"https:\/\/www.haideclean.com\/de\/wp-json\/wp\/v2\/types\/product"}],"wp:featuredmedia":[{"embeddable":true,"href":"https:\/\/www.haideclean.com\/de\/wp-json\/wp\/v2\/media\/1327"}],"wp:attachment":[{"href":"https:\/\/www.haideclean.com\/de\/wp-json\/wp\/v2\/media?parent=1325"}],"wp:term":[{"taxonomy":"product_brand","embeddable":true,"href":"https:\/\/www.haideclean.com\/de\/wp-json\/wp\/v2\/product_brand?post=1325"},{"taxonomy":"product_cat","embeddable":true,"href":"https:\/\/www.haideclean.com\/de\/wp-json\/wp\/v2\/product_cat?post=1325"},{"taxonomy":"product_tag","embeddable":true,"href":"https:\/\/www.haideclean.com\/de\/wp-json\/wp\/v2\/product_tag?post=1325"}],"curies":[{"name":"wp","href":"https:\/\/api.w.org\/{rel}","templated":true}]}}