{"id":1336,"date":"2025-12-19T16:03:16","date_gmt":"2025-12-19T08:03:16","guid":{"rendered":"https:\/\/www.haideclean.com\/?post_type=product&#038;p=1336"},"modified":"2026-03-18T11:22:03","modified_gmt":"2026-03-18T03:22:03","slug":"chd5050twq-dirty-removal-truck","status":"publish","type":"product","link":"https:\/\/www.haideclean.com\/de\/product\/chd5050twq-dirty-removal-truck\/","title":{"rendered":"M\u00fclltransporter Modell CHD5050TWQ"},"content":{"rendered":"<p>Die Maschine nimmt die Welt&#8217; s beste Qualit\u00e4t Cummins Motor, um Kraft f\u00fcr das gesamte Fahrzeug zu liefern. Die Nennleistung des Motors betr\u00e4gt 81kw mit starker Leistung und stabiler Leistung. Cummins-Motor ist mit nationalem Schutz, der Kundensorgen beseitigen kann.<\/p>\n<p><img fetchpriority=\"high\" decoding=\"async\" class=\"alignnone wp-image-2468 size-full\" src=\"https:\/\/www.haideclean.com\/wp-content\/uploads\/2025\/12\/Cummins-engine1.jpg\" alt=\"\" width=\"309\" height=\"245\" srcset=\"https:\/\/www.haideclean.com\/wp-content\/uploads\/2025\/12\/Cummins-engine1.jpg 309w, https:\/\/www.haideclean.com\/wp-content\/uploads\/2025\/12\/Cummins-engine1-300x238.jpg 300w\" sizes=\"(max-width: 309px) 100vw, 309px\" \/><\/p>\n<p>Bild 1 Cummins Motor<\/p>\n<p>Der M\u00fcllentferner ist mit einer gro\u00dfen, aus Deutschland importierten, verdr\u00e4ngbaren Pumpe und Kolbenmotor ausgestattet. Durch stufenlose Einstellung der Verdr\u00e4ngungsgr\u00f6\u00dfe der variablen Pumpe kann sie die erforderliche stetige Gehgeschwindigkeit erreichen.<\/p>\n<p><img decoding=\"async\" class=\"alignnone wp-image-2467 size-full\" src=\"https:\/\/www.haideclean.com\/wp-content\/uploads\/2025\/12\/Germany-Linde-walking-variable-pump-and-piston-motor.jpg\" alt=\"\" width=\"514\" height=\"217\" srcset=\"https:\/\/www.haideclean.com\/wp-content\/uploads\/2025\/12\/Germany-Linde-walking-variable-pump-and-piston-motor.jpg 514w, https:\/\/www.haideclean.com\/wp-content\/uploads\/2025\/12\/Germany-Linde-walking-variable-pump-and-piston-motor-300x127.jpg 300w\" sizes=\"(max-width: 514px) 100vw, 514px\" \/><\/p>\n<p>Bild 2 Deutschland Linde Wanderpumpe und Kolbenmotor<\/p>\n<p>Der M\u00fcllentferner ist vorne mit einem Sp\u00fclsauger ausgestattet und kann die R\u00fcckzugsfunktion des Reinigungsschals im Fahrraum bedienen;<\/p>\n<p><strong>Das Fahrzeug hat verschiedene Betriebsmodi zur Auswahl:<\/strong><\/p>\n<ol>\n<li>Die Reinigungsschale kann den M\u00fcll separat entfernen. Durch die Reinigungsschale bewegt sich nach links und rechts, es kann die Verschmutzung Reinigung Operation auf der linken und rechten Seite der Roa zu realisieren<\/li>\n<li>Der Schadstoffreinigungsvorgang auf der rechten Seite. Durch die Zusammenarbeit zwischen der rechten Spr\u00fchstange und dem Saugsauger kann es das Waschen und die Verschmutzung auf der rechten Seite des Fahrzeugs und Steine entlang der Stra\u00dfen realisieren.<\/li>\n<li>Die Schadstoffreinigung auf der linken Seite. Durch die Zusammenarbeit zwischen der linken Spr\u00fchstange und dem Saugsauger kann es das Waschen und die Verschmutzung auf der linken Seite des Fahrzeugs und Steine entlang der Stra\u00dfen realisieren.<\/li>\n<li>Flush Saug Suckerin Front hat die Funktion, sich nach links und rechts zu bewegen, Movingsize ist 220mm auf jeder Seite.<\/li>\n<\/ol>\n<p><img decoding=\"async\" class=\"alignnone wp-image-2466 size-full\" src=\"https:\/\/www.haideclean.com\/wp-content\/uploads\/2025\/12\/Working-device-in-front.jpg\" alt=\"\" width=\"343\" height=\"225\" srcset=\"https:\/\/www.haideclean.com\/wp-content\/uploads\/2025\/12\/Working-device-in-front.jpg 343w, https:\/\/www.haideclean.com\/wp-content\/uploads\/2025\/12\/Working-device-in-front-300x197.jpg 300w\" sizes=\"(max-width: 343px) 100vw, 343px\" \/><\/p>\n<p>Bild 3 Arbeitsger\u00e4t vorne<\/p>\n<p>Die angenommene Hochdruckkolbenpumpe wird aus Italien importiert. Es macht die Leistung stabil und zuverl\u00e4ssig. Durch Hydraulikantrieb und stufenlose Einstellung kann es die Arbeitsanforderungen der Pumpe von unterschiedlichen Durchfluss und Druck bei unterschiedlichen Drehzahlen erf\u00fcllen. Der maximale Druck kann im Wassersystem des Fahrzeugs 300 bar erreichen.<\/p>\n<p><img loading=\"lazy\" decoding=\"async\" class=\"alignnone wp-image-2465 size-full\" src=\"https:\/\/www.haideclean.com\/wp-content\/uploads\/2025\/12\/Italian-high-pressure-piston-pump-.jpg\" alt=\"\" width=\"293\" height=\"209\" \/><\/p>\n<p>Bild 4 Italienische Hochdruckkolbenpumpe<\/p>\n<p>Hinweis: Unser Unternehmen beh\u00e4lt sich das Recht auf alle \u00c4nderungen an den Produkten vor. Die in dieser technischen Spezifikation enthaltenen Informationen k\u00f6nnen nur zur Referenz verwendet werden. Die spezifischen Parameter und Konfigurationen unterliegen der tats\u00e4chlichen Lieferung.<\/p>\n<p>Der Motor dieses M\u00fclleinsatzers ist in der Mitte des Rahmens ausgestattet, und es gibt unabh\u00e4ngige Wasserbeh\u00e4lter auf beiden Seiten des Rahmens. Die Hochdruckwasserpumpe und der Motorschalld\u00e4mpfer sind jeweils innerhalb eines Wasserbeh\u00e4lters montiert. Der M\u00fclleimer und der Reinigungswassertank nehmen die integrale Struktur an. Die Struktur lautet: Der Wasserbeh\u00e4lter ist auf beiden Seiten des M\u00fclleimers und des Bodens eingestellt, um die maximale Ausnutzung des Gesamtraums zu erreichen; Der M\u00fcllbeh\u00e4lter nimmt doppelten Hydraulikzylinder an, der entladen und heben kann. Der M\u00fcllbeh\u00e4lter ist mit einer vorderen Sp\u00fclkonstruktion ausgestattet, um den Zweck des Zusatzentladens zu erreichen. Die Struktur der Hintert\u00fcr nimmt die doppelte Dichtstruktur an, die die Abwasserauslegung vermeiden kann, die durch das Abdichtungsproblem der Hintert\u00fcr im Prozess des Fahrzeugtransports nach dem Ende des Fahrzeugbetriebs verursacht wird.<\/p>\n<p>Niedriger Wasserspiegelsensor ist auf der R\u00fcckseite des seitlichen klaren Wasserbeh\u00e4lters installiert. Wenn der Wasserstand im klaren Wasserbeh\u00e4lter in der N\u00e4he des ersten Alarmwasserspiegels liegt, wird das Anzeigelicht auf dem Display im Treiber installiert&#8217; s Raum wird Alarm im Weg von &#8220; Flash\" und machen Sie einen &#8220; Fl\u00f6te&#8221; Klang. Sie erinnern den Bediener daran, rechtzeitig Wasser hinzuzuf\u00fcgen. Wenn es nicht rechtzeitig die Aufmerksamkeit des Bedieners erregt und nach dem Blitzalarm die Zeit erreicht wird, wenn der Wasserstand nahe der zweiten Alarmstufe liegt, die den Schaden verhindern kann, der durch Wassermangel verursacht wird, wird der Steuerkreis der Hochdruckwasserpumpe automatisch abgeschnitten, so dass die Pumpe aufh\u00f6rt zu laufen.<\/p>\n<p><img loading=\"lazy\" decoding=\"async\" class=\"alignnone wp-image-2464 size-full\" src=\"https:\/\/www.haideclean.com\/wp-content\/uploads\/2025\/12\/Low-water-level-alarm-device-for-cleaning-water-tank.jpg\" alt=\"\" width=\"264\" height=\"218\" \/><\/p>\n<p>Bild 5 Alarmger\u00e4t f\u00fcr die Reinigung des Wasserbeh\u00e4lters<\/p>\n<p>Um die rechtzeitige Entladung von Abwasser w\u00e4hrend des Hochdrucksp\u00fclbetriebs des Fahrzeugs (insbesondere in der Regenzeit) zu unterst\u00fctzen, ist das Fahrzeug an der R\u00fcckseite des oberen Teils des M\u00fcllbeh\u00e4lters mit einem hohen Wasserstand schwebenden Alarm ausgestattet. Wenn das Abwasser im M\u00fclleimer den Alarmstand erreicht, schwimmt das schwimmende Ger\u00e4t automatisch mit dem Anstieg des Wasserstandes, und wenn es den eingestellten Fl\u00fcssigkeitsniveau erreicht, macht das Alarmger\u00e4t auf dem Bedienfeld im Fahrraum eine kontinuierliche &#8220; Blinken&#8221; und &#8220; Fl\u00f6te&#8221; Alarmschall. Dies erinnert den Betreiber daran, Abwasser rechtzeitig abzugeben.<\/p>\n<p><img loading=\"lazy\" decoding=\"async\" class=\"alignnone wp-image-2462 size-full\" src=\"https:\/\/www.haideclean.com\/wp-content\/uploads\/2025\/12\/Dustbin-high-water-level-alarm-and-flush-device.jpg\" alt=\"\" width=\"386\" height=\"209\" srcset=\"https:\/\/www.haideclean.com\/wp-content\/uploads\/2025\/12\/Dustbin-high-water-level-alarm-and-flush-device.jpg 386w, https:\/\/www.haideclean.com\/wp-content\/uploads\/2025\/12\/Dustbin-high-water-level-alarm-and-flush-device-300x162.jpg 300w\" sizes=\"(max-width: 386px) 100vw, 386px\" \/><\/p>\n<p>Bild 6 Dustbin hoher Wasserstand Alarm und Sp\u00fclger\u00e4t<\/p>\n<p>Der M\u00fcllbeh\u00e4lter des Fahrzeugs hat nicht nur eine einfache Kipp- und Entladefunktion, sondern ist auch mit einer Hochdrucksp\u00fclvorrichtung an der Vorderseite des M\u00fcllbeh\u00e4lters ausgestattet. Das hei\u00dft, wenn das Fahrzeug den M\u00fcll entl\u00e4sst, \u00f6ffnet der Bediener zuerst die Hintert\u00fcr und hebt dann die Box und \u00f6ffnet schlie\u00dflich die in der Vorderseite des M\u00fcllbeh\u00e4lters montierte Hochdrucksp\u00fclvorrichtung, um den M\u00fcllbeh\u00e4lter gr\u00fcndlich zu waschen. Um dem Bediener zu erleichtern, rechtzeitig Wasser f\u00fcr den Wasserbeh\u00e4lter hinzuzuf\u00fcgen, wird der Wasserbeh\u00e4lterf\u00fcller in der Mitte der rechten Seite des M\u00fcllbeh\u00e4lters eingestellt: Wenn Wasser hinzugef\u00fcgt werden muss, verbindet der Bediener einfach die Hydrantenschnittstelle mit dem Wasseranschlussf\u00fcller \u00fcber den Brandgurt, um Wasser hinzuzuf\u00fcgen;<\/p>\n<p><img loading=\"lazy\" decoding=\"async\" class=\"alignnone wp-image-2461 size-full\" src=\"https:\/\/www.haideclean.com\/wp-content\/uploads\/2025\/12\/Clean-water-filler.jpg\" alt=\"\" width=\"298\" height=\"236\" \/><\/p>\n<p>Bild 7 Sauberer Wasserf\u00fcller<\/p>\n<p>Ein-Schl\u00fcssel-intelligenter automatischer Steuermodus, das hei\u00dft, nach der Auswahl des Betriebsmodus des Fahrzeugs kann der Steuerbetrieb des Fahrzeugs mit einem Schl\u00fcsselbetrieb abgeschlossen werden, und das Fahrzeug kann direkt in den geplanten Betriebszustand eintreten. Alle Steuerschalter sind zug\u00e4nglich. Der Betrieb ist sehr bequem.<\/p>\n<p><img loading=\"lazy\" decoding=\"async\" class=\"alignnone wp-image-2460 size-full\" src=\"https:\/\/www.haideclean.com\/wp-content\/uploads\/2025\/12\/One-button-automatic-control.jpg\" alt=\"\" width=\"368\" height=\"215\" srcset=\"https:\/\/www.haideclean.com\/wp-content\/uploads\/2025\/12\/One-button-automatic-control.jpg 368w, https:\/\/www.haideclean.com\/wp-content\/uploads\/2025\/12\/One-button-automatic-control-300x175.jpg 300w\" sizes=\"(max-width: 368px) 100vw, 368px\" \/><\/p>\n<p>Bild 8 Automatische Steuerung mit einem Knopf<\/p>\n<p>Um dem Bediener zu erleichtern, den Abwasserspiegel im Abwasserbeh\u00e4lter rechtzeitig zu beobachten, ist das Auto mit einem Abwasserbeobachtungsspiegel an der Hintert\u00fcr des M\u00fcllbeh\u00e4lters ausgestattet, der dem Bediener sehr bequem ist, den Abwasserspiegel im Beh\u00e4lter zu beobachten und zu bedienen.<\/p>\n<p><img loading=\"lazy\" decoding=\"async\" class=\"alignnone wp-image-2459 size-full\" src=\"https:\/\/www.haideclean.com\/wp-content\/uploads\/2025\/12\/sewage-observation-mirror-on-the-rear-door-of-the-dustbin.jpg\" alt=\"\" width=\"365\" height=\"206\" srcset=\"https:\/\/www.haideclean.com\/wp-content\/uploads\/2025\/12\/sewage-observation-mirror-on-the-rear-door-of-the-dustbin.jpg 365w, https:\/\/www.haideclean.com\/wp-content\/uploads\/2025\/12\/sewage-observation-mirror-on-the-rear-door-of-the-dustbin-300x169.jpg 300w\" sizes=\"(max-width: 365px) 100vw, 365px\" \/><\/p>\n<p>Bild 9 Abwasserbeobachtungsspiegel an der Hintert\u00fcr des M\u00fclleimers<\/p>\n<p>Die M\u00fcllentfernung ist nicht nur mit normalen Fahrzeugbetrieb erforderliche Beleuchtungen ausgestattet, sondern auch mit dem oberen Betrieb Anzeige Pfeil. Durch die Form der kontinuierlichen blinkenden Anzeige erinnert es an die Sicherheit des hinteren Fahrzeugbetriebs.<\/p>\n<p><img loading=\"lazy\" decoding=\"async\" class=\"alignnone wp-image-2458 size-full\" src=\"https:\/\/www.haideclean.com\/wp-content\/uploads\/2025\/12\/Rear-indicating-arrow-light.jpg\" alt=\"\" width=\"340\" height=\"216\" srcset=\"https:\/\/www.haideclean.com\/wp-content\/uploads\/2025\/12\/Rear-indicating-arrow-light.jpg 340w, https:\/\/www.haideclean.com\/wp-content\/uploads\/2025\/12\/Rear-indicating-arrow-light-300x191.jpg 300w\" sizes=\"(max-width: 340px) 100vw, 340px\" \/><\/p>\n<p>Bild 10 R\u00fccken anzeigendes Pfeillicht<\/p>\n<p>In der linken Mitte des Fahrzeugs ist eine handgehaltene Spr\u00fchpistolenvorrichtung mit automatischer Spulenfunktion montiert, die zum Entfernen der Fahrzeugkarosserie selbst und der Stra\u00dfenwerbungen verwendet wird. Die Spulenl\u00e4nge betr\u00e4gt bis zu 15 Meter, und es kann auch verwendet werden, um die handgeschobene Rotationswasche und die handgeschobene Ventilatorspr\u00fchstangenvorrichtung zu verbinden, um den Sp\u00fclvorgang des B\u00fcrgersteigs zu realisieren.<\/p>\n<p><img loading=\"lazy\" decoding=\"async\" class=\"alignnone wp-image-2457 size-full\" src=\"https:\/\/www.haideclean.com\/wp-content\/uploads\/2025\/12\/Picture-11.jpg\" alt=\"\" width=\"364\" height=\"250\" srcset=\"https:\/\/www.haideclean.com\/wp-content\/uploads\/2025\/12\/Picture-11.jpg 364w, https:\/\/www.haideclean.com\/wp-content\/uploads\/2025\/12\/Picture-11-300x206.jpg 300w\" sizes=\"(max-width: 364px) 100vw, 364px\" \/><\/p>\n<p>Bild 11<\/p>","protected":false},"excerpt":{"rendered":"<p>CHD5050TWQ schmutzige Entfernung LKW ist ein neues Stra\u00dfenarbeitsfahrzeug entworfen und entwickelt von Yantai Haide Special Vehicle Co., LTD. Es wird haupts\u00e4chlich auf die tiefe Dekontamination und Reinigung von Pflaster, Platz, Park und Gemeinschaft angewendet.<\/p>","protected":false},"featured_media":1337,"template":"","meta":[],"product_brand":[],"product_cat":[27],"product_tag":[],"class_list":{"0":"post-1336","1":"product","2":"type-product","3":"status-publish","4":"has-post-thumbnail","6":"product_cat-cleaning-vehicles","8":"first","9":"instock","10":"shipping-taxable","11":"product-type-simple"},"_links":{"self":[{"href":"https:\/\/www.haideclean.com\/de\/wp-json\/wp\/v2\/product\/1336","targetHints":{"allow":["GET"]}}],"collection":[{"href":"https:\/\/www.haideclean.com\/de\/wp-json\/wp\/v2\/product"}],"about":[{"href":"https:\/\/www.haideclean.com\/de\/wp-json\/wp\/v2\/types\/product"}],"wp:featuredmedia":[{"embeddable":true,"href":"https:\/\/www.haideclean.com\/de\/wp-json\/wp\/v2\/media\/1337"}],"wp:attachment":[{"href":"https:\/\/www.haideclean.com\/de\/wp-json\/wp\/v2\/media?parent=1336"}],"wp:term":[{"taxonomy":"product_brand","embeddable":true,"href":"https:\/\/www.haideclean.com\/de\/wp-json\/wp\/v2\/product_brand?post=1336"},{"taxonomy":"product_cat","embeddable":true,"href":"https:\/\/www.haideclean.com\/de\/wp-json\/wp\/v2\/product_cat?post=1336"},{"taxonomy":"product_tag","embeddable":true,"href":"https:\/\/www.haideclean.com\/de\/wp-json\/wp\/v2\/product_tag?post=1336"}],"curies":[{"name":"wp","href":"https:\/\/api.w.org\/{rel}","templated":true}]}}