{"id":1349,"date":"2025-12-19T16:13:51","date_gmt":"2025-12-19T08:13:51","guid":{"rendered":"https:\/\/www.haideclean.com\/?post_type=product&#038;p=1349"},"modified":"2026-04-10T09:26:17","modified_gmt":"2026-04-10T01:26:17","slug":"chd5110twq-high-pressure-dirty-removal-road-sweeper","status":"publish","type":"product","link":"https:\/\/www.haideclean.com\/de\/product\/chd5110twq-high-pressure-dirty-removal-road-sweeper\/","title":{"rendered":"CHD5110TWQ Hochdruck-Stra\u00dfenkehrmaschine"},"content":{"rendered":"<ul>\n<li>Hydrostatische Antriebstechnik<\/li>\n<\/ul>\n<p>Um die Fahrzeugdekontamination Operation der niedrigen Geschwindigkeit Gehen Bed\u00fcrfnisse zu erf\u00fcllen, das Fahrwerk der Fahrzeug Gehen Operationen mit hydrostatischen Antrieb Gehen Technologie montiert, um das Fahrzeug zu erreichen&#8217; s hohes Drehmoment ultra-niedrige Geschwindigkeit zu Fu\u00df Bed\u00fcrfnisse. Um das Fahrzeug zu realisieren&#8217; s tiefe Dekontamination Betrieb Bed\u00fcrfnisse, niedrige Geschwindigkeit Reisen f\u00fcr die Verwendung der automatischen Geschwindigkeit Cruise Control.<\/p>\n<ul>\n<li>Mehrere modulare Kombinationen machen das Fahrzeug wirklich vielseitig<\/li>\n<\/ul>\n<p>Das Fahrzeug ist mit einer seitlich montierten Kehrb\u00fcrstenplatte ausgestattet, die den Fahrzeug-Waschvorgang erf\u00fcllen kann, wenn die Stra\u00dfenseite Ecke M\u00fcll Entfernung, das Fahrzeug eine Vielzahl von Betriebsmodi mehrerer Optionen: 1, die hintere Reinigungsscheibe der einzelnen Dekontaminierung Betriebsmodus, durch die linke und rechte Seite der Reinigungsscheibe, kann das Fahrzeug &#8217; s linke und rechte Seite der operativen Bed\u00fcrfnisse; 2, die seitlich montierte Kehrb\u00fcrstenplatte und die hintere Reinigungsscheibe, um die Fahrzeug-Stra\u00dfenseite-Ecke-M\u00fcll-Kehr- und Kehrvorg\u00e4nge zu erreichen; 3, die R\u00fcckseite der Spr\u00fchstaubenreduktion 3, die R\u00fcckseite der Spr\u00fchstaubenreduktionsfunktion, kann f\u00fcr den hei\u00dfen Sommerk\u00fchlstaub sein; 4, Handheld-Hochdruck-Autow\u00e4sche Spr\u00fchpistole kann nicht nur das Fahrzeug&#8217; s eigene Reinigung, kann aber auch verwendet werden, um die Funktion der Stra\u00dfenwerbung zu entfernen.<\/p>\n<ul>\n<li>Multi-Alarmschutz<\/li>\n<\/ul>\n<p>Das Fahrzeug&#8217; Der Wasserbeh\u00e4lter ist mit einer Alarmvorrichtung f\u00fcr niedrige Wasserspiegel ausgestattet, um Sch\u00e4den an der Pumpe aufgrund von Mangel an Wasser zu verhindern, und das Fahrzeug ist mit einer schwimmenden Alarmvorrichtung f\u00fcr hohe Wasserspiegel an der oberen R\u00fcckseite des M\u00fcllbeh\u00e4lters ausgestattet, um den Bediener daran zu erinnern, rechtzeitig Abwasseraufl\u00fcsse durchzuf\u00fchren, wenn das Abwasser im Beh\u00e4lter den Alarmstand erreicht.<\/p>\n<ul>\n<li>Hochdrucksp\u00fclpistole, kann effektiv die Fahrzeugoberfl\u00e4che und lokale \u00d6lverschmutzung absp\u00fclen.<\/li>\n<\/ul>\n<p>Ausgestattet mit einer automatischen drehenden Windenwascheinrichtung, einer Hochdruckhandsp\u00fcllanze mit einer Spulenl\u00e4nge von bis zu 20 Metern, um die Reinigung von Fahrzeugfl\u00e4chen und das Sp\u00fclen kleiner Stra\u00dfenwerbungen bei einem Arbeitsdruck von bis zu 300 bar zu erleichtern.<\/p>","protected":false},"excerpt":{"rendered":"<p>CHD5110TWQ Road Pollutant Removal Vehicle is a new type of road surface environmental protection construction vehicle adapted by Yantai Haide Special Vehicle Company Limited from the chassis of QL1110ANMACY truck of Qingling Motors Co. It is mainly used for road deep cleaning and cleaning and sweeping operations.<\/p>","protected":false},"featured_media":1350,"template":"","meta":[],"product_brand":[],"product_cat":[15],"product_tag":[],"class_list":{"0":"post-1349","1":"product","2":"type-product","3":"status-publish","4":"has-post-thumbnail","6":"product_cat-road-sweeping","8":"first","9":"instock","10":"shipping-taxable","11":"product-type-simple"},"_links":{"self":[{"href":"https:\/\/www.haideclean.com\/de\/wp-json\/wp\/v2\/product\/1349","targetHints":{"allow":["GET"]}}],"collection":[{"href":"https:\/\/www.haideclean.com\/de\/wp-json\/wp\/v2\/product"}],"about":[{"href":"https:\/\/www.haideclean.com\/de\/wp-json\/wp\/v2\/types\/product"}],"wp:featuredmedia":[{"embeddable":true,"href":"https:\/\/www.haideclean.com\/de\/wp-json\/wp\/v2\/media\/1350"}],"wp:attachment":[{"href":"https:\/\/www.haideclean.com\/de\/wp-json\/wp\/v2\/media?parent=1349"}],"wp:term":[{"taxonomy":"product_brand","embeddable":true,"href":"https:\/\/www.haideclean.com\/de\/wp-json\/wp\/v2\/product_brand?post=1349"},{"taxonomy":"product_cat","embeddable":true,"href":"https:\/\/www.haideclean.com\/de\/wp-json\/wp\/v2\/product_cat?post=1349"},{"taxonomy":"product_tag","embeddable":true,"href":"https:\/\/www.haideclean.com\/de\/wp-json\/wp\/v2\/product_tag?post=1349"}],"curies":[{"name":"wp","href":"https:\/\/api.w.org\/{rel}","templated":true}]}}