{"id":1352,"date":"2025-12-19T16:14:49","date_gmt":"2025-12-19T08:14:49","guid":{"rendered":"https:\/\/www.haideclean.com\/?post_type=product&#038;p=1352"},"modified":"2026-03-19T11:40:35","modified_gmt":"2026-03-19T03:40:35","slug":"chd5180gqxdfe6-road-cleaning-truck","status":"publish","type":"product","link":"https:\/\/www.haideclean.com\/de\/product\/chd5180gqxdfe6-road-cleaning-truck\/","title":{"rendered":"CHD5180GQXDFE6 Stra\u00dfenreinigungswagen"},"content":{"rendered":"<ul>\n<li><b><\/b><strong><b>Standard Edelstahl-Tank, mit einem Wasserarmen Alarmsystem;<\/b><\/strong><\/li>\n<li><b><\/b><strong><b>Die Heckseite des Fahrzeugs ist mit lichtemittierenden Betriebsschildern ausgestattet;<\/b><\/strong><\/li>\n<li><b><\/b><strong><b>Zwei S\u00e4tze unabh\u00e4ngiger Hochdruck, &amp; Niederdruckwassersystem;<\/b><\/strong><\/li>\n<li><b><\/b><strong><b>Hochdruckwassersystem:<\/b><\/strong>\n<ol>\n<li>Hochdruckwasserpumpe \u00dcbergeschwindigkeit automatischer Alarmschutz<\/li>\n<li>Pneumatisches Steuersystem f\u00fcr den Hochdruckwasserventilbetrieb in der Kabine<\/li>\n<li>Die Vorderseite ist mit einer Hochdruckwascheinrichtung ausgestattet, die mit pneumatischer Steuerung nach links und rechts schwenkt, um Sicherheit und Hindernisse zu vermeiden, und die Reinigungsbreite wird auf 3,5 Meter erh\u00f6ht;<\/li>\n<li>Hinter dem Fahrzeug befindet sich ein Spr\u00fchger\u00e4t zur Einstellung der Lufttemperatur<\/li>\n<li>Die Vorderseite des Fahrzeugs ist mit linken und rechten Hochdruckd\u00fcsen zum Hochdruck-Seitensp\u00fclen ausgestattet<\/li>\n<\/ol>\n<\/li>\n<li><b><\/b><strong><b>Niederdruckwassersystem:<\/b><\/strong>\n<ol>\n<li>Alle Operationen werden in der Kabine durchgef\u00fchrt und verschiedene Aufgaben k\u00f6nnen mit einem Klick abgeschlossen werden<\/li>\n<li>Ausgestattet mit mehreren gekr\u00fcmmten S\u00e4ulenseitd\u00fcsen f\u00fcr den Seitensp\u00fclbetrieb kann der Sp\u00fclwinkel willk\u00fcrlich eingestellt werden, die Sp\u00fclbreite ist gr\u00f6\u00dfer als 24M. Es gibt Entenfu\u00dfd\u00fcsen und zylindrische D\u00fcsen an der Vorder- und R\u00fcckseite, und die Spr\u00fchbreite ist gr\u00f6\u00dfer als 16M.<\/li>\n<li>Hintere Arbeitsplattform mit weitreichenverstellbarer (zylindrischer oder nebelliger) Wasserpistole<\/li>\n<li>Es hat eine Selbstsaugfunktion und nutzt die Wasserpumpe am Fahrzeug, um Wasser in den Tank zu saugen.<\/li>\n<li>Es gibt eine Selbstzirkulationsschleife im Wassersystem, die verwendet werden kann, um Schneeschmelzmittel im Winter zu schmelzen;<\/li>\n<li>Die R\u00fcckseite des Fahrzeugs ist mit einer gr\u00fcnen G\u00fcrtel Wasserleitung Druck Feuerbek\u00e4mpfung Schnittstelle ausgestattet, um die Verbindung mit entfernten Wasserleitungen zu erleichtern;<\/li>\n<\/ol>\n<\/li>\n<\/ul>\n<p><img fetchpriority=\"high\" decoding=\"async\" class=\"alignnone size-medium wp-image-2479\" src=\"https:\/\/www.haideclean.com\/wp-content\/uploads\/2025\/12\/Arrow-style-operation-instructions1-213x300.jpg\" alt=\"\" width=\"213\" height=\"300\" data-wp-editing=\"1\" srcset=\"https:\/\/www.haideclean.com\/wp-content\/uploads\/2025\/12\/Arrow-style-operation-instructions1-213x300.jpg 213w, https:\/\/www.haideclean.com\/wp-content\/uploads\/2025\/12\/Arrow-style-operation-instructions1-726x1024.jpg 726w, https:\/\/www.haideclean.com\/wp-content\/uploads\/2025\/12\/Arrow-style-operation-instructions1-768x1083.jpg 768w, https:\/\/www.haideclean.com\/wp-content\/uploads\/2025\/12\/Arrow-style-operation-instructions1-600x846.jpg 600w, https:\/\/www.haideclean.com\/wp-content\/uploads\/2025\/12\/Arrow-style-operation-instructions1.jpg 790w\" sizes=\"(max-width: 213px) 100vw, 213px\" \/> <img decoding=\"async\" class=\"alignnone size-medium wp-image-2480\" src=\"https:\/\/www.haideclean.com\/wp-content\/uploads\/2025\/12\/Arrow-style-operation-instructions15-219x300.jpg\" alt=\"\" width=\"219\" height=\"300\" srcset=\"https:\/\/www.haideclean.com\/wp-content\/uploads\/2025\/12\/Arrow-style-operation-instructions15-219x300.jpg 219w, https:\/\/www.haideclean.com\/wp-content\/uploads\/2025\/12\/Arrow-style-operation-instructions15-746x1024.jpg 746w, https:\/\/www.haideclean.com\/wp-content\/uploads\/2025\/12\/Arrow-style-operation-instructions15-768x1054.jpg 768w, https:\/\/www.haideclean.com\/wp-content\/uploads\/2025\/12\/Arrow-style-operation-instructions15-600x823.jpg 600w, https:\/\/www.haideclean.com\/wp-content\/uploads\/2025\/12\/Arrow-style-operation-instructions15.jpg 790w\" sizes=\"(max-width: 219px) 100vw, 219px\" \/> <img decoding=\"async\" class=\"alignnone size-medium wp-image-2481\" src=\"https:\/\/www.haideclean.com\/wp-content\/uploads\/2025\/12\/Arrow-style-operation-instructions17-124x300.jpg\" alt=\"\" width=\"124\" height=\"300\" srcset=\"https:\/\/www.haideclean.com\/wp-content\/uploads\/2025\/12\/Arrow-style-operation-instructions17-124x300.jpg 124w, https:\/\/www.haideclean.com\/wp-content\/uploads\/2025\/12\/Arrow-style-operation-instructions17-424x1024.jpg 424w, https:\/\/www.haideclean.com\/wp-content\/uploads\/2025\/12\/Arrow-style-operation-instructions17-768x1853.jpg 768w, https:\/\/www.haideclean.com\/wp-content\/uploads\/2025\/12\/Arrow-style-operation-instructions17-637x1536.jpg 637w, https:\/\/www.haideclean.com\/wp-content\/uploads\/2025\/12\/Arrow-style-operation-instructions17-600x1448.jpg 600w, https:\/\/www.haideclean.com\/wp-content\/uploads\/2025\/12\/Arrow-style-operation-instructions17.jpg 790w\" sizes=\"(max-width: 124px) 100vw, 124px\" \/> <img loading=\"lazy\" decoding=\"async\" class=\"alignnone size-medium wp-image-2482\" src=\"https:\/\/www.haideclean.com\/wp-content\/uploads\/2025\/12\/Arrow-style-operation-instructions19-143x300.jpg\" alt=\"\" width=\"143\" height=\"300\" srcset=\"https:\/\/www.haideclean.com\/wp-content\/uploads\/2025\/12\/Arrow-style-operation-instructions19-143x300.jpg 143w, https:\/\/www.haideclean.com\/wp-content\/uploads\/2025\/12\/Arrow-style-operation-instructions19-487x1024.jpg 487w, https:\/\/www.haideclean.com\/wp-content\/uploads\/2025\/12\/Arrow-style-operation-instructions19-768x1616.jpg 768w, https:\/\/www.haideclean.com\/wp-content\/uploads\/2025\/12\/Arrow-style-operation-instructions19-730x1536.jpg 730w, https:\/\/www.haideclean.com\/wp-content\/uploads\/2025\/12\/Arrow-style-operation-instructions19-600x1262.jpg 600w, https:\/\/www.haideclean.com\/wp-content\/uploads\/2025\/12\/Arrow-style-operation-instructions19.jpg 790w\" sizes=\"(max-width: 143px) 100vw, 143px\" \/> <img loading=\"lazy\" decoding=\"async\" class=\"alignnone size-medium wp-image-2483\" src=\"https:\/\/www.haideclean.com\/wp-content\/uploads\/2025\/12\/Arrow-style-operation-instructions27-174x300.jpg\" alt=\"\" width=\"174\" height=\"300\" srcset=\"https:\/\/www.haideclean.com\/wp-content\/uploads\/2025\/12\/Arrow-style-operation-instructions27-174x300.jpg 174w, https:\/\/www.haideclean.com\/wp-content\/uploads\/2025\/12\/Arrow-style-operation-instructions27-593x1024.jpg 593w, https:\/\/www.haideclean.com\/wp-content\/uploads\/2025\/12\/Arrow-style-operation-instructions27-768x1326.jpg 768w, https:\/\/www.haideclean.com\/wp-content\/uploads\/2025\/12\/Arrow-style-operation-instructions27-600x1036.jpg 600w, https:\/\/www.haideclean.com\/wp-content\/uploads\/2025\/12\/Arrow-style-operation-instructions27.jpg 790w\" sizes=\"(max-width: 174px) 100vw, 174px\" \/><\/p>","protected":false},"excerpt":{"rendered":"<p>Die Stra\u00dfenreinigungs-Lkw-Serie wird von Haide Vehicle mit zuverl\u00e4ssiger Leistung und mehreren Anwendungen im Auge entwickelt. Es hat eine Vielzahl von Funktionen wie Stra\u00dfensp\u00fclung, Stra\u00dfenwasche, Stra\u00dfensp\u00fclung, Gartenspray und Notbrandschutz.<\/p>","protected":false},"featured_media":1353,"template":"","meta":[],"product_brand":[],"product_cat":[27],"product_tag":[],"class_list":{"0":"post-1352","1":"product","2":"type-product","3":"status-publish","4":"has-post-thumbnail","6":"product_cat-cleaning-vehicles","8":"first","9":"instock","10":"shipping-taxable","11":"product-type-simple"},"_links":{"self":[{"href":"https:\/\/www.haideclean.com\/de\/wp-json\/wp\/v2\/product\/1352","targetHints":{"allow":["GET"]}}],"collection":[{"href":"https:\/\/www.haideclean.com\/de\/wp-json\/wp\/v2\/product"}],"about":[{"href":"https:\/\/www.haideclean.com\/de\/wp-json\/wp\/v2\/types\/product"}],"wp:featuredmedia":[{"embeddable":true,"href":"https:\/\/www.haideclean.com\/de\/wp-json\/wp\/v2\/media\/1353"}],"wp:attachment":[{"href":"https:\/\/www.haideclean.com\/de\/wp-json\/wp\/v2\/media?parent=1352"}],"wp:term":[{"taxonomy":"product_brand","embeddable":true,"href":"https:\/\/www.haideclean.com\/de\/wp-json\/wp\/v2\/product_brand?post=1352"},{"taxonomy":"product_cat","embeddable":true,"href":"https:\/\/www.haideclean.com\/de\/wp-json\/wp\/v2\/product_cat?post=1352"},{"taxonomy":"product_tag","embeddable":true,"href":"https:\/\/www.haideclean.com\/de\/wp-json\/wp\/v2\/product_tag?post=1352"}],"curies":[{"name":"wp","href":"https:\/\/api.w.org\/{rel}","templated":true}]}}