{"id":2223,"date":"2026-01-07T14:03:18","date_gmt":"2026-01-07T06:03:18","guid":{"rendered":"https:\/\/www.haideclean.com\/?post_type=product&#038;p=2223"},"modified":"2026-03-18T11:31:48","modified_gmt":"2026-03-18T03:31:48","slug":"chd5250gqxdfe6-road-cleaning-truck","status":"publish","type":"product","link":"https:\/\/www.haideclean.com\/de\/product\/chd5250gqxdfe6-road-cleaning-truck\/","title":{"rendered":"CHD5250GQXDFE6 Stra\u00dfenreinigungswagen"},"content":{"rendered":"<p>Standard Edelstahltank, ein wasserfreies Alarmsystem einrichten;<\/p>\n<p>Die Heckseite des Fahrzeugs ist mit lichtemittierenden Betriebsschildern ausgestattet;<\/p>\n<p>Zwei S\u00e4tze unabh\u00e4ngiger Hoch-, Niederdruck-Wasserwegsystem;<\/p>\n<p><strong><b>Hochdruck-Wassersystem<\/b><b>\uff1a<\/b><\/strong><\/p>\n<p>Hochdruckwasserpumpe Beschleunigung Alarmschutz;<\/p>\n<p>Hochdruckwasserventil, das Indoor-Betriebs-aerodynamisches Steuersystem antreibt;<\/p>\n<p>Sicherheit -vermeiden und pneumatische Steuerung der linken und rechten Schwingel Hochdrucksp\u00fclger\u00e4te in der Vorderseite, die Reinigungsbreite erh\u00f6ht sich auf 3,5 Meter;<\/p>\n<p>Hinter dem Fahrzeug befindet sich eine Spr\u00fchvorrichtung zur Einstellung der Lufttemperatur;<\/p>\n<p>Die Vorderseite des Fahrzeugs ist mit einer linken und rechten Hochdruckd\u00fcse zum Hochspannungsseitssp\u00fclen ausgestattet;<\/p>\n<p><strong><b>Niederdruck-Wassersystem<\/b><b>\uff1a<\/b><\/strong><\/p>\n<p>Alle Operationen in der Kabine, alle Operationen mit einem Klick abschlie\u00dfen;<\/p>\n<p>Mit mehreren gekr\u00fcmmten S\u00e4ulenf\u00f6rmigen Spr\u00fchd\u00fcsen und Seitenwaschvorg\u00e4ngen k\u00f6nnen Sie den Sp\u00fclwinkel willk\u00fcrlich einstellen und die Sp\u00fclbreite ist gr\u00f6\u00dfer als 24 m. Eine Entenpalm-Stil D\u00fcse und zylindrische D\u00fcse sind mit der Breite des Sprinklers als 16m versehen.<\/p>\n<p>Die hintere Arbeitsplattform verwendet eine weitreichenverstellbare (S\u00e4ule oder Nebel) Wasserpistole;<\/p>\n<p>Mit selbstabsorbierender Funktion verwenden Sie die Wasserpumpe auf dem Auto, um Wasser in den Tank zu absorbieren;<\/p>\n<p>Es gibt einen selbstzirkulierenden Kreislauf im Wasserwegsystem, der zum Schmelzen von Schneeschmelzmitteln im Winter verwendet werden kann;<\/p>\n<p>Die R\u00fcckseite des Fahrzeugs ist mit einer Wasserleitungsdruckfeuerschnittstelle f\u00fcr Wasserleitungen ausgestattet, um den Anschluss der entfernten Wasserleitung zu erleichtern;<\/p>\n<p><img fetchpriority=\"high\" decoding=\"async\" class=\"alignnone size-medium wp-image-2469\" src=\"https:\/\/www.haideclean.com\/wp-content\/uploads\/2025\/12\/CHD5180GQXDFE6-Road-Cleaning-Truck-1-300x200.jpg\" alt=\"\" width=\"300\" height=\"200\" srcset=\"https:\/\/www.haideclean.com\/wp-content\/uploads\/2025\/12\/CHD5180GQXDFE6-Road-Cleaning-Truck-1-300x200.jpg 300w, https:\/\/www.haideclean.com\/wp-content\/uploads\/2025\/12\/CHD5180GQXDFE6-Road-Cleaning-Truck-1-768x512.jpg 768w, https:\/\/www.haideclean.com\/wp-content\/uploads\/2025\/12\/CHD5180GQXDFE6-Road-Cleaning-Truck-1-600x400.jpg 600w, https:\/\/www.haideclean.com\/wp-content\/uploads\/2025\/12\/CHD5180GQXDFE6-Road-Cleaning-Truck-1.jpg 1004w\" sizes=\"(max-width: 300px) 100vw, 300px\" \/><\/p>\n<p><img decoding=\"async\" class=\"alignnone size-medium wp-image-2470\" src=\"https:\/\/www.haideclean.com\/wp-content\/uploads\/2025\/12\/CHD5180GQXDFE6-Road-Cleaning-Truck2-1-300x229.jpg\" alt=\"\" width=\"300\" height=\"229\" srcset=\"https:\/\/www.haideclean.com\/wp-content\/uploads\/2025\/12\/CHD5180GQXDFE6-Road-Cleaning-Truck2-1-300x229.jpg 300w, https:\/\/www.haideclean.com\/wp-content\/uploads\/2025\/12\/CHD5180GQXDFE6-Road-Cleaning-Truck2-1-600x457.jpg 600w, https:\/\/www.haideclean.com\/wp-content\/uploads\/2025\/12\/CHD5180GQXDFE6-Road-Cleaning-Truck2-1.jpg 718w\" sizes=\"(max-width: 300px) 100vw, 300px\" \/><\/p>\n<p>Vordersp\u00fcleinrichtung<\/p>\n<p><img decoding=\"async\" class=\"alignnone size-medium wp-image-2471\" src=\"https:\/\/www.haideclean.com\/wp-content\/uploads\/2025\/12\/CHD5180GQXDFE6-Road-Cleaning-Truck3-300x200.jpg\" alt=\"\" width=\"300\" height=\"200\" srcset=\"https:\/\/www.haideclean.com\/wp-content\/uploads\/2025\/12\/CHD5180GQXDFE6-Road-Cleaning-Truck3-300x200.jpg 300w, https:\/\/www.haideclean.com\/wp-content\/uploads\/2025\/12\/CHD5180GQXDFE6-Road-Cleaning-Truck3-768x513.jpg 768w, https:\/\/www.haideclean.com\/wp-content\/uploads\/2025\/12\/CHD5180GQXDFE6-Road-Cleaning-Truck3-600x400.jpg 600w, https:\/\/www.haideclean.com\/wp-content\/uploads\/2025\/12\/CHD5180GQXDFE6-Road-Cleaning-Truck3.jpg 866w\" sizes=\"(max-width: 300px) 100vw, 300px\" \/><\/p>\n<p>Gro\u00dfe Durchflussd\u00fcse<\/p>\n<p><img loading=\"lazy\" decoding=\"async\" class=\"alignnone size-medium wp-image-2472\" src=\"https:\/\/www.haideclean.com\/wp-content\/uploads\/2025\/12\/CHD5180GQXDFE6-Road-Cleaning-Truck4-300x200.jpg\" alt=\"\" width=\"300\" height=\"200\" srcset=\"https:\/\/www.haideclean.com\/wp-content\/uploads\/2025\/12\/CHD5180GQXDFE6-Road-Cleaning-Truck4-300x200.jpg 300w, https:\/\/www.haideclean.com\/wp-content\/uploads\/2025\/12\/CHD5180GQXDFE6-Road-Cleaning-Truck4-768x512.jpg 768w, https:\/\/www.haideclean.com\/wp-content\/uploads\/2025\/12\/CHD5180GQXDFE6-Road-Cleaning-Truck4-600x400.jpg 600w, https:\/\/www.haideclean.com\/wp-content\/uploads\/2025\/12\/CHD5180GQXDFE6-Road-Cleaning-Truck4.jpg 858w\" sizes=\"(max-width: 300px) 100vw, 300px\" \/><\/p>\n<p>R\u00fcckspr\u00fchger\u00e4t<\/p>\n<p><img loading=\"lazy\" decoding=\"async\" class=\"alignnone size-medium wp-image-2473\" src=\"https:\/\/www.haideclean.com\/wp-content\/uploads\/2025\/12\/CHD5180GQXDFE6-Road-Cleaning-Truck6-300x250.jpg\" alt=\"\" width=\"300\" height=\"250\" srcset=\"https:\/\/www.haideclean.com\/wp-content\/uploads\/2025\/12\/CHD5180GQXDFE6-Road-Cleaning-Truck6-300x250.jpg 300w, https:\/\/www.haideclean.com\/wp-content\/uploads\/2025\/12\/CHD5180GQXDFE6-Road-Cleaning-Truck6-600x499.jpg 600w, https:\/\/www.haideclean.com\/wp-content\/uploads\/2025\/12\/CHD5180GQXDFE6-Road-Cleaning-Truck6.jpg 721w\" sizes=\"(max-width: 300px) 100vw, 300px\" \/><\/p>\n<p>Hochdruck-gr\u00fcnende Spr\u00fchpistole<\/p>\n<p><img loading=\"lazy\" decoding=\"async\" class=\"alignnone size-medium wp-image-2474\" src=\"https:\/\/www.haideclean.com\/wp-content\/uploads\/2025\/12\/CHD5180GQXDFE6-Road-Cleaning-Truck8-300x200.jpg\" alt=\"\" width=\"300\" height=\"200\" srcset=\"https:\/\/www.haideclean.com\/wp-content\/uploads\/2025\/12\/CHD5180GQXDFE6-Road-Cleaning-Truck8-300x200.jpg 300w, https:\/\/www.haideclean.com\/wp-content\/uploads\/2025\/12\/CHD5180GQXDFE6-Road-Cleaning-Truck8-768x512.jpg 768w, https:\/\/www.haideclean.com\/wp-content\/uploads\/2025\/12\/CHD5180GQXDFE6-Road-Cleaning-Truck8-600x400.jpg 600w, https:\/\/www.haideclean.com\/wp-content\/uploads\/2025\/12\/CHD5180GQXDFE6-Road-Cleaning-Truck8.jpg 927w\" sizes=\"(max-width: 300px) 100vw, 300px\" \/><\/p>\n<p>Beleuchtungszuordnungszeichen<\/p>\n<p><strong><b>Option:<\/b><\/strong><\/p>\n<ol>\n<li>W\u00e4hlen Sie keine Sp\u00fclvorrichtung vor dem Fahrzeug aus.<\/li>\n<li>W\u00e4hlen Sie die runde D\u00fcse hinten.<\/li>\n<li>\u00a0W\u00e4hlen Sie die Rohrmontelung aus.<\/li>\n<li>\u00a0W\u00e4hlen Sie die linken und rechten gr\u00fcnen Gie\u00dfger\u00e4te aus.<\/li>\n<li>\u00a0W\u00e4hlen Sie das obere gr\u00fcnende Gie\u00dfger\u00e4t oben.<\/li>\n<li>\u00a0W\u00e4hlen Sie den Operationsindikator im Pfeilstil aus.<\/li>\n<li>\u00a0W\u00e4hlen Sie das externe Logo des neuen Fahrzeugs aus.<\/li>\n<li>\u00a0W\u00e4hlen Sie die Betriebsanzeige Lichtplatte.<\/li>\n<\/ol>\n<p><img loading=\"lazy\" decoding=\"async\" class=\"alignnone size-medium wp-image-2475\" src=\"https:\/\/www.haideclean.com\/wp-content\/uploads\/2025\/12\/CHD5180GQXDFE6-Road-Cleaning-Truck11-300x145.png\" alt=\"\" width=\"300\" height=\"145\" srcset=\"https:\/\/www.haideclean.com\/wp-content\/uploads\/2025\/12\/CHD5180GQXDFE6-Road-Cleaning-Truck11-300x145.png 300w, https:\/\/www.haideclean.com\/wp-content\/uploads\/2025\/12\/CHD5180GQXDFE6-Road-Cleaning-Truck11.png 443w\" sizes=\"(max-width: 300px) 100vw, 300px\" \/><\/p>\n<p>Runde D\u00fcse<\/p>\n<p><img loading=\"lazy\" decoding=\"async\" class=\"alignnone wp-image-2476 size-medium\" src=\"https:\/\/www.haideclean.com\/wp-content\/uploads\/2025\/12\/CHD5180GQXDFE6-Road-Cleaning-Truck14-300x234.png\" alt=\"\" width=\"300\" height=\"234\" srcset=\"https:\/\/www.haideclean.com\/wp-content\/uploads\/2025\/12\/CHD5180GQXDFE6-Road-Cleaning-Truck14-300x234.png 300w, https:\/\/www.haideclean.com\/wp-content\/uploads\/2025\/12\/CHD5180GQXDFE6-Road-Cleaning-Truck14.png 314w\" sizes=\"(max-width: 300px) 100vw, 300px\" \/><\/p>\n<p>Rollenrohrmontage<\/p>\n<p><img loading=\"lazy\" decoding=\"async\" class=\"alignnone wp-image-2477 size-medium\" src=\"https:\/\/www.haideclean.com\/wp-content\/uploads\/2025\/12\/CHD5180GQXDFE6-Road-Cleaning-Truck16-300x179.jpg\" alt=\"\" width=\"300\" height=\"179\" srcset=\"https:\/\/www.haideclean.com\/wp-content\/uploads\/2025\/12\/CHD5180GQXDFE6-Road-Cleaning-Truck16-300x179.jpg 300w, https:\/\/www.haideclean.com\/wp-content\/uploads\/2025\/12\/CHD5180GQXDFE6-Road-Cleaning-Truck16-600x357.jpg 600w, https:\/\/www.haideclean.com\/wp-content\/uploads\/2025\/12\/CHD5180GQXDFE6-Road-Cleaning-Truck16.jpg 658w\" sizes=\"(max-width: 300px) 100vw, 300px\" \/><\/p>\n<p>Bedienungsanleitungen im Pfeilstil<\/p>","protected":false},"excerpt":{"rendered":"<p>CHD5250GQXDFE6 Stra\u00dfenreinigungsfahrzeug ist ein von Yantai Haide Special Vehicle Co., Ltd. unabh\u00e4ngig entwickeltes Erdgasreinigungsfahrzeug mit ausgezeichneter Leistung und f\u00fchrender Technologie. Die Kernkomponenten nutzen weltweite Markenprodukte, stabile Leistung und multifunktionale Integration. Es verf\u00fcgt \u00fcber eine Vielzahl von Funktionen wie Stra\u00dfenbetreuerung, Stra\u00dfensp\u00fclung, Gartenspray und Notbrandschutz.<\/p>","protected":false},"featured_media":2224,"template":"","meta":[],"product_brand":[],"product_cat":[27],"product_tag":[],"class_list":{"0":"post-2223","1":"product","2":"type-product","3":"status-publish","4":"has-post-thumbnail","6":"product_cat-cleaning-vehicles","8":"first","9":"instock","10":"shipping-taxable","11":"product-type-simple"},"_links":{"self":[{"href":"https:\/\/www.haideclean.com\/de\/wp-json\/wp\/v2\/product\/2223","targetHints":{"allow":["GET"]}}],"collection":[{"href":"https:\/\/www.haideclean.com\/de\/wp-json\/wp\/v2\/product"}],"about":[{"href":"https:\/\/www.haideclean.com\/de\/wp-json\/wp\/v2\/types\/product"}],"wp:featuredmedia":[{"embeddable":true,"href":"https:\/\/www.haideclean.com\/de\/wp-json\/wp\/v2\/media\/2224"}],"wp:attachment":[{"href":"https:\/\/www.haideclean.com\/de\/wp-json\/wp\/v2\/media?parent=2223"}],"wp:term":[{"taxonomy":"product_brand","embeddable":true,"href":"https:\/\/www.haideclean.com\/de\/wp-json\/wp\/v2\/product_brand?post=2223"},{"taxonomy":"product_cat","embeddable":true,"href":"https:\/\/www.haideclean.com\/de\/wp-json\/wp\/v2\/product_cat?post=2223"},{"taxonomy":"product_tag","embeddable":true,"href":"https:\/\/www.haideclean.com\/de\/wp-json\/wp\/v2\/product_tag?post=2223"}],"curies":[{"name":"wp","href":"https:\/\/api.w.org\/{rel}","templated":true}]}}