{"id":2226,"date":"2026-01-07T14:19:24","date_gmt":"2026-01-07T06:19:24","guid":{"rendered":"https:\/\/www.haideclean.com\/?post_type=product&#038;p=2226"},"modified":"2026-03-18T11:31:35","modified_gmt":"2026-03-18T03:31:35","slug":"chd5180gssdfe6-watering-truck","status":"publish","type":"product","link":"https:\/\/www.haideclean.com\/de\/product\/chd5180gssdfe6-watering-truck\/","title":{"rendered":"CHD5180GSSDFE6 Wasserwagen"},"content":{"rendered":"<p>Die Struktur des Tanks ist quadratisch und rund, ausgew\u00e4hlte WISCO hochwertige Kohlenstoffstahl-Materialien, spezielle Pumpen, Extraktoren, Pumpen, Kugelventile, Siebe sind nationale Standardprodukte mit ausgezeichneter Leistung, zuverl\u00e4ssiger Arbeit, hoher Effizienz, hoher Durchflussrate, einfacher Wartung und so weiter.<\/p>\n<p>Nach sorgf\u00e4ltiger Analyse Design durch finite Elemente Analyse, in Verbindung mit der internen Anti-Welle Platte Puffer Struktur Design Boden Rahmenstruktur, der Tank K\u00f6rper verwendet eine gro\u00dfe Walzmaschine zu bilden, eine Walzform auf einmal, und der Roboter automatisch verschwei\u00dft einen Tank zur Formung auf einmal.<\/p>\n<p>Die Gesamtbiegung der Wasserleitung ist gebogen, um die Schwei\u00dffl\u00e4che zu reduzieren, effektiv das Risiko einer Leckage zu reduzieren, die Rohrleitung ist nicht blockiert, das ganze Auto&#8217; s gro\u00dfes Schaltungsventil, ist der Wasserstrom gr\u00f6\u00dfer.<\/p>\n<p>Das Erscheinungsbild wird mit Multi-Rost-proof-Farbe und dekorative Farbe gespr\u00fcht, und die Innenfl\u00e4che wird mit hochwertiger antikorrosiver Technologie gespr\u00fcht, und der Tank ist langlebig. Fortgeschrittene Ausr\u00fcstung, ausgezeichnete F\u00e4higkeiten, standardisierter Prozess, sch\u00f6nes Aussehen und ausgezeichnete Dichtleistung.<\/p>\n<p>Das Produkt ist mit Hochdruckwasserkanonen auf der Vorderseite eilend, R\u00fccksprinkler, Seitenspray, Seitenspray, hintere Arbeitsplattform und Plattform (kann sich 360 \u00b0 drehen, und die Form des Wassernebels kann auf geraden, schweren Regen, mittleren Regen, leichten Regen, haarigen Regen eingestellt werden; Der maximale Bereich des geraden geformten Bereichs betr\u00e4gt 35 Meter, und es kann auch in einen Nebel-\u00e4hnlichen Maximalbereich \u2265 15 Meter eingestellt werden), ausgestattet mit hochwertigen Hochleistungs-Spezialsprinklerpumpen, Markenkraftentzug, M\u00fcllfilter, nationaler Standard 65 Feuerschnittstelle (kann durch Feuerschutz Steckwasser passieren), 1 Satz Selbstlaufventilsystem (Selbstsaugung, maximale Saug 7 Meter), 2 Wasser-Ableitung Stahldrahtgummierrohre. Es ist geeignet f\u00fcr verschiedene Stra\u00dfenreinigung; B\u00e4ume, gr\u00fcne G\u00fcrtel und Rasengegr\u00fcnung; Stra\u00dfen, Fabrik und Minen, Bau und Konstruktion und Hochh\u00f6hengeb\u00e4ude sp\u00fclen. Es hat eine Vielzahl von Funktionen wie Sprinkler, Staub, hohes (niedriges) Spr\u00fchen, Pestizidspr\u00fchen, Zaunsp\u00fclen und Notbrandschutz.<\/p>\n<p>Intelligente Technologie Segen: Kraftschutzsystem, ein-Klick-Schalter Steuerung, Beseitigung der Sch\u00e4den an den Sch\u00e4den an der Kraft; der Wasserstand fordert das Alarmsystem durch den Wasserstandsensor auf, den internen Wasserstand des Beh\u00e4lters zu \u00fcberwachen, Fr\u00fchwarnung, um wasserfreie Verbrennung zu verhindern und die Pumpe zu verbrennen; Die Schrank Stimme Erinnerung, F\u00fchrung und Verwendung in allen Richtungen, die Beseitigung unsachgem\u00e4\u00dfen Gebrauch von Anf\u00e4ngern und Schaden am Fahrzeug verursachen.<\/p>","protected":false},"excerpt":{"rendered":"<p>CHD5180GSSDFE6 Sprinkler Truck ist ein Niederdruckwasserfahrzeug, das unabh\u00e4ngig von der Marktnachfrage entwickelt wurde. Es verf\u00fcgt \u00fcber ausgezeichnete Leistung und f\u00fchrende Technologie. Die wichtigsten ausl\u00e4ndischen Kaufteile verwenden weltber\u00fchmte Produkte mit stabiler Qualit\u00e4t und Multifunktion und Integration. Es verf\u00fcgt \u00fcber eine Vielzahl von Funktionen wie Stra\u00dfenbetreuerung, Stra\u00dfensp\u00fclung, Gartenspray und Notbrandschutz.<\/p>","protected":false},"featured_media":2228,"template":"","meta":[],"product_brand":[],"product_cat":[27],"product_tag":[],"class_list":{"0":"post-2226","1":"product","2":"type-product","3":"status-publish","4":"has-post-thumbnail","6":"product_cat-cleaning-vehicles","8":"first","9":"instock","10":"shipping-taxable","11":"product-type-simple"},"_links":{"self":[{"href":"https:\/\/www.haideclean.com\/de\/wp-json\/wp\/v2\/product\/2226","targetHints":{"allow":["GET"]}}],"collection":[{"href":"https:\/\/www.haideclean.com\/de\/wp-json\/wp\/v2\/product"}],"about":[{"href":"https:\/\/www.haideclean.com\/de\/wp-json\/wp\/v2\/types\/product"}],"wp:featuredmedia":[{"embeddable":true,"href":"https:\/\/www.haideclean.com\/de\/wp-json\/wp\/v2\/media\/2228"}],"wp:attachment":[{"href":"https:\/\/www.haideclean.com\/de\/wp-json\/wp\/v2\/media?parent=2226"}],"wp:term":[{"taxonomy":"product_brand","embeddable":true,"href":"https:\/\/www.haideclean.com\/de\/wp-json\/wp\/v2\/product_brand?post=2226"},{"taxonomy":"product_cat","embeddable":true,"href":"https:\/\/www.haideclean.com\/de\/wp-json\/wp\/v2\/product_cat?post=2226"},{"taxonomy":"product_tag","embeddable":true,"href":"https:\/\/www.haideclean.com\/de\/wp-json\/wp\/v2\/product_tag?post=2226"}],"curies":[{"name":"wp","href":"https:\/\/api.w.org\/{rel}","templated":true}]}}