{"id":2229,"date":"2026-01-07T14:43:05","date_gmt":"2026-01-07T06:43:05","guid":{"rendered":"https:\/\/www.haideclean.com\/?post_type=product&#038;p=2229"},"modified":"2026-04-09T15:32:48","modified_gmt":"2026-04-09T07:32:48","slug":"chd5070tslqle6-road-sweeper-truck","status":"publish","type":"product","link":"https:\/\/www.haideclean.com\/de\/product\/chd5070tslqle6-road-sweeper-truck\/","title":{"rendered":"CHD5070TSLQLE6 Stra\u00dfenkehrmaschine"},"content":{"rendered":"<p>1.Unabh\u00e4ngig entwickelte selbstverst\u00e4rkende Zentrifugalkupplung: Um einen lastlosen Start des Motors zu erreichen, wird eine selbstverst\u00e4rkende Zentrifugalkupplung installiert. Im Vergleich zu herk\u00f6mmlichen Zentrifugalkupplungen hat diese Art von Zentrifugalkupplung einen reibungslosen Eingriff, ist nicht anf\u00e4llig f\u00fcr Rutschen, minimalen Verschlei\u00df und eine l\u00e4ngere Lebensdauer.<\/p>\n<p><img fetchpriority=\"high\" decoding=\"async\" class=\"alignnone wp-image-2236 size-full\" src=\"https:\/\/www.haideclean.com\/wp-content\/uploads\/2026\/01\/Performance-characteristics1.jpg\" alt=\"\" width=\"800\" height=\"600\" srcset=\"https:\/\/www.haideclean.com\/wp-content\/uploads\/2026\/01\/Performance-characteristics1.jpg 800w, https:\/\/www.haideclean.com\/wp-content\/uploads\/2026\/01\/Performance-characteristics1-300x225.jpg 300w, https:\/\/www.haideclean.com\/wp-content\/uploads\/2026\/01\/Performance-characteristics1-768x576.jpg 768w, https:\/\/www.haideclean.com\/wp-content\/uploads\/2026\/01\/Performance-characteristics1-600x450.jpg 600w\" sizes=\"(max-width: 800px) 100vw, 800px\" \/><\/p>\n<p>2.Die Gewindeeinsteckbare Hydraulikventilgruppe hat stabilere Leistung: Um die Stabilit\u00e4t und Zuverl\u00e4ssigkeit des gesamten Fahrzeugs zu gew\u00e4hrleisten; s Hydrauliksystem, die im Fahrzeug verwendete Hydraulikventilgruppe ist ein Steckventil, das die Vorteile der kompakten Struktur, des leichten Gewichts, der leistungsstarken Funktion, der hohen Zuverl\u00e4ssigkeit und der einfachen Wartung hat.<\/p>\n<p>3. Die Geschwindigkeit der Kehrb\u00fcrste nimmt stufenlose Einstellung an: aufgrund unterschiedlicher Stra\u00dfenbedingungen und M\u00fcllverteilung muss die Kehrb\u00fcrste verschiedene Arbeitsgeschwindigkeiten verwenden, um ideale Betriebsergebnisse zu erzielen. Die Kehrb\u00fcrstenverstellung dieses Fahrzeugs wird durch Verstellen des Verstellknopfes auf der elektrischen Steuerbox erreicht, um den Strom der Spule auf der Ventilgruppe zu steuern und die \u00c4nderung der Verschiebung der Ventilgruppe zu erhalten, wodurch eine stufenlose Verstellung der Kehrb\u00fcrstenscheibe erreicht wird.<\/p>\n<p>4. Alle hydraulischen Rohrleitungsh\u00fclsenverbindungen werden auf einmal von einer Rohrendenformmaschine gebildet: h\u00e4ufig verwendete Rohrendenformmaschinen in Europa und Amerika werden f\u00fcr hydraulische Rohrleitungen verwendet. Alle Stahlrohrenden werden auf einmal durch Pressen gebildet und sind mit speziellen Dichtringen ausgestattet, um dem Ausziehen zu widerstehen, ohne Leckage in der Rohrleitung.<\/p>\n<p>5.Zweistufige Luftfiltervorrichtung: nimmt einen doppelschichtigen Filterelement Luftfilter \u00d6lbad Luftfilter an, um die Ansaugqualit\u00e4t des Motors zu gew\u00e4hrleisten und die Lebensdauer des Motors zu maximieren.<\/p>\n<p>6.The dumping angle of the garbage container is as high as 60\u00b0: Due to the sticky nature of the garbage collected by the road sweeper, it is difficult to remove it directly. In order to maximize the unloading angle of the vehicle, the water tank of the vehicle is designed at the bottom of the garbage container, with a volume of up to 1100L. This allows the bottom plate of the garbage container to have a pre inclination angle of more than 10 degrees, and the unloading angle of the garbage container reach more than 60 degrees.<\/p>\n<p><img decoding=\"async\" class=\"alignnone wp-image-2237 size-full\" src=\"https:\/\/www.haideclean.com\/wp-content\/uploads\/2026\/01\/Performance-characteristics2.jpg\" alt=\"\" width=\"800\" height=\"600\" srcset=\"https:\/\/www.haideclean.com\/wp-content\/uploads\/2026\/01\/Performance-characteristics2.jpg 800w, https:\/\/www.haideclean.com\/wp-content\/uploads\/2026\/01\/Performance-characteristics2-300x225.jpg 300w, https:\/\/www.haideclean.com\/wp-content\/uploads\/2026\/01\/Performance-characteristics2-768x576.jpg 768w, https:\/\/www.haideclean.com\/wp-content\/uploads\/2026\/01\/Performance-characteristics2-600x450.jpg 600w\" sizes=\"(max-width: 800px) 100vw, 800px\" \/><\/p>\n<p>7. Ein gro\u00dffl\u00e4chiger Filterschirm ist an der Oberseite des K\u00f6rpers installiert: Um die Abnahme der Saugkapazit\u00e4t durch Luftstr\u00f6mungsblockade zu minimieren, ist das Fahrzeug mit einem gro\u00dfen Fl\u00e4chenfilterbildschirm aus Edelstahl an der Oberseite des M\u00fcllbeh\u00e4lters ausgestattet, der verwendet wird, um den gro\u00dfen und kleinen M\u00fcllvolumen im Luftstrom zu blockieren und zu filtern. Eine F\u00fchrungsnut ist auch oben auf der Box installiert, um den Staubenreduktionseffekt zu verbessern, den M\u00fcllstapel gleichm\u00e4\u00dfig aufzubauen und die effektive Kapazit\u00e4t zu erh\u00f6hen.<\/p>\n<p><img decoding=\"async\" class=\"alignnone wp-image-2238 size-full\" src=\"https:\/\/www.haideclean.com\/wp-content\/uploads\/2026\/01\/Performance-characteristics3.jpg\" alt=\"\" width=\"800\" height=\"600\" srcset=\"https:\/\/www.haideclean.com\/wp-content\/uploads\/2026\/01\/Performance-characteristics3.jpg 800w, https:\/\/www.haideclean.com\/wp-content\/uploads\/2026\/01\/Performance-characteristics3-300x225.jpg 300w, https:\/\/www.haideclean.com\/wp-content\/uploads\/2026\/01\/Performance-characteristics3-768x576.jpg 768w, https:\/\/www.haideclean.com\/wp-content\/uploads\/2026\/01\/Performance-characteristics3-600x450.jpg 600w\" sizes=\"(max-width: 800px) 100vw, 800px\" \/><\/p>\n<p>8.Das Nothebesystem der Handpumpe bietet Bequemlichkeit f\u00fcr die Notwartung des Fahrzeugs: Die Nothebefunktion der Handpumpe kann nicht nur das Heben der Box steuern, wenn der Hilfsmotor ausf\u00e4llt und nicht gestartet werden kann, sondern auch die B\u00fcrsten und Saug\u00f6ffne notheben, um sich bewegende Fahrzeuge oder Wartung zu erleichtern.<\/p>\n<p><img loading=\"lazy\" decoding=\"async\" class=\"alignnone wp-image-2239 size-full\" src=\"https:\/\/www.haideclean.com\/wp-content\/uploads\/2026\/01\/Performance-characteristics4.jpg\" alt=\"\" width=\"800\" height=\"600\" srcset=\"https:\/\/www.haideclean.com\/wp-content\/uploads\/2026\/01\/Performance-characteristics4.jpg 800w, https:\/\/www.haideclean.com\/wp-content\/uploads\/2026\/01\/Performance-characteristics4-300x225.jpg 300w, https:\/\/www.haideclean.com\/wp-content\/uploads\/2026\/01\/Performance-characteristics4-768x576.jpg 768w, https:\/\/www.haideclean.com\/wp-content\/uploads\/2026\/01\/Performance-characteristics4-600x450.jpg 600w\" sizes=\"(max-width: 800px) 100vw, 800px\" \/><\/p>\n<p>9.Equipped mit fortschrittlichem Farb-TV-\u00dcberwachungsger\u00e4t: Um die rechtzeitige Beobachtung des Fahrzeugs zu erleichtern; s Betriebsstatus, Beobachtungssonden sind auf der Heck- und rechten Seite des Fahrzeugs installiert, und der Betrieb und die Umwandlung der Kamera sind \u00e4u\u00dferst bequem, die rechtzeitige Reinigungsbetriebsqualit\u00e4t und Fahrzeugr\u00fcckbildfunktion f\u00fcr Bediener bieten k\u00f6nnen.<\/p>\n<p><img loading=\"lazy\" decoding=\"async\" class=\"alignnone wp-image-2240 size-full\" src=\"https:\/\/www.haideclean.com\/wp-content\/uploads\/2026\/01\/Performance-characteristics5.jpg\" alt=\"\" width=\"800\" height=\"600\" srcset=\"https:\/\/www.haideclean.com\/wp-content\/uploads\/2026\/01\/Performance-characteristics5.jpg 800w, https:\/\/www.haideclean.com\/wp-content\/uploads\/2026\/01\/Performance-characteristics5-300x225.jpg 300w, https:\/\/www.haideclean.com\/wp-content\/uploads\/2026\/01\/Performance-characteristics5-768x576.jpg 768w, https:\/\/www.haideclean.com\/wp-content\/uploads\/2026\/01\/Performance-characteristics5-600x450.jpg 600w\" sizes=\"(max-width: 800px) 100vw, 800px\" \/><\/p>\n<p>10. Der Sicherheitsrahmen ist mit einem N\u00e4herungsschalter ausgestattet: Um zu verhindern, dass das Senken des Sicherheitsk\u00f6rpers vergessen wird und Schaden an der Box und dem Rahmen verursacht, ist ein N\u00e4herungsschalter speziell installiert.<\/p>\n<p><img loading=\"lazy\" decoding=\"async\" class=\"alignnone wp-image-2241 size-full\" src=\"https:\/\/www.haideclean.com\/wp-content\/uploads\/2026\/01\/Performance-characteristics6.jpg\" alt=\"\" width=\"800\" height=\"600\" srcset=\"https:\/\/www.haideclean.com\/wp-content\/uploads\/2026\/01\/Performance-characteristics6.jpg 800w, https:\/\/www.haideclean.com\/wp-content\/uploads\/2026\/01\/Performance-characteristics6-300x225.jpg 300w, https:\/\/www.haideclean.com\/wp-content\/uploads\/2026\/01\/Performance-characteristics6-768x576.jpg 768w, https:\/\/www.haideclean.com\/wp-content\/uploads\/2026\/01\/Performance-characteristics6-600x450.jpg 600w\" sizes=\"(max-width: 800px) 100vw, 800px\" \/><\/p>\n<p>11. Die vollschwebende Saugkopf nimmt eine Verbindungsstruktur an: Die Saugkopf nimmt eine vollschwebende Verbindung und einen einzigartigen Balancemechanismus an, der sich automatisch entsprechend der H\u00f6he des Bodens anpassen kann, um sicherzustellen, dass der Spalt zwischen der Saugkopf und der Stra\u00dfe unver\u00e4ndert bleibt, so dass das Fahrzeug immer eine gute Arbeitswirkung aufrechterhalt.<\/p>\n<p><img loading=\"lazy\" decoding=\"async\" class=\"alignnone wp-image-2243 size-full\" src=\"https:\/\/www.haideclean.com\/wp-content\/uploads\/2026\/01\/Performance-characteristics8.jpg\" alt=\"\" width=\"800\" height=\"600\" srcset=\"https:\/\/www.haideclean.com\/wp-content\/uploads\/2026\/01\/Performance-characteristics8.jpg 800w, https:\/\/www.haideclean.com\/wp-content\/uploads\/2026\/01\/Performance-characteristics8-300x225.jpg 300w, https:\/\/www.haideclean.com\/wp-content\/uploads\/2026\/01\/Performance-characteristics8-768x576.jpg 768w, https:\/\/www.haideclean.com\/wp-content\/uploads\/2026\/01\/Performance-characteristics8-600x450.jpg 600w\" sizes=\"(max-width: 800px) 100vw, 800px\" \/><\/p>\n<p>12.Die effiziente Wirbelwasserpumpe bietet eine Garantie f\u00fcr Reinigung und Staubenreduktion: effektives Spr\u00fchen und Staubenreduktion ist eine notwendige Voraussetzung f\u00fcr die Stra\u00dfenreinigung. Neben den notwendigen B\u00fcrsten, Saug\u00f6ffnungen und Saugrohren zur Staubenreduktion dient dieses Fahrzeug auch als Selbststr\u00f6mungsd\u00fcse zur Reinigung und Komprimierung von Staub in Bereichen mit hohem Staubgehalt. Diese D\u00fcse wird nur ge\u00f6ffnet, wenn der Staub schwer ist, um die Menge an Wasser, das vom Saugrohr gespr\u00fcht wird, zu erh\u00f6hen, den Staubreduzierungseffekt zu verbessern und das Verstopfen des Saugrohrs zu vermeiden.<\/p>\n<p><img loading=\"lazy\" decoding=\"async\" class=\"alignnone wp-image-2242 size-full\" src=\"https:\/\/www.haideclean.com\/wp-content\/uploads\/2026\/01\/Performance-characteristics7.jpg\" alt=\"\" width=\"800\" height=\"600\" srcset=\"https:\/\/www.haideclean.com\/wp-content\/uploads\/2026\/01\/Performance-characteristics7.jpg 800w, https:\/\/www.haideclean.com\/wp-content\/uploads\/2026\/01\/Performance-characteristics7-300x225.jpg 300w, https:\/\/www.haideclean.com\/wp-content\/uploads\/2026\/01\/Performance-characteristics7-768x576.jpg 768w, https:\/\/www.haideclean.com\/wp-content\/uploads\/2026\/01\/Performance-characteristics7-600x450.jpg 600w\" sizes=\"(max-width: 800px) 100vw, 800px\" \/><\/p>\n<p>13.Effiziente und ger\u00e4uscharme Saugventilatoren bieten leistungsstarke Saugf\u00e4higkeiten f\u00fcr Fahrzeugbetrieb: Speziell entwickelte hocheffiziente und ger\u00e4uscharme Saugventilatoren werden verwendet, um starke Saugf\u00e4higkeiten f\u00fcr Fahrzeuge zu bieten, um bessere Betriebsergebnisse zu erzielen. Sie k\u00f6nnen eine einmalige Saugreinigung von gew\u00f6hnlichen M\u00fcll, Schlamm und kleinen Steinen auf der Stra\u00dfenoberfl\u00e4che erreichen.<\/p>\n<p><img loading=\"lazy\" decoding=\"async\" class=\"alignnone wp-image-2244 size-full\" src=\"https:\/\/www.haideclean.com\/wp-content\/uploads\/2026\/01\/Performance-characteristics9.jpg\" alt=\"\" width=\"800\" height=\"600\" srcset=\"https:\/\/www.haideclean.com\/wp-content\/uploads\/2026\/01\/Performance-characteristics9.jpg 800w, https:\/\/www.haideclean.com\/wp-content\/uploads\/2026\/01\/Performance-characteristics9-300x225.jpg 300w, https:\/\/www.haideclean.com\/wp-content\/uploads\/2026\/01\/Performance-characteristics9-768x576.jpg 768w, https:\/\/www.haideclean.com\/wp-content\/uploads\/2026\/01\/Performance-characteristics9-600x450.jpg 600w\" sizes=\"(max-width: 800px) 100vw, 800px\" \/><\/p>\n<p>14. Die Hydraulik\u00f6lk\u00fchleinrichtung bietet die K\u00fchlung f\u00fcr Fahrzeuge w\u00e4hrend hei\u00dfer Sommerbetriebe: Da die Temperatur des Hydraulik\u00f6ls w\u00e4hrend hei\u00dfer Sommerbetriebe 70 \u00b0 C \u00fcbersteigt, verringert sich die Viskosit\u00e4t des Hydraulik\u00f6ls und es kann auch Sch\u00e4den an den Hydraulikdichtungen verursachen. Daher ist das Fahrzeug mit einer Hydraulik\u00f6lk\u00fchlvorrichtung ausgestattet, die das Hydraulik\u00f6l durch den Wasserstrom im Staubbeh\u00e4lter abk\u00fchlt und abk\u00fchlt, um sicherzustellen, dass das Fahrzeug im hei\u00dfen Sommer normal arbeitet.<\/p>\n<p><img loading=\"lazy\" decoding=\"async\" class=\"alignnone wp-image-2245 size-full\" src=\"https:\/\/www.haideclean.com\/wp-content\/uploads\/2026\/01\/Performance-characteristics10.jpg\" alt=\"\" width=\"800\" height=\"600\" srcset=\"https:\/\/www.haideclean.com\/wp-content\/uploads\/2026\/01\/Performance-characteristics10.jpg 800w, https:\/\/www.haideclean.com\/wp-content\/uploads\/2026\/01\/Performance-characteristics10-300x225.jpg 300w, https:\/\/www.haideclean.com\/wp-content\/uploads\/2026\/01\/Performance-characteristics10-768x576.jpg 768w, https:\/\/www.haideclean.com\/wp-content\/uploads\/2026\/01\/Performance-characteristics10-600x450.jpg 600w\" sizes=\"(max-width: 800px) 100vw, 800px\" \/><\/p>\n<p>15. Der B\u00fcrstenantriebsmotor wird aus hochwertigen und effizienten Zykloidmotoren ausgew\u00e4hlt: Die Antriebsmotoren f\u00fcr jede Reinigungsb\u00fcrstenscheibe sind hochwertige Zykloidantriebsmotoren, die eine hohe Getriebeeffizienz und eine lange Lebensdauer haben.<\/p>\n<p>16. Die linken und rechten vorderen Reinigungsb\u00fcrstenscheiben haben automatische Hindernisschutzfunktion und automatische R\u00fcckstellfunktion: Wenn die Kehrscheibe Hindernissen begegnet, kann sie sich automatisch zur\u00fcckziehen, um zu vermeiden und zur\u00fcckzusetzen, wodurch das Problem der leichten Besch\u00e4digung des Reinigungsger\u00e4tes effektiv gel\u00f6st wird.<\/p>\n<p>17. Die linken und rechten Vorderb\u00fcrsten k\u00f6nnen unabh\u00e4ngig oder verkn\u00fcpft sein: das Fahrzeug kann w\u00e4hrend des Betriebs die rechten oder linken Vorderb\u00fcrsten selektiv verwenden, so dass der Arbeitsmechanismus auf der Seite der Schnellspur sich bei der Auswahl der linken B\u00fcrste nicht \u00fcber die Karosserie hinaus erstreckt. Dies verringert nicht nur die Breite der Stra\u00dfenbelegung, verbessert die Sicherheit von Arbeits- und vorbeifahrenden Fahrzeugen, sondern reduziert auch den Verschlei\u00df der B\u00fcrsten und senkt die Betriebskosten.<\/p>\n<p>18. Um den w\u00e4hrend des Fahrzeugbetriebs erzeugten Ger\u00e4usch zu minimieren, werden spezielle schallabsorbierende Materialien zum Leistungsraum des Fahrzeugs hinzugef\u00fcgt.<\/p>\n<p>19. Dieses Fahrzeug kann mit einer 2,2 Meter langen Schneeschaufel ausgestattet werden.<\/p>\n<p><strong>Option<\/strong><\/p>\n<ol>\n<li>Hintert\u00fcr Saugrohr<\/li>\n<li>Vordermagnetger\u00e4t<\/li>\n<li>Vorderen Wasserspr\u00fchger\u00e4t<\/li>\n<\/ol>","protected":false},"excerpt":{"rendered":"<p>Der CHD5070TSLQLE6-Kehrwagen ist ein modifiziertes Kehr- und Saugtyp-Wasserspr\u00fch-Staubentfernungs- und Kehrfahrzeug, das auf dem QL1070BUHACY Euro VI Automobile-Chassis basiert, das von Qingling Automobile Co., Ltd. hergestellt wird und mit einer speziellen Bedieneinrichtung mit einem Sekund\u00e4rmotor als Betriebsleistung ausgestattet ist.<\/p>","protected":false},"featured_media":2246,"template":"","meta":[],"product_brand":[],"product_cat":[15],"product_tag":[],"class_list":{"0":"post-2229","1":"product","2":"type-product","3":"status-publish","4":"has-post-thumbnail","6":"product_cat-road-sweeping","8":"first","9":"instock","10":"shipping-taxable","11":"product-type-simple"},"_links":{"self":[{"href":"https:\/\/www.haideclean.com\/de\/wp-json\/wp\/v2\/product\/2229","targetHints":{"allow":["GET"]}}],"collection":[{"href":"https:\/\/www.haideclean.com\/de\/wp-json\/wp\/v2\/product"}],"about":[{"href":"https:\/\/www.haideclean.com\/de\/wp-json\/wp\/v2\/types\/product"}],"wp:featuredmedia":[{"embeddable":true,"href":"https:\/\/www.haideclean.com\/de\/wp-json\/wp\/v2\/media\/2246"}],"wp:attachment":[{"href":"https:\/\/www.haideclean.com\/de\/wp-json\/wp\/v2\/media?parent=2229"}],"wp:term":[{"taxonomy":"product_brand","embeddable":true,"href":"https:\/\/www.haideclean.com\/de\/wp-json\/wp\/v2\/product_brand?post=2229"},{"taxonomy":"product_cat","embeddable":true,"href":"https:\/\/www.haideclean.com\/de\/wp-json\/wp\/v2\/product_cat?post=2229"},{"taxonomy":"product_tag","embeddable":true,"href":"https:\/\/www.haideclean.com\/de\/wp-json\/wp\/v2\/product_tag?post=2229"}],"curies":[{"name":"wp","href":"https:\/\/api.w.org\/{rel}","templated":true}]}}