{"id":2230,"date":"2026-01-07T14:56:16","date_gmt":"2026-01-07T06:56:16","guid":{"rendered":"https:\/\/www.haideclean.com\/?post_type=product&#038;p=2230"},"modified":"2026-04-09T15:10:39","modified_gmt":"2026-04-09T07:10:39","slug":"chd5110tslqle6-road-sweeper-truck","status":"publish","type":"product","link":"https:\/\/www.haideclean.com\/de\/product\/chd5110tslqle6-road-sweeper-truck\/","title":{"rendered":"CHD5110TSLQLE6 Stra\u00dfenkehrmaschine"},"content":{"rendered":"<p>1. Gewindepatronen hydraulisches Ventilgruppe hat stabilere Leistung: um die Stabilit\u00e4t und Zuverl\u00e4ssigkeit des Hydrauliksystems des gesamten Fahrzeugs zu gew\u00e4hrleisten, ist die hydraulische Ventilgruppe, die vom Fahrzeug angenommen wird, Kartuschenhydraulisches Ventil, das die Vorteile der kompakten Struktur, des leichten Gewichts, der leistungsstarken Funktion, der hohen Zuverl\u00e4ssigkeit, der einfachen Wartung und so weiter hat.<\/p>\n<p>2. Kehrb\u00fcrstengeschwindigkeit nimmt stufenlose Einstellung an: Aufgrund unterschiedlicher Stra\u00dfenbedingungen und M\u00fcllverteilung ben\u00f6tigt die Kehrb\u00fcrste unterschiedliche Arbeitsgeschwindigkeiten, um eine idealere Arbeitswirkung zu erhalten, wird die Kehrb\u00fcrsteneinstellung dieses Fahrzeugs durch Einstellung des Verstellknopfes auf der elektronischen Steuerbox angenommen, um die Gr\u00f6\u00dfe des Stroms der Steuerspulen auf der Ventilgruppe zu realisieren und die \u00c4nderung der Verschiebung der Ventilgruppe zu erhalten, um die stufenlose Einstellung der Kehrb\u00fcrstenscheibe zu erreichen.<\/p>\n<p>3. Hydraulische Rohrleitungen werden alle von der Rohrendenformmaschine auf einmal gebildet: Die in Europa und den Vereinigten Staaten f\u00fcr Hydraulikrohrleitungen h\u00e4ufig verwendete Rohrendenformmaschine wird ausgew\u00e4hlt, und alle Rohrenden von Stahlrohren werden auf einmal gepresst und geformt und mit speziellen Dichtungen ausgestattet, um dem Abziehen zu widerstehen, so dass es keine Leckage in den Rohrleitungen gibt.<\/p>\n<p>4.Sub-Motor drei Luftfiltrationsger\u00e4t: nimmt doppelschichtiges Filterelement Luftfilter \u00d6lbad Luftfilter Zyklon Prim\u00e4rfilter, um die Qualit\u00e4t des Motors zu gew\u00e4hrleisten; s Lufteinlass und maximieren Sie die Lebensdauer des Motors.<\/p>\n<p>5. Der Abfallwinkel des M\u00fcllbeh\u00e4lters betr\u00e4gt bis zu 53 Grad: Weil der M\u00fcll des Stra\u00dfenfeigers haupts\u00e4chlich viskoser M\u00fcll ist, ist es schwierig, direkt zu entfernen, um den Entladewinkel des Fahrzeugs zu maximieren, ist der Wasserbeh\u00e4lter des Fahrzeugs am Boden des M\u00fcllbeh\u00e4lters ausgelegt und das Volumen des Wasserbeh\u00e4lters ist so hoch wie 2.000L, was den M\u00fcllbeh\u00e4lter macht; Die Bodenplatte hat einen Vordumpingwinkel von 11 Grad und der Entladewinkel des M\u00fclls ist so hoch wie 53 Grad oder mehr.<\/p>\n<p>6. Gro\u00dffl\u00e4chiges Filternetz auf der Oberseite des K\u00f6rpers: Um den R\u00fcckgang der Saugkapazit\u00e4t aufgrund der Luftstr\u00f6mungsblockade zu maximieren, ist das Fahrzeug mit einem gro\u00dffl\u00e4chigen Filternetz aus Edelstahl auf der Oberseite des M\u00fcllbeh\u00e4lters ausgestattet, das zum Blockieren und Filtern gro\u00dfer und kleiner M\u00fcll im Luftstrom verwendet wird, und ein Ablenkschlitz ist auf der Oberseite des K\u00f6rpers eingestellt, um die Wirkung der Staubenreduktion zu verbessern und den M\u00fcllstapel gleichm\u00e4\u00dfig aufzubauen und die effektive Kapazit\u00e4t zu verbessern.<\/p>\n<p>7. Handpumpe Nothebesystem f\u00fcr Fahrzeugnotwartung, um Bequemlichkeit zu bieten: Handpumpe Nothebefunktion kann im sekund\u00e4ren Motorausfall nicht starten, kann nicht nur den Karosserielift steuern, und kann auch auf der Kehrb\u00fcrste, Saugmund f\u00fcr Notheben sein, um das Fahrzeug zu bewegen oder seine Wartung zu erleichtern.<\/p>\n<p>8. Ausgestattet mit fortgeschrittenem Farb-TV-Monitor: um die rechtzeitige Beobachtung der Betriebsbedingungen des Fahrzeugs zu erleichtern, sind die Heck- und Rechtsseite des Fahrzeugs mit Beobachtungssonden ausgestattet, die Kamera ist \u00e4u\u00dferst bequem f\u00fcr den Betrieb der Umwandlung und kann den Bedienern die Qualit\u00e4t des Keheperats und der Heck des Fahrzeugbildes rechtzeitig bieten.<\/p>\n<p>9.Proximity-Schalter f\u00fcr den Sicherheitsrahmen: Ein N\u00e4herungsschalter ist zur Verf\u00fcgung gestellt, um Sch\u00e4den an K\u00f6rper und Rahmen zu verhindern, wenn der K\u00f6rper bedient wird, indem er vergesst, die Sicherheit abzusetzen.<\/p>\n<p>10. Vollschwemmende Saugscheibe nimmt Verbindungsstruktur an: Die Saugkopfe nimmt Vollschwemmende Verbindung an und nimmt einen einzigartigen Ausgleichsmechanismus an, der automatisch mit den verschiedenen H\u00f6hen des Bodens angepasst werden kann, um sicherzustellen, dass der Spalt zwischen der Saugkopfe und der Stra\u00dfenoberfl\u00e4che immer konstant ist, so dass das Fahrzeug immer eine gute Betriebseffektion hat.<\/p>\n<p>11. Hocheffiziente Wirbelpumpe zum Fegen von Staub, um eine Garantie zu bieten: wirksamer Spr\u00fchstaub ist eine notwendige Bedingung f\u00fcr das Stra\u00dfenfegen, das Auto zus\u00e4tzlich zu den notwendigen Fegenb\u00fcrsten und Saugm\u00fcnden, Saugrohrstaub, aber auch f\u00fcr die sandigen und staubigen Bereiche, die f\u00fcr den Druck des Staubs der selbstflie\u00dfenden D\u00fcsen fegen, ist diese D\u00fcse nur im Staub ernster, wenn der Wasserweg ge\u00f6ffnet wird, um das Saugm\u00fcndungssaugrohr der Menge an Wasserspray zu erh\u00f6hen, um die Wirkung des Staubs zu erh\u00f6hen, um eine Blockade des Saugrohrs zu vermeiden.<\/p>\n<p>12. Hocheffizienter und ger\u00e4uscharmer Saugventilator bietet eine starke Saugkapazit\u00e4t f\u00fcr den Fahrzeugbetrieb: Der speziell entwickelte hocheffiziente und ger\u00e4uscharme Saugventilator bietet eine starke Saugkapazit\u00e4t f\u00fcr das Fahrzeug, um einen besseren Betriebseffekt zu erhalten, der erkennen kann, dass der gemeinsame M\u00fcll, Schlamm, Sand und kleine Steine auf der Stra\u00dfenoberfl\u00e4che auf einmal sauber angesaugt werden k\u00f6nnen.<\/p>\n<p>13. Hydraulik\u00f6lk\u00fchlger\u00e4t f\u00fcr das Fahrzeug im hei\u00dfen Sommerbetrieb, um K\u00fchlung bereitzustellen: weil das Fahrzeug im hei\u00dfen Sommerbetrieb, die Temperatur des Hydraulik\u00f6ls mehr als 70 \u00b0, wird die Viskosit\u00e4t des Hydraulik\u00f6ls verringert werden, kann aber auch Sch\u00e4den an den Hydraulikdichtungen verursachen, so dass das Fahrzeug mit einer Hydraulik\u00f6lk\u00fchlger\u00e4t ausgestattet ist, um sicherzustellen, dass das Fahrzeug im hei\u00dfen Sommer wie gewohnt arbeitet.<\/p>\n<p>14. Der Kehrb\u00fcrstenantriebsmotor ist ein hochwertiger und effizienter Zykloidmotor: Der Antriebsmotor jeder Kehrb\u00fcrstenscheibe ist ein hochwertiger Zykloidmotor, der eine hohe \u00dcbertragungseffizienz und eine lange Lebensdauer hat.<\/p>\n<p>15. Links und rechts vorne Kehrb\u00fcrste Scheibe, mit automatischer Hindernis Vermeidung Schutzfunktion und automatische Reset-Funktion: wenn die Kehrscheibe Hindernisse trifft, kann sie sich automatisch zur\u00fcckziehen, um zu vermeiden und automatisch zur\u00fcckzusetzen, l\u00f6st diese Funktion effektiv das Problem der einfachen Ber\u00fchrung des schlechten Kehrger\u00e4tes.<\/p>\n<p>16. linke und rechte vordere B\u00fcrstenplatte kann unabh\u00e4ngig oder Verkn\u00fcpfung sein: so dass das Fahrzeug in der Arbeit des rechten vorderen Kehens oder linken vorderen Kehens selektiv verwendet werden kann, so dass die Schnellspurseite des Arbeitsmechanismus in der Wahl des linken Kehens nicht den K\u00f6rper des Fahrzeugs verl\u00e4ngert, verringert nicht nur die Breite der besetzten Stra\u00dfe, verbessert die Sicherheit des Betriebs und des Durchgangs des Fahrzeugs, sondern reduziert auch den Verschlei\u00df der B\u00fcrste und verringert die Betriebskosten.<\/p>\n<p>17. Schalld\u00e4mpfungsmaterial im Kraftraum: Um die beim Betrieb des Fahrzeugs erzeugte R\u00fchrerung zu minimieren, ist das Fahrzeug mit einem speziellen Schalld\u00e4mpfungsmaterial am Kraftraum befestigt.<\/p>\n<p>18. Hebezylinder sind mit speziellen Hydraulikschl\u00f6ssern eingestellt: spezielle Hydraulikschl\u00f6sser, die gemeinsam mit ber\u00fchmten Herstellern entwickelt wurden, k\u00f6nnen die Funktionen der Hebesynchronisation, des glatten Absteigens und der Selbstsperrung realisieren.<\/p>\n<p><strong>Option<\/strong><\/p>\n<ol>\n<li>Hintert\u00fcr Saugschlauch<\/li>\n<li>Vorderen Magnet Ger\u00e4t<\/li>\n<li>Vorderen Wasserstrahlger\u00e4t<\/li>\n<li>Schneeschaufel<\/li>\n<\/ol>","protected":false},"excerpt":{"rendered":"<p>CHD5110TSLQLE6 Stra\u00dfenfeiger LKW ist ein Keh- und Saugtyp Betrieb Nass Typ Staub Reduktion Stra\u00dfenfeiger modifiziert auf der Grundlage von QL1110ANLACY Chassis hergestellt von Qingling Automobile Co.Ltd.<\/p>","protected":false},"featured_media":2252,"template":"","meta":[],"product_brand":[],"product_cat":[15],"product_tag":[],"class_list":{"0":"post-2230","1":"product","2":"type-product","3":"status-publish","4":"has-post-thumbnail","6":"product_cat-road-sweeping","8":"first","9":"instock","10":"shipping-taxable","11":"product-type-simple"},"_links":{"self":[{"href":"https:\/\/www.haideclean.com\/de\/wp-json\/wp\/v2\/product\/2230","targetHints":{"allow":["GET"]}}],"collection":[{"href":"https:\/\/www.haideclean.com\/de\/wp-json\/wp\/v2\/product"}],"about":[{"href":"https:\/\/www.haideclean.com\/de\/wp-json\/wp\/v2\/types\/product"}],"wp:featuredmedia":[{"embeddable":true,"href":"https:\/\/www.haideclean.com\/de\/wp-json\/wp\/v2\/media\/2252"}],"wp:attachment":[{"href":"https:\/\/www.haideclean.com\/de\/wp-json\/wp\/v2\/media?parent=2230"}],"wp:term":[{"taxonomy":"product_brand","embeddable":true,"href":"https:\/\/www.haideclean.com\/de\/wp-json\/wp\/v2\/product_brand?post=2230"},{"taxonomy":"product_cat","embeddable":true,"href":"https:\/\/www.haideclean.com\/de\/wp-json\/wp\/v2\/product_cat?post=2230"},{"taxonomy":"product_tag","embeddable":true,"href":"https:\/\/www.haideclean.com\/de\/wp-json\/wp\/v2\/product_tag?post=2230"}],"curies":[{"name":"wp","href":"https:\/\/api.w.org\/{rel}","templated":true}]}}