{"id":2257,"date":"2026-01-07T15:10:44","date_gmt":"2026-01-07T07:10:44","guid":{"rendered":"https:\/\/www.haideclean.com\/?post_type=product&#038;p=2257"},"modified":"2026-04-09T15:09:25","modified_gmt":"2026-04-09T07:09:25","slug":"chd5186tslzqe2-road-sweeper-truck","status":"publish","type":"product","link":"https:\/\/www.haideclean.com\/de\/product\/chd5186tslzqe2-road-sweeper-truck\/","title":{"rendered":"CHD5186TSLZQE2 Stra\u00dfenkehrfahrzeug"},"content":{"rendered":"<p>1. Ultra-stabile pneumatische Kupplungsvorrichtung: die Annahme einer hochwertigen pneumatischen Kupplung, die Realisierung eines lastlosen pneumatischen Starts des Motors, die effektiv die Lebensdauer des Motors verl\u00e4ngert.<\/p>\n<p>2.High-Pr\u00e4zision-Kartuschenhydraulikventil: Annahme hochwertiger Spule und Spule, kombiniert mit hochpr\u00e4zisem Ventilblock, hat es kompakte Struktur, leichtes Gewicht, leistungsstarke Funktion, hohe Zuverl\u00e4ssigkeit, einfache Wartung, die Stabilit\u00e4t und Zuverl\u00e4ssigkeit des gesamten Fahrzeughydrauliksystems gew\u00e4hrleistet.<\/p>\n<p>3. Schrittlose Geschwindigkeits\u00e4nderung der elektrischen verstellbaren Kehrb\u00fcrste: Durch den elektrischen verstellbaren Knopf kann die Geschwindigkeit der Kehrb\u00fcrste schrittlos angepasst werden, um sich an verschiedene Stra\u00dfenbedingungen und M\u00fcllverteilung anzupassen, um den besten Betriebseffekt zu gew\u00e4hrleisten.<\/p>\n<p>4. Pr\u00e4zision einst\u00fcckiges Formstahlrohr: Es nimmt europ\u00e4ische und amerikanische Standard-Rohr-End-Formmaschine f\u00fcr einmalige Formung an und montiert speziellen Dichtring, um sicherzustellen, dass die Rohrleitung keine Leckage hat, und der Betrieb sicherer ist.<\/p>\n<p>5.Dual-Vice-Motor-Luftfilterger\u00e4t: Doppel-Element-Luftfilter-\u00d6l-Bad-Luftfilter wird verwendet, um die Qualit\u00e4t des Motoreingangs zu gew\u00e4hrleisten und die Lebensdauer des Motors zu maximieren.<\/p>\n<p>6.Extra gro\u00dfer Entladewinkel: Weil der M\u00fcll des Stra\u00dfenfeigers haupts\u00e4chlich klebriger M\u00fcllzustand ist, ist es schwieriger, ihn direkt zu entfernen, um den Entladewinkel des Fahrzeugs zu maximieren, ist der Wasserbeh\u00e4lter des Fahrzeugs am Boden des M\u00fcllbeh\u00e4lters ausgelegt und der Entladewinkel des M\u00fclls ist so hoch wie 60 Grad oder mehr.<\/p>\n<p>7. Gro\u00dffl\u00e4chiges Filternetz: Um den R\u00fcckgang der Saugkapazit\u00e4t, der durch die Blockade des Luftstroms verursacht wird, zu maximieren, ist das Fahrzeug mit einem gro\u00dffl\u00e4chigen Filternetz aus Edelstahl an der Oberseite des M\u00fcllbeh\u00e4lters ausgestattet, um das gro\u00dfe Volumen, aber kleine Fl\u00e4che von M\u00fcll im Luftstrom zu blockieren und zu filtern, und ein Ablenkschlitz ist auch an der Oberseite der Box eingerichtet, um die Wirkung der Staubenreduktion zu verbessern, den M\u00fcllstapel gleichm\u00e4\u00dfig zu machen und die effektive Kapazit\u00e4t zu verbessern.<\/p>\n<p>8.Rich Doppelpumpe-Hydrauliksystem: das Auto zus\u00e4tzlich zum Sekund\u00e4rmotor mit einer Hydraulikgetriebe-\u00d6lpumpe montiert, f\u00fcr einfache Bedienung, aber auch im Chassis-Extraktor mit einer Hochstrom-Hydraulik\u00f6lpumpe montiert, die Pumpe und die Sekund\u00e4rmotor\u00f6lpumpe, um die parallele Verbindung zu nehmen, so dass der Bediener jede Pumpe starten kann, kann das Fahrzeug abgeschlossen werden&#8217; s hydraulische Wirkung.<\/p>\n<p>9,7-Zoll-Vollfarb-TV-Monitor: um die rechtzeitige Beobachtung der Betriebsbedingungen des Fahrzeugs zu erleichtern, sind die R\u00fcckseite und die rechte Seite des Fahrzeugs mit Beobachtungssonden ausgestattet, die Kamera&#8217; s Betrieb ist \u00e4u\u00dferst bequem zu schalten, um den Bedienern die Qualit\u00e4t des Kehbetriebs und die Heckseite des Fahrzeugs rechtzeitig zur Verf\u00fcgung zu stellen, um dem Bediener die Funktion des Bildes des Fahrzeugs zu bieten.<\/p>\n<p>10. Doppelversicherungssicherheitsrahmen: Um zu verhindern, dass Sie vergessen, die Sicherheit abzulegen und die Landungsbox zu bedienen, was zur Zerst\u00f6rung der Box f\u00fchrt, ist der Rahmen speziell mit einem N\u00e4herungsschalter eingerichtet.<\/p>\n<p>11.High-efficiency vortex pump: effective spray dust is a necessary condition for road sweeping, the car in addition to having the necessary sweeping brush and suction mouth, suction pipe dust, but also for the sandy and dusty areas sweeping for dust pressure of the self-flowing nozzles, this nozzle is only in the dust is more serious when the waterway is open in order to increase the amount of suction mouth suction pipe of the water spray to increase the effect of the dust, in order to avoid the suction pipe sticky blockage.<\/p>\n<p>12.High-efficiency and low-noise suction fan: The specially designed high-efficiency and low-noise suction fan provides strong suction capacity for the vehicle to obtain better operating results, which can realize the common garbage, mud, sand and small stones on the road surface can be suctioned clean at once.<\/p>\n<p>13.Reliable hydraulic oil cooling device: because the vehicle in the hot summer operation, the temperature of the hydraulic oil exceeds 70\u00b0, will make the viscosity of the hydraulic oil reduced, but also may cause damage to the hydraulic seals, so the vehicle is equipped with a hydraulic oil cooling device, through the water flow in the dust reduction tank to the hydraulic oil cooling cooling to ensure that the vehicle in the hot summer work as usual.<\/p>\n<p>14.High-efficiency brush motor: The drive motor of each sweeping brush disk is a high-quality cycloid drive motor with high transmission efficiency and long service life.<\/p>\n<p>15.Automatic obstacle avoidance sweeping and suction: when the sweeping device and suction device meets the obstacle, it can automatically retract to avoid the obstacle, this function effectively solves the suction cup device easy to touch the bad problem.<\/p>\n<p>16.Flexible and independent brush plate: enables the vehicle to selectively use the right front sweep or left front sweep during the work, so that the working mechanism on the side of the fast lane can be selected in the case of left sweep without extending the body of the vehicle not only reduces the width of the occupied road, improves the safety of the operation and the passing vehicles, and reduces the wear and tear of the sweeping brushes, reduces the operating costs.<\/p>\n<p>17.Silenced powerhouse: To minimize the agitated sound generated when the vehicle is in operation, the vehicle has a special silencing material affixed to the powerhouse.<\/p>\n<p>18.Safe lifting hydraulic lock: special hydraulic lock jointly developed with famous manufacturers, which can realize lifting synchronization, smooth descent and self-locking.<\/p>\n<p>19.Convenient high-pressure car washing device: equipped with a high-pressure car washing gun, the gun can not only effectively remove all the oil impurities on the car, but also remove posted advertisements.<\/p>\n<p>20.Durable stainless steel box: the dumpster and water tank are made of stainless steel. Dumpster and water tank are integral structure, water tank is set in the bottom of the dumpster so that the dumpster floor has a 10-degree pre-tilt angle, which is more convenient for dumping clean garbage.<\/p>","protected":false},"excerpt":{"rendered":"<p>Dieses Produkt ist ein Stra\u00dfenfeiger mit Wasserspr\u00fchen, Kehrb\u00fcrste und Saugd\u00fcse als Betriebsleistung des Untermotors. Es nimmt die Struktur von vier Kehrb\u00fcrsten in der Mitte und Saugtasche auf der R\u00fcckseite an, die weit verbreitet in st\u00e4dtischen Stra\u00dfen und anderen Betriebsszenen verwendet werden k\u00f6nnen.<\/p>","protected":false},"featured_media":2905,"template":"","meta":[],"product_brand":[],"product_cat":[15],"product_tag":[],"class_list":{"0":"post-2257","1":"product","2":"type-product","3":"status-publish","4":"has-post-thumbnail","6":"product_cat-road-sweeping","8":"first","9":"instock","10":"shipping-taxable","11":"product-type-simple"},"_links":{"self":[{"href":"https:\/\/www.haideclean.com\/de\/wp-json\/wp\/v2\/product\/2257","targetHints":{"allow":["GET"]}}],"collection":[{"href":"https:\/\/www.haideclean.com\/de\/wp-json\/wp\/v2\/product"}],"about":[{"href":"https:\/\/www.haideclean.com\/de\/wp-json\/wp\/v2\/types\/product"}],"wp:featuredmedia":[{"embeddable":true,"href":"https:\/\/www.haideclean.com\/de\/wp-json\/wp\/v2\/media\/2905"}],"wp:attachment":[{"href":"https:\/\/www.haideclean.com\/de\/wp-json\/wp\/v2\/media?parent=2257"}],"wp:term":[{"taxonomy":"product_brand","embeddable":true,"href":"https:\/\/www.haideclean.com\/de\/wp-json\/wp\/v2\/product_brand?post=2257"},{"taxonomy":"product_cat","embeddable":true,"href":"https:\/\/www.haideclean.com\/de\/wp-json\/wp\/v2\/product_cat?post=2257"},{"taxonomy":"product_tag","embeddable":true,"href":"https:\/\/www.haideclean.com\/de\/wp-json\/wp\/v2\/product_tag?post=2257"}],"curies":[{"name":"wp","href":"https:\/\/api.w.org\/{rel}","templated":true}]}}