{"id":2258,"date":"2026-01-07T15:31:05","date_gmt":"2026-01-07T07:31:05","guid":{"rendered":"https:\/\/www.haideclean.com\/?post_type=product&#038;p=2258"},"modified":"2026-03-19T12:10:44","modified_gmt":"2026-03-19T04:10:44","slug":"chd5181txsdfbev-full-electric-washing-and-sweeping-truck","status":"publish","type":"product","link":"https:\/\/www.haideclean.com\/de\/product\/chd5181txsdfbev-full-electric-washing-and-sweeping-truck\/","title":{"rendered":"CHD5181TXSDFBEV Voll elektrischer Wasch- und Kehrwagen"},"content":{"rendered":"<p>Das Fahrzeug nimmt Multimotor plus All-in-One-Controller-Steuermodus an, im Vergleich zum Einzelmotor-Steuermodus kann der Energieverlust durch mechanisches Getriebe stark reduzieren und gleichzeitig die beste \u00dcbereinstimmung mit dem Energiebedarf reiner Elektrofahrzeuge realisieren, die Betriebszeit des Fahrzeugs maximieren und jede Aktion kann unabh\u00e4ngige Geschwindigkeitssteuerung realisieren.<\/p>\n<p>Das Fahrzeug nimmt mittig montierte Doppelb\u00fcrsten, breite Saugompfang, Sp\u00fclspr\u00fchrahmen befindet sich auf beiden Seiten der breiten Saugompfang, und der Saugompfang ist V-f\u00f6rmig angeordnet, so dass die gesamte Fahrzeugstruktur vern\u00fcnftig angeordnet ist, und es gibt eine Vielzahl von Wahlm\u00f6glichkeiten f\u00fcr den Betriebsmodus.<\/p>\n<p>Das Fahrzeug verwendet CAN-Kommunikation programmierbares Display und mobilen Controller, um das gesamte Fahrzeug zu steuern; s Aktion, und die Anzeige zeigt umfassend das Fahrzeug&#8217; Betriebsbedingungen, Motorzustand und Alarmzustand und andere Informationen. Durch das CAN-Bus-Erkennungsmodul wird die Datenerfassung des gesamten Fahrzeugschaltungssystems realisiert, was eine Fr\u00fchwarnung bei Ausf\u00e4llen der Linie liefern kann, was die Sicherheitsrisiken des Betriebs effektiv reduziert, und alle Fehlinformationen k\u00f6nnen im Display oder \u00fcber die Cloud-Plattform des Fahrzeugnetzes abgefragt werden. Intelligentes elektronisches Steuersystem durch einen Tastenbetrieb, um den Betrieb der Start- und Stopp-Steuerung mit einer Taste zu erreichen, benutzerfreundliche Bediensoberfl\u00e4che und verf\u00fcgt \u00fcber eine Reihe von automatischen Schutzprogrammen, automatische Programmerkennung und automatische Schaltung, die Installation von Sprachalarmen f\u00fcr Sprachaufforderungen, klare Betriebsbedingungen und Fehlerpunkte, bequeme und einfache Bedienung.<\/p>\n<table style=\"border-collapse: collapse; width: 100%;\">\n<tbody>\n<tr>\n<td style=\"width: 28.9625%;\"><img fetchpriority=\"high\" decoding=\"async\" class=\"size-medium wp-image-2908 alignnone\" src=\"https:\/\/www.haideclean.com\/wp-content\/uploads\/2026\/01\/CHD5181TXSDFBEV1-297x300.jpg\" alt=\"\" width=\"297\" height=\"300\" srcset=\"https:\/\/www.haideclean.com\/wp-content\/uploads\/2026\/01\/CHD5181TXSDFBEV1-297x300.jpg 297w, https:\/\/www.haideclean.com\/wp-content\/uploads\/2026\/01\/CHD5181TXSDFBEV1-12x12.jpg 12w, https:\/\/www.haideclean.com\/wp-content\/uploads\/2026\/01\/CHD5181TXSDFBEV1-100x100.jpg 100w, https:\/\/www.haideclean.com\/wp-content\/uploads\/2026\/01\/CHD5181TXSDFBEV1.jpg 483w\" sizes=\"(max-width: 297px) 100vw, 297px\" \/><\/td>\n<td style=\"width: 71.0375%;\"><img decoding=\"async\" class=\"alignnone wp-image-2909\" src=\"https:\/\/www.haideclean.com\/wp-content\/uploads\/2026\/01\/CHD5181TXSDFBEV2-300x205.jpg\" alt=\"\" width=\"449\" height=\"307\" srcset=\"https:\/\/www.haideclean.com\/wp-content\/uploads\/2026\/01\/CHD5181TXSDFBEV2-300x205.jpg 300w, https:\/\/www.haideclean.com\/wp-content\/uploads\/2026\/01\/CHD5181TXSDFBEV2-18x12.jpg 18w, https:\/\/www.haideclean.com\/wp-content\/uploads\/2026\/01\/CHD5181TXSDFBEV2-600x409.jpg 600w, https:\/\/www.haideclean.com\/wp-content\/uploads\/2026\/01\/CHD5181TXSDFBEV2.jpg 724w\" sizes=\"(max-width: 449px) 100vw, 449px\" \/><\/td>\n<\/tr>\n<\/tbody>\n<\/table>\n<p>Abbildung 1 Hydraulikventilgruppe<\/p>\n<table style=\"border-collapse: collapse; width: 100%;\">\n<tbody>\n<tr>\n<td style=\"width: 21.3737%;\"><img decoding=\"async\" class=\"alignnone size-medium wp-image-2910\" src=\"https:\/\/www.haideclean.com\/wp-content\/uploads\/2026\/01\/CHD5181TXSDFBEV3-217x300.jpg\" alt=\"\" width=\"217\" height=\"300\" srcset=\"https:\/\/www.haideclean.com\/wp-content\/uploads\/2026\/01\/CHD5181TXSDFBEV3-217x300.jpg 217w, https:\/\/www.haideclean.com\/wp-content\/uploads\/2026\/01\/CHD5181TXSDFBEV3-9x12.jpg 9w, https:\/\/www.haideclean.com\/wp-content\/uploads\/2026\/01\/CHD5181TXSDFBEV3.jpg 328w\" sizes=\"(max-width: 217px) 100vw, 217px\" \/><\/td>\n<td style=\"width: 78.6263%;\"><img loading=\"lazy\" decoding=\"async\" class=\"alignnone wp-image-2911\" src=\"https:\/\/www.haideclean.com\/wp-content\/uploads\/2026\/01\/CHD5181TXSDFBEV4-300x284.jpg\" alt=\"\" width=\"310\" height=\"293\" srcset=\"https:\/\/www.haideclean.com\/wp-content\/uploads\/2026\/01\/CHD5181TXSDFBEV4-300x284.jpg 300w, https:\/\/www.haideclean.com\/wp-content\/uploads\/2026\/01\/CHD5181TXSDFBEV4-13x12.jpg 13w, https:\/\/www.haideclean.com\/wp-content\/uploads\/2026\/01\/CHD5181TXSDFBEV4.jpg 472w\" sizes=\"(max-width: 310px) 100vw, 310px\" \/><\/td>\n<\/tr>\n<\/tbody>\n<\/table>\n<p><img loading=\"lazy\" decoding=\"async\" class=\"alignnone size-medium wp-image-2914\" src=\"https:\/\/www.haideclean.com\/wp-content\/uploads\/2026\/01\/CHD5181TXSDFBEV7-300x226.jpg\" alt=\"\" width=\"300\" height=\"226\" srcset=\"https:\/\/www.haideclean.com\/wp-content\/uploads\/2026\/01\/CHD5181TXSDFBEV7-300x226.jpg 300w, https:\/\/www.haideclean.com\/wp-content\/uploads\/2026\/01\/CHD5181TXSDFBEV7-16x12.jpg 16w, https:\/\/www.haideclean.com\/wp-content\/uploads\/2026\/01\/CHD5181TXSDFBEV7.jpg 561w\" sizes=\"(max-width: 300px) 100vw, 300px\" \/><\/p>\n<p>Abbildung 2 Luftkreiskomponenten<\/p>\n<p><img loading=\"lazy\" decoding=\"async\" class=\"alignnone size-medium wp-image-2915\" src=\"https:\/\/www.haideclean.com\/wp-content\/uploads\/2026\/01\/CHD5181TXSDFBEV8-300x296.jpg\" alt=\"\" width=\"300\" height=\"296\" srcset=\"https:\/\/www.haideclean.com\/wp-content\/uploads\/2026\/01\/CHD5181TXSDFBEV8-300x296.jpg 300w, https:\/\/www.haideclean.com\/wp-content\/uploads\/2026\/01\/CHD5181TXSDFBEV8-12x12.jpg 12w, https:\/\/www.haideclean.com\/wp-content\/uploads\/2026\/01\/CHD5181TXSDFBEV8-100x100.jpg 100w, https:\/\/www.haideclean.com\/wp-content\/uploads\/2026\/01\/CHD5181TXSDFBEV8.jpg 340w\" sizes=\"(max-width: 300px) 100vw, 300px\" \/><\/p>\n<p>Abbildung 3 Karosserie aus Edelstahl<\/p>\n<p><img loading=\"lazy\" decoding=\"async\" class=\"alignnone size-medium wp-image-2916\" src=\"https:\/\/www.haideclean.com\/wp-content\/uploads\/2026\/01\/CHD5181TXSDFBEV9-300x172.jpg\" alt=\"\" width=\"300\" height=\"172\" srcset=\"https:\/\/www.haideclean.com\/wp-content\/uploads\/2026\/01\/CHD5181TXSDFBEV9-300x172.jpg 300w, https:\/\/www.haideclean.com\/wp-content\/uploads\/2026\/01\/CHD5181TXSDFBEV9-18x10.jpg 18w, https:\/\/www.haideclean.com\/wp-content\/uploads\/2026\/01\/CHD5181TXSDFBEV9-600x344.jpg 600w, https:\/\/www.haideclean.com\/wp-content\/uploads\/2026\/01\/CHD5181TXSDFBEV9.jpg 648w\" sizes=\"(max-width: 300px) 100vw, 300px\" \/><\/p>\n<p>Abbildung 4 Alarm f\u00fcr den Wasserstand des Abwassertanks<\/p>\n<p><img loading=\"lazy\" decoding=\"async\" class=\"alignnone size-medium wp-image-2917\" src=\"https:\/\/www.haideclean.com\/wp-content\/uploads\/2026\/01\/CHD5181TXSDFBEV10-300x161.jpg\" alt=\"\" width=\"300\" height=\"161\" srcset=\"https:\/\/www.haideclean.com\/wp-content\/uploads\/2026\/01\/CHD5181TXSDFBEV10-300x161.jpg 300w, https:\/\/www.haideclean.com\/wp-content\/uploads\/2026\/01\/CHD5181TXSDFBEV10-18x10.jpg 18w, https:\/\/www.haideclean.com\/wp-content\/uploads\/2026\/01\/CHD5181TXSDFBEV10-600x323.jpg 600w, https:\/\/www.haideclean.com\/wp-content\/uploads\/2026\/01\/CHD5181TXSDFBEV10.jpg 649w\" sizes=\"(max-width: 300px) 100vw, 300px\" \/><\/p>\n<p>Abbildung 5 R\u00fcckspr\u00fchrohr<\/p>\n<p><img loading=\"lazy\" decoding=\"async\" class=\"alignnone size-medium wp-image-2918\" src=\"https:\/\/www.haideclean.com\/wp-content\/uploads\/2026\/01\/CHD5181TXSDFBEV11-300x286.jpg\" alt=\"\" width=\"300\" height=\"286\" srcset=\"https:\/\/www.haideclean.com\/wp-content\/uploads\/2026\/01\/CHD5181TXSDFBEV11-300x286.jpg 300w, https:\/\/www.haideclean.com\/wp-content\/uploads\/2026\/01\/CHD5181TXSDFBEV11-13x12.jpg 13w, https:\/\/www.haideclean.com\/wp-content\/uploads\/2026\/01\/CHD5181TXSDFBEV11.jpg 519w\" sizes=\"(max-width: 300px) 100vw, 300px\" \/><\/p>\n<p>Abbildung 6 Automatische Hindernis- und Kollisionsvermeidungsb\u00fcrstenscheibe<\/p>","protected":false},"excerpt":{"rendered":"<p>CHD5181TXSDFBEV ist eine neue Generation vollelektrischer Kehrmaschine f\u00fcr den Stra\u00dfenbetrieb, die von Yantai Haide Special Vehicle Co., Ltd. mit einem Radstand von 5,3 Metern vollelektrischem Chassis EQ1180DACEV modifiziert wird, das von Dongfeng Motor Co. hergestellt wird.<\/p>","protected":false},"featured_media":2905,"template":"","meta":[],"product_brand":[],"product_cat":[15],"product_tag":[],"class_list":{"0":"post-2258","1":"product","2":"type-product","3":"status-publish","4":"has-post-thumbnail","6":"product_cat-road-sweeping","8":"first","9":"instock","10":"shipping-taxable","11":"product-type-simple"},"_links":{"self":[{"href":"https:\/\/www.haideclean.com\/de\/wp-json\/wp\/v2\/product\/2258","targetHints":{"allow":["GET"]}}],"collection":[{"href":"https:\/\/www.haideclean.com\/de\/wp-json\/wp\/v2\/product"}],"about":[{"href":"https:\/\/www.haideclean.com\/de\/wp-json\/wp\/v2\/types\/product"}],"wp:featuredmedia":[{"embeddable":true,"href":"https:\/\/www.haideclean.com\/de\/wp-json\/wp\/v2\/media\/2905"}],"wp:attachment":[{"href":"https:\/\/www.haideclean.com\/de\/wp-json\/wp\/v2\/media?parent=2258"}],"wp:term":[{"taxonomy":"product_brand","embeddable":true,"href":"https:\/\/www.haideclean.com\/de\/wp-json\/wp\/v2\/product_brand?post=2258"},{"taxonomy":"product_cat","embeddable":true,"href":"https:\/\/www.haideclean.com\/de\/wp-json\/wp\/v2\/product_cat?post=2258"},{"taxonomy":"product_tag","embeddable":true,"href":"https:\/\/www.haideclean.com\/de\/wp-json\/wp\/v2\/product_tag?post=2258"}],"curies":[{"name":"wp","href":"https:\/\/api.w.org\/{rel}","templated":true}]}}