{"id":2264,"date":"2026-01-07T15:17:36","date_gmt":"2026-01-07T07:17:36","guid":{"rendered":"https:\/\/www.haideclean.com\/?post_type=product&#038;p=2264"},"modified":"2026-04-09T15:06:32","modified_gmt":"2026-04-09T07:06:32","slug":"chd5186txcdfe6-vacuum-sweeper-truck","status":"publish","type":"product","link":"https:\/\/www.haideclean.com\/de\/product\/chd5186txcdfe6-vacuum-sweeper-truck\/","title":{"rendered":"CHD5186TXCDFE6 Vakuum-Saug- und Kehrfahrzeug"},"content":{"rendered":"<p><img fetchpriority=\"high\" decoding=\"async\" class=\"alignnone size-medium wp-image-2893\" src=\"https:\/\/www.haideclean.com\/wp-content\/uploads\/2026\/01\/CHD5186TXCDFE64-300x199.jpg\" alt=\"\" width=\"300\" height=\"199\" data-wp-editing=\"1\" srcset=\"https:\/\/www.haideclean.com\/wp-content\/uploads\/2026\/01\/CHD5186TXCDFE64-300x199.jpg 300w, https:\/\/www.haideclean.com\/wp-content\/uploads\/2026\/01\/CHD5186TXCDFE64-18x12.jpg 18w, https:\/\/www.haideclean.com\/wp-content\/uploads\/2026\/01\/CHD5186TXCDFE64-600x398.jpg 600w, https:\/\/www.haideclean.com\/wp-content\/uploads\/2026\/01\/CHD5186TXCDFE64.jpg 665w\" sizes=\"(max-width: 300px) 100vw, 300px\" \/><\/p>\n<p>1.Full Luftvolumenfiltration pneumatisches F\u00f6rdersystem: vollst\u00e4ndig wasserlosen Betrieb zu realisieren.<\/p>\n<p><img decoding=\"async\" class=\"alignnone size-medium wp-image-2890\" src=\"https:\/\/www.haideclean.com\/wp-content\/uploads\/2026\/01\/CHD5186TXCDFE61-300x163.jpg\" alt=\"\" width=\"300\" height=\"163\" srcset=\"https:\/\/www.haideclean.com\/wp-content\/uploads\/2026\/01\/CHD5186TXCDFE61-300x163.jpg 300w, https:\/\/www.haideclean.com\/wp-content\/uploads\/2026\/01\/CHD5186TXCDFE61-18x10.jpg 18w, https:\/\/www.haideclean.com\/wp-content\/uploads\/2026\/01\/CHD5186TXCDFE61-600x325.jpg 600w, https:\/\/www.haideclean.com\/wp-content\/uploads\/2026\/01\/CHD5186TXCDFE61.jpg 707w\" sizes=\"(max-width: 300px) 100vw, 300px\" \/><\/p>\n<p>2. Spr\u00fchen Entladen Staub Reduzierungssystem: Verwirklichung Spr\u00fchen Staub Reduzierung beim Dumpen M\u00fcll.<\/p>\n<p><img decoding=\"async\" class=\"alignnone size-medium wp-image-2891\" src=\"https:\/\/www.haideclean.com\/wp-content\/uploads\/2026\/01\/CHD5186TXCDFE62-300x171.jpg\" alt=\"\" width=\"300\" height=\"171\" srcset=\"https:\/\/www.haideclean.com\/wp-content\/uploads\/2026\/01\/CHD5186TXCDFE62-300x171.jpg 300w, https:\/\/www.haideclean.com\/wp-content\/uploads\/2026\/01\/CHD5186TXCDFE62-18x10.jpg 18w, https:\/\/www.haideclean.com\/wp-content\/uploads\/2026\/01\/CHD5186TXCDFE62-600x343.jpg 600w, https:\/\/www.haideclean.com\/wp-content\/uploads\/2026\/01\/CHD5186TXCDFE62.jpg 707w\" sizes=\"(max-width: 300px) 100vw, 300px\" \/><\/p>\n<p>3.Elektrisch verstellbare B\u00fcrsteneinheit mit variabler Geschwindigkeit: Die variable Geschwindigkeit der B\u00fcrsteneinheit kann unter allen Arbeitsbedingungen realisiert werden, um die Reinigungseffizienz zu verbessern.<\/p>\n<p><img loading=\"lazy\" decoding=\"async\" class=\"alignnone size-medium wp-image-2892\" src=\"https:\/\/www.haideclean.com\/wp-content\/uploads\/2026\/01\/CHD5186TXCDFE63-300x205.jpg\" alt=\"\" width=\"300\" height=\"205\" srcset=\"https:\/\/www.haideclean.com\/wp-content\/uploads\/2026\/01\/CHD5186TXCDFE63-300x205.jpg 300w, https:\/\/www.haideclean.com\/wp-content\/uploads\/2026\/01\/CHD5186TXCDFE63-18x12.jpg 18w, https:\/\/www.haideclean.com\/wp-content\/uploads\/2026\/01\/CHD5186TXCDFE63-600x410.jpg 600w, https:\/\/www.haideclean.com\/wp-content\/uploads\/2026\/01\/CHD5186TXCDFE63.jpg 663w\" sizes=\"(max-width: 300px) 100vw, 300px\" \/><\/p>\n<p>4.Dual Hilfsmotor Luftfilterger\u00e4t: Doppelelement Luftfilter \u00d6lbad Luftfilter wird verwendet, um die Qualit\u00e4t des Motoreingangs zu gew\u00e4hrleisten und die Lebensdauer des Motors zu maximieren.<\/p>\n<p>5.Multi Hilfsmotor Maschinenschutz: mit niedrigem \u00d6lstand, niedriger Temperatur, niedrigem Wasserstand Alarmsystem, \u00fcberpr\u00fcfen Sie immer den Status des Untermotors.<br \/>\n6.Open Hochgeschwindigkeitsb\u00fcrste Saughafen: einfache Wartung, hohe Saugeeffizienz, Hochgeschwindigkeitsb\u00fcrste, um effiziente Reinigung von M\u00fcll zu erreichen, ohne zu fehlen.<\/p>\n<p>&nbsp;<\/p>","protected":false},"excerpt":{"rendered":"<p>Der Staubsauger ist eine neue Generation von Betriebsfahrzeugen, die von Yantai Haide Special Vehicle Co., Ltd. gem\u00e4\u00df der tats\u00e4chlichen Situation in China und in Kombination mit dem Unternehmen entwickelt wurden. s jahrelange Forschungs- und Entwicklungserfahrung im Bereich Stra\u00dfenfeiger und Staubsauger. Dieses Fahrzeug hat die traditionelle Art und Weise des Kehens mit einer Kehrplatte durch herk\u00f6mmliche Stra\u00dfenfeiger ge\u00e4ndert, und alle nehmen Negativdrucksaugung ohne R\u00fcckblasstruktur an, um eine volle Staubfiltration und keinen Sekund\u00e4rstaub zu erreichen. Das Fahrzeug eignet sich f\u00fcr die Reinigung st\u00e4dtischer Stra\u00dfen, Viadukte, Pl\u00e4tze, Flugh\u00e4fen, Docks, Fabriken, Kohlebergwerke und anderer Orte.<\/p>","protected":false},"featured_media":2265,"template":"","meta":[],"product_brand":[],"product_cat":[15],"product_tag":[],"class_list":{"0":"post-2264","1":"product","2":"type-product","3":"status-publish","4":"has-post-thumbnail","6":"product_cat-road-sweeping","8":"first","9":"instock","10":"shipping-taxable","11":"product-type-simple"},"_links":{"self":[{"href":"https:\/\/www.haideclean.com\/de\/wp-json\/wp\/v2\/product\/2264","targetHints":{"allow":["GET"]}}],"collection":[{"href":"https:\/\/www.haideclean.com\/de\/wp-json\/wp\/v2\/product"}],"about":[{"href":"https:\/\/www.haideclean.com\/de\/wp-json\/wp\/v2\/types\/product"}],"wp:featuredmedia":[{"embeddable":true,"href":"https:\/\/www.haideclean.com\/de\/wp-json\/wp\/v2\/media\/2265"}],"wp:attachment":[{"href":"https:\/\/www.haideclean.com\/de\/wp-json\/wp\/v2\/media?parent=2264"}],"wp:term":[{"taxonomy":"product_brand","embeddable":true,"href":"https:\/\/www.haideclean.com\/de\/wp-json\/wp\/v2\/product_brand?post=2264"},{"taxonomy":"product_cat","embeddable":true,"href":"https:\/\/www.haideclean.com\/de\/wp-json\/wp\/v2\/product_cat?post=2264"},{"taxonomy":"product_tag","embeddable":true,"href":"https:\/\/www.haideclean.com\/de\/wp-json\/wp\/v2\/product_tag?post=2264"}],"curies":[{"name":"wp","href":"https:\/\/api.w.org\/{rel}","templated":true}]}}