{"id":2279,"date":"2026-01-07T15:38:13","date_gmt":"2026-01-07T07:38:13","guid":{"rendered":"https:\/\/www.haideclean.com\/?post_type=product&#038;p=2279"},"modified":"2026-03-18T11:31:22","modified_gmt":"2026-03-18T03:31:22","slug":"chd5073tqxqle6-dustbin-cleaning-truck","status":"publish","type":"product","link":"https:\/\/www.haideclean.com\/de\/product\/chd5073tqxqle6-dustbin-cleaning-truck\/","title":{"rendered":"M\u00fclltonnenreinigungsfahrzeug Modell CHD5073TQXQLE6"},"content":{"rendered":"<p>Der CHD5073TQXQLE6 M\u00fcllbeh\u00e4lter Reinigung Lkw ist ein neues hinter-Ladung, vollst\u00e4ndig geschlossen Modell von Yantai Haide Special Vehicle Co., Ltd. modifiziert auf der Grundlage der Euro VI-Fahrwerk von Qingling Motor Co., Ltd. entwickelt, um verschiedene Benutzeranforderungen zu erf\u00fcllen, ist dieses Fahrzeug weit verbreitet f\u00fcr die Reinigung von M\u00fcllbeh\u00e4ltern auf st\u00e4dtischen und l\u00e4ndlichen Stra\u00dfen. In der Lage, 120L, 240L, 660L und 1100L M\u00fcllbeh\u00e4lter zu reinigen, integriert es M\u00fcllbeh\u00e4lterwasche- und Stra\u00dfenwartungsfunktionen, um die L\u00fccke im inl\u00e4ndischen Markt f\u00fcr kompakte M\u00fcllbeh\u00e4lterwasche zu f\u00fcllen.<\/p>\n<p>Das Au\u00dfenbereich dieses Fahrzeugs wurde von einem italienischen Unternehmen entworfen und verf\u00fcgt \u00fcber eine unverwechselbare Form und eine starke technologische \u00c4sthetik. Der Reinigungsraum umfasst zwei aus Italien importierte Hochdruck-Drehd\u00fcsen, die sich um 360 Grad drehen, um das Innere des M\u00fcllbeh\u00e4lters gr\u00fcndlich zu reinigen. Die Au\u00dfenseite des M\u00fcllbeh\u00e4lters wird durch um den Umfang des Reinigungsraums angeordnete Wasserspr\u00fchstangen gereinigt, die eine geschlossene Reinigung von oben nach unten und links nach rechts durchf\u00fchren und eine umfassende Reinigung aller Oberfl\u00e4chen sowohl innerhalb als auch au\u00dferhalb des M\u00fcllbeh\u00e4lters gew\u00e4hrleisten.<\/p>","protected":false},"excerpt":{"rendered":"<p>Der CHD5073TQXQLE6 M\u00fcllbeh\u00e4lter Reinigung Lkw ist ein neues hinter-Ladung, vollst\u00e4ndig geschlossen Modell von Yantai Haide Special Vehicle Co., Ltd. modifiziert auf der Grundlage der Euro VI-Fahrwerk von Qingling Motor Co., Ltd. entwickelt, um verschiedene Benutzeranforderungen zu erf\u00fcllen, ist dieses Fahrzeug weit verbreitet f\u00fcr die Reinigung von M\u00fcllbeh\u00e4ltern auf st\u00e4dtischen und l\u00e4ndlichen Stra\u00dfen. In der Lage, 120L, 240L, 660L und 1100L M\u00fcllbeh\u00e4lter zu reinigen, integriert es M\u00fcllbeh\u00e4lterwasche- und Stra\u00dfenwartungsfunktionen, um die L\u00fccke im inl\u00e4ndischen Markt f\u00fcr kompakte M\u00fcllbeh\u00e4lterwasche zu f\u00fcllen.<\/p>","protected":false},"featured_media":2296,"template":"","meta":[],"product_brand":[],"product_cat":[27],"product_tag":[],"class_list":{"0":"post-2279","1":"product","2":"type-product","3":"status-publish","4":"has-post-thumbnail","6":"product_cat-cleaning-vehicles","8":"first","9":"instock","10":"shipping-taxable","11":"product-type-simple"},"_links":{"self":[{"href":"https:\/\/www.haideclean.com\/de\/wp-json\/wp\/v2\/product\/2279","targetHints":{"allow":["GET"]}}],"collection":[{"href":"https:\/\/www.haideclean.com\/de\/wp-json\/wp\/v2\/product"}],"about":[{"href":"https:\/\/www.haideclean.com\/de\/wp-json\/wp\/v2\/types\/product"}],"wp:featuredmedia":[{"embeddable":true,"href":"https:\/\/www.haideclean.com\/de\/wp-json\/wp\/v2\/media\/2296"}],"wp:attachment":[{"href":"https:\/\/www.haideclean.com\/de\/wp-json\/wp\/v2\/media?parent=2279"}],"wp:term":[{"taxonomy":"product_brand","embeddable":true,"href":"https:\/\/www.haideclean.com\/de\/wp-json\/wp\/v2\/product_brand?post=2279"},{"taxonomy":"product_cat","embeddable":true,"href":"https:\/\/www.haideclean.com\/de\/wp-json\/wp\/v2\/product_cat?post=2279"},{"taxonomy":"product_tag","embeddable":true,"href":"https:\/\/www.haideclean.com\/de\/wp-json\/wp\/v2\/product_tag?post=2279"}],"curies":[{"name":"wp","href":"https:\/\/api.w.org\/{rel}","templated":true}]}}