{"id":2301,"date":"2026-01-07T15:42:44","date_gmt":"2026-01-07T07:42:44","guid":{"rendered":"https:\/\/www.haideclean.com\/?post_type=product&#038;p=2301"},"modified":"2026-03-18T11:47:21","modified_gmt":"2026-03-18T03:47:21","slug":"chd5186zysdfe6e-garbage-compactor-truck","status":"publish","type":"product","link":"https:\/\/www.haideclean.com\/de\/product\/chd5186zysdfe6e-garbage-compactor-truck\/","title":{"rendered":"CHD5186ZYSDFE6E M\u00fcllverdichter Lkw"},"content":{"rendered":"<p>Der M\u00fcllverdichter Lkw hat sch\u00f6nes Aussehen, komfortables Fahren, bequemen Betrieb, Flexibilit\u00e4t, hohe Zuverl\u00e4ssigkeit und niedrige Betriebskosten und kann weit verbreitet bei der geschlossenen \u00dcbertragung von festen kommunalen Abf\u00e4llen verwendet werden.<\/p>\n<p>Die maximale Ber\u00fccksichtigung der Kundenumgebung, benutzerfreundliches Design Highlights, mit Nachtbeleuchtung, mit doppeltem Abwassertank, mit Abwasserrohr, Fernbedienung, Betriebs- und Wartungsanleitung und Video komplett.<\/p>\n<p>Das mit dem gesamten Fahrzeug ausgestattete Elektrosystem kann die automatische Steuerung der Motorleistung realisieren, sicherstellen, dass der Beschleunigungs- oder Leerlaufzustand unter den Arbeitsbedingungen oder anderen Arbeitsbedingungen automatisch ausgew\u00e4hlt werden kann, den Leistungsverlust und die Ausfallrate reduzieren, den Kraftstoffverbrauch reduzieren, stabiler und energiesparender.<\/p>\n<p><strong>Abwasserbehandlung<\/strong><\/p>\n<p>Laut Marktforschung im Laufe der Jahre wird eine gro\u00dfe Menge an Abwasser auftreten, wenn komprimierte M\u00fcllwagen Hausm\u00fcll f\u00fcllen, und die Verschmutzung, die durch sein Tropfen verursacht wird, ist einer der wichtigsten M\u00e4ngel der aktuellen M\u00fcllverdichter. Als Antwort auf die oben genannten Probleme hat Yantai Haide Special Vehicle Co., Ltd. eine Vielzahl von Einstellungen f\u00fcr Abwassersammlungsmethoden entwickelt, um zu verhindern, dass der Kompressor Abwasser w\u00e4hrend der Verdichtung von M\u00fcll und Transfer leckt. Der Abwasserbeh\u00e4lter mit gro\u00dfer Kapazit\u00e4t ist entsprechend der Chassisstruktur konfiguriert, und die Abwassersammlungsvorrichtung in Kombination mit dem Umleitungstyp kann das Abwasserleck zwischen dem F\u00fcllstoff und dem M\u00fcllbeh\u00e4lter aufgrund des Ausfalls des Dichtungsgummistreifens an den speziellen Abwassersammlungsbeh\u00e4lter abl\u00f6sen, wodurch die durch Abwasserleckage verursachte Sekund\u00e4rverschmutzung effektiv verhindert wird.<\/p>\n<p>1. Die Struktur des Gelenkteils des F\u00fcllstoffs und der Box ist vern\u00fcnftig, und die hydraulische Verriegelungsvolldichtungstechnologie und das leistungsstarke Dichtungsgummiband werden verwendet, um die Dichtung zwischen dem F\u00fcllstoff und dem K\u00f6rper zu gew\u00e4hrleisten und sicherzustellen, dass das Fahrzeug keine Abwasserleckage hat, wenn der M\u00fcll gef\u00fcllt und \u00fcbertragen wird.<\/p>\n<p>2. Der Boden des F\u00fcllstoffs ist mit einem Abwassertank ausgestattet, kombiniert mit der Abwassersammlungsvorrichtung des Umlenktyps, kann das Abwasserleck zwischen dem F\u00fcllstoff und dem M\u00fcllbeh\u00e4lter aufgrund des Ausfalls des Dichtungsgummistreifens in die spezielle Abwassersammlungsbox umgeleitet werden, um die sekund\u00e4re Verschmutzung durch Abwasserleckage zu verhindern.<\/p>\n<p><img fetchpriority=\"high\" decoding=\"async\" class=\"alignnone wp-image-2309 size-full\" src=\"https:\/\/www.haideclean.com\/wp-content\/uploads\/2026\/01\/CHD5186ZYSDFE6E-Garbage-Compactor-Truck.jpg\" alt=\"\" width=\"800\" height=\"600\" srcset=\"https:\/\/www.haideclean.com\/wp-content\/uploads\/2026\/01\/CHD5186ZYSDFE6E-Garbage-Compactor-Truck.jpg 800w, https:\/\/www.haideclean.com\/wp-content\/uploads\/2026\/01\/CHD5186ZYSDFE6E-Garbage-Compactor-Truck-300x225.jpg 300w, https:\/\/www.haideclean.com\/wp-content\/uploads\/2026\/01\/CHD5186ZYSDFE6E-Garbage-Compactor-Truck-768x576.jpg 768w, https:\/\/www.haideclean.com\/wp-content\/uploads\/2026\/01\/CHD5186ZYSDFE6E-Garbage-Compactor-Truck-600x450.jpg 600w\" sizes=\"(max-width: 800px) 100vw, 800px\" \/><\/p>\n<p><strong>M\u00fcllbeh\u00e4lter<\/strong><\/p>\n<p>Das Erscheinungsbild des K\u00f6rpers ist Bogenstrom lineare Form, und der gesamte Saum der Bodenplatte ist nicht verschwei\u00dft, was die Gefahr einer Leckage verhindert. Einfach und sch\u00f6n, starke Verformungsbest\u00e4ndigkeit, gute strukturelle Zuverl\u00e4ssigkeit, w\u00e4hrend effektiv das tats\u00e4chliche F\u00fcllvolumen zu erh\u00f6hen, mehr als \u00e4hnliche Produkte, das Material verwendet hochfeste Manganstahlplatte, nicht leicht zu verformen, Verschlei\u00dfbest\u00e4ndigkeit, Korrosionsbest\u00e4ndigkeit.<\/p>\n<p>Verschlei\u00dffestes Nylon-Material wird verwendet, um den Gleitwiderstand und den Verschlei\u00df des Bewegungspares zu reduzieren und auch den Bewegungsrauschen in der Arbeit zu reduzieren.<\/p>\n<p><strong>Pusher-Ger\u00e4t<\/strong><\/p>\n<p>Die Schubplatte befindet sich im M\u00fcllbeh\u00e4lter und kann seitlich entlang der F\u00fchrungsschiene umgedreht werden, die drei Funktionen hat: 1. Beim Dumpen von M\u00fcll wird der M\u00fcll aus dem M\u00fclleimer entladen;  2. Schlie\u00dfen Sie das vordere Ende des M\u00fclleimers; 3, der M\u00fcll in den M\u00fcll kann Widerstand erzeugen, so dass der M\u00fcll verdichtet. Damit die Fahrzeugm\u00fcllbeseitigungsarbeit abgeschlossen werden kann.<\/p>\n<p>Als Hauptlagerpunkt der Abfallkompressionsvorrichtung muss die bewegliche F\u00fchrungsschiene der Schubplatte eine \u00e4u\u00dferst hohe Baufestigkeit aufweisen. Der von Haide hergestellte M\u00fcllverdichter-Lkw nimmt die importierte Technologie von hochfesten U-f\u00f6rmigen integralen Formger\u00e4ten an, die als bewegliche F\u00fchrungsschiene der M\u00fcllschiebeplatte mit starker Kompressionsf\u00e4higkeit und guter Verformungsbest\u00e4ndigkeit verwendet werden. Der Gleitblock besteht aus Legierungsmaterial mit hoher Verschlei\u00dfbest\u00e4ndigkeit und langer Lebensdauer.<\/p>\n<p><strong>F\u00fcller<\/strong><\/p>\n<p>Der F\u00fcllstoff befindet sich auf der R\u00fcckseite des M\u00fcllbeh\u00e4lters und die Form des F\u00fcllstoffs entspricht dem gro\u00dfen Bogen des M\u00fcllbeh\u00e4lters, wodurch die Gesamtform des Fahrzeugs optimiert und sch\u00f6n ist.<\/p>\n<p>Der F\u00fcllstoff besteht aus einem Trichter, einem Schaber, einem Skateboard, einem Zufuhrmechanismus, einer Abdeckungs\u00f6ffnungsvorrichtung und anderen Komponenten, die verwendet werden, um das Zerkleinern, Verdichten und Pressen des dichten M\u00fclls in den M\u00fcllkasten abzuschlie\u00dfen. Es ist der wichtigste Teil des Kompressionsm\u00fcllwagens in der Kompressionsm\u00fcllarbeit.<\/p>\n<p>Um die ausgezeichnete Produktion des F\u00fcllstoffs zu gew\u00e4hrleisten, verwendet der von Yantai Haide Special Automobile Co., Ltd. hergestellte F\u00fcllstoff Positionierungswerkzeuge, um die Verarbeitungsgenauigkeit zu gew\u00e4hrleisten.<\/p>\n<p><img decoding=\"async\" class=\"alignnone wp-image-2310 size-full\" src=\"https:\/\/www.haideclean.com\/wp-content\/uploads\/2026\/01\/CHD5186ZYSDFE6E-Garbage-Compactor-Truck2.jpg\" alt=\"\" width=\"800\" height=\"600\" srcset=\"https:\/\/www.haideclean.com\/wp-content\/uploads\/2026\/01\/CHD5186ZYSDFE6E-Garbage-Compactor-Truck2.jpg 800w, https:\/\/www.haideclean.com\/wp-content\/uploads\/2026\/01\/CHD5186ZYSDFE6E-Garbage-Compactor-Truck2-300x225.jpg 300w, https:\/\/www.haideclean.com\/wp-content\/uploads\/2026\/01\/CHD5186ZYSDFE6E-Garbage-Compactor-Truck2-768x576.jpg 768w, https:\/\/www.haideclean.com\/wp-content\/uploads\/2026\/01\/CHD5186ZYSDFE6E-Garbage-Compactor-Truck2-600x450.jpg 600w\" sizes=\"(max-width: 800px) 100vw, 800px\" \/><\/p>\n<p>Verpackungsvorrichtung, die auf Werkzeugen verarbeitet wird<\/p>\n<p>Die Verbindung zwischen dem M\u00fcllbeh\u00e4lter und dem F\u00fcllstoff nimmt zwei Silikon-Dichtstreifen des Stundentyps und die automatische Anti-Verriegelungshakeneinrichtung an. Die Dichtstreifen sind aus Silikonmaterial gefertigt, das eine l\u00e4ngere Lebensdauer, langlebiger und bessere Dichtleistung als herk\u00f6mmlicher Schaumgummi hat.<\/p>\n<p><img decoding=\"async\" class=\"alignnone wp-image-2311 size-full\" src=\"https:\/\/www.haideclean.com\/wp-content\/uploads\/2026\/01\/CHD5186ZYSDFE6E-Garbage-Compactor-Truck3.jpg\" alt=\"\" width=\"800\" height=\"600\" srcset=\"https:\/\/www.haideclean.com\/wp-content\/uploads\/2026\/01\/CHD5186ZYSDFE6E-Garbage-Compactor-Truck3.jpg 800w, https:\/\/www.haideclean.com\/wp-content\/uploads\/2026\/01\/CHD5186ZYSDFE6E-Garbage-Compactor-Truck3-300x225.jpg 300w, https:\/\/www.haideclean.com\/wp-content\/uploads\/2026\/01\/CHD5186ZYSDFE6E-Garbage-Compactor-Truck3-768x576.jpg 768w, https:\/\/www.haideclean.com\/wp-content\/uploads\/2026\/01\/CHD5186ZYSDFE6E-Garbage-Compactor-Truck3-600x450.jpg 600w\" sizes=\"(max-width: 800px) 100vw, 800px\" \/><\/p>\n<p>Zwei Barriere Typ Silikon Dichtung<\/p>\n<p>Dar\u00fcber hinaus nimmt der Gelenkteil des F\u00fcllstoffs und der Box verstellbare Hydraulikschloss Volldichtungstechnologie an, die eine gute Dichtleistung hat. Es ist mit einer Reihe von Sicherheitsschutzma\u00dfnahmen wie Verriegelungsschalter ausgestattet, um zu verhindern, dass der F\u00fcllstoff f\u00e4llt, Sicherheitsst\u00fctzstange und Selbstsperrfunktion des F\u00fcllstoffhebezylinders, um die Sicherheit des Bedieners zu gew\u00e4hrleisten und die Sicherheit des Betriebs erheblich zu verbessern.<\/p>\n<p><strong>Elektrische Steuerung und Hydraulikanlage<\/strong><\/p>\n<p>Betriebsautomatisierung: Intelligentes Steuersystem nimmt importierte CAN-Buskonstruktion und modulare Struktur an. Durch die Kombination aus N\u00e4herungsschalter und \u00d6ldruckinduktion ist das Kompressionsprogramm effizient, stabil und einfach zu warten. Es verf\u00fcgt \u00fcber drei S\u00e4tze manueller, automatischer und halbautomatischer Steuermodi, die innerhalb der Kabine, der Vorderseite der Box und der R\u00fcckseite der Box betrieben werden k\u00f6nnen. Es ist mit Fernbedienung ausgestattet, die in verschiedenen Arbeitsumgebungen verwendet werden kann.<\/p>\n<p>Doppelversicherungssystem: Das Betriebssystem hat doppelte Funktionen der Computersteuerung und der manuellen Bedienung, die die Auslastungsrate des Fahrzeugs erheblich sch\u00fctzt und verbessert. Das Druckregelventil \u00e4ndert die Position, um zu verhindern, dass Kunden den Druck ohne Erlaubnis einstellen, und der Kraftentzug ist mit Warnw\u00f6rtern ausgestattet, um Kunden daran zu erinnern, den Kraftentzug zu wechseln und zu verhindern, dass der Kraftentzug besch\u00e4digt wird. Der Schwanz kann optional mit einem Drehmechanismus mit M\u00fcllbeh\u00e4lter (oder Eimer) ausgestattet sein.<\/p>\n<p>Die \u00d6lpumpe nimmt die inl\u00e4ndische bekannte Marken\u00f6lpumpe an und installiert das Verdichtungsventil, um die Kompressionsdichte zu erh\u00f6hen und die Ladekapazit\u00e4t zu verbessern. Die Ladekapazit\u00e4t entspricht dem zweieinhalbfachen der gleichen Tonnage unkomprimierter Abf\u00e4lle. Mit der neuesten externen Zylinderstruktur und bidirektionaler Kompressionstechnologie, durch inl\u00e4ndische und ausl\u00e4ndische erstklassige Markenzubeh\u00f6r, erreichte das Kompressionsverh\u00e4ltnis 1: 6, ein einziger Zyklus \u226420 Sekunden, um M\u00fcllsammlung zu erreichen, verdoppelte sich die Effizienz.<\/p>\n<p>Der \u00d6ltank wird erh\u00f6ht, das Volumen wird erh\u00f6ht, um die hohe Temperatur von Hydraulik\u00f6l zu verhindern, muss das gesamte Hydraulik\u00f6l durch den Hydraulik\u00f6lfilter zum \u00d6ltank hinzugef\u00fcgt werden, der Hochdruckleitungsfilter kann auf dem Druckrohr verschiedener Druckniveaus installiert werden, um die Verunreinigungen, die durch den Verschlei\u00df verursacht werden, die durch die \u00e4u\u00dferen Elemente in das Innere verursacht werden, oder festgehalten werden, und die chemische Wirkung des inneren Mediums selbst zu entfernen oder zu blockieren, etc. Die Genauigkeit der \u00d6lfiltration betr\u00e4gt 0,01 Mikron mit Hochdruckfilter. Reduzieren Sie die Ausfallrate, verhindern Sie effektiv Teilesch\u00e4den;<\/p>\n<p><strong>Zersetzungsdiagramm<\/strong><\/p>\n<table style=\"border-collapse: collapse; width: 100%; height: 360px;\">\n<tbody>\n<tr style=\"height: 120px;\">\n<td style=\"width: 50%; height: 120px;\"><img loading=\"lazy\" decoding=\"async\" class=\"alignnone wp-image-2312 size-full\" src=\"https:\/\/www.haideclean.com\/wp-content\/uploads\/2026\/01\/CHD5186ZYSDFE6E-Garbage-Compactor-Truck4.jpg\" alt=\"\" width=\"800\" height=\"600\" srcset=\"https:\/\/www.haideclean.com\/wp-content\/uploads\/2026\/01\/CHD5186ZYSDFE6E-Garbage-Compactor-Truck4.jpg 800w, https:\/\/www.haideclean.com\/wp-content\/uploads\/2026\/01\/CHD5186ZYSDFE6E-Garbage-Compactor-Truck4-300x225.jpg 300w, https:\/\/www.haideclean.com\/wp-content\/uploads\/2026\/01\/CHD5186ZYSDFE6E-Garbage-Compactor-Truck4-768x576.jpg 768w, https:\/\/www.haideclean.com\/wp-content\/uploads\/2026\/01\/CHD5186ZYSDFE6E-Garbage-Compactor-Truck4-600x450.jpg 600w\" sizes=\"(max-width: 800px) 100vw, 800px\" \/><\/td>\n<td style=\"width: 50%; height: 120px;\">M\u00fcllverdichter Lkw, die Box ist mit einer gebogenen Box ausgestattet, und die Bodenplatte ist nahtlos verschwei\u00dft, um das Risiko einer Leckage zu beseitigen. Einfach und sch\u00f6n, starke Verformungsbest\u00e4ndigkeit, gute strukturelle Zuverl\u00e4ssigkeit, w\u00e4hrend effektiv das tats\u00e4chliche F\u00fcllvolumen zu erh\u00f6hen, mehr als \u00e4hnliche Produkte, Material mit hoher Festigkeit Witterungsplatte, nicht einfach zu verformen, Verschlei\u00dfbest\u00e4ndigkeit; Starke Korrosionsbest\u00e4ndigkeit.<\/td>\n<\/tr>\n<tr style=\"height: 48px;\">\n<td style=\"width: 50%; height: 48px;\">Die Hauptstruktur des Schwanzf\u00fcllers ist in einen F\u00fclleimer, einen Lademechanismus, einen Schwingarm-Mechanismus und einen Au\u00dfendeckel unterteilt.<\/td>\n<td style=\"width: 50%; height: 48px;\"><img loading=\"lazy\" decoding=\"async\" class=\"alignnone wp-image-2313 size-full\" src=\"https:\/\/www.haideclean.com\/wp-content\/uploads\/2026\/01\/CHD5186ZYSDFE6E-Garbage-Compactor-Truck5.jpg\" alt=\"\" width=\"800\" height=\"800\" srcset=\"https:\/\/www.haideclean.com\/wp-content\/uploads\/2026\/01\/CHD5186ZYSDFE6E-Garbage-Compactor-Truck5.jpg 800w, https:\/\/www.haideclean.com\/wp-content\/uploads\/2026\/01\/CHD5186ZYSDFE6E-Garbage-Compactor-Truck5-300x300.jpg 300w, https:\/\/www.haideclean.com\/wp-content\/uploads\/2026\/01\/CHD5186ZYSDFE6E-Garbage-Compactor-Truck5-150x150.jpg 150w, https:\/\/www.haideclean.com\/wp-content\/uploads\/2026\/01\/CHD5186ZYSDFE6E-Garbage-Compactor-Truck5-768x768.jpg 768w, https:\/\/www.haideclean.com\/wp-content\/uploads\/2026\/01\/CHD5186ZYSDFE6E-Garbage-Compactor-Truck5-600x600.jpg 600w, https:\/\/www.haideclean.com\/wp-content\/uploads\/2026\/01\/CHD5186ZYSDFE6E-Garbage-Compactor-Truck5-100x100.jpg 100w\" sizes=\"(max-width: 800px) 100vw, 800px\" \/><\/td>\n<\/tr>\n<tr style=\"height: 48px;\">\n<td style=\"width: 50%; height: 48px;\"><img loading=\"lazy\" decoding=\"async\" class=\"alignnone wp-image-2314 size-full\" src=\"https:\/\/www.haideclean.com\/wp-content\/uploads\/2026\/01\/CHD5186ZYSDFE6E-Garbage-Compactor-Truck6.jpg\" alt=\"\" width=\"800\" height=\"600\" srcset=\"https:\/\/www.haideclean.com\/wp-content\/uploads\/2026\/01\/CHD5186ZYSDFE6E-Garbage-Compactor-Truck6.jpg 800w, https:\/\/www.haideclean.com\/wp-content\/uploads\/2026\/01\/CHD5186ZYSDFE6E-Garbage-Compactor-Truck6-300x225.jpg 300w, https:\/\/www.haideclean.com\/wp-content\/uploads\/2026\/01\/CHD5186ZYSDFE6E-Garbage-Compactor-Truck6-768x576.jpg 768w, https:\/\/www.haideclean.com\/wp-content\/uploads\/2026\/01\/CHD5186ZYSDFE6E-Garbage-Compactor-Truck6-600x450.jpg 600w\" sizes=\"(max-width: 800px) 100vw, 800px\" \/><\/td>\n<td style=\"width: 50%; height: 48px;\">Gegendruckventil \/ Verdichtungsventil: Zwei-Wege-Kompression, erh\u00f6hen Sie das Kompressionsverh\u00e4ltnis des geladenen M\u00fclls, verbessern Sie die M\u00fclllast.<\/td>\n<\/tr>\n<tr style=\"height: 24px;\">\n<td style=\"width: 50%; height: 24px;\">Hydraulik\u00f6lbeh\u00e4lter: Das Volumen des \u00d6lbeh\u00e4lters wird erh\u00f6ht, verbessert effektiv die K\u00fchleffizienz, stabilisiert die \u00d6ltemperatur und -druck, mit der \u00d6lr\u00fcckf\u00fchrungsfiltervorrichtung filtert effektiv die im Hydraulik\u00f6l enthaltenen Verunreinigungen, verl\u00e4ngert die \u00d6ldienstzeit.<\/td>\n<td style=\"width: 50%; height: 24px;\"><img loading=\"lazy\" decoding=\"async\" class=\"alignnone wp-image-2315 size-full\" src=\"https:\/\/www.haideclean.com\/wp-content\/uploads\/2026\/01\/CHD5186ZYSDFE6E-Garbage-Compactor-Truck7.jpg\" alt=\"\" width=\"800\" height=\"600\" srcset=\"https:\/\/www.haideclean.com\/wp-content\/uploads\/2026\/01\/CHD5186ZYSDFE6E-Garbage-Compactor-Truck7.jpg 800w, https:\/\/www.haideclean.com\/wp-content\/uploads\/2026\/01\/CHD5186ZYSDFE6E-Garbage-Compactor-Truck7-300x225.jpg 300w, https:\/\/www.haideclean.com\/wp-content\/uploads\/2026\/01\/CHD5186ZYSDFE6E-Garbage-Compactor-Truck7-768x576.jpg 768w, https:\/\/www.haideclean.com\/wp-content\/uploads\/2026\/01\/CHD5186ZYSDFE6E-Garbage-Compactor-Truck7-600x450.jpg 600w\" sizes=\"(max-width: 800px) 100vw, 800px\" \/><\/td>\n<\/tr>\n<tr style=\"height: 24px;\">\n<td style=\"width: 50%; height: 24px;\"><img loading=\"lazy\" decoding=\"async\" class=\"alignnone wp-image-2316 size-full\" src=\"https:\/\/www.haideclean.com\/wp-content\/uploads\/2026\/01\/CHD5186ZYSDFE6E-Garbage-Compactor-Truck9.jpg\" alt=\"\" width=\"800\" height=\"600\" srcset=\"https:\/\/www.haideclean.com\/wp-content\/uploads\/2026\/01\/CHD5186ZYSDFE6E-Garbage-Compactor-Truck9.jpg 800w, https:\/\/www.haideclean.com\/wp-content\/uploads\/2026\/01\/CHD5186ZYSDFE6E-Garbage-Compactor-Truck9-300x225.jpg 300w, https:\/\/www.haideclean.com\/wp-content\/uploads\/2026\/01\/CHD5186ZYSDFE6E-Garbage-Compactor-Truck9-768x576.jpg 768w, https:\/\/www.haideclean.com\/wp-content\/uploads\/2026\/01\/CHD5186ZYSDFE6E-Garbage-Compactor-Truck9-600x450.jpg 600w\" sizes=\"(max-width: 800px) 100vw, 800px\" \/><\/td>\n<td style=\"width: 50%; height: 24px;\">N\u00e4chstschalter: Der Induktionsschalter plus die Zeitsteuerung wird verwendet, um die Aktion zu schalten, die Aktion ist genauer, das elektronische Steuersystem ist stabiler und der Zylinder und das Hydrauliksystem sind besser gesch\u00fctzt.<\/td>\n<\/tr>\n<tr style=\"height: 24px;\">\n<td style=\"width: 50%; height: 24px;\">Das Fahrzeugbetriebssystem ist in zwei Teile unterteilt, und es gibt zwei Systeme der Griffbedienung und der elektrischen Schalterbetrieb.<span style=\"font-family: inherit; font-size: inherit;\">Bequem f\u00fcr Arbeiter zu verwenden.<\/span><\/td>\n<td style=\"width: 50%; height: 24px;\"><img loading=\"lazy\" decoding=\"async\" class=\"alignnone wp-image-2317 size-full\" src=\"https:\/\/www.haideclean.com\/wp-content\/uploads\/2026\/01\/CHD5186ZYSDFE6E-Garbage-Compactor-Truck10.jpg\" alt=\"\" width=\"800\" height=\"600\" srcset=\"https:\/\/www.haideclean.com\/wp-content\/uploads\/2026\/01\/CHD5186ZYSDFE6E-Garbage-Compactor-Truck10.jpg 800w, https:\/\/www.haideclean.com\/wp-content\/uploads\/2026\/01\/CHD5186ZYSDFE6E-Garbage-Compactor-Truck10-300x225.jpg 300w, https:\/\/www.haideclean.com\/wp-content\/uploads\/2026\/01\/CHD5186ZYSDFE6E-Garbage-Compactor-Truck10-768x576.jpg 768w, https:\/\/www.haideclean.com\/wp-content\/uploads\/2026\/01\/CHD5186ZYSDFE6E-Garbage-Compactor-Truck10-600x450.jpg 600w\" sizes=\"(max-width: 800px) 100vw, 800px\" \/><\/td>\n<\/tr>\n<tr style=\"height: 24px;\">\n<td style=\"width: 50%; height: 24px;\"><img loading=\"lazy\" decoding=\"async\" class=\"alignnone wp-image-2318 size-full\" src=\"https:\/\/www.haideclean.com\/wp-content\/uploads\/2026\/01\/CHD5186ZYSDFE6E-Garbage-Compactor-Truck11.jpg\" alt=\"\" width=\"800\" height=\"600\" srcset=\"https:\/\/www.haideclean.com\/wp-content\/uploads\/2026\/01\/CHD5186ZYSDFE6E-Garbage-Compactor-Truck11.jpg 800w, https:\/\/www.haideclean.com\/wp-content\/uploads\/2026\/01\/CHD5186ZYSDFE6E-Garbage-Compactor-Truck11-300x225.jpg 300w, https:\/\/www.haideclean.com\/wp-content\/uploads\/2026\/01\/CHD5186ZYSDFE6E-Garbage-Compactor-Truck11-768x576.jpg 768w, https:\/\/www.haideclean.com\/wp-content\/uploads\/2026\/01\/CHD5186ZYSDFE6E-Garbage-Compactor-Truck11-600x450.jpg 600w\" sizes=\"(max-width: 800px) 100vw, 800px\" \/><\/td>\n<td style=\"width: 50%; height: 24px;\">Schieberstruktur: neuer Typ mit eingebetteter Schieberstruktur, mit Verbindungswelle, Verschlei\u00dfbest\u00e4ndigkeit, keine Verformung, Antrieb f\u00fcr Umkehrfunktion, Schaber runter Begegnung Hindernisse kann automatisch die Aktion \u00e4ndern, Hindernisse effektiv vermeiden, Ausr\u00fcstungssch\u00e4den vermeiden.<\/td>\n<\/tr>\n<tr style=\"height: 24px;\">\n<td style=\"width: 50%; height: 24px;\">Standard mit inl\u00e4ndischer bekannter Marke \u00d6lpumpe, Hydraulikpumpe ist die Leistungskomponente des Hydrauliksystems, wird vom Motor angetrieben, vom Hydrauliktank Saug\u00f6l, die Bildung von Druck\u00f6lentladung, zur Ausf\u00fchrung einer einzigen Aktion des \u00d6lzylinders geschickt, um Kraft f\u00fcr das Hydrauliksystem bereitzustellen<\/td>\n<td style=\"width: 50%; height: 24px;\"><img loading=\"lazy\" decoding=\"async\" class=\"alignnone wp-image-2319 size-full\" src=\"https:\/\/www.haideclean.com\/wp-content\/uploads\/2026\/01\/CHD5186ZYSDFE6E-Garbage-Compactor-Truck12.jpg\" alt=\"\" width=\"800\" height=\"600\" srcset=\"https:\/\/www.haideclean.com\/wp-content\/uploads\/2026\/01\/CHD5186ZYSDFE6E-Garbage-Compactor-Truck12.jpg 800w, https:\/\/www.haideclean.com\/wp-content\/uploads\/2026\/01\/CHD5186ZYSDFE6E-Garbage-Compactor-Truck12-300x225.jpg 300w, https:\/\/www.haideclean.com\/wp-content\/uploads\/2026\/01\/CHD5186ZYSDFE6E-Garbage-Compactor-Truck12-768x576.jpg 768w, https:\/\/www.haideclean.com\/wp-content\/uploads\/2026\/01\/CHD5186ZYSDFE6E-Garbage-Compactor-Truck12-600x450.jpg 600w\" sizes=\"(max-width: 800px) 100vw, 800px\" \/><\/td>\n<\/tr>\n<tr style=\"height: 24px;\">\n<td style=\"width: 50%; height: 24px;\"><img loading=\"lazy\" decoding=\"async\" class=\"alignnone wp-image-2320 size-full\" src=\"https:\/\/www.haideclean.com\/wp-content\/uploads\/2026\/01\/CHD5186ZYSDFE6E-Garbage-Compactor-Truck13.jpg\" alt=\"\" width=\"800\" height=\"600\" srcset=\"https:\/\/www.haideclean.com\/wp-content\/uploads\/2026\/01\/CHD5186ZYSDFE6E-Garbage-Compactor-Truck13.jpg 800w, https:\/\/www.haideclean.com\/wp-content\/uploads\/2026\/01\/CHD5186ZYSDFE6E-Garbage-Compactor-Truck13-300x225.jpg 300w, https:\/\/www.haideclean.com\/wp-content\/uploads\/2026\/01\/CHD5186ZYSDFE6E-Garbage-Compactor-Truck13-768x576.jpg 768w, https:\/\/www.haideclean.com\/wp-content\/uploads\/2026\/01\/CHD5186ZYSDFE6E-Garbage-Compactor-Truck13-600x450.jpg 600w\" sizes=\"(max-width: 800px) 100vw, 800px\" \/><\/td>\n<td style=\"width: 50%; height: 24px;\">Hochdruck-Pipeline-Filter kann in verschiedenen Druckniveaus der Druckleitung installiert werden, um aufgrund der \u00e4u\u00dferen Elemente in den inneren Verschlei\u00df weiter zu entfernen oder zu blockieren oder festzuhalten, sowie das innere Medium selbst, das durch die chemische Wirkung von Verunreinigungen usw. verursacht wird, ausgestattet mit einer Hochdruck-Filter\u00f6lfiltrationsgenauigkeit von 0,01 Mikron. Besonders geeignet f\u00fcr automatische Steuersysteme und Servosysteme, kann es hochpr\u00e4zise Steuerkomponenten und Ausf\u00fchrungskomponenten vor vorzeitigem Verschlei\u00df oder durch Verschmutzung feststecken verhindern, wodurch Ausf\u00e4lle reduziert und die Lebensdauer von Hydraulikanlagenkomponenten verl\u00e4ngert werden.<\/td>\n<\/tr>\n<\/tbody>\n<\/table>","protected":false},"excerpt":{"rendered":"<p>CHD5186ZYSDFE6E M\u00fcllverdichter Lkw wird haupts\u00e4chlich zur Sammlung, Komprimierung und Transport von festen kommunalen Abf\u00e4llen verwendet und kann auch zur Sammlung, Komprimierung und Transport einiger leichter Werfen und Streuen von Industrie- und Landwirtschaftsabf\u00e4llen verwendet werden. Das Fahrzeug ist mit einer speziellen Einheit zum Laden, Komprimieren, \u00dcbertragen und Dumpen des M\u00fclls in, Komprimieren, \u00dcbertragen und Dumpen des M\u00fclls selbst in Kombination mit der Ausr\u00fcstung und Leistung des Fahrzeugs und dem stereotypischen Beh\u00e4lter (wie einer M\u00fcllbeh\u00e4lter) ausgestattet.<\/p>","protected":false},"featured_media":2304,"template":"","meta":[],"product_brand":[],"product_cat":[28],"product_tag":[],"class_list":{"0":"post-2301","1":"product","2":"type-product","3":"status-publish","4":"has-post-thumbnail","6":"product_cat-waste-collection-transport","8":"first","9":"instock","10":"shipping-taxable","11":"product-type-simple"},"_links":{"self":[{"href":"https:\/\/www.haideclean.com\/de\/wp-json\/wp\/v2\/product\/2301","targetHints":{"allow":["GET"]}}],"collection":[{"href":"https:\/\/www.haideclean.com\/de\/wp-json\/wp\/v2\/product"}],"about":[{"href":"https:\/\/www.haideclean.com\/de\/wp-json\/wp\/v2\/types\/product"}],"wp:featuredmedia":[{"embeddable":true,"href":"https:\/\/www.haideclean.com\/de\/wp-json\/wp\/v2\/media\/2304"}],"wp:attachment":[{"href":"https:\/\/www.haideclean.com\/de\/wp-json\/wp\/v2\/media?parent=2301"}],"wp:term":[{"taxonomy":"product_brand","embeddable":true,"href":"https:\/\/www.haideclean.com\/de\/wp-json\/wp\/v2\/product_brand?post=2301"},{"taxonomy":"product_cat","embeddable":true,"href":"https:\/\/www.haideclean.com\/de\/wp-json\/wp\/v2\/product_cat?post=2301"},{"taxonomy":"product_tag","embeddable":true,"href":"https:\/\/www.haideclean.com\/de\/wp-json\/wp\/v2\/product_tag?post=2301"}],"curies":[{"name":"wp","href":"https:\/\/api.w.org\/{rel}","templated":true}]}}