{"id":2302,"date":"2026-01-07T16:12:02","date_gmt":"2026-01-07T08:12:02","guid":{"rendered":"https:\/\/www.haideclean.com\/?post_type=product&#038;p=2302"},"modified":"2026-03-19T11:32:41","modified_gmt":"2026-03-19T03:32:41","slug":"chd5181tdydfbev-full-electric-multi-functional-dust-suppression-truck","status":"publish","type":"product","link":"https:\/\/www.haideclean.com\/de\/product\/chd5181tdydfbev-full-electric-multi-functional-dust-suppression-truck\/","title":{"rendered":"CHD5181TDYDFBEV Voll elektrischer multifunktionaler Staubd\u00e4mpfungsfahrzeug"},"content":{"rendered":"<p>Hochdruck-Spr\u00fchnebel und Niederdruck-Wasserwegsysteme sind unabh\u00e4ngig voneinander.<\/p>\n<p>Fortgeschrittenes Niveau der Technologie: der Tank ist mit mehrkanaler Anti-Wellen-Trennung ausgestattet, um den Einfluss auf den Tank zu reduzieren, der Wassertank ist mit einem Alarmsystem f\u00fcr niedrige Wasserspiegel ausgestattet und die Nebelkanone nimmt einen Doppelarm-L\u00e4rmreduzierungsprozess an, um den L\u00e4rm des Fahrzeugbetriebs zu minimieren.<\/p>\n<p>Produktionsmaterialqualit\u00e4t: Der Tank nimmt 304 Edelstahlmaterial, Korrosionsbest\u00e4ndigkeit, stabile Leistung an.<\/p>\n<p>Bequemlichkeit des Betriebs und der Wartung: die Steuerung nimmt die Form einer drahtlosen Fernbedienung an, einfach zu bedienen, die Kernelemente der Nebelkanone befinden sich in der Wartungskambine unter der Nebelkanone f\u00fcr eine einfache Wartung.<\/p>\n<p>Insgesamt fortgeschritten und stabil: Bespr\u00fchen unabh\u00e4ngigen Motorantrieb, niedrige Geschwindigkeit Bespr\u00fchen Betrieb Sp\u00fclabstand, stabile Durchfluss.<\/p>\n<p><strong>Niederdrucksprinklersysteme:<\/strong><\/p>\n<p>Mit einem Klick-Betriebssystem hat es die Funktion des vorderen Sp\u00fclens und des hinteren Bestreuens, und die Breite ist einstellbar;<\/p>\n<p>Ausgestattet mit linker und rechter mittlerer S\u00e4ulenseite Sp\u00fclvorrichtung, kann die D\u00fcse in jedem Winkel 360 \u00b0 eingestellt werden;<\/p>\n<p>Der Beh\u00e4lter ist mit Edelstahl 304 mit mehreren Anti-Wellen-Trennw\u00e4nden standardisiert, um den Einfluss auf den Beh\u00e4lter zu reduzieren, und der Wasserbeh\u00e4lter ist mit einem Alarmsystem f\u00fcr niedrigen Wasserstand ausgestattet.<\/p>\n<p>Das Fahrzeug ist mit einer Selbstsaugwasserpumpe mit Selbstsaugfunktion und einer Selbstzirkulierungsschleife im Wassersystem ausgestattet, die zum Schmelzen von Schneeschmelze im Winter verwendet werden kann;<\/p>\n<p>Der gesamte Wasserkreislauf nimmt pneumatisches System an, das sicher, zuverl\u00e4ssig, einfach und flexibel zu bedienen ist;<\/p>\n<p>Bespr\u00fchen unabh\u00e4ngigen Motorantrieb, niedrige Geschwindigkeit Bespr\u00fchen Betrieb Sp\u00fclabstand, stabile Str\u00f6mung.<\/p>\n<p><strong>Hochdruckspr\u00fchsysteme:<\/strong><\/p>\n<p>Intelligentes Steuersystem, mit manueller (Fernbedienung) und Fernbedienung zwei Arten von Betriebsmodus, einfacher und intelligenter Betrieb;<\/p>\n<p>Das Spr\u00fchsystem nimmt doppelte Spr\u00fchringe und verstellbare D\u00fcsen f\u00fcr Nebelkornularit\u00e4t an, mit starker Windkraft, hoher (weiter) Reichweite und guter Durchdringung;<\/p>\n<p>Vertikale mehrstufige Zentrifugalwasserpumpen haben hohen Kopf, lange Lebensdauer und Korrosionsbest\u00e4ndigkeit;<\/p>\n<p>Das Fahrzeug&#8217; s Hochspannungsleitungen sind mit einem Sicherheits-Kurzschlussschutz ausgestattet, um Sicherheitsunf\u00e4lle zu verhindern, wenn die Leitungen abgenutzt, in Wasser eingetaucht oder anderweitig kurzgeschlossen werden;<\/p>\n<p>Multi-Schutz hintere Arbeitsplattform ist mit Sicherheitsrahmenschutz ausgestattet, mit hoher Spr\u00fch gr\u00fcne Wasserpistole, mit Hilfs-Feuerbek\u00e4mpfungsfunktion, kann in eine S\u00e4ule oder Nebel gedr\u00fcckt werden;<\/p>\n<p>Hinter-Stopp-Taste, Sicherheits-Alarm-Ger\u00e4t, Sicherheits-Kurzschluss-Schutzsystem Mehrfaches Sicherheitsschutzsystem gew\u00e4hrleistet die Sicherheit des Fahrzeugbetriebs.<\/p>\n<p><img fetchpriority=\"high\" decoding=\"async\" class=\"alignnone wp-image-2326 size-full\" src=\"https:\/\/www.haideclean.com\/wp-content\/uploads\/2026\/01\/CHD5181TDYDFBEV-Full-Electric-Multi-functional-Dust-Suppression-Truck12.jpg\" alt=\"\" width=\"800\" height=\"600\" srcset=\"https:\/\/www.haideclean.com\/wp-content\/uploads\/2026\/01\/CHD5181TDYDFBEV-Full-Electric-Multi-functional-Dust-Suppression-Truck12.jpg 800w, https:\/\/www.haideclean.com\/wp-content\/uploads\/2026\/01\/CHD5181TDYDFBEV-Full-Electric-Multi-functional-Dust-Suppression-Truck12-300x225.jpg 300w, https:\/\/www.haideclean.com\/wp-content\/uploads\/2026\/01\/CHD5181TDYDFBEV-Full-Electric-Multi-functional-Dust-Suppression-Truck12-768x576.jpg 768w, https:\/\/www.haideclean.com\/wp-content\/uploads\/2026\/01\/CHD5181TDYDFBEV-Full-Electric-Multi-functional-Dust-Suppression-Truck12-600x450.jpg 600w\" sizes=\"(max-width: 800px) 100vw, 800px\" \/><\/p>\n<p>Abbildung 1 Vordersp\u00fclung (basierend auf dem tats\u00e4chlichen Fahrzeug)<\/p>\n<p><img decoding=\"async\" class=\"alignnone wp-image-2327 size-full\" src=\"https:\/\/www.haideclean.com\/wp-content\/uploads\/2026\/01\/Figure-2-Side-Flush-Device-based-on-actual-vehicle13.jpg\" alt=\"\" width=\"800\" height=\"600\" srcset=\"https:\/\/www.haideclean.com\/wp-content\/uploads\/2026\/01\/Figure-2-Side-Flush-Device-based-on-actual-vehicle13.jpg 800w, https:\/\/www.haideclean.com\/wp-content\/uploads\/2026\/01\/Figure-2-Side-Flush-Device-based-on-actual-vehicle13-300x225.jpg 300w, https:\/\/www.haideclean.com\/wp-content\/uploads\/2026\/01\/Figure-2-Side-Flush-Device-based-on-actual-vehicle13-768x576.jpg 768w, https:\/\/www.haideclean.com\/wp-content\/uploads\/2026\/01\/Figure-2-Side-Flush-Device-based-on-actual-vehicle13-600x450.jpg 600w\" sizes=\"(max-width: 800px) 100vw, 800px\" \/><\/p>\n<p>Abbildung 2 Seitensp\u00fclvorrichtung (basierend auf dem tats\u00e4chlichen Fahrzeug)<\/p>\n<p><img decoding=\"async\" class=\"alignnone wp-image-2328 size-full\" src=\"https:\/\/www.haideclean.com\/wp-content\/uploads\/2026\/01\/Figure-2-Side-Flush-Device-based-on-actual-vehicle14.jpg\" alt=\"\" width=\"800\" height=\"600\" srcset=\"https:\/\/www.haideclean.com\/wp-content\/uploads\/2026\/01\/Figure-2-Side-Flush-Device-based-on-actual-vehicle14.jpg 800w, https:\/\/www.haideclean.com\/wp-content\/uploads\/2026\/01\/Figure-2-Side-Flush-Device-based-on-actual-vehicle14-300x225.jpg 300w, https:\/\/www.haideclean.com\/wp-content\/uploads\/2026\/01\/Figure-2-Side-Flush-Device-based-on-actual-vehicle14-768x576.jpg 768w, https:\/\/www.haideclean.com\/wp-content\/uploads\/2026\/01\/Figure-2-Side-Flush-Device-based-on-actual-vehicle14-600x450.jpg 600w\" sizes=\"(max-width: 800px) 100vw, 800px\" \/><\/p>\n<p>Abbildung 3 Hinter Sprinkler<\/p>\n<p><img loading=\"lazy\" decoding=\"async\" class=\"alignnone wp-image-2329 size-full\" src=\"https:\/\/www.haideclean.com\/wp-content\/uploads\/2026\/01\/Figure-2-Side-Flush-Device-based-on-actual-vehicle15.jpg\" alt=\"\" width=\"800\" height=\"600\" srcset=\"https:\/\/www.haideclean.com\/wp-content\/uploads\/2026\/01\/Figure-2-Side-Flush-Device-based-on-actual-vehicle15.jpg 800w, https:\/\/www.haideclean.com\/wp-content\/uploads\/2026\/01\/Figure-2-Side-Flush-Device-based-on-actual-vehicle15-300x225.jpg 300w, https:\/\/www.haideclean.com\/wp-content\/uploads\/2026\/01\/Figure-2-Side-Flush-Device-based-on-actual-vehicle15-768x576.jpg 768w, https:\/\/www.haideclean.com\/wp-content\/uploads\/2026\/01\/Figure-2-Side-Flush-Device-based-on-actual-vehicle15-600x450.jpg 600w\" sizes=\"(max-width: 800px) 100vw, 800px\" \/><\/p>\n<p>Abbildung 4 Doppelspr\u00fchring Nebel Pistole<\/p>\n<p><img loading=\"lazy\" decoding=\"async\" class=\"alignnone wp-image-2330 size-full\" src=\"https:\/\/www.haideclean.com\/wp-content\/uploads\/2026\/01\/Figure-4-Double-spray-ring-fog-gun1.jpg\" alt=\"\" width=\"800\" height=\"600\" srcset=\"https:\/\/www.haideclean.com\/wp-content\/uploads\/2026\/01\/Figure-4-Double-spray-ring-fog-gun1.jpg 800w, https:\/\/www.haideclean.com\/wp-content\/uploads\/2026\/01\/Figure-4-Double-spray-ring-fog-gun1-300x225.jpg 300w, https:\/\/www.haideclean.com\/wp-content\/uploads\/2026\/01\/Figure-4-Double-spray-ring-fog-gun1-768x576.jpg 768w, https:\/\/www.haideclean.com\/wp-content\/uploads\/2026\/01\/Figure-4-Double-spray-ring-fog-gun1-600x450.jpg 600w\" sizes=\"(max-width: 800px) 100vw, 800px\" \/><\/p>\n<p>Abbildung 5 High Spray Greening Water Guns<\/p>\n<p><img loading=\"lazy\" decoding=\"async\" class=\"alignnone wp-image-2331 size-full\" src=\"https:\/\/www.haideclean.com\/wp-content\/uploads\/2026\/01\/Figure-4-Double-spray-ring-fog-gun2.jpg\" alt=\"\" width=\"800\" height=\"600\" srcset=\"https:\/\/www.haideclean.com\/wp-content\/uploads\/2026\/01\/Figure-4-Double-spray-ring-fog-gun2.jpg 800w, https:\/\/www.haideclean.com\/wp-content\/uploads\/2026\/01\/Figure-4-Double-spray-ring-fog-gun2-300x225.jpg 300w, https:\/\/www.haideclean.com\/wp-content\/uploads\/2026\/01\/Figure-4-Double-spray-ring-fog-gun2-768x576.jpg 768w, https:\/\/www.haideclean.com\/wp-content\/uploads\/2026\/01\/Figure-4-Double-spray-ring-fog-gun2-600x450.jpg 600w\" sizes=\"(max-width: 800px) 100vw, 800px\" \/><\/p>\n<p>Abb. 6 D\u00fcse mit verstellbarer Nebelkorngr\u00f6\u00dfe<\/p>\n<p><img loading=\"lazy\" decoding=\"async\" class=\"alignnone wp-image-2333 size-full\" src=\"https:\/\/www.haideclean.com\/wp-content\/uploads\/2026\/01\/Figure-4-Double-spray-ring-fog-gun4.jpg\" alt=\"\" width=\"800\" height=\"600\" srcset=\"https:\/\/www.haideclean.com\/wp-content\/uploads\/2026\/01\/Figure-4-Double-spray-ring-fog-gun4.jpg 800w, https:\/\/www.haideclean.com\/wp-content\/uploads\/2026\/01\/Figure-4-Double-spray-ring-fog-gun4-300x225.jpg 300w, https:\/\/www.haideclean.com\/wp-content\/uploads\/2026\/01\/Figure-4-Double-spray-ring-fog-gun4-768x576.jpg 768w, https:\/\/www.haideclean.com\/wp-content\/uploads\/2026\/01\/Figure-4-Double-spray-ring-fog-gun4-600x450.jpg 600w\" sizes=\"(max-width: 800px) 100vw, 800px\" \/><\/p>\n<p>Abbildung 8 Wasserweg Pneumatik System<\/p>\n<p><img loading=\"lazy\" decoding=\"async\" class=\"alignnone wp-image-2332 size-full\" src=\"https:\/\/www.haideclean.com\/wp-content\/uploads\/2026\/01\/Figure-4-Double-spray-ring-fog-gun6.jpg\" alt=\"\" width=\"800\" height=\"600\" srcset=\"https:\/\/www.haideclean.com\/wp-content\/uploads\/2026\/01\/Figure-4-Double-spray-ring-fog-gun6.jpg 800w, https:\/\/www.haideclean.com\/wp-content\/uploads\/2026\/01\/Figure-4-Double-spray-ring-fog-gun6-300x225.jpg 300w, https:\/\/www.haideclean.com\/wp-content\/uploads\/2026\/01\/Figure-4-Double-spray-ring-fog-gun6-768x576.jpg 768w, https:\/\/www.haideclean.com\/wp-content\/uploads\/2026\/01\/Figure-4-Double-spray-ring-fog-gun6-600x450.jpg 600w\" sizes=\"(max-width: 800px) 100vw, 800px\" \/><\/p>\n<p>Abbildung 9 Fernsteuerung<\/p>","protected":false},"excerpt":{"rendered":"<p>Der multifunktionale Staubd\u00e4mpfer-LKW ist eine High-Tech-Staubd\u00e4mpfer-Ausr\u00fcstung, die die Luft reinigen und die Konzentration von PM2,5 reduzieren kann, auch als &#8220; Nebelkanone&#8221; Es kann Staub und Dekontamination durch Spr\u00fchen von Wassernebel reduzieren und hat eine starke Eindringung von Staub in die Luft, die PM2,5, Stickstoffdioxid und Ozonverschmutzung effektiv kontrollieren und die st\u00e4dtische Luftumgebung verbessern kann.<\/p>","protected":false},"featured_media":2321,"template":"","meta":[],"product_brand":[],"product_cat":[27],"product_tag":[],"class_list":{"0":"post-2302","1":"product","2":"type-product","3":"status-publish","4":"has-post-thumbnail","6":"product_cat-cleaning-vehicles","8":"first","9":"instock","10":"shipping-taxable","11":"product-type-simple"},"_links":{"self":[{"href":"https:\/\/www.haideclean.com\/de\/wp-json\/wp\/v2\/product\/2302","targetHints":{"allow":["GET"]}}],"collection":[{"href":"https:\/\/www.haideclean.com\/de\/wp-json\/wp\/v2\/product"}],"about":[{"href":"https:\/\/www.haideclean.com\/de\/wp-json\/wp\/v2\/types\/product"}],"wp:featuredmedia":[{"embeddable":true,"href":"https:\/\/www.haideclean.com\/de\/wp-json\/wp\/v2\/media\/2321"}],"wp:attachment":[{"href":"https:\/\/www.haideclean.com\/de\/wp-json\/wp\/v2\/media?parent=2302"}],"wp:term":[{"taxonomy":"product_brand","embeddable":true,"href":"https:\/\/www.haideclean.com\/de\/wp-json\/wp\/v2\/product_brand?post=2302"},{"taxonomy":"product_cat","embeddable":true,"href":"https:\/\/www.haideclean.com\/de\/wp-json\/wp\/v2\/product_cat?post=2302"},{"taxonomy":"product_tag","embeddable":true,"href":"https:\/\/www.haideclean.com\/de\/wp-json\/wp\/v2\/product_tag?post=2302"}],"curies":[{"name":"wp","href":"https:\/\/api.w.org\/{rel}","templated":true}]}}