{"id":2341,"date":"2026-01-07T16:17:49","date_gmt":"2026-01-07T08:17:49","guid":{"rendered":"https:\/\/www.haideclean.com\/?post_type=product&#038;p=2341"},"modified":"2026-04-09T15:19:44","modified_gmt":"2026-04-09T07:19:44","slug":"chd5181tdydfe6-multi-functional-dust-suppression-truck","status":"publish","type":"product","link":"https:\/\/www.haideclean.com\/de\/product\/chd5181tdydfe6-multi-functional-dust-suppression-truck\/","title":{"rendered":"CHD5181TDYDFE6 Multifunktionale Staubd\u00e4mpfungsfahrzeug"},"content":{"rendered":"<p><strong><b>Features :<\/b><\/strong><\/p>\n<ol>\n<li>Der Lkw k\u00f6nnte im Winter mit Schneeplug ausgestattet werden.<\/li>\n<li>Die vordere und hintere Bew\u00e4sserungsbreite betr\u00e4gt mehr als 24m.<\/li>\n<li>It has two independent water systems, high pressure spray system and low pressure watering system.<\/li>\n<li>Wasserbeh\u00e4lter ist aus Edelstahl, die Dicke ist nicht weniger als 3mm.<\/li>\n<li>Das Bedienpanel des Sprinklers verf\u00fcgt \u00fcber einen Notstoppknopf und eine Sicherheitsalarmeinrichtung.<\/li>\n<li>Es hat Funktion des Selbstsaugens, der Lkw k\u00f6nnte Wasser zu Wasser saugen, indem er Wasserpumpe verwendet.<\/li>\n<li>Der LKW wird alarmieren, wenn es kein Wasser im Wassertank gibt, was die Niederdruckwasserpumpe sch\u00fctzen k\u00f6nnte.<\/li>\n<li>Der Seitenschutz besteht aus Aluminiumlegierungsmaterial, das eine hohe Sicherheitst\u00e4rke und ein sch\u00f6nes Aussehen hat.<\/li>\n<\/ol>","protected":false},"excerpt":{"rendered":"<p>Im Vergleich zum gew\u00f6hnlichen Gie\u00dfwagen ist der gr\u00f6\u00dfte Vorteil des CHD5181TDYDFE6 Spr\u00fchwagens seine volle Funktion. Es hat nicht nur die Funktion, den gr\u00fcnen G\u00fcrtel am Stra\u00dfenrand zu bestreuen und zu bew\u00e4ssern, sondern auch die Funktion der Spray- und Staubkontrolle, der Verbesserung der Luftqualit\u00e4t und der Notbrandbek\u00e4mpfung. Der LKW hat auch Selbst-Priming-Funktion und kann von selbst absorbiert werden &#8211; Saugpumpe. Daher kann der LKW weit verbreitet in hochwertigen Autobahn-, kommunalen und sanit\u00e4ren Abteilungen verwendet werden.<\/p>","protected":false},"featured_media":2360,"template":"","meta":[],"product_brand":[],"product_cat":[27],"product_tag":[],"class_list":{"0":"post-2341","1":"product","2":"type-product","3":"status-publish","4":"has-post-thumbnail","6":"product_cat-cleaning-vehicles","8":"first","9":"instock","10":"shipping-taxable","11":"product-type-simple"},"_links":{"self":[{"href":"https:\/\/www.haideclean.com\/de\/wp-json\/wp\/v2\/product\/2341","targetHints":{"allow":["GET"]}}],"collection":[{"href":"https:\/\/www.haideclean.com\/de\/wp-json\/wp\/v2\/product"}],"about":[{"href":"https:\/\/www.haideclean.com\/de\/wp-json\/wp\/v2\/types\/product"}],"wp:featuredmedia":[{"embeddable":true,"href":"https:\/\/www.haideclean.com\/de\/wp-json\/wp\/v2\/media\/2360"}],"wp:attachment":[{"href":"https:\/\/www.haideclean.com\/de\/wp-json\/wp\/v2\/media?parent=2341"}],"wp:term":[{"taxonomy":"product_brand","embeddable":true,"href":"https:\/\/www.haideclean.com\/de\/wp-json\/wp\/v2\/product_brand?post=2341"},{"taxonomy":"product_cat","embeddable":true,"href":"https:\/\/www.haideclean.com\/de\/wp-json\/wp\/v2\/product_cat?post=2341"},{"taxonomy":"product_tag","embeddable":true,"href":"https:\/\/www.haideclean.com\/de\/wp-json\/wp\/v2\/product_tag?post=2341"}],"curies":[{"name":"wp","href":"https:\/\/api.w.org\/{rel}","templated":true}]}}