{"id":2342,"date":"2026-01-07T16:14:42","date_gmt":"2026-01-07T08:14:42","guid":{"rendered":"https:\/\/www.haideclean.com\/?post_type=product&#038;p=2342"},"modified":"2026-03-18T11:38:06","modified_gmt":"2026-03-18T03:38:06","slug":"chr21qevf-full-electric-high-pressure-cleaner","status":"publish","type":"product","link":"https:\/\/www.haideclean.com\/de\/product\/chr21qevf-full-electric-high-pressure-cleaner\/","title":{"rendered":"CHR21QEVF Voll elektrischer Hochdruckreiniger"},"content":{"rendered":"<ol>\n<li><strong>Gelenkte Lenkung<\/strong><\/li>\n<\/ol>\n<p>Kleiner Drehradius. Der Mindestdrehradius betr\u00e4gt nur 2,6 m, was eine gute Durchg\u00e4ngigkeit hat und leicht durch den Isolationshaufen passieren kann. Die Breite des vorderen Spr\u00fchgestells betr\u00e4gt 1540 mm, mit einer Mindestdurchg\u00e4ngigkeitsbreite von 1350 mm (mit dem vorderen Spr\u00fchgestell geneigt). Es kann sich leicht auf engen Stra\u00dfen umdrehen und 360 \u00b0 Umfangssp\u00fclung und Desinfektion erreichen;<\/p>\n<ol start=\"2\">\n<li><strong>Panorama-Glaskabine<\/strong><\/li>\n<\/ol>\n<p>Der vordere Sto\u00dfstanger und beide Seiten der R\u00fcckseite des Fahrers&#8217; Die Kabine ist mit Panorama-Glasstrukturen ausgestattet, die eine breite Sicht auf die Arbeit ohne blinde Flecken bieten, was zur Sicherstellung der Arbeitsqualit\u00e4t f\u00f6rderlicher ist; Das Glas im Fahrer&#8217; Die Kabine ist mit einem Solarfilm bedeckt, der im hei\u00dfen Sommer effektiv gegen Hitze isolieren und verhindern kann, dass das Glas platzt, wenn es von harten Gegenst\u00e4nden getroffen wird, was die Sicherheit des Fahrers gew\u00e4hrleistet.<\/p>\n<ol start=\"3\">\n<li><strong>Fahrkomfort<\/strong><\/li>\n<\/ol>\n<p>Der Fahrer&#8217; s Kabine ist mit Funktionen wie Klimaanlage und Telefonladen ausgestattet. Es kann auch mit leistungsstarkeren Multimedia-Ger\u00e4ten wie drahtlosem Radio, MP3-Wiedergabe usw. ausgestattet sein; Ausgestattet mit inl\u00e4ndisch renommierten Marken mechanische Federsitze als Standard, kann der Sto\u00dfd\u00e4mpfungskomfort basierend auf dem Fahrer angepasst werden&#8217; s H\u00f6he und Gewicht, effektiv das Problem der schlechten Fahrkomfort der starren Federung kleinen Stra\u00dfenfeiger l\u00f6sen. Die Sitze k\u00f6nnen auch mit deutschen GRAMMER Sitzen f\u00fcr bessere Sto\u00dfd\u00e4mpfungsleistung ausgestattet werden.<\/p>\n<ol start=\"4\">\n<li><strong>Effizientes Steuersystem<\/strong><\/li>\n<\/ol>\n<p>Das Steuersystem nimmt eine reine Elektrofahrzeugstufe Fahrzeugsteuereinheit (VECU) an, die starke CAN-Bus-Informationsverarbeitungsf\u00e4higkeiten hat. Es hat die Eigenschaften einer guten seismischen Widerstand, hohem Schutzniveau, Widerstand gegen gro\u00dfe Temperaturunterschiede, Spannungsschwankungen und die F\u00e4higkeit, komplexe Steuerberechnungen zu erreichen. Es unterst\u00fctzt auch die Installation von Fahrzeugnetzterminals zur Fern\u00fcberwachung und Diagnose von Fahrzeugdaten.<\/p>\n<ol start=\"5\">\n<li><strong>Null Emissionen<\/strong><\/li>\n<\/ol>\n<p>Das gesamte Stromsystem nimmt ein Lithium-Eisen-Phosphat-Batteriepack an, das sicher und zuverl\u00e4ssig ist. Die BMS-Managementsteuerung gew\u00e4hrleistet die Stabilit\u00e4t und Sicherheit des Fahrzeugbetriebs und des Ladens. Das Gehsystem verf\u00fcgt \u00fcber eine elektrische Energiefeedback-Funktion, die die Batterie r\u00fcckw\u00e4rts aufladen kann, wenn das Fahrzeug bergabw\u00e4rts ist und verlangsamt. In Kombination mit einer einzigartigen Fahrzeugvernetzungsplattform kann es die Sicherheit des Fahrzeugs effektiv \u00fcberwachen. s Stromverbrauch und schnell Fehler erkennen.<\/p>\n<ol start=\"6\">\n<li><strong>Zuverl\u00e4ssige Leistung<\/strong><\/li>\n<\/ol>\n<p>Die Hauptkomponenten, wie der Antriebsmotor und die Steuerung der Laufwasserpumpe, werden alle inl\u00e4ndisch hergestellt, mit ausgezeichneter Leistung und zuverl\u00e4ssigem Betrieb.<\/p>\n<ol start=\"7\">\n<li><strong>Hohe Korrosionsschutzleistung<\/strong><\/li>\n<\/ol>\n<p>Der Wassertankk\u00f6rper besteht aus Glas, das die Vorteile hoher Festigkeit und starker Korrosionsbest\u00e4ndigkeit hat.<\/p>\n<ol start=\"8\">\n<li><strong>Niedriges Betriebsr\u00e4usch<\/strong><\/li>\n<\/ol>\n<p>Der Spr\u00fchvorgang ist ger\u00e4uscharm und der maximale Betriebsger\u00e4usch betr\u00e4gt nur 75dBA.<\/p>\n<p>9.<strong>Vordersp\u00fclbetrieb<\/strong><\/p>\n<p>Beim Betrieb des Hochdruck-Vordersp\u00fclsystems kann der Fahrer die H\u00f6he und den Schwenkwinkel des vorderen Spr\u00fchhalters jederzeit entsprechend den Stra\u00dfenbedingungen anpassen, um den Betriebseffekt zu gew\u00e4hrleisten.<\/p>\n<ol start=\"10\">\n<li><strong>Seitensp\u00fclbetrieb<\/strong><\/li>\n<\/ol>\n<p>Der Seitensp\u00fclvorgang kann mit einem Stra\u00dfenfeiger (Stra\u00dfenfeiger) koordiniert werden, um den M\u00fcll auf dem Gehsteig mit Hochdruckwasser von der Seite auf die Stra\u00dfe zu sp\u00fclen oder den M\u00fcll unter das Fahrzeug auszusp\u00fclen, das dann vom Stra\u00dfenfeiger (Stra\u00dfenfeiger) gereinigt wird. Zusammenarbeit kann die Effizienz kommunaler Sanit\u00e4rvorg\u00e4nge erheblich verbessern.<\/p>\n<ol start=\"11\">\n<li><strong>Rearspray Operation<\/strong><\/li>\n<\/ol>\n<p>Hochdruckspr\u00fch hat eine breite Abdeckung, die f\u00fcr nahe Abstand und gro\u00dfe Fl\u00e4che Abdeckung Spr\u00fch Staubd\u00e4mpfung Operationen innerhalb von 5 Metern auf beiden Seiten verwendet werden kann.<\/p>\n<ul>\n<li>Desinfektions- und Sterilisationsfunktion<\/li>\n<\/ul>\n<p>Durch die Mischung von Desinfektionsmitteln im Verh\u00e4ltnis k\u00f6nnen effiziente und flexible Desinfektions- und Sterilisationsvorgange erreicht werden, die f\u00fcr Epidemiegebiete, Krankenh\u00e4user und andere Szenarien geeignet sind.<\/p>\n<ul>\n<li>Pestizid Spr\u00fchfunktion<\/li>\n<\/ul>\n<p>Durch das Hinzuf\u00fcgen von Pestiziden, Insektiziden usw. k\u00f6nnen gro\u00dffl\u00e4chige und flexible Arzneimittelspr\u00fchvorg\u00e4nge in Parks, Bauernh\u00f6fen und anderen Orten erreicht werden.<\/p>\n<ol start=\"12\">\n<li><strong>Handgehaltener Hochdrucksp\u00fclbetrieb<\/strong><\/li>\n<\/ol>\n<p>Die Hochdruck-Handspr\u00fchpistole kann Funktionen wie Spr\u00fchen (Medikamente, Desinfektion), Reinigen kleiner Werbung und B\u00fcrsten von Autos erreichen.<\/p>\n<p>13.<strong>Optionale Konfiguration<\/strong><\/p>\n<ul>\n<li>Optionale Nebelpistole Spr\u00fchfunktion, die effektive Reichweite der Nebelpistole ist 20M, und die Palette der inl\u00e4ndischen \u00e4hnlichen Produkte ist die l\u00e4ngste.<\/li>\n<li>Die Hochdruckbodenwaschplatte kann verwendet werden, um verschiedene Stra\u00dfenoberfl\u00e4chen, Steinb\u00f6den usw. tief zu reinigen. Die Bodenwaschplatte kann automatisch Abwasser wiederherstellen und entladen, wodurch sichergestellt wird, dass im Betriebsbereich kein Abwasser \u00fcbrig bleibt, und der Reinigungseffekt den Standard von &amp;#8220 erreichen kann; sitzt auf dem Boden&#8221;.<\/li>\n<\/ul>","protected":false},"excerpt":{"rendered":"<p>Der CHR21QEVF vollelektrische Hochdruckreiniger ist eine spezialisierte Gelenkwagenstruktur rein elektrische Hochdruckwaschmaschine und Desinfektionsmaschine, die von Shandong Howe Technologies Co. entwickelt wurde. Ltd. Diese Desinfektionsmaschine nimmt die Betriebsmethoden von &#8220; Sp\u00fclen&#8221; , &#8220; Waschen&#8221; und &#8220; Staubenreduktion&#8221;  , die sich auf st\u00e4dtische Stra\u00dfen, Flugh\u00e4fen, Docks, Campus, Fabrikgebiete, Pl\u00e4tze, Parks, Tunnel und Gemeinschaftsstra\u00dfen als Hauptbetriebsobjekte richten und auch auf st\u00e4dtische Au\u00dfenringe angewendet werden k\u00f6nnen.<\/p>","protected":false},"featured_media":2343,"template":"","meta":[],"product_brand":[],"product_cat":[30],"product_tag":[],"class_list":{"0":"post-2342","1":"product","2":"type-product","3":"status-publish","4":"has-post-thumbnail","6":"product_cat-compact-street-sweepers","8":"first","9":"instock","10":"shipping-taxable","11":"product-type-simple"},"_links":{"self":[{"href":"https:\/\/www.haideclean.com\/de\/wp-json\/wp\/v2\/product\/2342","targetHints":{"allow":["GET"]}}],"collection":[{"href":"https:\/\/www.haideclean.com\/de\/wp-json\/wp\/v2\/product"}],"about":[{"href":"https:\/\/www.haideclean.com\/de\/wp-json\/wp\/v2\/types\/product"}],"wp:featuredmedia":[{"embeddable":true,"href":"https:\/\/www.haideclean.com\/de\/wp-json\/wp\/v2\/media\/2343"}],"wp:attachment":[{"href":"https:\/\/www.haideclean.com\/de\/wp-json\/wp\/v2\/media?parent=2342"}],"wp:term":[{"taxonomy":"product_brand","embeddable":true,"href":"https:\/\/www.haideclean.com\/de\/wp-json\/wp\/v2\/product_brand?post=2342"},{"taxonomy":"product_cat","embeddable":true,"href":"https:\/\/www.haideclean.com\/de\/wp-json\/wp\/v2\/product_cat?post=2342"},{"taxonomy":"product_tag","embeddable":true,"href":"https:\/\/www.haideclean.com\/de\/wp-json\/wp\/v2\/product_tag?post=2342"}],"curies":[{"name":"wp","href":"https:\/\/api.w.org\/{rel}","templated":true}]}}