{"id":2350,"date":"2026-01-07T16:16:15","date_gmt":"2026-01-07T08:16:15","guid":{"rendered":"https:\/\/www.haideclean.com\/?post_type=product&#038;p=2350"},"modified":"2026-03-19T11:59:36","modified_gmt":"2026-03-19T03:59:36","slug":"chr21sev-full-electric-street-sweeper","status":"publish","type":"product","link":"https:\/\/www.haideclean.com\/de\/product\/chr21sev-full-electric-street-sweeper\/","title":{"rendered":"CHR21SEV Voll elektrischer Stra\u00dfenfeiger"},"content":{"rendered":"<p>1. Die Kehrkabine ist mit einem CD-Player, einem farbigen LCD-Monitor und einer Klimaanlage ausgestattet, um eine komfortable Fahrumgebung f\u00fcr den Fahrer zu schaffen.<\/p>\n<p>2.The power system adopts a lithium battery pack and BMS management control to ensure the stability of work.<\/p>\n<p>3.The walking system components adopt worldwide famous brand to ensure the safety and stability of driving.<\/p>\n<p>4. Gelenkte Struktur, flexibler Betrieb mit kurzem Drehradius, leicht zu erreichenden engen R\u00e4umen und Ecken.<\/p>\n<p>5. Die Vierrad-Nabenbremse und die Motorr\u00fcckbremse k\u00f6nnen die Notbremsung des Fahrzeugs w\u00e4hrend der Normal realisieren.<\/p>\n<p>6. Fahren; das Hinterrad hat die Schn\u00fcrbremse, die die Parkbremse realisieren kann und die Sicherheit des Fahrens und Parkens gew\u00e4hrleistet.<\/p>\n<p>7. Die B\u00fcrste ist vor der Kabine montiert und der Saug\u00f6ffnung wird unter der Kabine platziert. Diese Anordnung erm\u00f6glicht es dem Fahrer, den Betrieb der Kehvorrichtung durch die vordere Windschutzscheibe deutlich zu sehen.<\/p>\n<p>8.Strong Saugkapazit\u00e4t: Vakuumsaug angetrieben von<\/p>\n<p>Hochgeschwindigkeits-b\u00fcrstenloser Motor.<\/p>\n<p>9. Zwei Filtermodi: Nassfiltration und Trockenfiltration. Die beiden Filtermodi k\u00f6nnen mit einer Taste umgewandelt werden.<\/p>\n<p>10.High-Level-Dumping-Struktur, die das Dumpen des M\u00fclls sauberer und schneller macht. winddichtes Design, um Staub des Dumpings zu verhindern. zwei Betriebsmodi: Steuertaste am Fahrzeug und drahtlose Fernbedienung, die f\u00fcr das Personal bequem ist, innerhalb von 20 Metern zu bedienen.<\/p>\n<p>11.Electric Fahrzeug-Ebene-Steuereinheit VECU mit gro\u00dfer CAN-Bus-Informationsverarbeitungsf\u00e4higkeit. Es hat die Eigenschaften von guter Erdbebenbest\u00e4ndigkeit, hohem Schutzniveau, Widerstand gegen gro\u00dfe Temperaturunterschiede, Spannungsschwankungswiderstand und komplexer Steuerberechnung. Es unterst\u00fctzt auch die Fernsteuerung von Fahrzeugdaten und die Ferndiagnose.<\/p>\n<p>12.BMS \/ SOC-Batteriemanagementsystem kann das Laden und Entladen von Batterien verwalten und einzelne abgebrochene Batterien sch\u00fctzen. Es kann Batteriesch\u00e4den verhindern, die durch \u00dcberladung und \u00dcberentladung verursacht werden, Sicherheit gew\u00e4hrleisten und Explosion und Brand beseitigen.<\/p>\n<p>13.Charged durch AC 220V Spannung, dauert 4-5 Stunden mit 80A Ladestrom, automatisch abgeschnitten nach vollst\u00e4ndig geladen.<\/p>\n<p>14.Extended handgehaltene einziehbare Strohhalme f\u00fcr die Bestaubung in Bereichen wie gr\u00fcne G\u00fcrtel ist optional, zusammen mit einem Hilfswerkzeug, um den Abfall in den Saugrohren zu reinigen. Auch eine Wasserpumpe zum Fahrzeugwaschen ist optional. Die Hochdruckspr\u00fchpistole kann mit dem Fahrzeug mitgef\u00fchrt werden, so dass das Fahrzeug nach seiner Bearbeitung gereinigt werden kann.<\/p>\n<p>15.Tragbare Feuerl\u00f6scher sind in der Kabine f\u00fcr Notsituationen verf\u00fcgbar. Ausgestattet mit einer Nothandpumpe zum Anheben des Abfallbeh\u00e4lters zur Fehlerbehebung bei Ausf\u00e4llen der Elektro- und Hydraulikanlage.<\/p>","protected":false},"excerpt":{"rendered":"<p>Der CHR21SEV Full Electric Sweeper, entwickelt von Shandong Howe Technologies Co. Ltd., ist eine spezialisierte Gelenkwagenbasierte Kompakt-Vakuum-Voll-elektrische Kehrmaschine. Dieser elektrische Kehrmaschine verwendet einen \u201ekombinierten Keh- und Staubsaugbetriebsmodus\u201c mit \u201eAbwasserzirkulation\u201c und \u201eHochpositions-Selbstdumping\u201c-F\u00e4higkeiten und verf\u00fcgt \u00fcber ein strukturelles Design, das sowohl national als auch international fortschrittliche spezialisierte Standards erf\u00fcllt.<\/p>","protected":false},"featured_media":2351,"template":"","meta":[],"product_brand":[],"product_cat":[30],"product_tag":[],"class_list":{"0":"post-2350","1":"product","2":"type-product","3":"status-publish","4":"has-post-thumbnail","6":"product_cat-compact-street-sweepers","8":"first","9":"instock","10":"shipping-taxable","11":"product-type-simple"},"_links":{"self":[{"href":"https:\/\/www.haideclean.com\/de\/wp-json\/wp\/v2\/product\/2350","targetHints":{"allow":["GET"]}}],"collection":[{"href":"https:\/\/www.haideclean.com\/de\/wp-json\/wp\/v2\/product"}],"about":[{"href":"https:\/\/www.haideclean.com\/de\/wp-json\/wp\/v2\/types\/product"}],"wp:featuredmedia":[{"embeddable":true,"href":"https:\/\/www.haideclean.com\/de\/wp-json\/wp\/v2\/media\/2351"}],"wp:attachment":[{"href":"https:\/\/www.haideclean.com\/de\/wp-json\/wp\/v2\/media?parent=2350"}],"wp:term":[{"taxonomy":"product_brand","embeddable":true,"href":"https:\/\/www.haideclean.com\/de\/wp-json\/wp\/v2\/product_brand?post=2350"},{"taxonomy":"product_cat","embeddable":true,"href":"https:\/\/www.haideclean.com\/de\/wp-json\/wp\/v2\/product_cat?post=2350"},{"taxonomy":"product_tag","embeddable":true,"href":"https:\/\/www.haideclean.com\/de\/wp-json\/wp\/v2\/product_tag?post=2350"}],"curies":[{"name":"wp","href":"https:\/\/api.w.org\/{rel}","templated":true}]}}