{"id":2359,"date":"2026-01-07T16:18:43","date_gmt":"2026-01-07T08:18:43","guid":{"rendered":"https:\/\/www.haideclean.com\/?post_type=product&#038;p=2359"},"modified":"2026-03-19T11:56:45","modified_gmt":"2026-03-19T03:56:45","slug":"chr30mev-full-electric-multi-functional-street-sweeper","status":"publish","type":"product","link":"https:\/\/www.haideclean.com\/de\/product\/chr30mev-full-electric-multi-functional-street-sweeper\/","title":{"rendered":"CHR30MEV Voll elektrischer multifunktionaler Stra\u00dfenfeiger"},"content":{"rendered":"<p><strong>Leistungsmerkmale der CHR30MEV Voll elektrischen Multifunktionsfeiger<\/strong><\/p>\n<ol>\n<li><strong>Gelenktes Lenken\u00a0<\/strong><\/li>\n<\/ol>\n<p>Kleiner Drehradius. Der Mindestdrehradius betr\u00e4gt nur 2,05 m, wodurch sich auf engen Stra\u00dfen leicht umdrehen und eine 360\u00b0 Umfangsreinigung erreicht werden kann. Es kann auch die Eckbereiche der Stra\u00dfe reinigen;<\/p>\n<ol start=\"2\">\n<li><strong>Panorama Glaskabine<\/strong><\/li>\n<\/ol>\n<p>Der vordere Sto\u00dfstanger und beide Seiten der R\u00fcckseite des Fahrers&#8217; s Kabine sind mit Panorama-Glasstrukturen ausgestattet, die eine breite Sichtbarkeit f\u00fcr die Arbeit ohne Blindflecken bieten, was zur Sicherstellung der Arbeitsqualit\u00e4t f\u00f6rderlicher ist; Das Glas im Fahrer&#8217; Die Kabine ist mit einem Solarfilm bedeckt, der im hei\u00dfen Sommer effektiv gegen Hitze isolieren und verhindern kann, dass das Glas platzt, wenn es von harten Gegenst\u00e4nden getroffen wird, was die Sicherheit des Fahrers gew\u00e4hrleistet.<\/p>\n<ol start=\"3\">\n<li><strong>Fahrkomfort<\/strong><\/li>\n<\/ol>\n<p>Der Fahrer&#8217; s Kabine ist mit Funktionen wie Klimaanlage und Telefonladen ausgestattet. Es kann auch mit leistungsstarkeren Multimedia-Ger\u00e4ten wie drahtlosem Radio, MP3-Player usw. ausgestattet sein; Ausgestattet mit inl\u00e4ndisch renommierten Marken mechanische Federsitze als Standard, kann der Sto\u00dfd\u00e4mpfungskomfort basierend auf dem Fahrer angepasst werden&#8217; H\u00f6he und Gewicht, effektiv das Problem der schlechten Fahrkomfort der starren Federung kompakten Stra\u00dfenfeiger l\u00f6sen. Die Sitze k\u00f6nnen auch mit deutschen GRAMMER Sitzen f\u00fcr bessere Sto\u00dfd\u00e4mpfungsleistung ausgestattet werden.<\/p>\n<ol start=\"4\">\n<li><b><\/b><strong><b>Effizient <\/b><b>C<\/b><b>Kontrolle <\/b><b>S<\/b><b>System<\/b><\/strong><\/li>\n<\/ol>\n<p>Das Steuersystem nimmt eine vollst\u00e4ndige elektrische Fahrzeugstufe Fahrzeugsteuereinheit (VECU) an, die eine starke CAN-Bus-Informationsverarbeitungsf\u00e4higkeit hat. Es hat die Eigenschaften eines guten seismischen Widerstands, hohes Schutzniveau, Widerstand gegen gro\u00dfe Temperaturunterschiede, Widerstand gegen Spannungsschwankungen und kann komplexe Steuerberechnungen realisieren. Es unterst\u00fctzt auch die Verwendung von Vehicle-to-Everything-Terminals zur Fern\u00fcberwachung und Diagnose von Fahrzeugdaten.<\/p>\n<ol start=\"5\">\n<li><b><\/b><strong><b>Null <\/b><b>E<\/b><b>Missionen<\/b><\/strong><\/li>\n<\/ol>\n<p>Das Antriebssystem des gesamten Fahrzeugs nimmt ein Lithium-Eisenphosphatbatteriepack an, das sicher und zuverl\u00e4ssig ist. Die BMS-Managementsteuerung gew\u00e4hrleistet die Stabilit\u00e4t und Sicherheit des Fahrzeugbetriebs und des Ladens. Das Gehsystem verf\u00fcgt \u00fcber eine elektrische Energiefeedback-Funktion, um die Batterie umzuladen, wenn das Fahrzeug bergabw\u00e4rts geht und sich verlangsamt. Mit der einzigartigen Vehicle-to-Everything-Plattform kann sie die Leistungssicherheit des gesamten Fahrzeugs effektiv \u00fcberwachen und Fehler rechtzeitig finden.<\/p>\n<ol start=\"6\">\n<li><b><\/b><strong><b>Zuverl\u00e4ssig <\/b><b>P<\/b><b>\u6027\u80fd<\/b><\/strong><\/li>\n<\/ol>\n<p>Die Hauptkomponenten wie Antriebsmotoren, Steuerungen usw. sind alle inl\u00e4ndisch hergestellte Erstlinienprodukte und hydraulisches Zubeh\u00f6r wird importiert, mit ausgezeichneter Leistung und zuverl\u00e4ssigem Betrieb.<\/p>\n<ol start=\"7\">\n<li><b><\/b><strong><b>Langlebig <\/b><b>M<\/b><b>Material <\/b><b>S<\/b><b>Wahl<\/b><\/strong><\/li>\n<\/ol>\n<p>Die strukturellen Komponenten wie der M\u00fcllbeh\u00e4lterk\u00f6rper, die Saugd\u00fcse und der Saugzylinder sind aus Edelstahlmaterial gefertigt; Der Reinwassertank und verschiedene Operationen, Abdeckteile usw. werden mit einem Dreh- oder Vakuumformverfahren als Ganzes geformt. Leichtes Gewicht, hohe Festigkeit und sch\u00f6nes Aussehen.<\/p>\n<ol start=\"8\">\n<li><b><\/b><strong><b>Alle<\/b><b>Wetter O<\/b><b>Operation<\/b><\/strong><\/li>\n<\/ol>\n<p>Das international bahnbrechende Doppelfiltrationssystem verf\u00fcgt \u00fcber zwei Kehrmodi: Nass und Trocken, mit zwei Konfigurationen, die unterschiedlichen Umgebungen im S\u00fcden und Norden entsprechen. Das Nassreinigungssystem ist f\u00fcr Umgebungen im S\u00fcden geeignet, die das ganze Jahr \u00fcber nicht einfrieren, die Staubreduzierungseffekt von Kehepunktionen verbessern und mehrmals zirkulierendes Wasser verwenden, wodurch Wasserressourcen eingespart und der Betriebsradius von Fahrzeugen erh\u00f6ht werden; Das Trockenreinigungssystem eignet sich f\u00fcr die n\u00f6rdlichen Regionen, die im Winter einfrieren, und nutzt zirkulierende R\u00fcckblastechnologie, um wasserfreies Fegen zu erreichen. Durch die Wahl zweier verschiedener Konfigurationen ist es m\u00f6glich, alle Jahreszeiten und alle Wetterbedingungen zu erreichen.<\/p>\n<ol start=\"9\">\n<li><b><\/b><strong><b>Hoch <\/b><b>L<\/b><b>evel <\/b><b>D<\/b><b>Entladung<\/b><\/strong><\/li>\n<\/ol>\n<p>Die Dumping-Methode des M\u00fcllbeh\u00e4lters dieses Stra\u00dfenfeigers ist ein hohes Selbstdumping, was das M\u00fclldumping sauberer und schneller macht. Unterst\u00fctzt zwei Arten von M\u00fcllentladungsvorg\u00e4ngen: Bodyjogging und drahtlose Fernbedienung, so dass es dem Personal bequem ist, innerhalb einer Reichweite von 20M zu arbeiten.<\/p>\n<ol start=\"10\">\n<li><b><\/b><strong><b>Niedrig <\/b><b>W<\/b><b>Ork <\/b><b>N<\/b><b>oise<\/b><\/strong><\/li>\n<\/ol>\n<p>Der maximale Ger\u00e4uschpegel beim Trockenfeigen betr\u00e4gt nur 68 dBA, w\u00e4hrend der maximale Ger\u00e4uschpegel beim Nassfeigen nur 72 dBA betr\u00e4gt, was weit weniger ist als die Industriestandard-Anforderungen. Der L\u00e4rmpegel f\u00fchrt die gesamte Branche.<\/p>\n<ol start=\"11\">\n<li><b><\/b><strong><b>Effizient <\/b><b>Kehren<\/b><b>ing<\/b><\/strong><\/li>\n<\/ol>\n<p>Die Stra\u00dfenreinigungs- und Saugfunktion ist stark, und der Keheperation kann die B\u00fcrstengeschwindigkeit und die L\u00fcftergeschwindigkeit entsprechend der Stra\u00dfenm\u00fcllsituation frei anpassen, um Strom zu sparen. Eine Ladung kann mehr als 8 Betriebsstunden dauern und eine branchenf\u00fchrende Leistung erzielen.<\/p>\n<p><strong><b>12.Quick <\/b><b>C<\/b><b>h\u00e4ngen <\/b><b>M<\/b><b>Echanismus<\/b><\/strong><\/p>\n<p>Es gibt drei Arten von multifunktionalen Schneeber\u00e4umger\u00e4ten f\u00fcr Stra\u00dfenf\u00fcger: Schneeschaffeln, Schneewalzenb\u00fcrste und Schneebl\u00e4se. Sie k\u00f6nnen schnell die besten Schneeber\u00e4umger\u00e4te entsprechend den Betriebsanforderungen unterschiedlicher Arbeitsbedingungen ersetzen.<\/p>\n<p>I\u3001Schneeschaufel<\/p>\n<p><img decoding=\"async\" class=\"wp-image-2534 alignleft\" src=\"https:\/\/www.haideclean.com\/wp-content\/uploads\/2026\/01\/CHR30MEV-FULL-ELECTRIC-STREET-SWEEPER-5-300x252.png\" alt=\"\" width=\"227\" height=\"191\" srcset=\"https:\/\/www.haideclean.com\/wp-content\/uploads\/2026\/01\/CHR30MEV-FULL-ELECTRIC-STREET-SWEEPER-5-300x252.png 300w, https:\/\/www.haideclean.com\/wp-content\/uploads\/2026\/01\/CHR30MEV-FULL-ELECTRIC-STREET-SWEEPER-5.png 427w\" sizes=\"(max-width: 227px) 100vw, 227px\" \/><\/p>\n<p>&nbsp;<\/p>\n<p>&nbsp;<\/p>\n<p>&nbsp;<\/p>\n<p>&nbsp;<\/p>\n<p>&nbsp;<\/p>\n<p>&nbsp;<\/p>\n<table style=\"border-collapse: collapse; width: 62.4687%; height: 139px;\" border=\"0\" width=\"835\" cellspacing=\"0\" cellpadding=\"0\">\n<tbody>\n<tr style=\"height: 13.50pt;\">\n<td class=\"et2\" style=\"width: 36.7925%; height: 13px;\" width=\"248\">Projekt<\/td>\n<td class=\"et2\" style=\"width: 62.9717%; height: 13px;\" width=\"425\">Parameter<\/td>\n<\/tr>\n<tr style=\"height: 13.50pt;\">\n<td class=\"et4\" style=\"width: 36.7925%; height: 48px;\" rowspan=\"2\" width=\"248\">Schnee schieben Breite<\/td>\n<td class=\"et4\" style=\"width: 62.9717%; height: 24px;\" width=\"425\">30MEV\/50MEV<\/td>\n<\/tr>\n<tr style=\"height: 13.50pt;\">\n<td class=\"et4\" style=\"width: 62.9717%; height: 24px;\" width=\"425\">1500\u339c\/1800mm<\/td>\n<\/tr>\n<tr style=\"height: 13.50pt;\">\n<td class=\"et4\" style=\"width: 36.7925%; height: 13px;\" width=\"248\">Schnee schieben Dicke<\/td>\n<td class=\"et4\" style=\"width: 62.9717%; height: 13px;\" width=\"425\">50-200\u339c<\/td>\n<\/tr>\n<tr style=\"height: 16.00pt;\">\n<td class=\"et4\" style=\"width: 36.7925%; height: 16px;\" width=\"248\">Anwendungsszenario<\/td>\n<td class=\"et4\" style=\"width: 62.9717%; height: 16px;\" width=\"425\">Stra\u00dfenfl\u00e4che, ohne Vorspr\u00fcnge oder Tr\u00fcmmer, relativ flache Stra\u00dfenfl\u00e4che<\/td>\n<\/tr>\n<tr style=\"height: 13.50pt;\">\n<td class=\"et4\" style=\"width: 36.7925%; height: 13px;\" width=\"248\">Schwingwinkel des Schnees dr\u00fcckende Schaufel<\/td>\n<td class=\"et4\" style=\"width: 62.9717%; height: 13px;\" width=\"425\">\u00b120\u00b0<\/td>\n<\/tr>\n<tr style=\"height: 18.00pt;\">\n<td class=\"et4\" style=\"width: 36.7925%; height: 18px;\" width=\"248\">Schneeschaffel Vorteile<\/td>\n<td class=\"et4\" style=\"width: 62.9717%; height: 18px;\" width=\"425\">Einfach, praktisch, zuverl\u00e4ssig und in der Lage, Stra\u00dfen im Schnee schnell zu r\u00e4umen<\/td>\n<\/tr>\n<tr style=\"height: 18.00pt;\">\n<td class=\"et4\" style=\"width: 36.7925%; height: 18px;\" width=\"248\">Anf\u00e4llige Teile<\/td>\n<td class=\"et4\" style=\"width: 62.9717%; height: 18px;\" width=\"425\">Schnee Schaufelblatte<\/td>\n<\/tr>\n<\/tbody>\n<\/table>\n<p>&nbsp;<\/p>\n<p>&nbsp;<\/p>\n<p>II. Schneewalzenb\u00fcrste<\/p>\n<p><img fetchpriority=\"high\" decoding=\"async\" class=\"alignnone size-medium wp-image-2533\" src=\"https:\/\/www.haideclean.com\/wp-content\/uploads\/2026\/01\/CHR30MEV-FULL-ELECTRIC-STREET-SWEEPER-4-300x182.png\" alt=\"\" width=\"300\" height=\"182\" srcset=\"https:\/\/www.haideclean.com\/wp-content\/uploads\/2026\/01\/CHR30MEV-FULL-ELECTRIC-STREET-SWEEPER-4-300x182.png 300w, https:\/\/www.haideclean.com\/wp-content\/uploads\/2026\/01\/CHR30MEV-FULL-ELECTRIC-STREET-SWEEPER-4.png 561w\" sizes=\"(max-width: 300px) 100vw, 300px\" \/><\/p>\n<table style=\"border-collapse: collapse; width: 61.9246%;\" border=\"0\" width=\"835\" cellspacing=\"0\" cellpadding=\"0\">\n<tbody>\n<tr style=\"height: 13.50pt;\">\n<td class=\"et2\" style=\"width: 308px;\" width=\"248\">Projekt<\/td>\n<td class=\"et2\" style=\"width: 526px;\" width=\"425\">Parameter<\/td>\n<\/tr>\n<tr style=\"height: 13.50pt;\">\n<td class=\"et4\" style=\"width: 308px;\" width=\"248\">Rollenb\u00fcrste Breite<\/td>\n<td class=\"et4\" style=\"width: 526px;\" width=\"425\">1480\u339c<\/td>\n<\/tr>\n<tr style=\"height: 13.50pt;\">\n<td class=\"et4\" style=\"width: 308px;\" width=\"248\">Rollenb\u00fcrstendurchmesser<\/td>\n<td class=\"et4\" style=\"width: 526px;\" width=\"425\">470\u339c<\/td>\n<\/tr>\n<tr style=\"height: 33.00pt;\">\n<td class=\"et4\" style=\"width: 308px;\" width=\"248\">Anwendungsszenario<\/td>\n<td class=\"et4\" style=\"width: 526px;\" width=\"425\">Trockener Schnee, nasser Schnee, nasser Schnee, Zucker Schnee<\/td>\n<\/tr>\n<tr style=\"height: 13.50pt;\">\n<td class=\"et4\" style=\"width: 308px;\" width=\"248\">Walzenschneedicke<\/td>\n<td class=\"et4\" style=\"width: 526px;\" width=\"425\">1-100\u339c<\/td>\n<\/tr>\n<tr style=\"height: 33.00pt;\">\n<td class=\"et4\" style=\"width: 308px;\" width=\"248\">Schwingwinkel des Schnees dr\u00fcckende Schaufel<\/td>\n<td class=\"et4\" style=\"width: 526px;\" width=\"425\">\u00b120\u00b0<\/td>\n<\/tr>\n<tr style=\"height: 13.50pt;\">\n<td class=\"et4\" style=\"width: 308px;\" width=\"248\">Rollenb\u00fcrstenmaterial<\/td>\n<td class=\"et4\" style=\"width: 526px;\" width=\"425\">Alle Nylon Borsten<\/td>\n<\/tr>\n<tr style=\"height: 35.00pt;\">\n<td class=\"et4\" style=\"width: 308px;\" width=\"248\">Anwendungsszenario<\/td>\n<td class=\"et4\" style=\"width: 526px;\" width=\"425\">Reinigung der Schneeansammlung in L\u00fccken zwischen Ziegel- und Steinstra\u00dfen, Pflastersteinen, gepflasterten Stra\u00dfen usw.<\/td>\n<\/tr>\n<tr style=\"height: 24.00pt;\">\n<td class=\"et4\" style=\"width: 308px;\" width=\"248\">Anf\u00e4llige Teile<\/td>\n<td class=\"et4\" style=\"width: 526px;\" width=\"425\">Rollenb\u00fcrste Borsten<\/td>\n<\/tr>\n<\/tbody>\n<\/table>\n<p>&nbsp;<\/p>\n<p>III. Schneehift<\/p>\n<p><img decoding=\"async\" class=\"alignnone size-medium wp-image-2532\" src=\"https:\/\/www.haideclean.com\/wp-content\/uploads\/2026\/01\/CHR30MEV-FULL-ELECTRIC-STREET-SWEEPER-3-225x300.png\" alt=\"\" width=\"225\" height=\"300\" srcset=\"https:\/\/www.haideclean.com\/wp-content\/uploads\/2026\/01\/CHR30MEV-FULL-ELECTRIC-STREET-SWEEPER-3-225x300.png 225w, https:\/\/www.haideclean.com\/wp-content\/uploads\/2026\/01\/CHR30MEV-FULL-ELECTRIC-STREET-SWEEPER-3.png 357w\" sizes=\"(max-width: 225px) 100vw, 225px\" \/><\/p>\n<table style=\"border-collapse: collapse; width: 61.9246%;\" border=\"0\" width=\"835\" cellspacing=\"0\" cellpadding=\"0\">\n<tbody>\n<tr style=\"height: 13.50pt;\">\n<td class=\"et2\" style=\"width: 99.881%;\" width=\"425\">Parameter<\/td>\n<\/tr>\n<tr style=\"height: 13.50pt;\">\n<td class=\"et5\" style=\"width: 99.881%;\" width=\"425\">30MEV\/50MEV<\/td>\n<\/tr>\n<tr style=\"height: 13.50pt;\">\n<td class=\"et5\" style=\"width: 99.881%;\" width=\"425\">1250\u339c\/1530\u339c<\/td>\n<\/tr>\n<tr style=\"height: 13.50pt;\">\n<td class=\"et5\" style=\"width: 99.881%;\" width=\"425\">-15\u00b0\uff5e35\u00b0<\/td>\n<\/tr>\n<tr style=\"height: 65.00pt;\">\n<td class=\"et5\" style=\"width: 99.881%;\" width=\"425\">Schneeansammlung, die nicht durch Schneeschaffeln und Schneewalzenb\u00fcrste gereinigt werden kann<\/p>\n<p>Schneeschaffeln und Schneewalzenb\u00fcrste werden verwendet, um Schnee vom Stra\u00dfenrand zu entfernen<\/td>\n<\/tr>\n<tr style=\"height: 13.50pt;\">\n<td class=\"et5\" style=\"width: 99.881%;\" width=\"425\">200-450\u339c<\/td>\n<\/tr>\n<tr style=\"height: 33.00pt;\">\n<td class=\"et5\" style=\"width: 99.881%;\" width=\"425\">\u00b190\u00b0<\/td>\n<\/tr>\n<tr style=\"height: 54.00pt;\">\n<td class=\"et5\" style=\"width: 99.881%;\" width=\"425\">Schnee kann auf beide Seiten der Stra\u00dfe geworfen werden und kann auch mit einem Gabelstapler oder einem kleinen Dreirad transportiert werden<\/td>\n<\/tr>\n<\/tbody>\n<\/table>\n<p><img loading=\"lazy\" decoding=\"async\" class=\"alignnone wp-image-2531\" src=\"https:\/\/www.haideclean.com\/wp-content\/uploads\/2026\/01\/CHR30MEV-FULL-ELECTRIC-STREET-SWEEPER-2-300x171.png\" alt=\"\" width=\"396\" height=\"225\" srcset=\"https:\/\/www.haideclean.com\/wp-content\/uploads\/2026\/01\/CHR30MEV-FULL-ELECTRIC-STREET-SWEEPER-2-300x171.png 300w, https:\/\/www.haideclean.com\/wp-content\/uploads\/2026\/01\/CHR30MEV-FULL-ELECTRIC-STREET-SWEEPER-2-1024x583.png 1024w, https:\/\/www.haideclean.com\/wp-content\/uploads\/2026\/01\/CHR30MEV-FULL-ELECTRIC-STREET-SWEEPER-2-768x438.png 768w, https:\/\/www.haideclean.com\/wp-content\/uploads\/2026\/01\/CHR30MEV-FULL-ELECTRIC-STREET-SWEEPER-2-600x342.png 600w, https:\/\/www.haideclean.com\/wp-content\/uploads\/2026\/01\/CHR30MEV-FULL-ELECTRIC-STREET-SWEEPER-2.png 1262w\" sizes=\"(max-width: 396px) 100vw, 396px\" \/><img loading=\"lazy\" decoding=\"async\" class=\"alignnone size-medium wp-image-2535\" src=\"https:\/\/www.haideclean.com\/wp-content\/uploads\/2026\/01\/CHR30MEV-FULL-ELECTRIC-STREET-SWEEPER-300x225.png\" alt=\"\" width=\"300\" height=\"225\" srcset=\"https:\/\/www.haideclean.com\/wp-content\/uploads\/2026\/01\/CHR30MEV-FULL-ELECTRIC-STREET-SWEEPER-300x225.png 300w, https:\/\/www.haideclean.com\/wp-content\/uploads\/2026\/01\/CHR30MEV-FULL-ELECTRIC-STREET-SWEEPER-1024x768.png 1024w, https:\/\/www.haideclean.com\/wp-content\/uploads\/2026\/01\/CHR30MEV-FULL-ELECTRIC-STREET-SWEEPER-768x576.png 768w, https:\/\/www.haideclean.com\/wp-content\/uploads\/2026\/01\/CHR30MEV-FULL-ELECTRIC-STREET-SWEEPER-600x450.png 600w, https:\/\/www.haideclean.com\/wp-content\/uploads\/2026\/01\/CHR30MEV-FULL-ELECTRIC-STREET-SWEEPER.png 1269w\" sizes=\"(max-width: 300px) 100vw, 300px\" \/><\/p>","protected":false},"excerpt":{"rendered":"<p>Der CHR30MEV vollelektrische multifunktionale Stra\u00dfenfeiger ist ein gelenkliches Spezialchassis, multifunktionaler Kehr- und Saugtyp kompakter Stra\u00dfenfeiger.<\/p>","protected":false},"featured_media":2362,"template":"","meta":[],"product_brand":[],"product_cat":[30],"product_tag":[],"class_list":{"0":"post-2359","1":"product","2":"type-product","3":"status-publish","4":"has-post-thumbnail","6":"product_cat-compact-street-sweepers","8":"first","9":"instock","10":"shipping-taxable","11":"product-type-simple"},"_links":{"self":[{"href":"https:\/\/www.haideclean.com\/de\/wp-json\/wp\/v2\/product\/2359","targetHints":{"allow":["GET"]}}],"collection":[{"href":"https:\/\/www.haideclean.com\/de\/wp-json\/wp\/v2\/product"}],"about":[{"href":"https:\/\/www.haideclean.com\/de\/wp-json\/wp\/v2\/types\/product"}],"wp:featuredmedia":[{"embeddable":true,"href":"https:\/\/www.haideclean.com\/de\/wp-json\/wp\/v2\/media\/2362"}],"wp:attachment":[{"href":"https:\/\/www.haideclean.com\/de\/wp-json\/wp\/v2\/media?parent=2359"}],"wp:term":[{"taxonomy":"product_brand","embeddable":true,"href":"https:\/\/www.haideclean.com\/de\/wp-json\/wp\/v2\/product_brand?post=2359"},{"taxonomy":"product_cat","embeddable":true,"href":"https:\/\/www.haideclean.com\/de\/wp-json\/wp\/v2\/product_cat?post=2359"},{"taxonomy":"product_tag","embeddable":true,"href":"https:\/\/www.haideclean.com\/de\/wp-json\/wp\/v2\/product_tag?post=2359"}],"curies":[{"name":"wp","href":"https:\/\/api.w.org\/{rel}","templated":true}]}}