{"id":2376,"date":"2026-01-07T16:23:22","date_gmt":"2026-01-07T08:23:22","guid":{"rendered":"https:\/\/www.haideclean.com\/?post_type=product&#038;p=2376"},"modified":"2026-03-18T11:47:06","modified_gmt":"2026-03-18T03:47:06","slug":"chd5070zzzqle6-self-loading-and-unloading-garbage-truck","status":"publish","type":"product","link":"https:\/\/www.haideclean.com\/de\/product\/chd5070zzzqle6-self-loading-and-unloading-garbage-truck\/","title":{"rendered":"CHD5070ZZQLE6 Selbstladen und Entladen M\u00fcllwagen"},"content":{"rendered":"<p><strong>Eigenschaften<\/strong><\/p>\n<p>Container: Der K\u00f6rper ist aus hochwertigem Kohlenstoffstahl (hochwertiger Edelstahl kann ausgew\u00e4hlt werden), der Einlass ist mit einer Dichtdecke versiegelt und das \u00d6ffnen und Schlie\u00dfen wird durch einen Hydraulikzylinder gesteuert.<\/p>\n<p>Hintert\u00fcr: \u00f6ffnen und schlie\u00dfen durch zwei Zylinder, sperren Sie die Hintert\u00fcr durch zwei Zylinder, die Hintert\u00fcr ist durch patentierte spezielle Dichtband versiegelt, mit elektromechanisch-hydraulischer Integrationssteuerung, keine Leckage w\u00e4hrend des Gebrauchs und des Fahrzeugreisens.<\/p>\n<p>M\u00fclllademechanismus: 120L, 240L Standard-M\u00fcllbeh\u00e4lter k\u00f6nnen angehoben werden, mit automatischem Sicherheitsverriegelungsmechanismus wird der M\u00fcll im Fass nicht \u00fcberflie\u00dfen oder w\u00e4hrend des Ladeprozesses zur\u00fcckgelassen werden.<\/p>\n<p>Das Hebesystem und das Deckel\u00f6ffnen- und Schlie\u00dfsystem \u00fcbernehmen die Verbindungsfunktion: Wenn der Hebe- und Lademechanismus steigt, \u00f6ffnet sich der Deckel und wenn der Hebe- und Lademechanismus f\u00e4llt, schlie\u00dft sich der Deckel. Vermeiden Sie vollst\u00e4ndig die verborgene Gefahr des M\u00fclldumpings au\u00dferhalb des Faches, die durch den Hubrahmen und den oberen Deckel nicht verbunden ist.<\/p>\n<p>Kompressionsvorrichtung: Der Beh\u00e4lter ist mit einer M\u00fcllkompressionsvorrichtung ausgestattet, die den geladenen M\u00fcll m\u00e4\u00dfig komprimieren kann, die Auslastungsrate des M\u00fcllbeh\u00e4ltervolumens verbessern und auch das Problem l\u00f6sen kann, dass sich der M\u00fcll einfach im Entladehafen aufstapelt, was zum Problem der geringen M\u00fcllladekapazit\u00e4t f\u00fchrt.<\/p>\n<p>Die Schubplatte hat auch die Funktion der automatischen R\u00fcckkehr, brauchen Sie nur die Schubplatte zu bedienen, um den Schalter herauszuschieben, die Schubplatte schiebt in eine bestimmte Position, es wird selbstr\u00fcckw\u00e4rts zur\u00fcckkehren, die Betriebsschwierigkeit verringern, den Betriebskomfort verbessern.<\/p>\n<p>Entladen: Wenn der M\u00fcll im Fach entladen werden muss, kann der Schalter manipuliert werden, um die Hintert\u00fcr zu \u00f6ffnen, so dass der Fach aufgehoben werden kann und der M\u00fcll aus dem Fach in den Entladungsbecken geworfen werden kann.<\/p>\n<p>Betriebssystem: Der Steuerteil jeder Funktion des Fahrzeugs ist auf der rechten Seite des Fahrzeugs konzentriert. Jede Funktion wird durch den entsprechenden Steuergriff gesteuert.<\/p>\n<p>Die Hauptteile des Hydrauliksystems nehmen die Produkte ber\u00fchmter Marken an.<\/p>\n<p>Beide Seiten der Hintert\u00fcr verf\u00fcgen \u00fcber Sicherheitsvorrichtungen. Wenn die T\u00fcr zum Betrieb ge\u00f6ffnet wird, wird der Sicherheitsrahmen der Hintert\u00fcr abgesenkt, wodurch Sicherheitsunf\u00e4lle durch Fehlbetrieb des Bedieners vermieden werden.<\/p>","protected":false},"excerpt":{"rendered":"<p>CHD5070ZZZQLE6 selbstladender und entladender M\u00fcllwagen, der von Yantai Haide Special Vehicle Co., Ltd. hergestellt wird, ist eine neue Art von Produkt, die auf der Grundlage des Chassis QL1073BUHACY entwickelt und entwickelt wurde, das von Qingling Motors Company Limited hergestellt wird, und seine Emission erreicht den Euro VI-Standard, der dem Umweltschutz g\u00fcnstiger ist. Es ist eine gro\u00dfe Kapazit\u00e4t, hohe Effizienz, keine Leckage, hoher Grad an Automatisierung, umweltfreundliche Wohnm\u00fcllsammlung und Transportausr\u00fcstung, weit verbreitet in der Gemeinde, Hotels, Kantinen, Wohnm\u00fcll, K\u00fcchenm\u00fcll und anderen Sammlung und Transport.<\/p>","protected":false},"featured_media":2405,"template":"","meta":[],"product_brand":[],"product_cat":[28],"product_tag":[],"class_list":{"0":"post-2376","1":"product","2":"type-product","3":"status-publish","4":"has-post-thumbnail","6":"product_cat-waste-collection-transport","8":"first","9":"instock","10":"shipping-taxable","11":"product-type-simple"},"_links":{"self":[{"href":"https:\/\/www.haideclean.com\/de\/wp-json\/wp\/v2\/product\/2376","targetHints":{"allow":["GET"]}}],"collection":[{"href":"https:\/\/www.haideclean.com\/de\/wp-json\/wp\/v2\/product"}],"about":[{"href":"https:\/\/www.haideclean.com\/de\/wp-json\/wp\/v2\/types\/product"}],"wp:featuredmedia":[{"embeddable":true,"href":"https:\/\/www.haideclean.com\/de\/wp-json\/wp\/v2\/media\/2405"}],"wp:attachment":[{"href":"https:\/\/www.haideclean.com\/de\/wp-json\/wp\/v2\/media?parent=2376"}],"wp:term":[{"taxonomy":"product_brand","embeddable":true,"href":"https:\/\/www.haideclean.com\/de\/wp-json\/wp\/v2\/product_brand?post=2376"},{"taxonomy":"product_cat","embeddable":true,"href":"https:\/\/www.haideclean.com\/de\/wp-json\/wp\/v2\/product_cat?post=2376"},{"taxonomy":"product_tag","embeddable":true,"href":"https:\/\/www.haideclean.com\/de\/wp-json\/wp\/v2\/product_tag?post=2376"}],"curies":[{"name":"wp","href":"https:\/\/api.w.org\/{rel}","templated":true}]}}