{"id":2386,"date":"2026-01-07T16:23:08","date_gmt":"2026-01-07T08:23:08","guid":{"rendered":"https:\/\/www.haideclean.com\/?post_type=product&#038;p=2386"},"modified":"2026-04-10T14:22:12","modified_gmt":"2026-04-10T06:22:12","slug":"chr31m-multi-functional-vacuum-street-sweeper","status":"publish","type":"product","link":"https:\/\/www.haideclean.com\/de\/product\/chr31m-multi-functional-vacuum-street-sweeper\/","title":{"rendered":"CHR31M Multifunktionale Vacuum Street Sweeper"},"content":{"rendered":"<p>1\u3001Komplette hydraulische Leistungs\u00fcbertragung, alle Aktion kann in der Kabine betrieben werden.<\/p>\n<p>2\u3001Die Kabine besteht haupts\u00e4chlich aus Glas, das Sichtfeld ist offen, hat Klimaanlage, ger\u00e4umig und komfortabel.<\/p>\n<p>3\u3001Der Rahmen besteht aus zwei Teilen, die durch Scharnier verbunden sind, das Design ist geeignet und das Drehen des gesamten Fahrzeugs ist sehr flexibel.<\/p>\n<p>4\u3001Komplette hydraulische Drehmechanismus, stufenlose Geschwindigkeits\u00e4nderung.<\/p>\n<p>5, fegen Art: die beiden B\u00fcrsten sind in der Vorderseite des Fahrzeugs, der Saugompfang ist in der Mitte, so dass die B\u00fcrsten M\u00fcll zu Saugompfang erfolgreich fegen k\u00f6nnen.<\/p>\n<p>6, Saugm\u00f6glichkeit: es nimmt das Filtrieren von kreisf\u00f6rmiger Abluft an, wenn die Luft aus dem Gebl\u00e4se durch Trockenfiltersystem gefiltert wird, dann kehrt es zum Saughafen f\u00fcr die Umkehrblasenutzung, hohe Effizienz, Umweltschutz und geringe Wiederverschmutzung zur\u00fcck.<\/p>\n<p>7\u3001Der Kehrmaschine ist mit 170L sauberem Wassertank ausgestattet, drehen Sie die D\u00fcse an, die sich auf dem B\u00fcrstenhalter befindet, um Staub mit Bew\u00e4sserung zu reduzieren. Es wird ge\u00f6ffnet, um Staub zu reduzieren, wenn Sie im speziellen Arbeitsbereich fegen und Staub fegen.<\/p>\n<p>8\u3001Der gesammelte M\u00fcll wird in den 500L M\u00fclleimer transportiert. Das Hubregal, das durch Hydraulik gesteuert wird, kann den M\u00fclleimer einfach und ruhig auf den Boden fallen lassen. Die Operation ist bequem.<\/p>","protected":false},"excerpt":{"rendered":"<p>CHR31M Sweeper nimmt einzelnen Motor und Fahren durch komplette Hydraulik, es wird mit fortschrittlicher Technologie von ber\u00fchmtem Unternehmen hergestellt.<\/p>","protected":false},"featured_media":2387,"template":"","meta":[],"product_brand":[],"product_cat":[30,29],"product_tag":[],"class_list":{"0":"post-2386","1":"product","2":"type-product","3":"status-publish","4":"has-post-thumbnail","6":"product_cat-compact-street-sweepers","7":"product_cat-winter-snow-removal-equipment","9":"first","10":"instock","11":"shipping-taxable","12":"product-type-simple"},"_links":{"self":[{"href":"https:\/\/www.haideclean.com\/de\/wp-json\/wp\/v2\/product\/2386","targetHints":{"allow":["GET"]}}],"collection":[{"href":"https:\/\/www.haideclean.com\/de\/wp-json\/wp\/v2\/product"}],"about":[{"href":"https:\/\/www.haideclean.com\/de\/wp-json\/wp\/v2\/types\/product"}],"wp:featuredmedia":[{"embeddable":true,"href":"https:\/\/www.haideclean.com\/de\/wp-json\/wp\/v2\/media\/2387"}],"wp:attachment":[{"href":"https:\/\/www.haideclean.com\/de\/wp-json\/wp\/v2\/media?parent=2386"}],"wp:term":[{"taxonomy":"product_brand","embeddable":true,"href":"https:\/\/www.haideclean.com\/de\/wp-json\/wp\/v2\/product_brand?post=2386"},{"taxonomy":"product_cat","embeddable":true,"href":"https:\/\/www.haideclean.com\/de\/wp-json\/wp\/v2\/product_cat?post=2386"},{"taxonomy":"product_tag","embeddable":true,"href":"https:\/\/www.haideclean.com\/de\/wp-json\/wp\/v2\/product_tag?post=2386"}],"curies":[{"name":"wp","href":"https:\/\/api.w.org\/{rel}","templated":true}]}}