{"id":2396,"date":"2026-01-07T16:24:51","date_gmt":"2026-01-07T08:24:51","guid":{"rendered":"https:\/\/www.haideclean.com\/?post_type=product&#038;p=2396"},"modified":"2026-03-19T11:53:47","modified_gmt":"2026-03-19T03:53:47","slug":"chr42m-diesel-street-sweeper","status":"publish","type":"product","link":"https:\/\/www.haideclean.com\/de\/product\/chr42m-diesel-street-sweeper\/","title":{"rendered":"CHR42M Diesel Stra\u00dfenfeiger"},"content":{"rendered":"<p><strong>Eigenschaften<\/strong><strong>:<\/strong><\/p>\n<p>1) Es ist mit einer einzigartigen Zweiwegscharnierstruktur in der Mitte konzipiert, so dass die vorderen und hinteren Rahmen in den beiden Richtungen von Drehen und Lenken schwenken k\u00f6nnen, und der Lenkbetrieb flexibel ist und der Drehradius klein ist.<\/p>\n<p>2) Der Fahrerraum verf\u00fcgt \u00fcber eine Panoramaglaskonstruktion f\u00fcr eine hervorragende Rundumsicht bei der Bedienung.<\/p>\n<p>3) Komfortable Fahrumgebung, ausgestattet mit Funk, Geschwindigkeitsregelungsfunktion, elektronische stufenlose Geschwindigkeitsregelungsfunktion, kann der Fahrer das Fahrzeug leichter und bequemer fahren.<\/p>\n<p>4) Ausgezeichnetes elektrisches Steuersystem:<\/p>\n<p>\u2606  Das gesamte Fahrzeug wird digital von einer Steuerung gesteuert, die sich durch gute Seismikbest\u00e4ndigkeit und hohes Schutzniveau auszeichnet.<\/p>\n<p>\u2606  Alle Reinigungsma\u00dfnahmen k\u00f6nnen durch Dr\u00fccken einer Taste realisiert werden.<\/p>\n<p>\u2606  Die B\u00fcrstengeschwindigkeit kann schrittlos entsprechend den Betriebsanforderungen eingestellt werden.<\/p>\n<p>\u2606  Es ist mit einem 7-Zoll-LCD-Monitor ausgestattet, der den Arbeitszustand des Fahrzeugs jederzeit beobachten und ein Umkehrbild liefern kann.<\/p>\n<p>5\uff09Stabiles Antriebs- und Fahrsystem:<\/p>\n<p>\u2606  Vierrad-Antrieb und Zweirad-Frontantrieb k\u00f6nnen geschaltet werden, um die Anforderungen des Fahrens und Kletterns zu erf\u00fcllen;<\/p>\n<p>\u2606  Die einzigartige Anti-Rutschfunktion kann die Selbst-Extraktion von R\u00e4dern aus dem Rutschen im Winterschneeentfernungsbetrieb realisieren;<\/p>\n<p>6\uff09Hochspannungsentladung<\/p>\n<p>\u2606  Der Beh\u00e4lter besteht aus hochwertigem Edelstahl, der nicht nur korrosionsbest\u00e4ndig ist, sondern auch von hoher Festigkeit.<\/p>\n<p>\u2606  Hohes Selbstdumping reduziert die Arbeitsintensit\u00e4t des Bedieners, wodurch es sehr bequem ist, M\u00fcll zu deponieren und die gesamte Maschine zu reinigen und zu pflegen.<\/p>\n<p>7) Selbstreinigungsfunktion<\/p>\n<p>\u2606  Es ist mit einer Waschwasserpumpe ausgestattet, die sauberes Hochdruckwasser liefern kann.<\/p>\n<p>8) Handgehaltener Saugschlauch: Ausgestattet mit Verl\u00e4ngerungs handgehaltenem ziehbarem Stroh, der f\u00fcr die Staubsammlung in gr\u00fcnen G\u00fcrteln und anderen Orten verwendet werden kann.<\/p>\n<p>9) Notfallsystem<\/p>\n<p>\u2606 Im Fahrerhaus ist ein tragbares Feuerl\u00f6scher zur Bew\u00e4ltigung von Notf\u00e4llen vorhanden.<\/p>\n<p>\u2606  Nothand\u00f6lpumpe ist ausgestattet, um den M\u00fclleimer zur Fehlerbehebung zu heben, wenn das Hydrauliksystem ausf\u00e4llt.<\/p>\n<p>\u2606  Der Motor-Notstandsschalter ist in der Kabine ausgestattet.<\/p>\n<p>\u2606  Maschinenfahrzeug Kraft Notstandsschalter ist ausgestattet.<\/p>","protected":false},"excerpt":{"rendered":"<p>CHR42M Stra\u00dfenfeiger ist ein multifunktionaler Stra\u00dfenfeiger mit einer speziellen Fahrwerksstruktur, die verschiedene funktionelle Zubeh\u00f6r ersetzen kann. Dieser Stra\u00dfenfeiger \u00fcbernimmt das fortschrittliche Designkonzept von Fahrzeugplattform und modularem funktionellem Zubeh\u00f6r, das schnell zwischen Funktionen ohne Werkzeuge wechseln kann. Die gesamte Maschine wird von einem originalen importierten Yangma-Dieselmotor angetrieben, und alle Operationen werden gemeinsam durch die mechanische Struktur, das elektrische System und das Hydrauliksystem abgeschlossen.<\/p>","protected":false},"featured_media":2397,"template":"","meta":[],"product_brand":[],"product_cat":[30,29],"product_tag":[],"class_list":{"0":"post-2396","1":"product","2":"type-product","3":"status-publish","4":"has-post-thumbnail","6":"product_cat-compact-street-sweepers","7":"product_cat-winter-snow-removal-equipment","9":"first","10":"instock","11":"shipping-taxable","12":"product-type-simple"},"_links":{"self":[{"href":"https:\/\/www.haideclean.com\/de\/wp-json\/wp\/v2\/product\/2396","targetHints":{"allow":["GET"]}}],"collection":[{"href":"https:\/\/www.haideclean.com\/de\/wp-json\/wp\/v2\/product"}],"about":[{"href":"https:\/\/www.haideclean.com\/de\/wp-json\/wp\/v2\/types\/product"}],"wp:featuredmedia":[{"embeddable":true,"href":"https:\/\/www.haideclean.com\/de\/wp-json\/wp\/v2\/media\/2397"}],"wp:attachment":[{"href":"https:\/\/www.haideclean.com\/de\/wp-json\/wp\/v2\/media?parent=2396"}],"wp:term":[{"taxonomy":"product_brand","embeddable":true,"href":"https:\/\/www.haideclean.com\/de\/wp-json\/wp\/v2\/product_brand?post=2396"},{"taxonomy":"product_cat","embeddable":true,"href":"https:\/\/www.haideclean.com\/de\/wp-json\/wp\/v2\/product_cat?post=2396"},{"taxonomy":"product_tag","embeddable":true,"href":"https:\/\/www.haideclean.com\/de\/wp-json\/wp\/v2\/product_tag?post=2396"}],"curies":[{"name":"wp","href":"https:\/\/api.w.org\/{rel}","templated":true}]}}