{"id":2404,"date":"2026-01-07T16:30:07","date_gmt":"2026-01-07T08:30:07","guid":{"rendered":"https:\/\/www.haideclean.com\/?post_type=product&#038;p=2404"},"modified":"2026-03-18T11:36:27","modified_gmt":"2026-03-18T03:36:27","slug":"chr51m-multi-functional-road-sweeper","status":"publish","type":"product","link":"https:\/\/www.haideclean.com\/de\/product\/chr51m-multi-functional-road-sweeper\/","title":{"rendered":"CHR51M Multifunktionale Stra\u00dfenfeiger"},"content":{"rendered":"<h3><strong><b>Produkt Highlights<\/b><\/strong><\/h3>\n<ul>\n<li><strong>Eine Maschine mit mehreren Funktionen<\/strong><\/li>\n<\/ul>\n<p>Die Reinigungsfunktion, Bodenwaschfunktion, Hochdrucksp\u00fclfunktion, Schneeschubfunktion, Schneefegefunktion und Schneehobefunktion k\u00f6nnen durch den Austausch des vorderen funktionellen Zubeh\u00f6rs erreicht werden.<\/p>\n<ul>\n<li><strong>Komfortkabine<\/strong><\/li>\n<\/ul>\n<p>Die Kabine \u00fcbernimmt ein ergonomisches Gesamtlayout-Design, Panorama-Glasstruktur, h\u00e4ngende Sitze, Radialreifen, Multimedia-System, vollhydraulisches Lenkrad, ein Knopfbedienungssystem, Reverse Imaging-System, Temporentrollsystem und hydrostatisches Bremssystem, was die Sicherheit und den Komfort des Fahrens gew\u00e4hrleistet.<\/p>\n<ul>\n<li><strong>Die Kapazit\u00e4t ist gro\u00df.<\/strong><\/li>\n<\/ul>\n<p>Der Motor nimmt einen 67 kW Qingling Turboladenen Dieselmotor mit hoher Leistung an;<\/p>\n<p>K\u00f6rpervolumen 1,9 m\u00b3, gro\u00dfe Kapazit\u00e4t;<\/p>\n<p>Die Menge an zirkulierendem Wasser zur Staubenreduktion kann 40L\/min erreichen, mit einer gro\u00dfen Menge an Staubenreduktionswasser;<\/p>\n<ul>\n<li><strong>Zuverl\u00e4ssige Leistung<\/strong><\/li>\n<\/ul>\n<p>Die Hauptkomponenten der gesamten Maschine, wie der Motor, die variable Verdr\u00e4ngungspumpe, der Gehmotor und die Lenkung, werden von internationalen erstklassigen Marken mit \u00fcberlegener Leistung und zuverl\u00e4ssiger Qualit\u00e4t importiert.<\/p>\n<ul>\n<li><strong>Effizienter Betrieb<\/strong><\/li>\n<\/ul>\n<p>Das Reinigungssystem der gesamten Maschine nimmt ein Front-End-Layout-Design an, das zur Gew\u00e4hrleistung der Arbeitsqualit\u00e4t und Effizienz beitr\u00e4gt;<\/p>\n<p>Das Kehsystem ist mit einer schwimmenden B\u00fcrstenarmenstruktur ausgestattet, die entsprechend den Stra\u00dfenbedingungen eingestellt werden kann;<\/p>\n<p>Das Hauptstaubenreduktionssystem im Staubenreduktionssystem nimmt ein einzigartiges hochstr\u00f6mendes zirkulierendes Staubenreduktionswassersystem zur Staubenreduktion an, w\u00e4hrend das Sekund\u00e4rstaubenreduktionssystem ein B\u00fcrste-4-D\u00fcsenstaubenreduktionssystem verwendet;<\/p>\n<p>Der Ventilator des Saugsystems nimmt einen Zentrifugalventilator mit einer breiten und effizienten Fl\u00e4che durch mehrere CAE-Simulationen optimiert, kombiniert mit einem Durchmesser von 200 mm gro\u00dfem Durchmesser Saugrohr kann effektiv die Saugqualit\u00e4t gew\u00e4hrleisten.<\/p>\n<h3><strong><b>Leistungsmerkmale<\/b><\/strong><\/h3>\n<p><strong><b>1.<\/b><b>Gro\u00dfe Kapazit\u00e4t M\u00fclleimer<\/b><\/strong><\/p>\n<p>Der M\u00fcllbeh\u00e4lter besteht aus hochwertigem Edelstahlmaterial mit einem Volumen von 1,9 m\u00b3, Eigenhydraulisches Heben und Entladen f\u00e4hig.<\/p>\n<p><strong><b>2.<\/b><b>Starke Kraft<\/b><\/strong><\/p>\n<p>Das gesamte Fahrzeug wird von einem 67 kW Qingling Turboladenen Dieselmotor angetrieben, mit ausgezeichneter Leistung und zuverl\u00e4ssiger Qualit\u00e4t.<\/p>\n<p><strong><b>3.<\/b><b>Effizientes Saugsystem<\/b><\/strong><\/p>\n<p>Die Struktur des Saugbl\u00fcfters wurde mehrmals durch CAE-Simulation optimiert, so dass er eine breite Palette von hoher Effizienz aufweist und es dem L\u00fcfter erm\u00f6glicht, bei unterschiedlichen Geschwindigkeitsanforderungen effizient zu arbeiten.<\/p>\n<p>Der Saugompfang ist mit einem Luftstr\u00f6mungsst\u00f6rmechanismus und einer Luftstr\u00f6mungseinstellungsvorrichtung ausgestattet, die es dem Saugstrom erm\u00f6glicht, den an der Stra\u00dfenoberfl\u00e4che befestigten Staub schnell zu r\u00fchren, den Eintritt in den Saugompfang zu beschleunigen, die Saugeeffizienz zu gew\u00e4hrleisten und die Arbeitseffizienz erheblich zu verbessern.<\/p>\n<p><strong><b>4.<\/b><b>Leistungsstarkes Staubd\u00e4mpfungssystem<\/b><\/strong><\/p>\n<p>Das Hauptstaubd\u00e4mpfungssystem verwendet selbstflie\u00dfendes Zirkulationswasser mit einem Durchfluss von bis zu 40L\/min zur Staubd\u00e4mpfung. Das zirkulierende Wasser in der Box flie\u00dft automatisch zur Saug\u00f6ffnung. Unter der Wirkung des Jetstroms wird es vollst\u00e4ndig mit dem angesaugten Staub im Saugrohr kombiniert, um Staubunterdr\u00fcckung zu erreichen; Das Wasser, das nicht an der Kombination beteiligt ist, durchl\u00e4uft einen speziellen Filter auf der Seitenplatte der Box, flie\u00dft dann zur\u00fcck zur Saug\u00f6ffnung, um an der Staubenreduktion teilzunehmen und wird wiederverwendet. Im Vergleich zu anderen Spr\u00fchstaubenreduktionsmethoden ist die Wassermenge, die bei der Staubenreduktion involviert ist, gr\u00f6\u00dfer und der Staubenreduktionseffekt ist besser; W\u00e4hrend des Staubenreduktionsprozesses entsteht kein zus\u00e4tzlicher Verbrauch von sauberem Wasser aus dem Bordwassertank, was die Betriebszeit des gesamten Fahrzeugs verl\u00e4ngert und den Betriebsradius des Fahrzeugs erh\u00f6ht.<\/p>\n<p>Die vier \u00fcber der B\u00fcrste installierten Staubreduzierungsd\u00fcsen k\u00f6nnen Staub w\u00e4hrend des Reinigungsprozesses unterdr\u00fccken und der Fahrer kann die Spr\u00fchmenge schrittlos entsprechend den Stra\u00dfenbedingungen einstellen.<\/p>\n<p><strong><b>5.<\/b><b>Ein Fahrer&#8217; s Kabine mit weitem Blick<\/b><\/strong><\/p>\n<p>Der Fahrer&#8217; s Kabine nimmt eine Panorama-Glasstruktur an, die eine breite Sicht auf die Arbeit bietet und visuelle Totflecken w\u00e4hrend des Betriebs beseitigt, was zur Sicherstellung der Arbeitsqualit\u00e4t f\u00f6rderlicher ist; Gleichzeitig ist das gesamte Glas mit einem Solarfilm beschichtet, der in hei\u00dfen Sommern eine gute Isolierung bieten kann und verhindert, dass Glas platzt, wenn es von harten Gegenst\u00e4nden getroffen wird, was die Sicherheit des Fahrers gew\u00e4hrleistet.<\/p>\n<p><strong><b>6.<\/b><b>Stabile Leistung<\/b><\/strong><\/p>\n<p>Die Hauptkomponenten des Hydrauliksystems sind alle aus international renommierten Markenprodukten hergestellt, wie z.B. die Wanderpumpe von Linde in Deutschland, der Wandermotor von Poclain in Frankreich, das Hydrauliklenkgetriebe von Danfoss in D\u00e4nemark und der Filter von Hydac in Deutschland.<\/p>\n<p><strong><b>7.<\/b><b>Einfacher Betriebsprozess<\/b><\/strong><\/p>\n<p>Ein Klickvorgang, der eine Reihe von Aktionen beinhaltet, wie das Senken des Reinigungsger\u00e4tes, das automatische Schwenken der B\u00fcrste nach au\u00dfen, das Senken der Saug\u00f6ffnung, das \u00d6ffnen der Staubd\u00e4mpfungswasserpumpe und das \u00d6ffnen des L\u00fcfters. Ebenso kann die Aktion des Abschlusses der Hausaufgaben auch mit einem Knopf erreicht werden.<\/p>\n<p>Die Geschwindigkeit der B\u00fcrste und die Geschwindigkeit des L\u00fcfters k\u00f6nnen stufenlos entsprechend den Betriebsbedingungen eingestellt werden;<\/p>\n<p>Ausgestattet mit einem Cruise Control-System, gew\u00e4hrleistet es nicht nur den Reinigungseffekt, sondern befreit auch den Fahrer&#8217; F\u00fc\u00dfe und reduziert die Arbeitsintensit\u00e4t.<\/p>\n<p><strong><b>8.<\/b><b>Fahrzeugzustands\u00fcberwachungssystem<\/b><\/strong><\/p>\n<p>Das gesamte Fahrzeug ist mit einem 7-Zoll-Display ausgestattet, der den Betriebsstatus und die Alarminformationen des Fahrzeugs in Echtzeit anzeigen kann; Ausgestattet mit einer Backend-Erkennungsplattform kann es die Ursache von Fehlern im gesamten Fahrzeug schnell erkennen.<\/p>\n<p><strong><b>9.<\/b><b>Komfortable Fahrumgebung<\/b><\/strong><\/p>\n<p>Mit CD-Player ausgestattet, sodass der Fahrer die Reinigungsarbeiten bequem durchf\u00fchren kann.<\/p>\n<p>Ausgestattet mit Split Struktur Klimaanlage und Heizung, und mit mehreren Getrieben ausgestattet, so dass der Fahrer das Fahrzeug bequemer zu fahren;<\/p>\n<p>Ausgestattet mit GRAMMER Federsitzen aus Deutschland, kann es die Pufferkraft entsprechend dem Fahrer anpassen&#8217; s Gewicht, die Verbesserung des Fahrers&#8217; Komfort;<\/p>\n<p>Ausgestattet mit einem farbigen R\u00fcckbild, was es sicherer f\u00fcr Fahrer macht, das Fahrzeug zu fahren;<\/p>\n<p>Ausgestattet mit einem beheizten gro\u00dfen R\u00fccksichtsspiegel, um sicherzustellen, dass der Fahrer&#8217; Fahrsicherheit;<\/p>\n<p>Der Fahrer&#8217; Die Kabine ist mit einer doppelseitigen T\u00fcrdesign ausgestattet, die es dem Fahrer erleichtert, je nach Situation ein- und auszusteigen.<\/p>\n<p><strong><b>10.<\/b><b>Zuverl\u00e4ssiges Bremssystem<\/b><\/strong><\/p>\n<p>Das Bremssystem besteht aus drei Teilen: Betriebsbremse, Notbremse und Parkbremse. Die Betriebsbremsung wird durch die Anti-Drag-Bremseigenschaften einer durch hydrostatischen Druck angetriebenen geschlossenen Schleife erreicht; Notbremsung wird durch hydraulische Bremsung mit den Vorderradbremsen erreicht; Die Parkbremse wird durch den Gehmotor mit starker mechanischer Bremsung erreicht. Das zuverl\u00e4ssige Bremssystem gew\u00e4hrleistet die Betriebssicherheit.<\/p>\n<p><strong><b>11.<\/b><b>Hochintegriertes Steuersystem<\/b><\/strong><\/p>\n<p>Das gesamte Fahrzeug wird durch ein CAN-Bussystem gesteuert, und der verwendete Controller hat die Eigenschaften einer guten seismischen Widerstandsf\u00e4higkeit, eines hohen Schutzniveaus, Widerstandsf\u00e4higkeit gegen gro\u00dfe Temperaturunterschiede, Spannungsschwankungen und die F\u00e4higkeit, komplexe Steuerberechnungen zu erreichen. Es verf\u00fcgt \u00fcber mehrere Funktionen wie Selbstdiagnose, Fr\u00fchwarnverarbeitung, Fehleranalyse und Betriebsaufnahme, was es zur optimalen Wahl f\u00fcr die elektrische Steuerung von mobilen Fahrzeugen ohne Stra\u00dfe macht.<\/p>\n<p><strong>12. Multifunktionsplattform<\/strong><\/p>\n<p>Das gesamte Fahrzeug ist ein multifunktionales Plattformprodukt, das mehrere Anwendungen f\u00fcr eine Maschine erreichen kann. Die Reinigungsfunktion, Schneefeifunktion, Bodenwaschfunktion und Hochdrucksp\u00fclfunktion k\u00f6nnen durch den Austausch des vorderen funktionellen Zubeh\u00f6rs erreicht werden.<\/p>","protected":false},"excerpt":{"rendered":"<p>Der CHR51M Multifunktionsfeiger ist ein Diesel-angetriebener, integrierter Rahmen-Kehrmaschine, die von Shandong Howe Technologies Co., Ltd. hergestellt wird. Aufbauend auf dem Erbe des Kehrmaschines \"Street Sweeping Emperor\" - ein Modell mit \u00fcber 20 Jahren Produktionsgeschichte - erbt er die Kernkomponenten&#8217; au\u00dfergew\u00f6hnliche Leistung, stabile Qualit\u00e4t und hohe Betriebseffizienz. Dieses Modell wurde durch die Integration moderner Industriedesignkonzepte und Hongrui Group&#8217; s Signatur Familienelemente.<\/p>","protected":false},"featured_media":2412,"template":"","meta":[],"product_brand":[],"product_cat":[30,29],"product_tag":[],"class_list":{"0":"post-2404","1":"product","2":"type-product","3":"status-publish","4":"has-post-thumbnail","6":"product_cat-compact-street-sweepers","7":"product_cat-winter-snow-removal-equipment","9":"first","10":"instock","11":"shipping-taxable","12":"product-type-simple"},"_links":{"self":[{"href":"https:\/\/www.haideclean.com\/de\/wp-json\/wp\/v2\/product\/2404","targetHints":{"allow":["GET"]}}],"collection":[{"href":"https:\/\/www.haideclean.com\/de\/wp-json\/wp\/v2\/product"}],"about":[{"href":"https:\/\/www.haideclean.com\/de\/wp-json\/wp\/v2\/types\/product"}],"wp:featuredmedia":[{"embeddable":true,"href":"https:\/\/www.haideclean.com\/de\/wp-json\/wp\/v2\/media\/2412"}],"wp:attachment":[{"href":"https:\/\/www.haideclean.com\/de\/wp-json\/wp\/v2\/media?parent=2404"}],"wp:term":[{"taxonomy":"product_brand","embeddable":true,"href":"https:\/\/www.haideclean.com\/de\/wp-json\/wp\/v2\/product_brand?post=2404"},{"taxonomy":"product_cat","embeddable":true,"href":"https:\/\/www.haideclean.com\/de\/wp-json\/wp\/v2\/product_cat?post=2404"},{"taxonomy":"product_tag","embeddable":true,"href":"https:\/\/www.haideclean.com\/de\/wp-json\/wp\/v2\/product_tag?post=2404"}],"curies":[{"name":"wp","href":"https:\/\/api.w.org\/{rel}","templated":true}]}}