{"id":2427,"date":"2026-01-07T16:35:42","date_gmt":"2026-01-07T08:35:42","guid":{"rendered":"https:\/\/www.haideclean.com\/?post_type=product&#038;p=2427"},"modified":"2026-03-19T13:59:58","modified_gmt":"2026-03-19T05:59:58","slug":"chr42mhev-full-electric-multi-functional-road-sweeper","status":"publish","type":"product","link":"https:\/\/www.haideclean.com\/de\/product\/chr42mhev-full-electric-multi-functional-road-sweeper\/","title":{"rendered":"CHR42MHEV Voll elektrischer multifunktionaler Stra\u00dfenfeiger"},"content":{"rendered":"<h3><strong><b>Produkt Highlights<\/b><\/strong><\/h3>\n<ul>\n<li>Mehrere Funktion in einer Maschine<\/li>\n<\/ul>\n<p>Durch den Austausch der vorderen Funktionsanbefestigungen oder Hakenanbefestigungen hinter dem Fahrzeug kann es die Feigen, Bodenreinigung, die dritte B\u00fcrste, den Schneeplug, das Schneefegen, das Schneeblasen und die Ausbreitungsfunktionen realisieren.<\/p>\n<ul>\n<li><strong>Komfortable Fahrkabine<\/strong><\/li>\n<\/ul>\n<p>Die Kabine nimmt ergonomisches Gesamtlayout-Design, Panorama-Glasstruktur Kabine, Federsitze, Radialreifen, Multimedia-System, Lenkrad Vollhydraulik Lenkung, Ein-Klick-Betriebssystem, Umkehr-Video-System, Temporensystem, hydraulisches Bremssystem, Vierrad-Antrieb-System und Antrieb Anti-Rutsch-System, etc., um die Sicherheit und den Komfort des Fahrens zu gew\u00e4hrleisten.<\/p>\n<ul>\n<li><strong>Zuverl\u00e4ssige Leistung<\/strong><\/li>\n<\/ul>\n<p>Die Hauptkomponenten der gesamten Maschine, wie Kraftbatteriepakete, Gehmotoren, Lenker, Antriebseinheiten, Motoren und Hydraulikventilgruppen, verwenden inl\u00e4ndische internationale First-Tier-Markenprodukte mit ausgezeichneter Leistung und zuverl\u00e4ssiger Qualit\u00e4t.<\/p>\n<ul>\n<li><strong>Hohe Effizienz<\/strong><\/li>\n<\/ul>\n<p>Das Reinigungssystem der gesamten Maschine nimmt ein Frontlayout-Design an, das zur Sicherstellung der Qualit\u00e4t und Effizienz des Betriebs f\u00f6rdert;<\/p>\n<p>Das Kehsystem ist mit einer aufgeh\u00e4ngten B\u00fcrstenarmstruktur ausgebildet, die entsprechend den Stra\u00dfenbedingungen verstellbar ist;<\/p>\n<p>Das Hauptstaubenreduktionssystem im Staubenreduktionssystem verwendet ein einzigartiges gro\u00dfstr\u00f6mendes kreisf\u00f6rmiges Staubenreduktionssystem zur Staubenreduktion. Das Staubenreduktionssystem verwendet eine B\u00fcrste 4 D\u00fcsen Staubenreduktion und gro\u00dfe Durchstr\u00f6mung des Mundes zur Spr\u00fchung der Staubenreduktion;<\/p>\n<p>Die Ventilatoren des Pumpensystems sind Zentrifugalventilatoren mit einer breiten und hohen Effizienzzone, die durch viele CAE-Simulationen optimiert werden und in Kombination mit einem gro\u00dfen Schaltungsabsaugrohr mit einem Durchmesser von 180 mm, was der Saugqualit\u00e4t zugute kommen kann.<\/p>\n<h3><strong><b>Leistungsmerkmale<\/b><\/strong><\/h3>\n<p><strong>1) Flexible Bedienung<\/strong><\/p>\n<p><strong>\u2606<\/strong>Es ist mit einer einzigartigen zentralen zweiweitigen Gelenkstruktur konzipiert. Die vorderen und hinteren Rahmen k\u00f6nnen mit flexibler Lenkung und kleinem Drehradius in beide Richtungen verdreht und gelenkt werden.<\/p>\n<p><strong>2) Offene Sicht<\/strong><\/p>\n<p><strong>\u2606 Der Schrank nimmt die Panorama-Glasstruktur an, und der Betrieb ist breit.<\/strong><\/p>\n<p><img fetchpriority=\"high\" decoding=\"async\" class=\"alignnone wp-image-2529 size-full\" src=\"https:\/\/www.haideclean.com\/wp-content\/uploads\/2026\/01\/Open-vision2.jpg\" alt=\"\" width=\"724\" height=\"543\" srcset=\"https:\/\/www.haideclean.com\/wp-content\/uploads\/2026\/01\/Open-vision2.jpg 724w, https:\/\/www.haideclean.com\/wp-content\/uploads\/2026\/01\/Open-vision2-300x225.jpg 300w, https:\/\/www.haideclean.com\/wp-content\/uploads\/2026\/01\/Open-vision2-600x450.jpg 600w\" sizes=\"(max-width: 724px) 100vw, 724px\" \/><\/p>\n<p><strong>3) Eine komfortable Fahrumgebung<\/strong><\/p>\n<p>Ausgestattet mit Radio.<\/p>\n<p><strong>\u2606<\/strong>Ausgestattet mit der Klimaanlage und der warmen Luft mit der aufgeteilten Struktur, ist die Klimaanlage die Oberstruktur vom oberen Teil, und der warme Wind ist der Boden des Bodens der Installationsstruktur von unten, was die Klimaanlage und die warme Luft effizienter arbeiten kann und dem Fahrer einen zur Verf\u00fcgung stellen kann, um einem Fahrer einen zu bieten.<\/p>\n<p><strong>\u2606<\/strong>\u041e\u0441\u043d\u0430\u0449\u0451\u043d \u0444\u0443\u043d\u043a\u0446\u0438\u0435\u0439 \u043a\u0440\u0443\u0438\u0437-\u043a\u043e\u043d\u0442\u0440\u043e\u043b\u044f \u0441 \u043f\u043e\u0441\u0442\u043e\u044f\u043d\u043d\u043e\u0439 \u0441\u043a\u043e\u0440\u043e\u0441\u0442\u044c\u044e.<\/p>\n<p><strong>\u2606 Ausgestattet mit elektronischer Geschwindigkeitsstellfunktion, um den Fahrer entspannter und bequemer zu machen, das Fahrzeug zu fahren.<\/strong><\/p>\n<p><strong>\u2606<\/strong>Ausgestattet mit einem komfortablen Fahrer&#8217; s Sitz, kann die Kabine entsprechend dem Fahrer angepasst werden&#8217; Gewicht, um den Komfort des Fahrers zu verbessern. Der Sitz ist mit einem Sicherheitsgurt ausgestattet, um die Fahrsicherheit des Fahrers zu gew\u00e4hrleisten.<\/p>\n<p><strong>4) Ausgezeichnetes elektrisches Steuersystem<\/strong><\/p>\n<p><strong>\u2606<\/strong>Das gesamte Fahrzeug wird digital von einem Controller mit guter Sto\u00dfbest\u00e4ndigkeit und hohem Schutzniveau gesteuert.<\/p>\n<p>&nbsp;<\/p>\n<p><strong>\u2606<\/strong>Dr\u00fccken Sie einfach einen Knopf, um die gesamte Aktion zu erreichen.<\/p>\n<p><strong>\u2606 Die Feeggeschwindigkeit kann je nach Bedarf des Betriebs geregelt werden.<\/strong><\/p>\n<p><strong>\u2606<\/strong>Mit einem 7-Zoll-LCD-Monitor k\u00f6nnen Sie den Arbeitszustand des Fahrzeugs jederzeit beobachten und Umkehrbilder liefern.<\/p>\n<p><strong>5) Stabiles Gehsystem<\/strong><\/p>\n<p>Der frequenzgesteuerte Laufantrieb dieser Schaltung verwendet ein hydrostatisches Getriebe mit stufenloser Drehzahlregelung in Verbindung mit ausgereiften Softwarealgorithmen und Steuersystemen, wodurch die Leistung des Laufsystems der gesamten Maschine stabiler und zuverl\u00e4ssiger wird.<\/p>\n<p>Kann durch Vierrad-Antrieb und Zwei-Rad-Frontantrieb umgewandelt werden, um den Bed\u00fcrfnissen des Fahrens und Kletterns gerecht zu werden;<\/p>\n<p>Die einzigartige Anti-Rutschfunktion kann die R\u00e4der erreichen, wenn die R\u00e4der in der Schneebewegungsfunktion des Winters ausgerutscht werden;<\/p>\n<p>Das Fahrzeug nutzt eine automatische Lastverstellung der Getriebeeinrichtung. Der Fahrer muss nur auf das Pedal treten, um die ideale Geschwindigkeit zu erreichen. Das Fahrzeug wird die Motordrehzahl entsprechend dem Fahrzeug&#8217; s Belastung.<\/p>\n<p><strong>6) Multikollisionsdesign<\/strong><\/p>\n<p><strong>\u2606<\/strong>Die Kehrb\u00fcrsten nehmen mehrfaches Kollisionsschutzdesign an, um den maximalen Schutz der B\u00fcrsten vor durch Kollisionen verursachten Sch\u00e4den zu realisieren.<\/p>\n<p><strong>7) Staubentfernungssystem<\/strong><\/p>\n<p><strong>\u2606<\/strong>Ausgestattet mit einem gro\u00dfen Durchfluss zirkulierendes Wasserstaubentfernungssystem str\u00f6mt das zirkulierende Wasser in der Box vom Wasserstrom zum Einlass. Unter dem Einfluss des Hochgeschwindigkeitsluftstroms wird es vollst\u00e4ndig mit dem absorbierenden Staub im Pumprohr kombiniert, um eine Staubreduktion zu erreichen; Der spezielle Filter auf dem Brett, flie\u00dfen Sie dann zur\u00fcck zum Einlassplatz, um an der Staubenreduktion teilzunehmen, verwenden Sie es wiederum<\/p>\n<p><strong>\u2606 Ausgestattet mit Keh- und Spr\u00fchstaubenreduktionssystem<\/strong><\/p>\n<p><strong>\u2606 Die Oberseite der B\u00fcrste ist mit 4 Staubd\u00e4mpfungsd\u00fcsen ausgestattet<\/strong><\/p>\n<p><strong>Erweitertes Dumpen<\/strong><\/p>\n<p><strong>\u2606<\/strong>Der M\u00fcllbeh\u00e4lter besteht aus hochwertigem Edelstahl, der nicht nur korrosionsbest\u00e4ndig, sondern auch hochfeste ist.  \u2606  Es nimmt eine hohe Dumping-Methode an, um den M\u00fcll zu deponieren, was die Arbeitsintensit\u00e4t des Bedieners reduziert und die M\u00fclldeponierung, Reinigung und Wartung der gesamten Maschine \u00e4u\u00dferst bequem macht.<\/p>\n<p><strong>9) Selbstreinigungsfunktion<\/strong><\/p>\n<p><strong>\u2606<\/strong>Es ist mit einer Autob\u00fcrstenpumpe ausgestattet, die Hochdruckwasser liefern kann. Hochdruckspr\u00fchpistolen k\u00f6nnen mit dem Auto getragen werden. Nachdem das Fahrzeug funktioniert, kann das Fahrzeug gereinigt werden, um sicherzustellen, dass das Fahrzeug&#8217; Das Aussehen ist sauber.<\/p>\n<p><strong>10) Zuverl\u00e4ssiges Bremssystem<\/strong><\/p>\n<p>Die Bremsmethode verwendet Bremsnabenbremsung und statische Spannungsgetriebe automatische Bremsung. Beide vier R\u00e4der verwenden Brems\u00f6lpumpenbremsung. Gleichzeitig verwenden die Hinterr\u00e4der eine Dehnbremse. Sicherheit beim Fahren und Parkbremsen.<\/p>\n<p><strong>11) Handheld ziehbares Stroh und Hilfswerkzeug<\/strong><\/p>\n<p>Er ist mit einem ausziehbaren Handstaubsaugschlauch ausgestattet und kann zur Staubsaugarbeit an Orten wie Gr\u00fcnfl\u00e4chen eingesetzt werden.<\/p>\n<p>Ausgestattet mit Hilfswerkzeugen kann der in der gro\u00dfen Kiste gesperrte M\u00fcll gereinigt werden und als entsprechende Nothand\u00f6lpumpe betrieben werden.<\/p>\n<p><strong>12) Notfallsystem<\/strong><\/p>\n<p>Die Kabine ist mit einem tragbaren Feuerl\u00f6scher f\u00fcr Notf\u00e4lle ausgestattet.<\/p>\n<p>Ausgestattet mit Nothand\u00f6lpumpen, kann bei Ausfall der Hydraulikanlage der M\u00fcll aufgehoben und eine Fehlerpr\u00fcfung durchgef\u00fchrt werden.<\/p>","protected":false},"excerpt":{"rendered":"<p>Der Stra\u00dfenfeiger CHR42MHEV ist ein multifunktionaler Stra\u00dfenfeiger mit einer speziellen Chassisstruktur, die eine Vielzahl von funktionellen Zubeh\u00f6r ersetzt. Dieser Stra\u00dfenfeiger nimmt fortschrittliche Konstruktionskonzepte der Fahrzeugplattform und der funktionellen Befestigungsmodularit\u00e4t an, die den Umschalt von Funktionen ohne Werkzeuge schnell realisieren k\u00f6nnen. Alle Operationen werden gemeinsam durch mechanische Struktur, elektrisches System und Hydrauliksystem abgeschlossen.<\/p>","protected":false},"featured_media":2428,"template":"","meta":[],"product_brand":[],"product_cat":[30,29],"product_tag":[],"class_list":{"0":"post-2427","1":"product","2":"type-product","3":"status-publish","4":"has-post-thumbnail","6":"product_cat-compact-street-sweepers","7":"product_cat-winter-snow-removal-equipment","9":"first","10":"instock","11":"shipping-taxable","12":"product-type-simple"},"_links":{"self":[{"href":"https:\/\/www.haideclean.com\/de\/wp-json\/wp\/v2\/product\/2427","targetHints":{"allow":["GET"]}}],"collection":[{"href":"https:\/\/www.haideclean.com\/de\/wp-json\/wp\/v2\/product"}],"about":[{"href":"https:\/\/www.haideclean.com\/de\/wp-json\/wp\/v2\/types\/product"}],"wp:featuredmedia":[{"embeddable":true,"href":"https:\/\/www.haideclean.com\/de\/wp-json\/wp\/v2\/media\/2428"}],"wp:attachment":[{"href":"https:\/\/www.haideclean.com\/de\/wp-json\/wp\/v2\/media?parent=2427"}],"wp:term":[{"taxonomy":"product_brand","embeddable":true,"href":"https:\/\/www.haideclean.com\/de\/wp-json\/wp\/v2\/product_brand?post=2427"},{"taxonomy":"product_cat","embeddable":true,"href":"https:\/\/www.haideclean.com\/de\/wp-json\/wp\/v2\/product_cat?post=2427"},{"taxonomy":"product_tag","embeddable":true,"href":"https:\/\/www.haideclean.com\/de\/wp-json\/wp\/v2\/product_tag?post=2427"}],"curies":[{"name":"wp","href":"https:\/\/api.w.org\/{rel}","templated":true}]}}