{"id":2431,"date":"2026-01-07T16:37:53","date_gmt":"2026-01-07T08:37:53","guid":{"rendered":"https:\/\/www.haideclean.com\/?post_type=product&#038;p=2431"},"modified":"2026-03-18T11:35:56","modified_gmt":"2026-03-18T03:35:56","slug":"chr50mev-full-electric-street-sweeper","status":"publish","type":"product","link":"https:\/\/www.haideclean.com\/de\/product\/chr50mev-full-electric-street-sweeper\/","title":{"rendered":"CHR50MEV Voll elektrischer Stra\u00dfenfeiger"},"content":{"rendered":"<p><strong>Eigenschaften des vollelektrischen multifunktionalen Kehrfahrzeugs CHR50MEV<\/strong><\/p>\n<ol>\n<li><strong>Lenksystem<\/strong><\/li>\n<\/ol>\n<p>Mit einem vollst\u00e4ndig hydraulischen Lenksystem ist die Struktur einfach und die Lenkung glatt. Einfach zu bedienen bei h\u00e4ufigen Reinigungsvorg\u00e4ngen mit niedriger Geschwindigkeit und h\u00e4ufiger Lenkung.<\/p>\n<p><img fetchpriority=\"high\" decoding=\"async\" class=\"alignnone wp-image-2515 size-full\" src=\"https:\/\/www.haideclean.com\/wp-content\/uploads\/2026\/01\/Four-wheel.jpg\" alt=\"\" width=\"1377\" height=\"340\" srcset=\"https:\/\/www.haideclean.com\/wp-content\/uploads\/2026\/01\/Four-wheel.jpg 1377w, https:\/\/www.haideclean.com\/wp-content\/uploads\/2026\/01\/Four-wheel-300x74.jpg 300w, https:\/\/www.haideclean.com\/wp-content\/uploads\/2026\/01\/Four-wheel-1024x253.jpg 1024w, https:\/\/www.haideclean.com\/wp-content\/uploads\/2026\/01\/Four-wheel-768x190.jpg 768w, https:\/\/www.haideclean.com\/wp-content\/uploads\/2026\/01\/Four-wheel-600x148.jpg 600w\" sizes=\"(max-width: 1377px) 100vw, 1377px\" \/><\/p>\n<p><strong><b>Vierr\u00e4der<\/b><b>\u00a0\u00a0\u00a0\u00a0\u00a0\u00a0\u00a0\u00a0\u00a0Feinabstimmung der Krabbenform und der Heckradlenkung<\/b><\/strong><\/p>\n<p>Um den komplexen und engen Arbeitsbedingungen der Hintergassen und Gassen gerecht zu werden, haben wir verschiedene Drehsysteme entwickelt.<\/p>\n<p>Vierradlenkung, kleinerer Wenderadius; Wenderadius ca. 3,5 Meter.<\/p>\n<p>Feineinstellung der krabbenartigen Bewegungshaltung und der Hinterradlenkungsparameter in der tats\u00e4chlichen Fahrbahn des Fahrzeugs.<\/p>\n<p>3.Frontradlenkung f\u00fcr normales Fahren, Drehradius \u2248 5,3 Meter;<\/p>\n<p>Vierradlenkung ist eine Lenktechnologie, die mit dem kleinen Drehradius von Gelenkrahmen ausgerichtet ist;<\/p>\n<p><strong><b>2.<\/b><b>M\u00fcllsammelsystem<\/b><\/strong><\/p>\n<p>Der M\u00fcllbeh\u00e4lter besteht aus Edelstahlplatten als Ganzes und die \u00e4u\u00dferen Dekorationen sind aus FRP-Material, das leicht und hart, sicher und nicht leitf\u00e4hig ist, mit hoher mechanischer Festigkeit und Korrosionsbest\u00e4ndigkeit;<\/p>\n<table style=\"border-collapse: collapse; width: 100%;\">\n<tbody>\n<tr>\n<td style=\"width: 50%;\"><img decoding=\"async\" class=\"alignnone wp-image-2516 size-full\" src=\"https:\/\/www.haideclean.com\/wp-content\/uploads\/2026\/01\/Garbage-Collection-System.jpg\" alt=\"\" width=\"800\" height=\"800\" srcset=\"https:\/\/www.haideclean.com\/wp-content\/uploads\/2026\/01\/Garbage-Collection-System.jpg 800w, https:\/\/www.haideclean.com\/wp-content\/uploads\/2026\/01\/Garbage-Collection-System-300x300.jpg 300w, https:\/\/www.haideclean.com\/wp-content\/uploads\/2026\/01\/Garbage-Collection-System-150x150.jpg 150w, https:\/\/www.haideclean.com\/wp-content\/uploads\/2026\/01\/Garbage-Collection-System-768x768.jpg 768w, https:\/\/www.haideclean.com\/wp-content\/uploads\/2026\/01\/Garbage-Collection-System-600x600.jpg 600w, https:\/\/www.haideclean.com\/wp-content\/uploads\/2026\/01\/Garbage-Collection-System-100x100.jpg 100w\" sizes=\"(max-width: 800px) 100vw, 800px\" \/><\/td>\n<td style=\"width: 50%;\">Der schwarze Pfeil zeigt an, dass die Saugd\u00fcse M\u00fcll und Abwasser in den M\u00fcllbeh\u00e4lter saugt, w\u00e4hrend der blaue Pfeil zeigt an, dass Abwasser in die Saugd\u00fcse flie\u00dft.<\/td>\n<\/tr>\n<\/tbody>\n<\/table>\n<ul>\n<li>Leistungsf\u00e4hige Blattsammelkapazit\u00e4t, die maximale Leistung des L\u00fcfters kann 10KW erreichen, ob es sich um ein Gesichtsgr\u00f6\u00dfe franz\u00f6sisches Wutong-Blatt oder eine haard\u00fcnne Kiefernadel handelt, es kann leicht entfernt werden, zusammen mit dem 2 Kubikmeter gro\u00dfen M\u00fclleimer, der perfekt erkl\u00e4rt, was ein Blattsammelartefakt ist;<\/li>\n<li>Der M\u00fcllbeh\u00e4lter besteht aus Edelstahlplatten und der M\u00fcll im Saugstrom wird nach Sedimentierung und Trennung im M\u00fcllbeh\u00e4lter gelagert. Das Spr\u00fchwasser und der M\u00fcll werden getrennt und durch Edelstahlfilter auf beiden Seiten und vor der Box gefiltert, bevor es in den unteren Filtrationswasserkanal str\u00f6mt und ein Wasserzirkulations- und Staubreduzierungssystem f\u00fcr das gesamte Fahrzeug bildet;<\/li>\n<li>Der Edelstahlfilter hat eine einzigartige Struktur, hohe Festigkeit und ist nicht leicht besch\u00e4digt. Es hat eine starke Flie\u00dff\u00e4higkeit, eine hohe Filtrationsgenauigkeit und ist nicht einfach zu blockieren und zu reinigen.<\/li>\n<li>Die Keh- und Saugvorrichtung befindet sich unter dem Treiber&#8217; s Kabine, mit einer Saug\u00f6ffnung Breite von 800mm, Der Durchmesser des Strohs ist 180mm, und die maximale effektive Reinigungsbreite ist 2400mm.<\/li>\n<li>Der Saugventilator verf\u00fcgt \u00fcber hohe Effizienz und geringen L\u00e4rm, extrem niedrigen Stromverbrauch, starke Saugkapazit\u00e4t und kann leicht Ziegel, Steine, Wutongbl\u00e4tter usw. inhalieren.<\/li>\n<li>Ein Luftstr\u00f6mungsinterferenzmechanismus ist innerhalb des Saug\u00f6ffnes entwickelt, um den an der Stra\u00dfenoberfl\u00e4che haftenden Staub schnell zu r\u00fchren und seinen Eintritt in den Saug\u00f6ffn zu beschleunigen. Dies kann eine hohe Saugrate bei einer hohen Reinigungsgeschwindigkeit erreichen und die Arbeitseffizienz erheblich verbessern.<\/li>\n<li>An der Saug\u00f6ffnung ist eine Luftvolumenverstellplatte installiert, um die \u00d6ffnung der Abdeckplatte entsprechend der M\u00fcllsituation auf der Stra\u00dfenoberfl\u00e4che zu verstellen, um ein angemessenes Luftvolumen und eine angemessene Windgeschwindigkeit zu erzielen und eine hohe Saugeeffizienz zu gew\u00e4hrleisten.<\/li>\n<\/ul>\n<table style=\"border-collapse: collapse; width: 100%;\">\n<tbody>\n<tr>\n<td style=\"width: 50%;\"><img decoding=\"async\" class=\"wp-image-2517 size-full aligncenter\" src=\"https:\/\/www.haideclean.com\/wp-content\/uploads\/2026\/01\/CHR50MEV-Multi-Functional-Full-Electric-Road-Sweeper.jpg\" alt=\"\" width=\"591\" height=\"465\" srcset=\"https:\/\/www.haideclean.com\/wp-content\/uploads\/2026\/01\/CHR50MEV-Multi-Functional-Full-Electric-Road-Sweeper.jpg 591w, https:\/\/www.haideclean.com\/wp-content\/uploads\/2026\/01\/CHR50MEV-Multi-Functional-Full-Electric-Road-Sweeper-300x236.jpg 300w\" sizes=\"(max-width: 591px) 100vw, 591px\" \/><\/td>\n<td style=\"width: 50%;\"><img loading=\"lazy\" decoding=\"async\" class=\"wp-image-2518 size-full aligncenter\" src=\"https:\/\/www.haideclean.com\/wp-content\/uploads\/2026\/01\/CHR50MEV-Multi-Functional-Full-Electric-Road-Sweeper2.jpg\" alt=\"\" width=\"608\" height=\"455\" srcset=\"https:\/\/www.haideclean.com\/wp-content\/uploads\/2026\/01\/CHR50MEV-Multi-Functional-Full-Electric-Road-Sweeper2.jpg 608w, https:\/\/www.haideclean.com\/wp-content\/uploads\/2026\/01\/CHR50MEV-Multi-Functional-Full-Electric-Road-Sweeper2-300x225.jpg 300w, https:\/\/www.haideclean.com\/wp-content\/uploads\/2026\/01\/CHR50MEV-Multi-Functional-Full-Electric-Road-Sweeper2-600x449.jpg 600w\" sizes=\"(max-width: 608px) 100vw, 608px\" \/><\/td>\n<\/tr>\n<\/tbody>\n<\/table>\n<ul>\n<li><strong>Vollst\u00e4ndiges elektrisches System:<\/strong><\/li>\n<li>Die vollelektrische Plattform integriert Powertrain- und Batterietechnologie, um h\u00f6here Betriebseffizienz, Leistung und Ausdauer zu erzielen.<\/li>\n<li>Das Lithiumbatteriepack nimmt die BMS-Managementsteuerung an, um einen stabilen Fahrzeugbetrieb zu gew\u00e4hrleisten.<\/li>\n<li>Das gesamte Fahrzeug nimmt einen Controller f\u00fcr die digitale Steuerung an, der die Eigenschaften einer guten seismischen Widerstandsf\u00e4higkeit, eines hohen Schutzniveaus, einer Widerstandsf\u00e4higkeit gegen\u00fcber gro\u00dfen Temperaturunterschieden, Spannungsschwankungen und der F\u00e4higkeit hat, komplexe Steuerberechnungen zu erreichen. Es ist die optimale Wahl f\u00fcr die elektrische Steuerung von mobilen Fahrzeugen au\u00dferhalb der Stra\u00dfe.<\/li>\n<li>Mit einem Klick Start k\u00f6nnen die Reinigungsvorrichtung und der Saugabschluss betrieben und recycelt werden. Die Scangeschwindigkeit kann schrittlos eingestellt werden; Gleichzeitig kommuniziert der Controller mit dem Eingangsmodul und dem Ausgangsmodul \u00fcber den CAN-Bus, was die Verteilung von Fahrzeugverdrahtungsbetrieben vereinfacht, Schaltungsausf\u00e4lle reduziert und die Wartung bequemer macht.<\/li>\n<\/ul>\n<p><strong>4. Staubd\u00e4mpfungssystem:<\/strong><\/p>\n<p>Das Staubenreduktionssystem besteht aus zwei Teilen: Wasserspr\u00fchen und Umlaufwasserstaubbenreduktion.<\/p>\n<p>Die saubere Wasserd\u00fcse ist auf dem B\u00fcrstenhalter installiert und Spray wird verwendet, um Staub zu reduzieren, so dass der M\u00fcll im Voraus benetzt werden kann, um den Staub am Luftaustritt zu kontrollieren. Die Spr\u00fchmenge kann eingestellt werden. Der am Saughafen installierte Abwasser-Kreislauf erm\u00f6glicht es, den M\u00fcll vollst\u00e4ndig zu durchweichen; Das zur Spr\u00fchung und Staubenreduktion verwendete Zirkulationswasser str\u00f6mt \u00fcber einen speziellen Filterschirm auf der Seitenplatte der Box zur Wiederverwendung in den Zirkulationswasserbeh\u00e4lter. Aufgrund der Tatsache, dass Wasser zirkuliert, ist es nicht notwendig, die Kapazit\u00e4t des Wasserbeh\u00e4lters zu erh\u00f6hen, um eine gro\u00dfe Menge Wasser zu produzieren. Der Edelstahlfilter hat eine einzigartige Struktur, hohe Festigkeit und ist nicht leicht besch\u00e4digt. Es hat eine starke Str\u00f6mungskapazit\u00e4t, eine hohe Filtrationsgenauigkeit und ist nicht einfach zu blockieren, was es leicht zu reinigen macht.<\/p>\n<p><img loading=\"lazy\" decoding=\"async\" class=\"alignnone wp-image-2519 size-full\" src=\"https:\/\/www.haideclean.com\/wp-content\/uploads\/2026\/01\/CHR50MEV-Multi-Functional-Full-Electric-Road-Sweeper3.jpg\" alt=\"\" width=\"1065\" height=\"536\" srcset=\"https:\/\/www.haideclean.com\/wp-content\/uploads\/2026\/01\/CHR50MEV-Multi-Functional-Full-Electric-Road-Sweeper3.jpg 1065w, https:\/\/www.haideclean.com\/wp-content\/uploads\/2026\/01\/CHR50MEV-Multi-Functional-Full-Electric-Road-Sweeper3-300x151.jpg 300w, https:\/\/www.haideclean.com\/wp-content\/uploads\/2026\/01\/CHR50MEV-Multi-Functional-Full-Electric-Road-Sweeper3-1024x515.jpg 1024w, https:\/\/www.haideclean.com\/wp-content\/uploads\/2026\/01\/CHR50MEV-Multi-Functional-Full-Electric-Road-Sweeper3-768x387.jpg 768w, https:\/\/www.haideclean.com\/wp-content\/uploads\/2026\/01\/CHR50MEV-Multi-Functional-Full-Electric-Road-Sweeper3-600x302.jpg 600w\" sizes=\"(max-width: 1065px) 100vw, 1065px\" \/><\/p>\n<p>Unter der einzigartigen Struktur der Abwasserzirkulation minimiert der Luftaustritt die Konzentration von Staub und bei Entladung befindet sich er im Grunde in einem Wassernebelzustand, der den pH-Wert der nationalen Normen entspricht.<\/p>\n<p><strong>6. Integraler Rahmen: <\/strong><\/p>\n<p>Die CHR51MHEV Vorderachse nimmt Nutzfahrzeuge Standard Blattfedern, die robust, tragbar und komfortabel sind. Die Hinterachse nimmt einen einzigartigen Achsverbindungsmechanismus und ein Gummid\u00e4mpfungssystem an, das das erste im Land ist.<\/p>\n<p><img loading=\"lazy\" decoding=\"async\" class=\"alignnone wp-image-2520 size-full\" src=\"https:\/\/www.haideclean.com\/wp-content\/uploads\/2026\/01\/Integral-Frame.jpg\" alt=\"\" width=\"1269\" height=\"728\" srcset=\"https:\/\/www.haideclean.com\/wp-content\/uploads\/2026\/01\/Integral-Frame.jpg 1269w, https:\/\/www.haideclean.com\/wp-content\/uploads\/2026\/01\/Integral-Frame-300x172.jpg 300w, https:\/\/www.haideclean.com\/wp-content\/uploads\/2026\/01\/Integral-Frame-1024x587.jpg 1024w, https:\/\/www.haideclean.com\/wp-content\/uploads\/2026\/01\/Integral-Frame-768x441.jpg 768w, https:\/\/www.haideclean.com\/wp-content\/uploads\/2026\/01\/Integral-Frame-600x344.jpg 600w\" sizes=\"(max-width: 1269px) 100vw, 1269px\" \/><\/p>\n<p>Der Rahmen ist der tragende Verbinder aller Systemstrukturen des gesamten Fahrzeugs. Der Rahmen ist eine integrierte geschwei\u00dfte Struktur, und der Hauptl\u00e4ngsbalken besteht aus hochfester 16Mn-Stahlplatte. Hohe Festigkeit, leichtes Gewicht und einfache Struktur.<\/p>\n<p><strong>7. Fahrerkabine:<\/strong><\/p>\n<p>Der Fahrer&#8217; s Kabine nimmt eine Panorama-Glasstruktur an, die eine breite Sicht auf die Arbeit bietet und visuelle Totflecken w\u00e4hrend des Betriebs beseitigt, was zur Sicherstellung der Arbeitsqualit\u00e4t f\u00f6rderlicher ist; Gleichzeitig ist das gesamte Glas mit einem Solarfilm beschichtet, der in hei\u00dfen Sommern eine gute Isolierung bieten kann und verhindert, dass Glas platzt, wenn es von harten Gegenst\u00e4nden getroffen wird, was die Sicherheit des Fahrers gew\u00e4hrleistet.<\/p>\n<p><img loading=\"lazy\" decoding=\"async\" class=\"alignnone wp-image-2521 size-large\" src=\"https:\/\/www.haideclean.com\/wp-content\/uploads\/2026\/01\/Driver-Cab-767x1024.jpg\" alt=\"\" width=\"767\" height=\"1024\" srcset=\"https:\/\/www.haideclean.com\/wp-content\/uploads\/2026\/01\/Driver-Cab-767x1024.jpg 767w, https:\/\/www.haideclean.com\/wp-content\/uploads\/2026\/01\/Driver-Cab-225x300.jpg 225w, https:\/\/www.haideclean.com\/wp-content\/uploads\/2026\/01\/Driver-Cab-768x1025.jpg 768w, https:\/\/www.haideclean.com\/wp-content\/uploads\/2026\/01\/Driver-Cab-600x801.jpg 600w, https:\/\/www.haideclean.com\/wp-content\/uploads\/2026\/01\/Driver-Cab.jpg 855w\" sizes=\"(max-width: 767px) 100vw, 767px\" \/><\/p>\n<ul>\n<li>Mit CD-Player ausgestattet, sodass der Fahrer die Reinigungsarbeiten bequem durchf\u00fchren kann.<\/li>\n<li>Ausgestattet mit einem 7-Zoll-Display zeigt es nicht nur den Betriebszustand des gesamten Fahrzeugs an, sondern steuert auch die Bewegung des Fahrzeugs. Gleichzeitig integriert es auch ein Reverse-Bild, das die Vorteile des 7-Zoll-Displays voll ausnutzt;<\/li>\n<li>Der Fahrer&#8217; s Kabine ist mit einem doppelseitigen T\u00fcrdesign ausgestattet, das es dem Fahrer erleichtert, je nach Situation ein- und auszusteigen;<\/li>\n<li>W\u00e4hrend langer Arbeitsstunden, der Fahrer&#8217; Der linke Fu\u00df bleibt leer und verursacht bei k\u00fcrzeren Benutzern Beschwerden im linken Bein. Daher kann das Hinzuf\u00fcgen einer Fu\u00dflehne als Werkzeugsatz oder als Fu\u00dflehne verwendet werden, um den Benutzer zu verbessern. Gl\u00fcck fahren.<\/li>\n<li>Ledersitze, leicht zu reinigen, komfortabel und zuverl\u00e4ssig. Der Fahrer&#8217; s Sitz kann manuell entsprechend dem Fahrer angepasst werden&#8217; Gewicht, um sicherzustellen, dass der Sitz ausreichende D\u00e4mpfungskraft bietet und den Fahrer verbessert; Komfort.<\/li>\n<li>Ausgestattet mit einer geteilten Struktur von Klimaanlage und Heizung ist die Betriebsumgebung komfortabel. Die Klimaanlage ist eine oben montierte Struktur, die Luft von oben entl\u00fcftet, w\u00e4hrend die Heizung eine unten montierte Struktur ist, die Luft von unten entl\u00fcftet. Gleichzeitig sind die Klimaanlage und Heizung mit mehreren Getrieben ausgestattet, die je nach Umgebung ausgew\u00e4hlt werden k\u00f6nnen, was sowohl im Sommer als auch im Winter eine komfortable Arbeitsumgebung erm\u00f6glicht.<\/li>\n<\/ul>\n<p><strong>8. Hochdruckwassersystem:<\/strong><\/p>\n<p>Das Hochdruckwassersystem ist im multifunktionalen Reinigungsmodus in zwei Funktionen unterteilt, mit einer Box-Selbstreinigungsfunktion und einer Hochdruckspr\u00fchpistolenfunktion.<\/p>\n<p>Multifunktionales optionales Zubeh\u00f6r &#8211; Stra\u00dfenwartung und Einzelpunktreinigungsfunktion.<\/p>\n<p><img loading=\"lazy\" decoding=\"async\" class=\"alignnone wp-image-2522 size-large\" src=\"https:\/\/www.haideclean.com\/wp-content\/uploads\/2026\/01\/High-Pressure-Water-System-1024x767.jpg\" alt=\"\" width=\"800\" height=\"599\" srcset=\"https:\/\/www.haideclean.com\/wp-content\/uploads\/2026\/01\/High-Pressure-Water-System-1024x767.jpg 1024w, https:\/\/www.haideclean.com\/wp-content\/uploads\/2026\/01\/High-Pressure-Water-System-300x225.jpg 300w, https:\/\/www.haideclean.com\/wp-content\/uploads\/2026\/01\/High-Pressure-Water-System-768x575.jpg 768w, https:\/\/www.haideclean.com\/wp-content\/uploads\/2026\/01\/High-Pressure-Water-System-600x449.jpg 600w, https:\/\/www.haideclean.com\/wp-content\/uploads\/2026\/01\/High-Pressure-Water-System.jpg 1180w\" sizes=\"(max-width: 800px) 100vw, 800px\" \/><\/p>\n<ul>\n<li>Die Reinigungsfunktion im Inneren des K\u00f6rpers kann mit einem Klick aktiviert werden, um die Reinigung im Inneren des K\u00f6rpers durchzuf\u00fchren. Reduzierte die M\u00f6glichkeit, M\u00fcll auf den Treiber zu spritzen&#8217; s K\u00f6rper beim Reinigen des M\u00fclleimers, Sauberkeit und Hygiene gew\u00e4hrleisten; Es verringert die Last der Fahrer, M\u00fcllbeh\u00e4lter zu reinigen, und beseitigt die M\u00f6glichkeit, Abwasserbeh\u00e4lter zu verstopfen, was eine nationale Initiative ist.<\/li>\n<li>Die Hochdruckspr\u00fchpistolefunktion kann das Aussehen von Fahrzeugen reinigen und auch Punkt-zu-Punkt-Reinigung auf Stra\u00dfenwerbungen durchf\u00fchren, was praktisch und bequem ist.<\/li>\n<\/ul>","protected":false},"excerpt":{"rendered":"<p>CHR50MEV ist eine neue Energie vollelektrische Multifunktionsfeiger mit einem integrierten Layout eines integrierten Rahmen und dedizierten Chassis entwickelt.<\/p>\n<p>Unser Unternehmen hat auf Basis langj\u00e4hriger Erfahrung in der Herstellung von Sanit\u00e4rger\u00e4ten und in enger Zusammenarbeit mit den Kunden dieses multifunktionale vollelektrische Kehrfahrzeug entwickelt, um alle Anforderungen der Nutzer zu erf\u00fcllen. Die Arbeit wird koordiniert von der mechanischen Struktur, dem elektrischen System und dem hydraulischen System ausgef\u00fchrt, mit hervorragender Rundumsicht, einfacher Bedienung und komfortablem Fahren.<\/p>","protected":false},"featured_media":2433,"template":"","meta":[],"product_brand":[],"product_cat":[30],"product_tag":[],"class_list":{"0":"post-2431","1":"product","2":"type-product","3":"status-publish","4":"has-post-thumbnail","6":"product_cat-compact-street-sweepers","8":"first","9":"instock","10":"shipping-taxable","11":"product-type-simple"},"_links":{"self":[{"href":"https:\/\/www.haideclean.com\/de\/wp-json\/wp\/v2\/product\/2431","targetHints":{"allow":["GET"]}}],"collection":[{"href":"https:\/\/www.haideclean.com\/de\/wp-json\/wp\/v2\/product"}],"about":[{"href":"https:\/\/www.haideclean.com\/de\/wp-json\/wp\/v2\/types\/product"}],"wp:featuredmedia":[{"embeddable":true,"href":"https:\/\/www.haideclean.com\/de\/wp-json\/wp\/v2\/media\/2433"}],"wp:attachment":[{"href":"https:\/\/www.haideclean.com\/de\/wp-json\/wp\/v2\/media?parent=2431"}],"wp:term":[{"taxonomy":"product_brand","embeddable":true,"href":"https:\/\/www.haideclean.com\/de\/wp-json\/wp\/v2\/product_brand?post=2431"},{"taxonomy":"product_cat","embeddable":true,"href":"https:\/\/www.haideclean.com\/de\/wp-json\/wp\/v2\/product_cat?post=2431"},{"taxonomy":"product_tag","embeddable":true,"href":"https:\/\/www.haideclean.com\/de\/wp-json\/wp\/v2\/product_tag?post=2431"}],"curies":[{"name":"wp","href":"https:\/\/api.w.org\/{rel}","templated":true}]}}