{"id":2446,"date":"2026-01-07T16:38:50","date_gmt":"2026-01-07T08:38:50","guid":{"rendered":"https:\/\/www.haideclean.com\/?post_type=product&#038;p=2446"},"modified":"2026-03-18T11:35:42","modified_gmt":"2026-03-18T03:35:42","slug":"chr52mhev-all-electric-multi-functional-road-sweeper","status":"publish","type":"product","link":"https:\/\/www.haideclean.com\/de\/product\/chr52mhev-all-electric-multi-functional-road-sweeper\/","title":{"rendered":"CHR52MHEV All Electric Multifunktions Stra\u00dfenfeiger"},"content":{"rendered":"<p><strong>Produkt Highlights<\/strong><\/p>\n<ul>\n<li><b><\/b><strong><b>Mehrere F\u00e4higkeiten<\/b><\/strong><\/li>\n<\/ul>\n<p>Es kann die Funktion der Reinigung, Bodenwasche, dritte B\u00fcrste, Schneeschubben, Schneefeigen, Schneeheben und Ausbreiten durch den Austausch der vorderen Funktionszubeh\u00f6r oder Haken Zubeh\u00f6r auf der Hecke des Fahrzeugs realisieren.<\/p>\n<ul>\n<li><b><\/b><strong><b>Komfortable Kabine<\/b><\/strong><\/li>\n<\/ul>\n<p>Das Cockpit \u00fcbernimmt ergonomisches Gesamtlayout-Design, Panorama-Glasstruktur Kabine, Federsitze, Radialreifen, Multimedia-System, Lenkrad Vollhydraulik Lenkung, Ein-Knopf-Betriebssystem, Umkehr-Bildsystem, Tempo-Control-System, hydraulisches Bremssystem, Vierrad-Antrieb-System und Antrieb Anti-Rutsch-System, um die Sicherheit und den Komfort des Fahrens zu gew\u00e4hrleisten.<\/p>\n<ul>\n<li><b><\/b><strong>Zuverl\u00e4ssige Leistung<\/strong><\/li>\n<\/ul>\n<p>Die Hauptkomponenten der gesamten Maschine, wie Power Batteriepack, Gehmotor, Lenkung, Antriebseinheit, Motor und Hydraulikventilgruppe nehmen inl\u00e4ndische und internationale First-Line-Markenprodukte, \u00fcberlegene Leistung und zuverl\u00e4ssige Qualit\u00e4t an.<\/p>\n<ul>\n<li><b><\/b><strong>Hohe Arbeitseffizienz<\/strong><\/li>\n<\/ul>\n<p>Das Reinigungssystem der gesamten Maschine nimmt das Frontlayout-Design an, das zur Sicherstellung der Arbeitsqualit\u00e4t und Effizienz beitr\u00e4gt.<\/p>\n<p>Das B\u00fcrstensystem ist mit einer Aufh\u00e4ngungsb\u00fcrstenarmstruktur ausgestattet, die sich entsprechend dem Stra\u00dfenzustand anpassen kann.<\/p>\n<p>Im Staubentfernungssystem nimmt das Hauptstaubentfernungssystem das spezielle gro\u00dfe Durchfluss zirkulierendes Wasserstaubentfernungssystem an, und das Sekund\u00e4rstaubentfernungssystem nimmt die 4-D\u00fcsen und die Saugd\u00fcse gro\u00dfe Durchfluss-Spr\u00fchstaubentfernung an.<\/p>\n<p>Der Ventilator des Saugsystems nimmt einen Zentrifugalventilator mit einem breiten hohen Effizienzbereich an, der durch mehrere CAE-Simulationen optimiert wurde, kombiniert mit einer gro\u00dfen Durchmesser-Saugpipette mit einem Durchmesser von Phi 180 mm, die zur Sicherstellung der Saugqualit\u00e4t beitragen kann.<\/p>\n<p><img fetchpriority=\"high\" decoding=\"async\" class=\"alignnone wp-image-2496 size-full\" src=\"https:\/\/www.haideclean.com\/wp-content\/uploads\/2026\/01\/All-electric-Multi-functional-Road-Sweeper.jpg\" alt=\"\" width=\"885\" height=\"433\" srcset=\"https:\/\/www.haideclean.com\/wp-content\/uploads\/2026\/01\/All-electric-Multi-functional-Road-Sweeper.jpg 885w, https:\/\/www.haideclean.com\/wp-content\/uploads\/2026\/01\/All-electric-Multi-functional-Road-Sweeper-300x147.jpg 300w, https:\/\/www.haideclean.com\/wp-content\/uploads\/2026\/01\/All-electric-Multi-functional-Road-Sweeper-768x376.jpg 768w, https:\/\/www.haideclean.com\/wp-content\/uploads\/2026\/01\/All-electric-Multi-functional-Road-Sweeper-600x294.jpg 600w\" sizes=\"(max-width: 885px) 100vw, 885px\" \/><\/p>\n<p><img decoding=\"async\" class=\"alignnone wp-image-2497 size-full\" src=\"https:\/\/www.haideclean.com\/wp-content\/uploads\/2026\/01\/All-electric-Multi-functional-Road-Sweeper2.jpg\" alt=\"\" width=\"672\" height=\"780\" srcset=\"https:\/\/www.haideclean.com\/wp-content\/uploads\/2026\/01\/All-electric-Multi-functional-Road-Sweeper2.jpg 672w, https:\/\/www.haideclean.com\/wp-content\/uploads\/2026\/01\/All-electric-Multi-functional-Road-Sweeper2-258x300.jpg 258w, https:\/\/www.haideclean.com\/wp-content\/uploads\/2026\/01\/All-electric-Multi-functional-Road-Sweeper2-600x696.jpg 600w\" sizes=\"(max-width: 672px) 100vw, 672px\" \/><\/p>\n<p><strong>Leistungsmerkmale<\/strong><\/p>\n<p><strong>1) Flexibeler Betrieb<\/strong><\/p>\n<p><strong>\u2606<\/strong>Das Design hat eine einzigartige mittlere bidirektionale Gelenkstruktur, so dass der vordere und hintere Rahmen in zwei Richtungen verdreht und gedreht werden kann, flexible Lenkbetrieb und kleiner Drehradius.<\/p>\n<p><img decoding=\"async\" class=\"alignnone wp-image-2499 size-full\" src=\"https:\/\/www.haideclean.com\/wp-content\/uploads\/2026\/01\/person.jpg\" alt=\"\" width=\"636\" height=\"395\" srcset=\"https:\/\/www.haideclean.com\/wp-content\/uploads\/2026\/01\/person.jpg 636w, https:\/\/www.haideclean.com\/wp-content\/uploads\/2026\/01\/person-300x186.jpg 300w, https:\/\/www.haideclean.com\/wp-content\/uploads\/2026\/01\/person-600x373.jpg 600w\" sizes=\"(max-width: 636px) 100vw, 636px\" \/><\/p>\n<p><strong>2) Breite Sicht<\/strong><\/p>\n<p><strong>\u2606<\/strong>Die Kabine hat eine Panorama-Glasstruktur, die eine breite Sichtlinie erm\u00f6glicht.<\/p>\n<p><img loading=\"lazy\" decoding=\"async\" class=\"alignnone wp-image-2500 size-full\" src=\"https:\/\/www.haideclean.com\/wp-content\/uploads\/2026\/01\/Wide-view.jpg\" alt=\"\" width=\"724\" height=\"543\" srcset=\"https:\/\/www.haideclean.com\/wp-content\/uploads\/2026\/01\/Wide-view.jpg 724w, https:\/\/www.haideclean.com\/wp-content\/uploads\/2026\/01\/Wide-view-300x225.jpg 300w, https:\/\/www.haideclean.com\/wp-content\/uploads\/2026\/01\/Wide-view-600x450.jpg 600w\" sizes=\"(max-width: 724px) 100vw, 724px\" \/><\/p>\n<p><strong>3) Komfortable Fahrumgebung<\/strong><\/p>\n<p><strong>\u2606<\/strong>Mit Funkger\u00e4t ausgestattet.<\/p>\n<p><strong>\u2606<\/strong>Ausgestattet mit einer separaten Struktur von Klimaanlage und Heizung, Klimaanlage f\u00fcr die obere Struktur von der oberen Luft, warme Luft f\u00fcr die untere Installationsstruktur von der unteren Luft, kann die Klimaanlage und Heizung effizienter arbeiten und eine komfortable Fahrumgebung f\u00fcr den Fahrer bieten.<\/p>\n<p><strong>\u2606<\/strong>Ausgestattet mit Cruise Control Funktion.<\/p>\n<p><strong>\u2606<\/strong>Es ist mit elektronischer stufenloser Geschwindigkeitsregelungsfunktion ausgestattet, so dass der Fahrer das Fahrzeug einfacher und bequemer fahren kann.<\/p>\n<p><strong>\u2606<\/strong>Es ist mit einem komfortablen Fahrersitz ausgestattet, der Kabinensitz kann entsprechend dem Fahrer angepasst werden&#8217; s Gewicht, um den Fahrer zu verbessern&#8217; Komfort, und der Sicherheitsgurt ist Standard, um sicherzustellen, dass der Fahrer&#8217; Fahrsicherheit.<\/p>\n<p><strong>\u2606<\/strong>Ausgestattet mit einem komfortablen Federungssystem, hat das Fahrzeug ein komfortables Fahrerlebnis auf Fahrzeugebene.<\/p>\n<p><strong>4) Ausgezeichnetes elektrisches Steuersystem<\/strong><\/p>\n<p><strong>\u2606<\/strong>Das gesamte Fahrzeug nimmt Controller f\u00fcr die digitale Steuerung an, die die Eigenschaften einer guten Sto\u00dfbest\u00e4ndigkeit und eines hohen Schutzniveaus hat.<\/p>\n<p><strong>\u2606<\/strong>Dr\u00fccken Sie einfach eine Taste, Sie k\u00f6nnen alle Aktionen der Implementierung reinigen.<\/p>\n<p>\u2606 Die B\u00fcrstengeschwindigkeit kann stufenlos entsprechend den Betriebsanforderungen eingestellt werden.<\/p>\n<p><strong>\u2606<\/strong>Ausgestattet mit einem 7-Zoll-LCD-Monitor k\u00f6nnen Sie den Arbeitszustand des Fahrzeugs jederzeit beobachten und Reverse-Video liefern.<\/p>\n<p><strong>5) Stabiles Gehsystem<\/strong><\/p>\n<p>Dieser Stra\u00dfenkehrer verf\u00fcgt \u00fcber ein hydrostatisches Getriebe sowie ausgereifte Softwarealgorithmen und ein Steuerungssystem, wodurch die Fahranlage stabiler arbeitet und zuverl\u00e4ssiger ist.<\/p>\n<p>Vierrad- und Zweiradantrieb k\u00f6nnen umgewandelt werden, um den Bed\u00fcrfnissen des Fahrens und Kletterns gerecht zu werden;<\/p>\n<p>Die einzigartige Anti-Rutschfunktion kann Selbstentflucht realisieren, wenn das Rad in der Winterschneeentfernungsoperation rutscht;<\/p>\n<p>Das Fahrzeug nimmt automatische Lastverstellungsgetriebesteuerung an, der Fahrer muss nur auf das Pedal treten, um die ideale Geschwindigkeit zu erreichen, das Fahrzeug wird die Motordrehzahl entsprechend der Last des Fahrzeugs anpassen.<\/p>\n<p><strong>6) Multiple Kollision Vermeidung Design<\/strong><\/p>\n<p><strong>\u2606<\/strong>Die B\u00fcrste ist mit mehreren Kollisionsvermeidungskonstruktionen ausgelegt, um den Schutz der B\u00fcrste vor Sch\u00e4den durch Kollisionen zu maximieren.<\/p>\n<p><strong>7) Staubentfernungssystem<\/strong><\/p>\n<p><strong>\u2606<\/strong>Ausgestattet mit einem gro\u00dfen Durchfluss zirkulierendes Wasserstaubentfernungssystem, str\u00f6mt das zirkulierende Wasser in der Box unter der Wirkung von Hochgeschwindigkeitsluftstrom in den Saugabschluss, vollst\u00e4ndig mit dem Saugstaub im Saugrohr kombiniert, um eine Staubreduzierung zu erzielen; Das Wasser, das nicht in der Kombination involviert ist, durchl\u00e4uft den speziellen Filterschirm auf der Seitenplatte der Box und flie\u00dft dann zur\u00fcck zur Saug\u00f6ffnung, um an der Staubenreduktion und Wiederverwendung teilzunehmen.<\/p>\n<p>\u2606 Ausgestattet mit Pinsel Spray Staub Entfernungssystem<\/p>\n<p>\u2606 Es gibt 4 Staubd\u00e4mpfungsd\u00fcsen \u00fcber der B\u00fcrste<\/p>\n<p><strong>8) hohe Entladung<\/strong><\/p>\n<p><strong>\u2606<\/strong>Der Abfallbeh\u00e4lter besteht aus hochwertigem Edelstahlmaterial, das nicht nur korrosionsbest\u00e4ndig, sondern auch hochfeste ist.<\/p>\n<p><strong>\u2606<\/strong>Die Verwendung der hohen Dump-Dumping-Methode zum Dumpen von M\u00fcll reduziert die Arbeitsintensit\u00e4t des Bedieners, so dass M\u00fclldumping, Reinigung und Wartung der gesamten Maschine sehr bequem ist.<\/p>\n<p><strong>9) Selbstreinigende Funktion<\/strong><\/p>\n<p><strong>\u2606<\/strong>Ausgestattet mit einer B\u00fcrstenpumpe, kann Hochdruckwasser liefern, Hochdruckspr\u00fchpistole kann mit dem Auto getragen werden, kann nach der Fahrzeugarbeit gereinigt werden, um sicherzustellen, dass das Fahrzeug sauber aussieht.<\/p>\n<p><strong>10) Zuverl\u00e4ssiges Bremssystem<\/strong><\/p>\n<p>Der Bremsmodus nimmt die Bremsnabenbremsung und die hydrostatische Getriebeautomatikbremsung an, alle vier R\u00e4der nehmen die Bremspumpenbremsung an, w\u00e4hrend das Hinterrad die Spannungsbremsung annimmt, und der manuelle Bremsgriff kann die Parkbremse realisieren, wenn das Fahrzeug station\u00e4r ist, was die Sicherheit des Fahrens und der Parkbremse gew\u00e4hrleistet.<\/p>\n<p><strong>11) Handgehaltene ausziehbare Strohhalme und Hilfswerkzeuge<\/strong><\/p>\n<p>Es ist mit einem ausgedehnten, handgehaltenen, ausziehbaren Stroh ausgestattet, der zum Staubsaugen im gr\u00fcnen G\u00fcrtel und an anderen Orten verwendet werden kann.<\/p>\n<p>Es ist mit Hilfswerkzeugen ausgestattet, um im gro\u00dfen Tank verstopften M\u00fcll zu reinigen, und kann als Schaukel zur Bedienung der Nothandpumpe verwendet werden.<\/p>\n<p><strong>12) Notfallsystem<\/strong><\/p>\n<p>Der Fahrerhaus ist mit einem tragbaren Feuerl\u00f6scher f\u00fcr Notf\u00e4lle ausgestattet.<\/p>\n<p>Ausgestattet mit Nothand\u00f6lpumpe, kann der M\u00fcll zur Fehlerbehebung aufgehoben werden, wenn das Hydrauliksystem ausf\u00e4llt.<\/p>","protected":false},"excerpt":{"rendered":"<p>Diese Kehrmaschine ist eine reine elektrische Multifunktions-Kehrmaschine mit einer speziellen Chassisstruktur, die durch eine Vielzahl von funktionellen Zubeh\u00f6r ersetzt werden kann. Der Stra\u00dfenfeiger nimmt das fortschrittliche Konstruktionskonzept von Fahrzeugplattform und modularem funktionellem Zubeh\u00f6r an, das den Wechsel zwischen Funktionen ohne Werkzeuge schnell realisieren kann. Alle Arbeiten werden durch mechanische Struktur, elektrisches System und Hydrauliksystem durchgef\u00fchrt. Es kann weit verbreitet in Parks, Stationen, Wohngebieten, H\u00e4fen und Docks verwendet werden.<\/p>","protected":false},"featured_media":2447,"template":"","meta":[],"product_brand":[],"product_cat":[30,29],"product_tag":[],"class_list":{"0":"post-2446","1":"product","2":"type-product","3":"status-publish","4":"has-post-thumbnail","6":"product_cat-compact-street-sweepers","7":"product_cat-winter-snow-removal-equipment","9":"first","10":"instock","11":"shipping-taxable","12":"product-type-simple"},"_links":{"self":[{"href":"https:\/\/www.haideclean.com\/de\/wp-json\/wp\/v2\/product\/2446","targetHints":{"allow":["GET"]}}],"collection":[{"href":"https:\/\/www.haideclean.com\/de\/wp-json\/wp\/v2\/product"}],"about":[{"href":"https:\/\/www.haideclean.com\/de\/wp-json\/wp\/v2\/types\/product"}],"wp:featuredmedia":[{"embeddable":true,"href":"https:\/\/www.haideclean.com\/de\/wp-json\/wp\/v2\/media\/2447"}],"wp:attachment":[{"href":"https:\/\/www.haideclean.com\/de\/wp-json\/wp\/v2\/media?parent=2446"}],"wp:term":[{"taxonomy":"product_brand","embeddable":true,"href":"https:\/\/www.haideclean.com\/de\/wp-json\/wp\/v2\/product_brand?post=2446"},{"taxonomy":"product_cat","embeddable":true,"href":"https:\/\/www.haideclean.com\/de\/wp-json\/wp\/v2\/product_cat?post=2446"},{"taxonomy":"product_tag","embeddable":true,"href":"https:\/\/www.haideclean.com\/de\/wp-json\/wp\/v2\/product_tag?post=2446"}],"curies":[{"name":"wp","href":"https:\/\/api.w.org\/{rel}","templated":true}]}}