{"id":2735,"date":"2026-01-14T15:00:38","date_gmt":"2026-01-14T07:00:38","guid":{"rendered":"https:\/\/www.haideclean.com\/?post_type=product&#038;p=2735"},"modified":"2026-03-18T11:44:11","modified_gmt":"2026-03-18T03:44:11","slug":"chd5030csj-sand-suction-machine","status":"publish","type":"product","link":"https:\/\/www.haideclean.com\/de\/product\/chd5030csj-sand-suction-machine\/","title":{"rendered":"CHD5030CSJ Sandsaugmaschine"},"content":{"rendered":"<ul>\n<li><strong>Anwendbare Materialien<\/strong><\/li>\n<\/ul>\n<p><span style=\"text-decoration: underline;\"> Industriepulver: <\/span>Fliegenasche, Zement, Kalziumpulver, Mineralpulver, Magnesiumpulver, Kohlepulver, Aluminiumoxid, Staubsammelr\u00fcckst\u00e4nde, Kohlengang, Industriestaub, Kohleasche;<\/p>\n<p><span style=\"text-decoration: underline;\">Granul\u00e4re Materialien:<\/span> Getreide, Kunststoffpellets (PT, PET, PA66);<\/p>\n<p><span style=\"text-decoration: underline;\">Spezielle Materialien:<\/span> Sand (einschlie\u00dflich W\u00fcstensand, angesammelter Sand, Sandentladung usw.).<\/p>\n<ul>\n<li><strong>Anwendungsszenarien<\/strong><\/li>\n<\/ul>\n<p><span style=\"text-decoration: underline;\"> \u00d6l &amp; Gasfelder:<\/span> Wartung von \u00d6l-\/Gasleitungen in W\u00fcsten, Sandentladungsreinigung von \u00d6lbrunnen, Sandgewinnung an Bohr-\/\u00dcberarbeitungsstellen, Hochfrequenz-\u00dcberarbeitungszonen in ausgereiften Feldern, intensive Schieferfrakturgebiete;<\/p>\n<p><span style=\"text-decoration: underline;\"> Industriebau:<\/span> Abrasiv R\u00fcckgewinnung nach Rohrleitung \/ Bohrung Sandstrahlen, hartn\u00e4ckige Sandansammlung Reinigung in Anlagen;<\/p>\n<p><span style=\"text-decoration: underline;\"> Besondere Bedingungen:<\/span> Komplexe Umgebungen mit starker Sandentladung wie K\u00fcstenschlammflachen und W\u00fcsten;<\/p>\n<p><span style=\"text-decoration: underline;\"> Industriestandorte:<\/span> \u00dcbertragung und R\u00fcckgewinnung von Industriepulvern (z.B. Zement, Fliegenasche) innerhalb der Fabrikr\u00e4ume.<\/p>\n<p><img fetchpriority=\"high\" decoding=\"async\" class=\"alignnone size-medium wp-image-2765\" src=\"https:\/\/www.haideclean.com\/wp-content\/uploads\/2026\/01\/Sand-Suction-Machine5-300x300.jpg\" alt=\"\" width=\"300\" height=\"300\" srcset=\"https:\/\/www.haideclean.com\/wp-content\/uploads\/2026\/01\/Sand-Suction-Machine5-300x300.jpg 300w, https:\/\/www.haideclean.com\/wp-content\/uploads\/2026\/01\/Sand-Suction-Machine5-150x150.jpg 150w, https:\/\/www.haideclean.com\/wp-content\/uploads\/2026\/01\/Sand-Suction-Machine5-768x768.jpg 768w, https:\/\/www.haideclean.com\/wp-content\/uploads\/2026\/01\/Sand-Suction-Machine5-12x12.jpg 12w, https:\/\/www.haideclean.com\/wp-content\/uploads\/2026\/01\/Sand-Suction-Machine5-600x600.jpg 600w, https:\/\/www.haideclean.com\/wp-content\/uploads\/2026\/01\/Sand-Suction-Machine5-100x100.jpg 100w, https:\/\/www.haideclean.com\/wp-content\/uploads\/2026\/01\/Sand-Suction-Machine5.jpg 800w\" sizes=\"(max-width: 300px) 100vw, 300px\" \/><\/p>","protected":false},"excerpt":{"rendered":"<p>Effizient transportiert verschiedene Sch\u00fcttmaterialien, einschlie\u00dflich Pulver und k\u00f6rniger Materialien, die unterschiedlichen Materialr\u00fcckgewinnungs- und Transferanforderungen in mehreren Szenarien gerecht werden.<\/p>","protected":false},"featured_media":2940,"template":"","meta":[],"product_brand":[],"product_cat":[31],"product_tag":[],"class_list":{"0":"post-2735","1":"product","2":"type-product","3":"status-publish","4":"has-post-thumbnail","6":"product_cat-others","8":"first","9":"instock","10":"shipping-taxable","11":"product-type-simple"},"_links":{"self":[{"href":"https:\/\/www.haideclean.com\/de\/wp-json\/wp\/v2\/product\/2735","targetHints":{"allow":["GET"]}}],"collection":[{"href":"https:\/\/www.haideclean.com\/de\/wp-json\/wp\/v2\/product"}],"about":[{"href":"https:\/\/www.haideclean.com\/de\/wp-json\/wp\/v2\/types\/product"}],"wp:featuredmedia":[{"embeddable":true,"href":"https:\/\/www.haideclean.com\/de\/wp-json\/wp\/v2\/media\/2940"}],"wp:attachment":[{"href":"https:\/\/www.haideclean.com\/de\/wp-json\/wp\/v2\/media?parent=2735"}],"wp:term":[{"taxonomy":"product_brand","embeddable":true,"href":"https:\/\/www.haideclean.com\/de\/wp-json\/wp\/v2\/product_brand?post=2735"},{"taxonomy":"product_cat","embeddable":true,"href":"https:\/\/www.haideclean.com\/de\/wp-json\/wp\/v2\/product_cat?post=2735"},{"taxonomy":"product_tag","embeddable":true,"href":"https:\/\/www.haideclean.com\/de\/wp-json\/wp\/v2\/product_tag?post=2735"}],"curies":[{"name":"wp","href":"https:\/\/api.w.org\/{rel}","templated":true}]}}