{"id":2797,"date":"2026-01-15T11:55:21","date_gmt":"2026-01-15T03:55:21","guid":{"rendered":"https:\/\/www.haideclean.com\/?post_type=product&#038;p=2797"},"modified":"2026-03-19T13:58:55","modified_gmt":"2026-03-19T05:58:55","slug":"chr61m-multi-functional-snow-removal-sweeper","status":"publish","type":"product","link":"https:\/\/www.haideclean.com\/de\/product\/chr61m-multi-functional-snow-removal-sweeper\/","title":{"rendered":"CHR61M Multifunktionale Schneeber\u00e4ummaschine"},"content":{"rendered":"<p><img decoding=\"async\" class=\"alignnone size-medium wp-image-2847\" src=\"https:\/\/www.haideclean.com\/wp-content\/uploads\/2026\/01\/CHR70M111-300x165.png\" alt=\"\" width=\"300\" height=\"165\" srcset=\"https:\/\/www.haideclean.com\/wp-content\/uploads\/2026\/01\/CHR70M111-300x165.png 300w, https:\/\/www.haideclean.com\/wp-content\/uploads\/2026\/01\/CHR70M111-18x10.png 18w, https:\/\/www.haideclean.com\/wp-content\/uploads\/2026\/01\/CHR70M111.png 557w\" sizes=\"(max-width: 300px) 100vw, 300px\" \/><\/p>\n<p>Das CHR61M Multifunktions-Schneeber\u00e4umfahrzeug, entwickelt von Shandong Howe Technologies Co. Ltd., ist ein kompaktes, hochwertiges, leistungsstarkes Nutzfahrzeug mit einer gelenkigen Fahrwerksstruktur. Sein Design verk\u00f6rpert fortschrittliche Konzepte, die eine einheitliche Fahrzeugplattform und modulare Hilfsausr\u00fcstung erreichen. Ausgestattet mit multifunktionalen Montageb\u00fcgeln an beiden Enden, unterst\u00fctzt er verschiedene funktionelle Befestigungen, die eine schnelle Umstellung zwischen verschiedenen Betriebsmodus erm\u00f6glichen.<\/p>\n<p>Durch seine R&amp; D und Produktionsprozesse, Shandong Howe Technologies Co., Ltd. konsequent Priorit\u00e4t gew\u00e4hrleisten, dass seine Produkte bieten Vielseitigkeit, hohe Qualit\u00e4t und herausragende Leistung. Die Kernkomponenten dieses Mehrzweckfahrzeugs nutzen weltweit f\u00fchrende Marken, die einen effizienten Einsatz f\u00fcr Winterschneeentfernungsvorg\u00e4nge erm\u00f6glichen. Es ist weit verbreitet in Szenarien wie Flugh\u00e4fen, Industrieparks und Fu\u00dfg\u00e4ngerstra\u00dfen.<\/p>","protected":false},"excerpt":{"rendered":"<p>Das CHR61M Multifunktions-Schneeber\u00e4umfahrzeug, entwickelt von Shandong Howe Technologies Co. Ltd., ist ein kompaktes, hochwertiges, leistungsstarkes Nutzfahrzeug mit einer gelenkigen Fahrwerksstruktur. Sein Design verk\u00f6rpert fortschrittliche Konzepte, die eine einheitliche Fahrzeugplattform und modulare Hilfsausr\u00fcstung erreichen. Ausgestattet mit multifunktionalen Montageb\u00fcgeln an beiden Enden, unterst\u00fctzt er verschiedene funktionelle Befestigungen, die eine schnelle Umstellung zwischen verschiedenen Betriebsmodus erm\u00f6glichen.<\/p>","protected":false},"featured_media":2798,"template":"","meta":[],"product_brand":[],"product_cat":[29],"product_tag":[],"class_list":{"0":"post-2797","1":"product","2":"type-product","3":"status-publish","4":"has-post-thumbnail","6":"product_cat-winter-snow-removal-equipment","8":"first","9":"instock","10":"shipping-taxable","11":"product-type-simple"},"_links":{"self":[{"href":"https:\/\/www.haideclean.com\/de\/wp-json\/wp\/v2\/product\/2797","targetHints":{"allow":["GET"]}}],"collection":[{"href":"https:\/\/www.haideclean.com\/de\/wp-json\/wp\/v2\/product"}],"about":[{"href":"https:\/\/www.haideclean.com\/de\/wp-json\/wp\/v2\/types\/product"}],"wp:featuredmedia":[{"embeddable":true,"href":"https:\/\/www.haideclean.com\/de\/wp-json\/wp\/v2\/media\/2798"}],"wp:attachment":[{"href":"https:\/\/www.haideclean.com\/de\/wp-json\/wp\/v2\/media?parent=2797"}],"wp:term":[{"taxonomy":"product_brand","embeddable":true,"href":"https:\/\/www.haideclean.com\/de\/wp-json\/wp\/v2\/product_brand?post=2797"},{"taxonomy":"product_cat","embeddable":true,"href":"https:\/\/www.haideclean.com\/de\/wp-json\/wp\/v2\/product_cat?post=2797"},{"taxonomy":"product_tag","embeddable":true,"href":"https:\/\/www.haideclean.com\/de\/wp-json\/wp\/v2\/product_tag?post=2797"}],"curies":[{"name":"wp","href":"https:\/\/api.w.org\/{rel}","templated":true}]}}