{"id":2858,"date":"2026-01-15T14:50:00","date_gmt":"2026-01-15T06:50:00","guid":{"rendered":"https:\/\/www.haideclean.com\/?post_type=product&#038;p=2858"},"modified":"2026-03-19T12:03:07","modified_gmt":"2026-03-19T04:03:07","slug":"chr400msc-multifunctional-floor-scrubber","status":"publish","type":"product","link":"https:\/\/www.haideclean.com\/de\/product\/chr400msc-multifunctional-floor-scrubber\/","title":{"rendered":"CHR400MSC Multifunktionale Bodenschrubber"},"content":{"rendered":"<p><img fetchpriority=\"high\" decoding=\"async\" class=\"alignnone size-medium wp-image-2875\" src=\"https:\/\/www.haideclean.com\/wp-content\/uploads\/2026\/01\/CHR400MSC1-300x214.png\" alt=\"\" width=\"300\" height=\"214\" srcset=\"https:\/\/www.haideclean.com\/wp-content\/uploads\/2026\/01\/CHR400MSC1-300x214.png 300w, https:\/\/www.haideclean.com\/wp-content\/uploads\/2026\/01\/CHR400MSC1-18x12.png 18w, https:\/\/www.haideclean.com\/wp-content\/uploads\/2026\/01\/CHR400MSC1-600x428.png 600w, https:\/\/www.haideclean.com\/wp-content\/uploads\/2026\/01\/CHR400MSC1.png 691w\" sizes=\"(max-width: 300px) 100vw, 300px\" \/><\/p>\n<ol>\n<li>Die integrierte Funktion von gro\u00dffl\u00e4chigem Waschen und Kehren kann weit verbreitet f\u00fcr die tiefe Reinigung verschiedener Stockwerke wie Wohnparkpl\u00e4tze, Wohnparks, Hilfsstra\u00dfen, Gewerbebl\u00f6cke, Pl\u00e4tze usw. verwendet werden;<\/li>\n<li>Es kann eine perfekte Bodenwasche und -fegefunktion erreichen, und die Abwasserflecken auf dem Boden k\u00f6nnen gr\u00fcndlich gereinigt und recycelt werden, wodurch die Reinigungswirkung von &#8220; die wahre Farbe auf der Stra\u00dfe zu sehen, sitzt auf dem Boden&#8221;.<\/li>\n<li>Es kann sich in einem Kanal nur 2740 mm breit umdrehen, was die Reinigung flexibler und effizienter macht;<\/li>\n<li>Es kann Steine, M\u00fcll, Zweige, Bambusst\u00f6cke und andere Tr\u00fcmmer auf dem Boden reinigen, mit einem Waschdruck von bis zu 180 Kilogramm, was es leicht macht, Schmutz, \u00d6lflecken und verschiedene Drucke auf dem Boden gr\u00fcndlich und perfekt zu reinigen;<\/li>\n<\/ol>","protected":false},"excerpt":{"rendered":"<p>Diese gro\u00dfe Wasch- und Kehrmaschine erm\u00f6glicht das Drehen in 2740 mm breiten Kan\u00e4len f\u00fcr eine flexible, effiziente Tiefenreinigung mehrerer Oberfl\u00e4chen. Mit 180 kg Waschdruck entfernt, recycelt es Abwasser und M\u00fcll vollst\u00e4ndig und beseitigt Schmutz, \u00d6lflecken und Abdrucke, um eine &#8220; wahre Stra\u00dfenfarbe, sauber genug, um auf&#8221; Wirkung.<\/p>","protected":false},"featured_media":2862,"template":"","meta":[],"product_brand":[],"product_cat":[39],"product_tag":[],"class_list":{"0":"post-2858","1":"product","2":"type-product","3":"status-publish","4":"has-post-thumbnail","6":"product_cat-indoor-cleaning-equipment","8":"first","9":"instock","10":"shipping-taxable","11":"product-type-simple"},"_links":{"self":[{"href":"https:\/\/www.haideclean.com\/de\/wp-json\/wp\/v2\/product\/2858","targetHints":{"allow":["GET"]}}],"collection":[{"href":"https:\/\/www.haideclean.com\/de\/wp-json\/wp\/v2\/product"}],"about":[{"href":"https:\/\/www.haideclean.com\/de\/wp-json\/wp\/v2\/types\/product"}],"wp:featuredmedia":[{"embeddable":true,"href":"https:\/\/www.haideclean.com\/de\/wp-json\/wp\/v2\/media\/2862"}],"wp:attachment":[{"href":"https:\/\/www.haideclean.com\/de\/wp-json\/wp\/v2\/media?parent=2858"}],"wp:term":[{"taxonomy":"product_brand","embeddable":true,"href":"https:\/\/www.haideclean.com\/de\/wp-json\/wp\/v2\/product_brand?post=2858"},{"taxonomy":"product_cat","embeddable":true,"href":"https:\/\/www.haideclean.com\/de\/wp-json\/wp\/v2\/product_cat?post=2858"},{"taxonomy":"product_tag","embeddable":true,"href":"https:\/\/www.haideclean.com\/de\/wp-json\/wp\/v2\/product_tag?post=2858"}],"curies":[{"name":"wp","href":"https:\/\/api.w.org\/{rel}","templated":true}]}}