{"id":2936,"date":"2026-01-19T10:41:24","date_gmt":"2026-01-19T02:41:24","guid":{"rendered":"https:\/\/www.haideclean.com\/?post_type=product&#038;p=2936"},"modified":"2026-03-18T11:42:15","modified_gmt":"2026-03-18T03:42:15","slug":"chr5031csj-mobile-photovoltaic-power-supply-sand-removal-machine","status":"publish","type":"product","link":"https:\/\/www.haideclean.com\/de\/product\/chr5031csj-mobile-photovoltaic-power-supply-sand-removal-machine\/","title":{"rendered":"Typ CHR5031CSJ, mobiler Sandbeseitigungsmaschine mit photovoltaischer Stromversorgung"},"content":{"rendered":"<p><strong>Hauptfunktion<\/strong><\/p>\n<p>Es f\u00f6rdert effizient alle Arten von Sch\u00fcttg\u00fctern, einschlie\u00dflich pulverf\u00f6rmiger und k\u00f6rniger Materialien, erf\u00fcllt die Anforderungen an die R\u00fcckgewinnung und den Transport von Materialien in verschiedenen Anwendungsf\u00e4llen und l\u00f6st gleichzeitig die Herausforderungen bei der Sammlung unter besonderen Betriebsbedingungen.<\/p>\n<p><strong>Anwendbare Materialien<\/strong><\/p>\n<p>Industriepulver: Flugasche, Zement, Kalziumpulver, Mineralpulver, Magnesiumpulver, Kohlenpulver, Tonerde, Entstaubungsasche, Kohlegestein, Industriestaub, Kohlenasche.<\/p>\n<p>K\u00f6rnige Materialien: Getreide, Kunststoffgranulate (PT, PET, PA66).<\/p>\n<p>Sonderwerkstoffe: Sand (einschlie\u00dflich W\u00fcsten-, Sediment- und Abbausand usw.)<\/p>\n<p><strong>Einsatzbereiche<\/strong><\/p>\n<p>Im Zusammenhang mit \u00d6l- und Gasfeldern: Pipelines von W\u00fcsten-\u00d6l- und Gasfeldern, Sandentfernung aus \u00d6lquellen, Sandr\u00fcckgewinnung an Bohr- und Reparaturstandorten, Bereiche mit h\u00e4ufiger Wartung alter \u00d6lfelder, Bereiche mit intensiver Schieferbruchbehandlung.<\/p>\n<p>Industriebau: Sandstrahlen zur Entrostung von Rohrleitungen und Bohrl\u00f6chern, anschlie\u00dfende R\u00fcckgewinnung von Schleifmitteln und Entfernung von hartn\u00e4ckig angesammeltem Sand vor Ort.<\/p>\n<p>Besondere Betriebsbedingungen: komplexe Umgebungen mit starker Staub- und Sandemission, wie die k\u00fcstennahe Gezeitenzone und die W\u00fcste.<\/p>\n<p>Werksarbeiten: Behandlung und R\u00fcckgewinnung von Industriepulvern (wie Zement und Flugasche).<\/p>","protected":false},"excerpt":{"rendered":"<p>Der mobile Sandentferner mit Photovoltaik-Versorgung Modell CHR5031CSJ ist ein integriertes, klappbares und schnell versetzbares Photovoltaik-Speicherkraftwerk, das speziell daf\u00fcr entwickelt wurde, schwere Ger\u00e4te (wie Sandentfernungsanlagen in \u00d6lfeldern) in netzfernen Gebieten wie W\u00fcsten und Steppen mit Strom zu versorgen. Dieses Ger\u00e4t l\u00f6st effektiv die Probleme herk\u00f6mmlicher Dieselgeneratoren wie hohen L\u00e4rm, starke Verschmutzung und hohe Wartungskosten und \u00fcberwindet zudem die Einschr\u00e4nkung der geringen Flexibilit\u00e4t gro\u00dfer feststehender Photovoltaik-Kraftwerke. Diese innovative L\u00f6sung erm\u00f6glicht die direkte Bereitstellung gr\u00fcner Energie an der Arbeitsstelle.<\/p>","protected":false},"featured_media":2937,"template":"","meta":[],"product_brand":[],"product_cat":[31],"product_tag":[],"class_list":{"0":"post-2936","1":"product","2":"type-product","3":"status-publish","4":"has-post-thumbnail","6":"product_cat-others","8":"first","9":"instock","10":"shipping-taxable","11":"product-type-simple"},"_links":{"self":[{"href":"https:\/\/www.haideclean.com\/de\/wp-json\/wp\/v2\/product\/2936","targetHints":{"allow":["GET"]}}],"collection":[{"href":"https:\/\/www.haideclean.com\/de\/wp-json\/wp\/v2\/product"}],"about":[{"href":"https:\/\/www.haideclean.com\/de\/wp-json\/wp\/v2\/types\/product"}],"wp:featuredmedia":[{"embeddable":true,"href":"https:\/\/www.haideclean.com\/de\/wp-json\/wp\/v2\/media\/2937"}],"wp:attachment":[{"href":"https:\/\/www.haideclean.com\/de\/wp-json\/wp\/v2\/media?parent=2936"}],"wp:term":[{"taxonomy":"product_brand","embeddable":true,"href":"https:\/\/www.haideclean.com\/de\/wp-json\/wp\/v2\/product_brand?post=2936"},{"taxonomy":"product_cat","embeddable":true,"href":"https:\/\/www.haideclean.com\/de\/wp-json\/wp\/v2\/product_cat?post=2936"},{"taxonomy":"product_tag","embeddable":true,"href":"https:\/\/www.haideclean.com\/de\/wp-json\/wp\/v2\/product_tag?post=2936"}],"curies":[{"name":"wp","href":"https:\/\/api.w.org\/{rel}","templated":true}]}}