{"id":80,"date":"2025-12-10T15:42:55","date_gmt":"2025-12-10T07:42:55","guid":{"rendered":"https:\/\/www.haideclean.com\/?post_type=product&#038;p=80"},"modified":"2026-03-19T12:25:43","modified_gmt":"2026-03-19T04:25:43","slug":"chd5075tcajle6-kitchen-food-garbage-truck","status":"publish","type":"product","link":"https:\/\/www.haideclean.com\/de\/product\/chd5075tcajle6-kitchen-food-garbage-truck\/","title":{"rendered":"CHD5075TCAJLE6 K\u00fcche Lebensmittel M\u00fcllwagen"},"content":{"rendered":"<ul>\n<li>Die H\u00f6he des gesamten Fahrzeugs ist nicht h\u00f6her als 2,2 Meter, und es kann reibungslos den unterirdischen Parkplatz jedes Handelskomplexes betreten (die H\u00f6hengrenze des Eingangs betr\u00e4gt mehr als 2,2 Meter und die H\u00f6hengrenze des Innenraums betr\u00e4gt mehr als 3,3 Meter), um Sammel- und Transportvorg\u00e4nge durchzuf\u00fchren.<\/li>\n<li><strong>Volumenmaximierungsdesign:<\/strong> Das Fach nimmt quadratische und runde Struktur Design, um das Volumen zu maximieren. Das Material besteht aus hochwertigem Kohlenstoffstahl mit hoher Festigkeit.<\/li>\n<li><strong>Einzigartige Dichtstruktur Design:<\/strong> Das \u00d6ffnen, Schlie\u00dfen und Verriegeln der Hintert\u00fcr werden durch verschiedene Zylinder gesteuert und durch patentierte spezielle Dichtstreifen mit verstellbarem Verriegelungsmechanismus versiegelt, so dass es bei Betrieb und Fahrzeug keine Leckage gibt.<\/li>\n<li>Breit\u00f6ffnungstyp vergr\u00f6\u00dferter Einlass, durch Dichtdeckel versiegelt, \u00d6ffnung und Schlie\u00dfung durch Hydraulikzylinder gesteuert.<\/li>\n<li><strong>Weit anwendbarer M\u00fclllademechanismus:<\/strong> Es kann 120L und 240L Standardm\u00fcllbeh\u00e4lter mit automatischem Sicherheitsverriegelungsmechanismus heben, so dass der M\u00fcll im Fass w\u00e4hrend des Ladeprozesses nicht \u00fcberflie\u00dft oder hinterlassen wird.<\/li>\n<li><strong>Selbsterkennender M\u00fclllademechanismus:<\/strong> Beim Heben und Beladen von M\u00fcll kann er erkennen, ob der Oberdeckel vollst\u00e4ndig ge\u00f6ffnet ist und ob die Schubplatte in ihre Position zur\u00fcckgekehrt ist. Wenn es erkennt, dass der Oberdeckel nicht ge\u00f6ffnet ist oder die Schubplatte nicht in ihre Position zur\u00fcckgekehrt ist, gibt das Fahrzeug eine Warnerinnerung.<\/li>\n<li>M\u00fcllkompression und moderate Kompression von M\u00fcll, um die Belastung zu maximieren.<\/li>\n<li><strong>Automatisches Entladen Design:<\/strong> Manipulieren Sie den Schalter, \u00f6ffnen Sie die Hintert\u00fcr und schieben Sie den M\u00fcll von vorne nach hinten mit der Druckplatte, gr\u00fcndlich sauber.<\/li>\n<li><strong>Erweiterter Deflektor:<\/strong> Die M\u00fcllbeh\u00e4lter Entladungst\u00fcr ist mit einem erweiterten Ablenker ausgestattet, der effektiv verhindert, dass Abwasser auf beide Seiten des Fahrzeugs beim M\u00fclldeponieren spritzt, und ist umweltfreundlich und hygienisch.<\/li>\n<li>Zuverl\u00e4ssige Hintert\u00fcrdichtung: Die Hintert\u00fcr\u00f6ffnung wird durch Doppelschalter gesteuert, um Fehlbetrieb und Leckagen zu verhindern.<\/li>\n<li>Die \u00d6ffnungs- und Schlie\u00dfzylinder der Hintert\u00fcre sind mit Sicherheitsventilen versehen, um zu verhindern, dass die Hintert\u00fcre automatisch f\u00e4llt und die Sicherheit gew\u00e4hrleistet.<\/li>\n<li><strong>Zuverl\u00e4ssiges Sicherheitsdesign:<\/strong> Die Hintert\u00fcr des Fahrzeugs ist mit einem Sicherheitsstand ausgestattet, der beim \u00d6ffnen der Hintert\u00fcr unterst\u00fctzt werden kann, um die Sicherheit des Bedieners zu gew\u00e4hrleisten.<\/li>\n<\/ul>","protected":false},"excerpt":{"rendered":"<p>CHD5075TCAJLE6 K\u00fcchenm\u00fcllwagen von Yantai Haide Special Vehicle Co., Ltd. hergestellt ist ein neues Produkt entwickelt und auf der Grundlage von EQ1075SJ3CDF Chassis von Dongfeng Motor Co., Ltd. hergestellt entworfen. Ist eine gro\u00dfe Kapazit\u00e4t, hohe Effizienz, keine Leckage, hoher Grad an Automatisierung von Lebensmittel- und K\u00fcchenm\u00fcllsammlung und Transportausr\u00fcstung, weit verbreitet in Hotels, Kantinen \u00dcberreste Sammlung und Transport.<\/p>","protected":false},"featured_media":1248,"template":"","meta":[],"product_brand":[],"product_cat":[28],"product_tag":[],"class_list":{"0":"post-80","1":"product","2":"type-product","3":"status-publish","4":"has-post-thumbnail","6":"product_cat-waste-collection-transport","8":"first","9":"instock","10":"shipping-taxable","11":"product-type-simple"},"_links":{"self":[{"href":"https:\/\/www.haideclean.com\/de\/wp-json\/wp\/v2\/product\/80","targetHints":{"allow":["GET"]}}],"collection":[{"href":"https:\/\/www.haideclean.com\/de\/wp-json\/wp\/v2\/product"}],"about":[{"href":"https:\/\/www.haideclean.com\/de\/wp-json\/wp\/v2\/types\/product"}],"wp:featuredmedia":[{"embeddable":true,"href":"https:\/\/www.haideclean.com\/de\/wp-json\/wp\/v2\/media\/1248"}],"wp:attachment":[{"href":"https:\/\/www.haideclean.com\/de\/wp-json\/wp\/v2\/media?parent=80"}],"wp:term":[{"taxonomy":"product_brand","embeddable":true,"href":"https:\/\/www.haideclean.com\/de\/wp-json\/wp\/v2\/product_brand?post=80"},{"taxonomy":"product_cat","embeddable":true,"href":"https:\/\/www.haideclean.com\/de\/wp-json\/wp\/v2\/product_cat?post=80"},{"taxonomy":"product_tag","embeddable":true,"href":"https:\/\/www.haideclean.com\/de\/wp-json\/wp\/v2\/product_tag?post=80"}],"curies":[{"name":"wp","href":"https:\/\/api.w.org\/{rel}","templated":true}]}}