{"id":1314,"date":"2025-12-19T15:29:43","date_gmt":"2025-12-19T07:29:43","guid":{"rendered":"https:\/\/www.haideclean.com\/?post_type=product&#038;p=1314"},"modified":"2026-03-19T11:42:05","modified_gmt":"2026-03-19T03:42:05","slug":"chd5070twqqle6-high-pressure-water-road-marking-line-cleaning-truck","status":"publish","type":"product","link":"https:\/\/www.haideclean.com\/es\/producto\/chd5070twqqle6-high-pressure-water-road-marking-line-cleaning-truck\/","title":{"rendered":"CHD5070TWQQLE6 Cami\u00f3n de limpieza de l\u00ednea de marcado de carretera de agua de alta presi\u00f3n"},"content":{"rendered":"<p><strong>\u4e00\u3001 Potencia y amp; Capacidades de limpieza<\/strong><\/p>\n<ul>\n<li>Unidad de bomba de ultra alta presi\u00f3n: adoptando tecnolog\u00eda avanzada, la presi\u00f3n de trabajo es de hasta 70MPa, logrando una limpieza profunda del suelo.<\/li>\n<li>Optimizaci\u00f3n de la caja de cambios de reducci\u00f3n dividida: el motor principal del chasis est\u00e1 equipado con una caja de cambios de reducci\u00f3n dividida, lo que reduce la velocidad de conducci\u00f3n y mejora significativamente la eficiencia de la limpieza del suelo.<\/li>\n<\/ul>\n<p><strong>\u4e8c\u3001 Configuraci\u00f3n eficiente de transmisi\u00f3n y subsistema<\/strong><\/p>\n<ul>\n<li>Sistema de accionamiento directo del submotor: el submotor acciona directamente la bomba de agua de alta presi\u00f3n y el dispositivo de trabajo, garantizando un control preciso y una alta eficiencia de transmisi\u00f3n.<\/li>\n<\/ul>\n<p><strong>\u4e09\u3001 Dispositivos de trabajo flexibles<\/strong><\/p>\n<ul>\n<li>Dispositivo de lavado frontal tipo disco: con funci\u00f3n de oscilaci\u00f3n multidireccional (izquierda, derecha, arriba y abajo), que se adapta al complejo entorno vial y mejora la flexibilidad operativa.<\/li>\n<li>Dise\u00f1o de seguridad de conducci\u00f3n: el dispositivo de trabajo se retrae autom\u00e1ticamente a la posici\u00f3n cercana al conductor&#8217; s cabina al conducir para garantizar la seguridad y la estabilidad de conducci\u00f3n.<\/li>\n<\/ul>\n<p><strong>\u56db\u3001 Componentes de alta calidad y protecci\u00f3n inteligente<\/strong><\/p>\n<ul>\n<li>Componentes de marca conocida: todos los componentes se seleccionan de marcas conocidas para garantizar un excelente rendimiento y un funcionamiento fiable.<\/li>\n<li>Sin sistema de alarma de agua: la bomba de agua de alta presi\u00f3n est\u00e1 equipada con dispositivo de alarma de nivel de agua, que monitorea y alarma autom\u00e1ticamente para evitar la rotaci\u00f3n seca sin agua.<\/li>\n<\/ul>\n<p><strong>\u4e94\u3001 Operaci\u00f3n conveniente y monitoreo integral<\/strong><\/p>\n<ul>\n<li>Sistema de control integrado: la adopci\u00f3n del controlador avanzado, la realizaci\u00f3n de la operaci\u00f3n de una llave interior y el monitoreo de instrumentos, la simplificaci\u00f3n del proceso de operaci\u00f3n y la facilitaci\u00f3n del control preciso de la operaci\u00f3n de limpieza y la operaci\u00f3n de lavado de carreteras.<\/li>\n<\/ul>\n<p><strong>\u516d\u3001 Materiales durables y dise\u00f1o estructural<\/strong><\/p>\n<ul>\n<li>Tanque de acero inoxidable: el tanque est\u00e1 hecho de material de acero inoxidable, que tiene una excelente resistencia a la corrosi\u00f3n y prolonga la vida \u00fatil.<\/li>\n<\/ul>","protected":false},"excerpt":{"rendered":"<p>CHD5070TWQQLE6 veh\u00edculo de limpieza de marca de agua de alta presi\u00f3n es Yantai Haide Special Vehicle Co., Ltd. de acuerdo con la demanda del mercado para el desarrollo independiente de la limpieza de profundidad de la superficie de la carretera y la eliminaci\u00f3n de aceite del delantal de estacionamiento y otras funciones.<\/p>","protected":false},"featured_media":1315,"template":"","meta":[],"product_brand":[],"product_cat":[27],"product_tag":[],"class_list":{"0":"post-1314","1":"product","2":"type-product","3":"status-publish","4":"has-post-thumbnail","6":"product_cat-cleaning-vehicles","8":"first","9":"instock","10":"shipping-taxable","11":"product-type-simple"},"_links":{"self":[{"href":"https:\/\/www.haideclean.com\/es\/wp-json\/wp\/v2\/product\/1314","targetHints":{"allow":["GET"]}}],"collection":[{"href":"https:\/\/www.haideclean.com\/es\/wp-json\/wp\/v2\/product"}],"about":[{"href":"https:\/\/www.haideclean.com\/es\/wp-json\/wp\/v2\/types\/product"}],"wp:featuredmedia":[{"embeddable":true,"href":"https:\/\/www.haideclean.com\/es\/wp-json\/wp\/v2\/media\/1315"}],"wp:attachment":[{"href":"https:\/\/www.haideclean.com\/es\/wp-json\/wp\/v2\/media?parent=1314"}],"wp:term":[{"taxonomy":"product_brand","embeddable":true,"href":"https:\/\/www.haideclean.com\/es\/wp-json\/wp\/v2\/product_brand?post=1314"},{"taxonomy":"product_cat","embeddable":true,"href":"https:\/\/www.haideclean.com\/es\/wp-json\/wp\/v2\/product_cat?post=1314"},{"taxonomy":"product_tag","embeddable":true,"href":"https:\/\/www.haideclean.com\/es\/wp-json\/wp\/v2\/product_tag?post=1314"}],"curies":[{"name":"wp","href":"https:\/\/api.w.org\/{rel}","templated":true}]}}