{"id":1325,"date":"2025-12-19T15:51:29","date_gmt":"2025-12-19T07:51:29","guid":{"rendered":"https:\/\/www.haideclean.com\/?post_type=product&#038;p=1325"},"modified":"2026-03-19T12:25:06","modified_gmt":"2026-03-19T04:25:06","slug":"chd5180zxxdfe6-hook-lift-garbage-truck","status":"publish","type":"product","link":"https:\/\/www.haideclean.com\/es\/producto\/chd5180zxxdfe6-hook-lift-garbage-truck\/","title":{"rendered":"Cami\u00f3n de basura con brazo de gancho modelo CHD5180ZXXDFE6"},"content":{"rendered":"<p><strong>1. La estructura superior del brazo se solda a partir de la placa de acero BS700MC de alta resistencia:<\/strong> La estructura general del brazo est\u00e1 hecha de placa de acero de alta resistencia BS700MC con una resistencia a la elasticidad de 730 N\/mm\u00b2, con acero fundido o acero forjado utilizado en piezas cr\u00edticas. El bastidor de la pluma es soldado por un robot de soldadura utilizando soldadura blindada contra gas de alta resistencia, lo que garantiza un rendimiento de soldadura estable y fiable. Todos los orificios giratorios del eje se mecanizan utilizando una gran m\u00e1quina de taladrado y fresado CNC, lo que garantiza la precisi\u00f3n de toda la estructura de la m\u00e1quina.<\/p>\n<p>Tabla de par\u00e1metros de propiedades mec\u00e1nicas de los materiales:<\/p>\n<table>\n<tbody>\n<tr>\n<td colspan=\"8\" width=\"367\">Composici\u00f3n qu\u00edmica<\/td>\n<td colspan=\"6\" width=\"282\">Propiedades mec\u00e1nicas<\/td>\n<\/tr>\n<tr>\n<td width=\"42\">C<\/td>\n<td width=\"42\">Si<\/td>\n<td width=\"42\">Mn<\/td>\n<td width=\"49\">P<\/td>\n<td width=\"49\">S<\/td>\n<td width=\"49\">ALT<\/td>\n<td width=\"42\">Ti<\/td>\n<td width=\"49\">Cr<\/td>\n<td width=\"58\">Resistencia de rendimiento<\/td>\n<td width=\"46\">resistencia a la tracci\u00f3n<\/td>\n<td width=\"38\">alargamiento<\/td>\n<td width=\"62\">Rendimiento de flexi\u00f3n<\/td>\n<td width=\"38\">temperatura de choque<\/td>\n<td width=\"38\">Impacto medio<\/td>\n<\/tr>\n<tr>\n<td width=\"42\">0.07<\/td>\n<td width=\"42\">0.19<\/td>\n<td width=\"42\">1.87<\/td>\n<td width=\"49\">0.012<\/td>\n<td width=\"49\">0.003<\/td>\n<td width=\"49\">0.031<\/td>\n<td width=\"42\">0.03<\/td>\n<td width=\"49\">0.058<\/td>\n<td width=\"58\">730<\/p>\n<p>\/N\/mm2<\/td>\n<td width=\"46\">835<\/p>\n<p>\/MPa<\/td>\n<td width=\"38\">20%<\/td>\n<td width=\"62\">180\u00bad = 2.0a<\/td>\n<td width=\"38\">-20<\/p>\n<p>\u00b0 C<\/td>\n<td width=\"38\">90J<\/td>\n<\/tr>\n<\/tbody>\n<\/table>\n<p>2. El mecanismo de gu\u00eda del brazo telesc\u00f3pico adopta la ranura deslizante lateral y el deslizador con la estructura de gu\u00eda para hacer que el proceso de carga y descarga funcione sin problemas.<\/p>\n<p><img fetchpriority=\"high\" decoding=\"async\" class=\"alignnone wp-image-2432 size-full\" src=\"https:\/\/www.haideclean.com\/wp-content\/uploads\/2025\/12\/High-strength-slider.jpg\" alt=\"\" width=\"800\" height=\"600\" srcset=\"https:\/\/www.haideclean.com\/wp-content\/uploads\/2025\/12\/High-strength-slider.jpg 800w, https:\/\/www.haideclean.com\/wp-content\/uploads\/2025\/12\/High-strength-slider-300x225.jpg 300w, https:\/\/www.haideclean.com\/wp-content\/uploads\/2025\/12\/High-strength-slider-768x576.jpg 768w, https:\/\/www.haideclean.com\/wp-content\/uploads\/2025\/12\/High-strength-slider-600x450.jpg 600w\" sizes=\"(max-width: 800px) 100vw, 800px\" \/><\/p>\n<p>Deslizador de alta resistencia<\/p>\n<p>3. Todas las partes de acoplamiento de agujeros de eje giratorio utilizan rodamientos lubricados DU libres de mantenimiento sin aceite, lo que hace que el trabajo de mantenimiento sea sencillo y la operaci\u00f3n del equipo sea fiable.<\/p>\n<p><img decoding=\"async\" class=\"alignnone wp-image-2438 size-full\" src=\"https:\/\/www.haideclean.com\/wp-content\/uploads\/2025\/12\/High-strength-slider2.jpg\" alt=\"\" width=\"800\" height=\"600\" srcset=\"https:\/\/www.haideclean.com\/wp-content\/uploads\/2025\/12\/High-strength-slider2.jpg 800w, https:\/\/www.haideclean.com\/wp-content\/uploads\/2025\/12\/High-strength-slider2-300x225.jpg 300w, https:\/\/www.haideclean.com\/wp-content\/uploads\/2025\/12\/High-strength-slider2-768x576.jpg 768w, https:\/\/www.haideclean.com\/wp-content\/uploads\/2025\/12\/High-strength-slider2-600x450.jpg 600w\" sizes=\"(max-width: 800px) 100vw, 800px\" \/><\/p>\n<p>Rodamientos lubricados DU sin aceite sin mantenimiento<\/p>\n<p>4. El brazo de gancho adopta una estructura autom\u00e1tica de bloqueo y apertura. El bloque de bloqueo se abre por gravedad cuando se engancha la caja, y se bloquea en el estado de transporte. Cuando se engancha la caja, se abre el bloque de bloqueo, lo que ampl\u00eda la abertura de la parte de gu\u00eda del gancho, haciendo que sea m\u00e1s f\u00e1cil para el conductor enganchar la caja.<\/p>\n<p><img decoding=\"async\" class=\"alignnone wp-image-2443 size-full\" src=\"https:\/\/www.haideclean.com\/wp-content\/uploads\/2025\/12\/High-strength-slider3.jpg\" alt=\"\" width=\"800\" height=\"800\" srcset=\"https:\/\/www.haideclean.com\/wp-content\/uploads\/2025\/12\/High-strength-slider3.jpg 800w, https:\/\/www.haideclean.com\/wp-content\/uploads\/2025\/12\/High-strength-slider3-300x300.jpg 300w, https:\/\/www.haideclean.com\/wp-content\/uploads\/2025\/12\/High-strength-slider3-150x150.jpg 150w, https:\/\/www.haideclean.com\/wp-content\/uploads\/2025\/12\/High-strength-slider3-768x768.jpg 768w, https:\/\/www.haideclean.com\/wp-content\/uploads\/2025\/12\/High-strength-slider3-600x600.jpg 600w, https:\/\/www.haideclean.com\/wp-content\/uploads\/2025\/12\/High-strength-slider3-100x100.jpg 100w\" sizes=\"(max-width: 800px) 100vw, 800px\" \/><\/p>\n<p>5. El cilindro del recipiente de bloqueo y el cilindro telesc\u00f3pico est\u00e1n equipados con cerraduras hidr\u00e1ulicas bidireccionales para garantizar que el movimiento se mantenga en cualquier posici\u00f3n.<\/p>\n<p><img loading=\"lazy\" decoding=\"async\" class=\"alignnone wp-image-2444 size-full\" src=\"https:\/\/www.haideclean.com\/wp-content\/uploads\/2025\/12\/High-strength-slider4.jpg\" alt=\"\" width=\"800\" height=\"600\" srcset=\"https:\/\/www.haideclean.com\/wp-content\/uploads\/2025\/12\/High-strength-slider4.jpg 800w, https:\/\/www.haideclean.com\/wp-content\/uploads\/2025\/12\/High-strength-slider4-300x225.jpg 300w, https:\/\/www.haideclean.com\/wp-content\/uploads\/2025\/12\/High-strength-slider4-768x576.jpg 768w, https:\/\/www.haideclean.com\/wp-content\/uploads\/2025\/12\/High-strength-slider4-600x450.jpg 600w\" sizes=\"(max-width: 800px) 100vw, 800px\" \/><\/p>\n<p>Caja de cierre hidr\u00e1ulica<\/p>\n<p><img loading=\"lazy\" decoding=\"async\" class=\"alignnone wp-image-2445 size-full\" src=\"https:\/\/www.haideclean.com\/wp-content\/uploads\/2025\/12\/High-strength-slider6.jpg\" alt=\"\" width=\"800\" height=\"800\" srcset=\"https:\/\/www.haideclean.com\/wp-content\/uploads\/2025\/12\/High-strength-slider6.jpg 800w, https:\/\/www.haideclean.com\/wp-content\/uploads\/2025\/12\/High-strength-slider6-300x300.jpg 300w, https:\/\/www.haideclean.com\/wp-content\/uploads\/2025\/12\/High-strength-slider6-150x150.jpg 150w, https:\/\/www.haideclean.com\/wp-content\/uploads\/2025\/12\/High-strength-slider6-768x768.jpg 768w, https:\/\/www.haideclean.com\/wp-content\/uploads\/2025\/12\/High-strength-slider6-600x600.jpg 600w, https:\/\/www.haideclean.com\/wp-content\/uploads\/2025\/12\/High-strength-slider6-100x100.jpg 100w\" sizes=\"(max-width: 800px) 100vw, 800px\" \/><\/p>\n<p>Cerradura hidr\u00e1ulica telesc\u00f3pica<\/p>\n<p>6. El veh\u00edculo adopta un mecanismo de bloqueo transversal, que bloquea la viga longitudinal principal de la basura con el gancho de bloqueo, garantizando la seguridad y la fiabilidad de la cerradura de la basura; el cilindro de bloqueo controlado hidr\u00e1ulicamente es sencillo de operar y tiene un rendimiento estable, lo que hace que el contenedor sea m\u00e1s seguro.<\/p>\n<p><img loading=\"lazy\" decoding=\"async\" class=\"alignnone wp-image-2448 size-full\" src=\"https:\/\/www.haideclean.com\/wp-content\/uploads\/2025\/12\/High-strength-slider7.jpg\" alt=\"\" width=\"800\" height=\"600\" srcset=\"https:\/\/www.haideclean.com\/wp-content\/uploads\/2025\/12\/High-strength-slider7.jpg 800w, https:\/\/www.haideclean.com\/wp-content\/uploads\/2025\/12\/High-strength-slider7-300x225.jpg 300w, https:\/\/www.haideclean.com\/wp-content\/uploads\/2025\/12\/High-strength-slider7-768x576.jpg 768w, https:\/\/www.haideclean.com\/wp-content\/uploads\/2025\/12\/High-strength-slider7-600x450.jpg 600w\" sizes=\"(max-width: 800px) 100vw, 800px\" \/><\/p>\n<p>7. La v\u00e1lvula direccional multiv\u00eda asegura la conmutaci\u00f3n direccional fiable del sistema hidr\u00e1ulico y asegura que el cilindro de trabajo pueda permanecer en cualquier posici\u00f3n.<\/p>\n<p><img loading=\"lazy\" decoding=\"async\" class=\"alignnone wp-image-2449 size-full\" src=\"https:\/\/www.haideclean.com\/wp-content\/uploads\/2025\/12\/High-strength-slider8.jpg\" alt=\"\" width=\"800\" height=\"600\" srcset=\"https:\/\/www.haideclean.com\/wp-content\/uploads\/2025\/12\/High-strength-slider8.jpg 800w, https:\/\/www.haideclean.com\/wp-content\/uploads\/2025\/12\/High-strength-slider8-300x225.jpg 300w, https:\/\/www.haideclean.com\/wp-content\/uploads\/2025\/12\/High-strength-slider8-768x576.jpg 768w, https:\/\/www.haideclean.com\/wp-content\/uploads\/2025\/12\/High-strength-slider8-600x450.jpg 600w\" sizes=\"(max-width: 800px) 100vw, 800px\" \/><\/p>\n<p>V\u00e1lvula direccional hidr\u00e1ulica<\/p>\n<p>8. La v\u00e1lvula de equilibrio bidireccional asegura que los dos cilindros principales de la pluma se muevan de manera sincr\u00f3nica y mantengan una presi\u00f3n constante.<\/p>\n<p><img loading=\"lazy\" decoding=\"async\" class=\"alignnone wp-image-2450 size-full\" src=\"https:\/\/www.haideclean.com\/wp-content\/uploads\/2025\/12\/High-strength-slider9.jpg\" alt=\"\" width=\"800\" height=\"600\" srcset=\"https:\/\/www.haideclean.com\/wp-content\/uploads\/2025\/12\/High-strength-slider9.jpg 800w, https:\/\/www.haideclean.com\/wp-content\/uploads\/2025\/12\/High-strength-slider9-300x225.jpg 300w, https:\/\/www.haideclean.com\/wp-content\/uploads\/2025\/12\/High-strength-slider9-768x576.jpg 768w, https:\/\/www.haideclean.com\/wp-content\/uploads\/2025\/12\/High-strength-slider9-600x450.jpg 600w\" sizes=\"(max-width: 800px) 100vw, 800px\" \/><\/p>\n<p>V\u00e1lvula de equilibrio<\/p>\n<p>9. El sistema de filtraci\u00f3n hidr\u00e1ulica utiliza elementos de filtro de alta precisi\u00f3n, que pueden mejorar en gran medida la precisi\u00f3n de filtraci\u00f3n de todo el sistema hidr\u00e1ulico del veh\u00edculo.<\/p>\n<p><img loading=\"lazy\" decoding=\"async\" class=\"alignnone wp-image-2451 size-full\" src=\"https:\/\/www.haideclean.com\/wp-content\/uploads\/2025\/12\/High-strength-slider10.jpg\" alt=\"\" width=\"800\" height=\"600\" srcset=\"https:\/\/www.haideclean.com\/wp-content\/uploads\/2025\/12\/High-strength-slider10.jpg 800w, https:\/\/www.haideclean.com\/wp-content\/uploads\/2025\/12\/High-strength-slider10-300x225.jpg 300w, https:\/\/www.haideclean.com\/wp-content\/uploads\/2025\/12\/High-strength-slider10-768x576.jpg 768w, https:\/\/www.haideclean.com\/wp-content\/uploads\/2025\/12\/High-strength-slider10-600x450.jpg 600w\" sizes=\"(max-width: 800px) 100vw, 800px\" \/><\/p>\n<p>10. El dispositivo de soporte trasero accionado hidr\u00e1ulicamente baja el bastidor de rueda de soporte al enganchar y descargar la caja de carga, proporcionando soporte auxiliar. Los rodillos ampliados \u00fanicos de una sola pieza aumentan el veh\u00edculo&#8217; centro de gravedad, garantizando as\u00ed la estabilidad y fiabilidad generales.<\/p>\n<p><img loading=\"lazy\" decoding=\"async\" class=\"alignnone wp-image-2452 size-full\" src=\"https:\/\/www.haideclean.com\/wp-content\/uploads\/2025\/12\/High-strength-slider11.jpg\" alt=\"\" width=\"800\" height=\"600\" srcset=\"https:\/\/www.haideclean.com\/wp-content\/uploads\/2025\/12\/High-strength-slider11.jpg 800w, https:\/\/www.haideclean.com\/wp-content\/uploads\/2025\/12\/High-strength-slider11-300x225.jpg 300w, https:\/\/www.haideclean.com\/wp-content\/uploads\/2025\/12\/High-strength-slider11-768x576.jpg 768w, https:\/\/www.haideclean.com\/wp-content\/uploads\/2025\/12\/High-strength-slider11-600x450.jpg 600w\" sizes=\"(max-width: 800px) 100vw, 800px\" \/><\/p>\n<p>v\u00e1lvula de control neum\u00e1tico<\/p>\n<p>11. Se usan placas de acero de alta resistencia, y la viga secundaria adopta una secci\u00f3n en forma de Z para garantizar que la viga secundaria pueda integrarse completamente con la viga principal del chasis, preservando la curvatura natural de la viga principal del chasis.<\/p>\n<p><img loading=\"lazy\" decoding=\"async\" class=\"alignnone wp-image-2453 size-full\" src=\"https:\/\/www.haideclean.com\/wp-content\/uploads\/2025\/12\/High-strength-slider12.jpg\" alt=\"\" width=\"800\" height=\"600\" srcset=\"https:\/\/www.haideclean.com\/wp-content\/uploads\/2025\/12\/High-strength-slider12.jpg 800w, https:\/\/www.haideclean.com\/wp-content\/uploads\/2025\/12\/High-strength-slider12-300x225.jpg 300w, https:\/\/www.haideclean.com\/wp-content\/uploads\/2025\/12\/High-strength-slider12-768x576.jpg 768w, https:\/\/www.haideclean.com\/wp-content\/uploads\/2025\/12\/High-strength-slider12-600x450.jpg 600w\" sizes=\"(max-width: 800px) 100vw, 800px\" \/><\/p>\n<p>Tipo de alta resistencia<\/p>\n<p>12. La cabina cuenta con un sistema de control electr\u00f3nico integrado, lo que permite operar todas las funciones desde el interior de la cabina.<\/p>\n<p><img loading=\"lazy\" decoding=\"async\" class=\"alignnone wp-image-2454 size-full\" src=\"https:\/\/www.haideclean.com\/wp-content\/uploads\/2025\/12\/High-strength-slider13.jpg\" alt=\"\" width=\"800\" height=\"600\" srcset=\"https:\/\/www.haideclean.com\/wp-content\/uploads\/2025\/12\/High-strength-slider13.jpg 800w, https:\/\/www.haideclean.com\/wp-content\/uploads\/2025\/12\/High-strength-slider13-300x225.jpg 300w, https:\/\/www.haideclean.com\/wp-content\/uploads\/2025\/12\/High-strength-slider13-768x576.jpg 768w, https:\/\/www.haideclean.com\/wp-content\/uploads\/2025\/12\/High-strength-slider13-600x450.jpg 600w\" sizes=\"(max-width: 800px) 100vw, 800px\" \/><\/p>\n<p><img loading=\"lazy\" decoding=\"async\" class=\"alignnone wp-image-2455 size-full\" src=\"https:\/\/www.haideclean.com\/wp-content\/uploads\/2025\/12\/High-strength-slider14.jpg\" alt=\"\" width=\"800\" height=\"600\" srcset=\"https:\/\/www.haideclean.com\/wp-content\/uploads\/2025\/12\/High-strength-slider14.jpg 800w, https:\/\/www.haideclean.com\/wp-content\/uploads\/2025\/12\/High-strength-slider14-300x225.jpg 300w, https:\/\/www.haideclean.com\/wp-content\/uploads\/2025\/12\/High-strength-slider14-768x576.jpg 768w, https:\/\/www.haideclean.com\/wp-content\/uploads\/2025\/12\/High-strength-slider14-600x450.jpg 600w\" sizes=\"(max-width: 800px) 100vw, 800px\" \/> <img loading=\"lazy\" decoding=\"async\" class=\"alignnone wp-image-2456 size-full\" src=\"https:\/\/www.haideclean.com\/wp-content\/uploads\/2025\/12\/High-strength-slider15.jpg\" alt=\"\" width=\"800\" height=\"600\" srcset=\"https:\/\/www.haideclean.com\/wp-content\/uploads\/2025\/12\/High-strength-slider15.jpg 800w, https:\/\/www.haideclean.com\/wp-content\/uploads\/2025\/12\/High-strength-slider15-300x225.jpg 300w, https:\/\/www.haideclean.com\/wp-content\/uploads\/2025\/12\/High-strength-slider15-768x576.jpg 768w, https:\/\/www.haideclean.com\/wp-content\/uploads\/2025\/12\/High-strength-slider15-600x450.jpg 600w\" sizes=\"(max-width: 800px) 100vw, 800px\" \/><\/p>","protected":false},"excerpt":{"rendered":"<p>El cami\u00f3n de basura CHD5180ZXXDFE6 es un veh\u00edculo de saneamiento que combina alta eficiencia, fiabilidad y respeto del medio ambiente.<\/p>\n<p>El veh\u00edculo cuenta con un rendimiento potente, bajo consumo de combustible y ruido m\u00ednimo. Su contenedor de residuos totalmente sellado evita la contaminaci\u00f3n secundaria durante el transporte, ofrece una operaci\u00f3n sencilla y garantiza un rendimiento estable.<\/p>","protected":false},"featured_media":1327,"template":"","meta":[],"product_brand":[],"product_cat":[28],"product_tag":[],"class_list":{"0":"post-1325","1":"product","2":"type-product","3":"status-publish","4":"has-post-thumbnail","6":"product_cat-waste-collection-transport","8":"first","9":"instock","10":"shipping-taxable","11":"product-type-simple"},"_links":{"self":[{"href":"https:\/\/www.haideclean.com\/es\/wp-json\/wp\/v2\/product\/1325","targetHints":{"allow":["GET"]}}],"collection":[{"href":"https:\/\/www.haideclean.com\/es\/wp-json\/wp\/v2\/product"}],"about":[{"href":"https:\/\/www.haideclean.com\/es\/wp-json\/wp\/v2\/types\/product"}],"wp:featuredmedia":[{"embeddable":true,"href":"https:\/\/www.haideclean.com\/es\/wp-json\/wp\/v2\/media\/1327"}],"wp:attachment":[{"href":"https:\/\/www.haideclean.com\/es\/wp-json\/wp\/v2\/media?parent=1325"}],"wp:term":[{"taxonomy":"product_brand","embeddable":true,"href":"https:\/\/www.haideclean.com\/es\/wp-json\/wp\/v2\/product_brand?post=1325"},{"taxonomy":"product_cat","embeddable":true,"href":"https:\/\/www.haideclean.com\/es\/wp-json\/wp\/v2\/product_cat?post=1325"},{"taxonomy":"product_tag","embeddable":true,"href":"https:\/\/www.haideclean.com\/es\/wp-json\/wp\/v2\/product_tag?post=1325"}],"curies":[{"name":"wp","href":"https:\/\/api.w.org\/{rel}","templated":true}]}}