{"id":1336,"date":"2025-12-19T16:03:16","date_gmt":"2025-12-19T08:03:16","guid":{"rendered":"https:\/\/www.haideclean.com\/?post_type=product&#038;p=1336"},"modified":"2026-03-18T11:22:03","modified_gmt":"2026-03-18T03:22:03","slug":"chd5050twq-dirty-removal-truck","status":"publish","type":"product","link":"https:\/\/www.haideclean.com\/es\/producto\/chd5050twq-dirty-removal-truck\/","title":{"rendered":"CHD5050TWQ cami\u00f3n de eliminaci\u00f3n de suciedad"},"content":{"rendered":"<p>La m\u00e1quina adopta el mundo&#8217; motor Cummins de mejor calidad para proporcionar potencia para todo el veh\u00edculo. La potencia nominal del motor es de 81kw con una fuerte potencia y un rendimiento estable. El motor Cummins est\u00e1 con protecci\u00f3n nacional, lo que puede eliminar las preocupaciones del cliente.<\/p>\n<p><img fetchpriority=\"high\" decoding=\"async\" class=\"alignnone wp-image-2468 size-full\" src=\"https:\/\/www.haideclean.com\/wp-content\/uploads\/2025\/12\/Cummins-engine1.jpg\" alt=\"\" width=\"309\" height=\"245\" srcset=\"https:\/\/www.haideclean.com\/wp-content\/uploads\/2025\/12\/Cummins-engine1.jpg 309w, https:\/\/www.haideclean.com\/wp-content\/uploads\/2025\/12\/Cummins-engine1-300x238.jpg 300w\" sizes=\"(max-width: 309px) 100vw, 309px\" \/><\/p>\n<p>Imagen 1 Motor Cummins<\/p>\n<p>El eliminador de basura est\u00e1 equipado con una bomba variable de gran desplazamiento y motor de pist\u00f3n importado de Alemania. Mediante el ajuste sin pasos del tama\u00f1o de desplazamiento de la bomba variable, puede obtener la velocidad de caminata constante necesaria.<\/p>\n<p><img decoding=\"async\" class=\"alignnone wp-image-2467 size-full\" src=\"https:\/\/www.haideclean.com\/wp-content\/uploads\/2025\/12\/Germany-Linde-walking-variable-pump-and-piston-motor.jpg\" alt=\"\" width=\"514\" height=\"217\" srcset=\"https:\/\/www.haideclean.com\/wp-content\/uploads\/2025\/12\/Germany-Linde-walking-variable-pump-and-piston-motor.jpg 514w, https:\/\/www.haideclean.com\/wp-content\/uploads\/2025\/12\/Germany-Linde-walking-variable-pump-and-piston-motor-300x127.jpg 300w\" sizes=\"(max-width: 514px) 100vw, 514px\" \/><\/p>\n<p>Imagen 2 Alemania Bomba variable a pie y motor de pist\u00f3n Linde<\/p>\n<p>El eliminador de basura est\u00e1 equipado con una aspiradora de aspiraci\u00f3n de lavado en el frente, y puede operar la funci\u00f3n de retracci\u00f3n del plato de limpieza en la sala de conducci\u00f3n;<\/p>\n<p><strong>El veh\u00edculo tiene varios modos de funcionamiento para elegir:<\/strong><\/p>\n<ol>\n<li>El plato de limpieza puede quitar la basura por separado. A trav\u00e9s del plato de limpieza se mueve hacia la izquierda y la derecha, puede realizar la operaci\u00f3n de limpieza de contaminaci\u00f3n en el lado izquierdo y derecho del roa<\/li>\n<li>La operaci\u00f3n de limpieza de contaminaci\u00f3n en el lado derecho. A trav\u00e9s de la cooperaci\u00f3n entre la barra de pulverizaci\u00f3n derecha y la aspiradora de succi\u00f3n, puede realizar el lavado y la contaminaci\u00f3n en el lado derecho del veh\u00edculo y las piedras a lo largo de las carreteras.<\/li>\n<li>La operaci\u00f3n de limpieza de contaminaci\u00f3n en el lado izquierdo. A trav\u00e9s de la cooperaci\u00f3n entre la barra de pulverizaci\u00f3n izquierda y la succi\u00f3n, puede realizar el lavado y la contaminaci\u00f3n en el lado izquierdo del veh\u00edculo y las piedras a lo largo de las carreteras.<\/li>\n<li>Flush succi\u00f3n suckerin frontal tiene la funci\u00f3n de moverse hacia la izquierda y la derecha, Movingsize es 220mm cada lado.<\/li>\n<\/ol>\n<p><img decoding=\"async\" class=\"alignnone wp-image-2466 size-full\" src=\"https:\/\/www.haideclean.com\/wp-content\/uploads\/2025\/12\/Working-device-in-front.jpg\" alt=\"\" width=\"343\" height=\"225\" srcset=\"https:\/\/www.haideclean.com\/wp-content\/uploads\/2025\/12\/Working-device-in-front.jpg 343w, https:\/\/www.haideclean.com\/wp-content\/uploads\/2025\/12\/Working-device-in-front-300x197.jpg 300w\" sizes=\"(max-width: 343px) 100vw, 343px\" \/><\/p>\n<p>Figura 3 Dispositivo de trabajo en el frente<\/p>\n<p>La bomba de pist\u00f3n de alta presi\u00f3n adoptada es importada de Italia. Hace que el rendimiento sea estable y fiable. A trav\u00e9s del accionamiento hidr\u00e1ulico y el ajuste sin pasos, puede satisfacer los requisitos de trabajo de la bomba de flujo y presi\u00f3n diferentes obtenidos en diferentes velocidades de rotaci\u00f3n. La presi\u00f3n m\u00e1xima puede alcanzar 300 bar en el sistema de agua del veh\u00edculo.<\/p>\n<p><img loading=\"lazy\" decoding=\"async\" class=\"alignnone wp-image-2465 size-full\" src=\"https:\/\/www.haideclean.com\/wp-content\/uploads\/2025\/12\/Italian-high-pressure-piston-pump-.jpg\" alt=\"\" width=\"293\" height=\"209\" \/><\/p>\n<p>Imagen 4 Bomba de pist\u00f3n de alta presi\u00f3n italiana<\/p>\n<p>Nota: Nuestra empresa se reserva el derecho de cualquier cambio en los productos. La informaci\u00f3n proporcionada en esta especificaci\u00f3n t\u00e9cnica s\u00f3lo puede ser de referencia. Los par\u00e1metros y configuraciones espec\u00edficos est\u00e1n sujetos a la entrega real.<\/p>\n<p>El motor de este eliminador de basura est\u00e1 equipado en el medio del marco, y Hay tanques de agua independientes en los dos lados del marco respectivamente. La bomba de agua de alta presi\u00f3n y el silenciador del motor se montan respectivamente dentro del dep\u00f3sito de agua. La basura y el tanque de agua de limpieza adoptan la estructura integral. La estructura es: El dep\u00f3sito de agua se coloca en ambos lados de la basura y la parte inferior para lograr la m\u00e1xima utilizaci\u00f3n del espacio total; La basura adopta doble cilindro hidr\u00e1ulico que puede descargar y levantar para descargar. La basura est\u00e1 equipada con dise\u00f1o frontal para lograr el prop\u00f3sito de descarga auxiliar. La estructura de la puerta trasera adopta la estructura de sellado doble, que puede evitar la omisi\u00f3n de aguas residuales causada por el problema de sellado de la puerta trasera en el proceso de transporte del veh\u00edculo despu\u00e9s del final de la operaci\u00f3n del veh\u00edculo.<\/p>\n<p>El sensor de bajo nivel de agua est\u00e1 instalado en la parte posterior del tanque de agua transparente lateral. Cuando el nivel de agua en el tanque de agua transparente est\u00e1 cerca del primer nivel de agua de alarma, la luz indicadora instalada en la pantalla en el conductor&#8217; s habitaci\u00f3n alarmar\u00e1 en el camino de &#8220; flash\u201d y hacer un &#8220; flauta&#8221; sonido. Recuerdan al operador que agregue agua a tiempo. Si no atrae la atenci\u00f3n oportuna del operador, y despu\u00e9s de la alarma flash se alcanzar\u00e1 el momento en que el nivel de agua est\u00e1 cerca del segundo nivel de alarma que puede prevenir el da\u00f1o causado por la escasez de agua, el circuito de control de la bomba de agua de alta presi\u00f3n se cortar\u00e1 autom\u00e1ticamente, de modo que la bomba deje de funcionar.<\/p>\n<p><img loading=\"lazy\" decoding=\"async\" class=\"alignnone wp-image-2464 size-full\" src=\"https:\/\/www.haideclean.com\/wp-content\/uploads\/2025\/12\/Low-water-level-alarm-device-for-cleaning-water-tank.jpg\" alt=\"\" width=\"264\" height=\"218\" \/><\/p>\n<p>Figura 5 Dispositivo de alarma de bajo nivel de agua para limpiar el tanque de agua<\/p>\n<p>Para ayudar a la descarga oportuna de las aguas residuales durante la operaci\u00f3n de lavado a alta presi\u00f3n del veh\u00edculo (especialmente en la temporada de lluvias), el veh\u00edculo est\u00e1 equipado con un dispositivo de alarma flotante de alto nivel de agua en la parte posterior de la parte superior del contenedor de basura. Cuando las aguas residuales en el contenedor de basura alcanzan el nivel de alarma, el dispositivo flotante flotar\u00e1 autom\u00e1ticamente con el aumento del nivel de agua, y cuando alcance el nivel de l\u00edquido establecido, el dispositivo de alarma en el panel de control dentro de la sala de conducci\u00f3n har\u00e1 un continuo &#8220; parpadeo&#8221; y &#8220; flauta&#8221; Sonido de alarma. Esto recordar\u00e1 al operador descargar las aguas residuales a tiempo.<\/p>\n<p><img loading=\"lazy\" decoding=\"async\" class=\"alignnone wp-image-2462 size-full\" src=\"https:\/\/www.haideclean.com\/wp-content\/uploads\/2025\/12\/Dustbin-high-water-level-alarm-and-flush-device.jpg\" alt=\"\" width=\"386\" height=\"209\" srcset=\"https:\/\/www.haideclean.com\/wp-content\/uploads\/2025\/12\/Dustbin-high-water-level-alarm-and-flush-device.jpg 386w, https:\/\/www.haideclean.com\/wp-content\/uploads\/2025\/12\/Dustbin-high-water-level-alarm-and-flush-device-300x162.jpg 300w\" sizes=\"(max-width: 386px) 100vw, 386px\" \/><\/p>\n<p>Imagen 6 Alarma de alto nivel de agua y dispositivo de lavado del basurero<\/p>\n<p>La basura del veh\u00edculo no solo tiene una funci\u00f3n de basura y descarga sencilla, sino que tambi\u00e9n est\u00e1 equipada con un dispositivo de lavado de alta presi\u00f3n en la parte delantera de la basura. Es decir, cuando el veh\u00edculo est\u00e1 descargando la basura, el operador abre primero la puerta trasera y luego levanta la caja, y finalmente abre el dispositivo de lavado de alta presi\u00f3n montado en la parte delantera de la basura para lavar a fondo la basura. Para facilitar al operador agregar agua a tiempo para el dep\u00f3sito de agua, el llenador del dep\u00f3sito de agua se establece en el medio del lado derecho del basurero: Cuando se necesita agregar agua, el operador solo conecta la interfaz del hidrante con el llenador de conexi\u00f3n de agua a trav\u00e9s del cintur\u00f3n de incendio para agregar agua;<\/p>\n<p><img loading=\"lazy\" decoding=\"async\" class=\"alignnone wp-image-2461 size-full\" src=\"https:\/\/www.haideclean.com\/wp-content\/uploads\/2025\/12\/Clean-water-filler.jpg\" alt=\"\" width=\"298\" height=\"236\" \/><\/p>\n<p>Figura 7 Rellenador de agua limpia<\/p>\n<p>Modo de control autom\u00e1tico inteligente de una tecla, es decir, despu\u00e9s de seleccionar el modo de operaci\u00f3n del veh\u00edculo, la operaci\u00f3n de control del veh\u00edculo puede completarse con una operaci\u00f3n de tecla, y el veh\u00edculo puede entrar directamente en el estado de operaci\u00f3n programado. Todos los interruptores de control son accesibles para obtener. La operaci\u00f3n es muy conveniente.<\/p>\n<p><img loading=\"lazy\" decoding=\"async\" class=\"alignnone wp-image-2460 size-full\" src=\"https:\/\/www.haideclean.com\/wp-content\/uploads\/2025\/12\/One-button-automatic-control.jpg\" alt=\"\" width=\"368\" height=\"215\" srcset=\"https:\/\/www.haideclean.com\/wp-content\/uploads\/2025\/12\/One-button-automatic-control.jpg 368w, https:\/\/www.haideclean.com\/wp-content\/uploads\/2025\/12\/One-button-automatic-control-300x175.jpg 300w\" sizes=\"(max-width: 368px) 100vw, 368px\" \/><\/p>\n<p>Figura 8 Control autom\u00e1tico de un solo bot\u00f3n<\/p>\n<p>Para facilitar al operador observar el nivel de aguas residuales en el tanque de aguas residuales a tiempo, el coche est\u00e1 equipado con un espejo de observaci\u00f3n de aguas residuales en la puerta trasera del contenedor de basura, lo que es muy conveniente para el operador observar y operar el nivel de aguas residuales en el tanque.<\/p>\n<p><img loading=\"lazy\" decoding=\"async\" class=\"alignnone wp-image-2459 size-full\" src=\"https:\/\/www.haideclean.com\/wp-content\/uploads\/2025\/12\/sewage-observation-mirror-on-the-rear-door-of-the-dustbin.jpg\" alt=\"\" width=\"365\" height=\"206\" srcset=\"https:\/\/www.haideclean.com\/wp-content\/uploads\/2025\/12\/sewage-observation-mirror-on-the-rear-door-of-the-dustbin.jpg 365w, https:\/\/www.haideclean.com\/wp-content\/uploads\/2025\/12\/sewage-observation-mirror-on-the-rear-door-of-the-dustbin-300x169.jpg 300w\" sizes=\"(max-width: 365px) 100vw, 365px\" \/><\/p>\n<p>Imagen 9 Espejo de observaci\u00f3n de aguas residuales en la puerta trasera del basurero<\/p>\n<p>La eliminaci\u00f3n de basura est\u00e1 equipada no solo con luminarias requeridas para el funcionamiento ordinario del veh\u00edculo, sino tambi\u00e9n con la flecha de indicaci\u00f3n de operaci\u00f3n superior. A trav\u00e9s de la forma de indicaci\u00f3n intermitente continua, recuerda la seguridad del funcionamiento del veh\u00edculo trasero.<\/p>\n<p><img loading=\"lazy\" decoding=\"async\" class=\"alignnone wp-image-2458 size-full\" src=\"https:\/\/www.haideclean.com\/wp-content\/uploads\/2025\/12\/Rear-indicating-arrow-light.jpg\" alt=\"\" width=\"340\" height=\"216\" srcset=\"https:\/\/www.haideclean.com\/wp-content\/uploads\/2025\/12\/Rear-indicating-arrow-light.jpg 340w, https:\/\/www.haideclean.com\/wp-content\/uploads\/2025\/12\/Rear-indicating-arrow-light-300x191.jpg 300w\" sizes=\"(max-width: 340px) 100vw, 340px\" \/><\/p>\n<p>Figura 10 Luz de flecha de indicaci\u00f3n trasera<\/p>\n<p>Un dispositivo de pistola pulverizadora port\u00e1til con funci\u00f3n de bobina autom\u00e1tica se monta en el centro izquierdo del veh\u00edculo, que se utiliza para la retirada de la carrocer\u00eda del veh\u00edculo y los anuncios de carretera. La longitud de la bobina es de hasta 15 metros, y tambi\u00e9n se puede usar para conectar el dispositivo de lavado rotativo empujado a mano y el dispositivo de varilla de pulverizaci\u00f3n del ventilador empujado a mano para realizar la operaci\u00f3n de lavado de la acera.<\/p>\n<p><img loading=\"lazy\" decoding=\"async\" class=\"alignnone wp-image-2457 size-full\" src=\"https:\/\/www.haideclean.com\/wp-content\/uploads\/2025\/12\/Picture-11.jpg\" alt=\"\" width=\"364\" height=\"250\" srcset=\"https:\/\/www.haideclean.com\/wp-content\/uploads\/2025\/12\/Picture-11.jpg 364w, https:\/\/www.haideclean.com\/wp-content\/uploads\/2025\/12\/Picture-11-300x206.jpg 300w\" sizes=\"(max-width: 364px) 100vw, 364px\" \/><\/p>\n<p>Figura 11<\/p>","protected":false},"excerpt":{"rendered":"<p>CHD5050TWQ es un nuevo veh\u00edculo de trabajo de carretera dise\u00f1ado y desarrollado por Yantai Haide Special Vehicle Co., LTD. Se aplica principalmente a la descontaminaci\u00f3n profunda y la limpieza del pavimento, la plaza, el parque y la comunidad.<\/p>","protected":false},"featured_media":1337,"template":"","meta":[],"product_brand":[],"product_cat":[27],"product_tag":[],"class_list":{"0":"post-1336","1":"product","2":"type-product","3":"status-publish","4":"has-post-thumbnail","6":"product_cat-cleaning-vehicles","8":"first","9":"instock","10":"shipping-taxable","11":"product-type-simple"},"_links":{"self":[{"href":"https:\/\/www.haideclean.com\/es\/wp-json\/wp\/v2\/product\/1336","targetHints":{"allow":["GET"]}}],"collection":[{"href":"https:\/\/www.haideclean.com\/es\/wp-json\/wp\/v2\/product"}],"about":[{"href":"https:\/\/www.haideclean.com\/es\/wp-json\/wp\/v2\/types\/product"}],"wp:featuredmedia":[{"embeddable":true,"href":"https:\/\/www.haideclean.com\/es\/wp-json\/wp\/v2\/media\/1337"}],"wp:attachment":[{"href":"https:\/\/www.haideclean.com\/es\/wp-json\/wp\/v2\/media?parent=1336"}],"wp:term":[{"taxonomy":"product_brand","embeddable":true,"href":"https:\/\/www.haideclean.com\/es\/wp-json\/wp\/v2\/product_brand?post=1336"},{"taxonomy":"product_cat","embeddable":true,"href":"https:\/\/www.haideclean.com\/es\/wp-json\/wp\/v2\/product_cat?post=1336"},{"taxonomy":"product_tag","embeddable":true,"href":"https:\/\/www.haideclean.com\/es\/wp-json\/wp\/v2\/product_tag?post=1336"}],"curies":[{"name":"wp","href":"https:\/\/api.w.org\/{rel}","templated":true}]}}