{"id":1352,"date":"2025-12-19T16:14:49","date_gmt":"2025-12-19T08:14:49","guid":{"rendered":"https:\/\/www.haideclean.com\/?post_type=product&#038;p=1352"},"modified":"2026-03-19T11:40:35","modified_gmt":"2026-03-19T03:40:35","slug":"chd5180gqxdfe6-road-cleaning-truck","status":"publish","type":"product","link":"https:\/\/www.haideclean.com\/es\/producto\/chd5180gqxdfe6-road-cleaning-truck\/","title":{"rendered":"CHD5180GQXDFE6 Cami\u00f3n de limpieza de carreteras"},"content":{"rendered":"<ul>\n<li><b><\/b><strong><b>Tanque est\u00e1ndar de acero inoxidable, con un sistema de alarma de agua baja;<\/b><\/strong><\/li>\n<li><b><\/b><strong><b>La parte trasera del veh\u00edculo est\u00e1 equipada con se\u00f1ales de operaci\u00f3n que emiten luz;<\/b><\/strong><\/li>\n<li><b><\/b><strong><b>Dos conjuntos de alta presi\u00f3n independiente, &amp; sistema de agua de baja presi\u00f3n;<\/b><\/strong><\/li>\n<li><b><\/b><strong><b>Sistema de agua de alta presi\u00f3n:<\/b><\/strong>\n<ol>\n<li>Protecci\u00f3n autom\u00e1tica de alarma de sobrevelocidad de la bomba de agua de alta presi\u00f3n<\/li>\n<li>Sistema de control neum\u00e1tico para el funcionamiento de la v\u00e1lvula de agua de alta presi\u00f3n en la cabina<\/li>\n<li>La parte delantera est\u00e1 equipada con un dispositivo de lavado a alta presi\u00f3n que oscila a izquierda y derecha con control neum\u00e1tico para la seguridad y la evitaci\u00f3n de obst\u00e1culos, y el ancho de limpieza se aumenta a 3,5 metros;<\/li>\n<li>Hay un dispositivo de pulverizaci\u00f3n detr\u00e1s del veh\u00edculo para ajustar la temperatura del aire<\/li>\n<li>La parte delantera del veh\u00edculo est\u00e1 equipada con boquillas de alta presi\u00f3n izquierda y derecha para lavado lateral de alta presi\u00f3n<\/li>\n<\/ol>\n<\/li>\n<li><b><\/b><strong><b>Sistema de agua de baja presi\u00f3n:<\/b><\/strong>\n<ol>\n<li>Todas las operaciones se realizan en la cabina, y varias tareas se pueden completar con un solo clic<\/li>\n<li>Equipado con boquillas laterales columnares multicurvas para la operaci\u00f3n de lavado lateral, el \u00e1ngulo de lavado se puede ajustar arbitrariamente, la anchura de lavado es mayor que 24M. Hay boquillas de pie de pato y boquillas cil\u00edndricas en la parte delantera y trasera, y la anchura de rociado es mayor que 16M.<\/li>\n<li>Plataforma de trabajo trasera, utilizando pistola de agua ajustable de largo alcance (cil\u00edndrica o niebla)<\/li>\n<li>Tiene una funci\u00f3n de autocebado y utiliza la bomba de agua del veh\u00edculo para aspirar agua al tanque.<\/li>\n<li>Hay un bucle de autocirculaci\u00f3n en el sistema de agua, que se puede usar para fundir el agente de fusi\u00f3n de la nieve en invierno;<\/li>\n<li>La parte trasera del veh\u00edculo est\u00e1 equipada con una interfaz de extinci\u00f3n de incendios a presi\u00f3n de tuber\u00edas de agua de cintur\u00f3n verde para facilitar la conexi\u00f3n con tuber\u00edas de agua remotas;<\/li>\n<\/ol>\n<\/li>\n<\/ul>\n<p><img fetchpriority=\"high\" decoding=\"async\" class=\"alignnone size-medium wp-image-2479\" src=\"https:\/\/www.haideclean.com\/wp-content\/uploads\/2025\/12\/Arrow-style-operation-instructions1-213x300.jpg\" alt=\"\" width=\"213\" height=\"300\" data-wp-editing=\"1\" srcset=\"https:\/\/www.haideclean.com\/wp-content\/uploads\/2025\/12\/Arrow-style-operation-instructions1-213x300.jpg 213w, https:\/\/www.haideclean.com\/wp-content\/uploads\/2025\/12\/Arrow-style-operation-instructions1-726x1024.jpg 726w, https:\/\/www.haideclean.com\/wp-content\/uploads\/2025\/12\/Arrow-style-operation-instructions1-768x1083.jpg 768w, https:\/\/www.haideclean.com\/wp-content\/uploads\/2025\/12\/Arrow-style-operation-instructions1-600x846.jpg 600w, https:\/\/www.haideclean.com\/wp-content\/uploads\/2025\/12\/Arrow-style-operation-instructions1.jpg 790w\" sizes=\"(max-width: 213px) 100vw, 213px\" \/> <img decoding=\"async\" class=\"alignnone size-medium wp-image-2480\" src=\"https:\/\/www.haideclean.com\/wp-content\/uploads\/2025\/12\/Arrow-style-operation-instructions15-219x300.jpg\" alt=\"\" width=\"219\" height=\"300\" srcset=\"https:\/\/www.haideclean.com\/wp-content\/uploads\/2025\/12\/Arrow-style-operation-instructions15-219x300.jpg 219w, https:\/\/www.haideclean.com\/wp-content\/uploads\/2025\/12\/Arrow-style-operation-instructions15-746x1024.jpg 746w, https:\/\/www.haideclean.com\/wp-content\/uploads\/2025\/12\/Arrow-style-operation-instructions15-768x1054.jpg 768w, https:\/\/www.haideclean.com\/wp-content\/uploads\/2025\/12\/Arrow-style-operation-instructions15-600x823.jpg 600w, https:\/\/www.haideclean.com\/wp-content\/uploads\/2025\/12\/Arrow-style-operation-instructions15.jpg 790w\" sizes=\"(max-width: 219px) 100vw, 219px\" \/> <img decoding=\"async\" class=\"alignnone size-medium wp-image-2481\" src=\"https:\/\/www.haideclean.com\/wp-content\/uploads\/2025\/12\/Arrow-style-operation-instructions17-124x300.jpg\" alt=\"\" width=\"124\" height=\"300\" srcset=\"https:\/\/www.haideclean.com\/wp-content\/uploads\/2025\/12\/Arrow-style-operation-instructions17-124x300.jpg 124w, https:\/\/www.haideclean.com\/wp-content\/uploads\/2025\/12\/Arrow-style-operation-instructions17-424x1024.jpg 424w, https:\/\/www.haideclean.com\/wp-content\/uploads\/2025\/12\/Arrow-style-operation-instructions17-768x1853.jpg 768w, https:\/\/www.haideclean.com\/wp-content\/uploads\/2025\/12\/Arrow-style-operation-instructions17-637x1536.jpg 637w, https:\/\/www.haideclean.com\/wp-content\/uploads\/2025\/12\/Arrow-style-operation-instructions17-600x1448.jpg 600w, https:\/\/www.haideclean.com\/wp-content\/uploads\/2025\/12\/Arrow-style-operation-instructions17.jpg 790w\" sizes=\"(max-width: 124px) 100vw, 124px\" \/> <img loading=\"lazy\" decoding=\"async\" class=\"alignnone size-medium wp-image-2482\" src=\"https:\/\/www.haideclean.com\/wp-content\/uploads\/2025\/12\/Arrow-style-operation-instructions19-143x300.jpg\" alt=\"\" width=\"143\" height=\"300\" srcset=\"https:\/\/www.haideclean.com\/wp-content\/uploads\/2025\/12\/Arrow-style-operation-instructions19-143x300.jpg 143w, https:\/\/www.haideclean.com\/wp-content\/uploads\/2025\/12\/Arrow-style-operation-instructions19-487x1024.jpg 487w, https:\/\/www.haideclean.com\/wp-content\/uploads\/2025\/12\/Arrow-style-operation-instructions19-768x1616.jpg 768w, https:\/\/www.haideclean.com\/wp-content\/uploads\/2025\/12\/Arrow-style-operation-instructions19-730x1536.jpg 730w, https:\/\/www.haideclean.com\/wp-content\/uploads\/2025\/12\/Arrow-style-operation-instructions19-600x1262.jpg 600w, https:\/\/www.haideclean.com\/wp-content\/uploads\/2025\/12\/Arrow-style-operation-instructions19.jpg 790w\" sizes=\"(max-width: 143px) 100vw, 143px\" \/> <img loading=\"lazy\" decoding=\"async\" class=\"alignnone size-medium wp-image-2483\" src=\"https:\/\/www.haideclean.com\/wp-content\/uploads\/2025\/12\/Arrow-style-operation-instructions27-174x300.jpg\" alt=\"\" width=\"174\" height=\"300\" srcset=\"https:\/\/www.haideclean.com\/wp-content\/uploads\/2025\/12\/Arrow-style-operation-instructions27-174x300.jpg 174w, https:\/\/www.haideclean.com\/wp-content\/uploads\/2025\/12\/Arrow-style-operation-instructions27-593x1024.jpg 593w, https:\/\/www.haideclean.com\/wp-content\/uploads\/2025\/12\/Arrow-style-operation-instructions27-768x1326.jpg 768w, https:\/\/www.haideclean.com\/wp-content\/uploads\/2025\/12\/Arrow-style-operation-instructions27-600x1036.jpg 600w, https:\/\/www.haideclean.com\/wp-content\/uploads\/2025\/12\/Arrow-style-operation-instructions27.jpg 790w\" sizes=\"(max-width: 174px) 100vw, 174px\" \/><\/p>","protected":false},"excerpt":{"rendered":"<p>La serie de camiones de limpieza de carreteras son desarrolladas por Haide Veh\u00edculo con un rendimiento fiable y m\u00faltiples aplicaciones en mente. Tiene una variedad de funciones como lavado de pavimentos, lavado de carreteras, enjuague de carreteras, rociador de jard\u00edn y protecci\u00f3n contra incendios de emergencia.<\/p>","protected":false},"featured_media":1353,"template":"","meta":[],"product_brand":[],"product_cat":[27],"product_tag":[],"class_list":{"0":"post-1352","1":"product","2":"type-product","3":"status-publish","4":"has-post-thumbnail","6":"product_cat-cleaning-vehicles","8":"first","9":"instock","10":"shipping-taxable","11":"product-type-simple"},"_links":{"self":[{"href":"https:\/\/www.haideclean.com\/es\/wp-json\/wp\/v2\/product\/1352","targetHints":{"allow":["GET"]}}],"collection":[{"href":"https:\/\/www.haideclean.com\/es\/wp-json\/wp\/v2\/product"}],"about":[{"href":"https:\/\/www.haideclean.com\/es\/wp-json\/wp\/v2\/types\/product"}],"wp:featuredmedia":[{"embeddable":true,"href":"https:\/\/www.haideclean.com\/es\/wp-json\/wp\/v2\/media\/1353"}],"wp:attachment":[{"href":"https:\/\/www.haideclean.com\/es\/wp-json\/wp\/v2\/media?parent=1352"}],"wp:term":[{"taxonomy":"product_brand","embeddable":true,"href":"https:\/\/www.haideclean.com\/es\/wp-json\/wp\/v2\/product_brand?post=1352"},{"taxonomy":"product_cat","embeddable":true,"href":"https:\/\/www.haideclean.com\/es\/wp-json\/wp\/v2\/product_cat?post=1352"},{"taxonomy":"product_tag","embeddable":true,"href":"https:\/\/www.haideclean.com\/es\/wp-json\/wp\/v2\/product_tag?post=1352"}],"curies":[{"name":"wp","href":"https:\/\/api.w.org\/{rel}","templated":true}]}}