{"id":2223,"date":"2026-01-07T14:03:18","date_gmt":"2026-01-07T06:03:18","guid":{"rendered":"https:\/\/www.haideclean.com\/?post_type=product&#038;p=2223"},"modified":"2026-03-18T11:31:48","modified_gmt":"2026-03-18T03:31:48","slug":"chd5250gqxdfe6-road-cleaning-truck","status":"publish","type":"product","link":"https:\/\/www.haideclean.com\/es\/producto\/chd5250gqxdfe6-road-cleaning-truck\/","title":{"rendered":"CHD5250GQXDFE6 Cami\u00f3n de limpieza de carreteras"},"content":{"rendered":"<p>Tanque de acero inoxidable est\u00e1ndar, configurar un sistema de alarma sin agua;<\/p>\n<p>La parte trasera del veh\u00edculo est\u00e1 equipada con se\u00f1ales de operaci\u00f3n que emiten luz;<\/p>\n<p>Dos conjuntos de sistema de v\u00edas acu\u00e1ticas independientes de alta y baja presi\u00f3n;<\/p>\n<p><strong><b>Sistema de v\u00edas acu\u00e1ticas de alta presi\u00f3n<\/b><b>:<\/b><\/strong><\/p>\n<p>Protecci\u00f3n de alarma de aceleraci\u00f3n de la bomba de agua de alta presi\u00f3n;<\/p>\n<p>V\u00e1lvula de agua de alta presi\u00f3n que acciona el sistema de control aerodin\u00e1mico de funcionamiento interior;<\/p>\n<p>Seguridad -evitando y control neum\u00e1tico de los dispositivos de enjuague de alta presi\u00f3n de oscilaci\u00f3n izquierda y derecha en el frente, el ancho de limpieza aumenta a 3,5 metros;<\/p>\n<p>Hay un dispositivo de pulverizaci\u00f3n detr\u00e1s del veh\u00edculo para ajustar la temperatura del aire;<\/p>\n<p>La parte delantera del veh\u00edculo est\u00e1 equipada con una boquilla de alta presi\u00f3n izquierda y derecha para enjuague lateral de alta tensi\u00f3n;<\/p>\n<p><strong><b>Sistema de v\u00edas de agua de baja presi\u00f3n<\/b><b>:<\/b><\/strong><\/p>\n<p>Todas las operaciones en la cabina, completar todas las operaciones en un solo clic;<\/p>\n<p>Con boquillas de pulverizaci\u00f3n en forma de columna multicurva y operaciones de lavado lateral, puede ajustar arbitrariamente el \u00e1ngulo de enjuague y la anchura de enjuague es mayor de 24 m. Una boquilla de estilo palma de pato y una boquilla cil\u00edndrica est\u00e1n provistas con la anchura del rociador de m\u00e1s de 16 m.<\/p>\n<p>La plataforma de trabajo trasera utiliza una pistola de agua ajustable de largo alcance (columna o niebla);<\/p>\n<p>Con funci\u00f3n auto-absorbente, utilice la bomba de agua en el coche para absorber agua en el tanque;<\/p>\n<p>Hay un circuito autocirculante en el sistema de v\u00edas fluviales, que se puede usar para fundir agentes de fusi\u00f3n de nieve en invierno;<\/p>\n<p>La parte trasera del veh\u00edculo est\u00e1 equipada con una interfaz de fuego a presi\u00f3n de tuber\u00eda de agua para tuber\u00edas de agua para facilitar la conexi\u00f3n de la tuber\u00eda de agua remota;<\/p>\n<p><img fetchpriority=\"high\" decoding=\"async\" class=\"alignnone size-medium wp-image-2469\" src=\"https:\/\/www.haideclean.com\/wp-content\/uploads\/2025\/12\/CHD5180GQXDFE6-Road-Cleaning-Truck-1-300x200.jpg\" alt=\"\" width=\"300\" height=\"200\" srcset=\"https:\/\/www.haideclean.com\/wp-content\/uploads\/2025\/12\/CHD5180GQXDFE6-Road-Cleaning-Truck-1-300x200.jpg 300w, https:\/\/www.haideclean.com\/wp-content\/uploads\/2025\/12\/CHD5180GQXDFE6-Road-Cleaning-Truck-1-768x512.jpg 768w, https:\/\/www.haideclean.com\/wp-content\/uploads\/2025\/12\/CHD5180GQXDFE6-Road-Cleaning-Truck-1-600x400.jpg 600w, https:\/\/www.haideclean.com\/wp-content\/uploads\/2025\/12\/CHD5180GQXDFE6-Road-Cleaning-Truck-1.jpg 1004w\" sizes=\"(max-width: 300px) 100vw, 300px\" \/><\/p>\n<p><img decoding=\"async\" class=\"alignnone size-medium wp-image-2470\" src=\"https:\/\/www.haideclean.com\/wp-content\/uploads\/2025\/12\/CHD5180GQXDFE6-Road-Cleaning-Truck2-1-300x229.jpg\" alt=\"\" width=\"300\" height=\"229\" srcset=\"https:\/\/www.haideclean.com\/wp-content\/uploads\/2025\/12\/CHD5180GQXDFE6-Road-Cleaning-Truck2-1-300x229.jpg 300w, https:\/\/www.haideclean.com\/wp-content\/uploads\/2025\/12\/CHD5180GQXDFE6-Road-Cleaning-Truck2-1-600x457.jpg 600w, https:\/\/www.haideclean.com\/wp-content\/uploads\/2025\/12\/CHD5180GQXDFE6-Road-Cleaning-Truck2-1.jpg 718w\" sizes=\"(max-width: 300px) 100vw, 300px\" \/><\/p>\n<p>Dispositivo de lavado frontal<\/p>\n<p><img decoding=\"async\" class=\"alignnone size-medium wp-image-2471\" src=\"https:\/\/www.haideclean.com\/wp-content\/uploads\/2025\/12\/CHD5180GQXDFE6-Road-Cleaning-Truck3-300x200.jpg\" alt=\"\" width=\"300\" height=\"200\" srcset=\"https:\/\/www.haideclean.com\/wp-content\/uploads\/2025\/12\/CHD5180GQXDFE6-Road-Cleaning-Truck3-300x200.jpg 300w, https:\/\/www.haideclean.com\/wp-content\/uploads\/2025\/12\/CHD5180GQXDFE6-Road-Cleaning-Truck3-768x513.jpg 768w, https:\/\/www.haideclean.com\/wp-content\/uploads\/2025\/12\/CHD5180GQXDFE6-Road-Cleaning-Truck3-600x400.jpg 600w, https:\/\/www.haideclean.com\/wp-content\/uploads\/2025\/12\/CHD5180GQXDFE6-Road-Cleaning-Truck3.jpg 866w\" sizes=\"(max-width: 300px) 100vw, 300px\" \/><\/p>\n<p>Boquilla de caudal grande<\/p>\n<p><img loading=\"lazy\" decoding=\"async\" class=\"alignnone size-medium wp-image-2472\" src=\"https:\/\/www.haideclean.com\/wp-content\/uploads\/2025\/12\/CHD5180GQXDFE6-Road-Cleaning-Truck4-300x200.jpg\" alt=\"\" width=\"300\" height=\"200\" srcset=\"https:\/\/www.haideclean.com\/wp-content\/uploads\/2025\/12\/CHD5180GQXDFE6-Road-Cleaning-Truck4-300x200.jpg 300w, https:\/\/www.haideclean.com\/wp-content\/uploads\/2025\/12\/CHD5180GQXDFE6-Road-Cleaning-Truck4-768x512.jpg 768w, https:\/\/www.haideclean.com\/wp-content\/uploads\/2025\/12\/CHD5180GQXDFE6-Road-Cleaning-Truck4-600x400.jpg 600w, https:\/\/www.haideclean.com\/wp-content\/uploads\/2025\/12\/CHD5180GQXDFE6-Road-Cleaning-Truck4.jpg 858w\" sizes=\"(max-width: 300px) 100vw, 300px\" \/><\/p>\n<p>Dispositivo de pulverizaci\u00f3n trasera<\/p>\n<p><img loading=\"lazy\" decoding=\"async\" class=\"alignnone size-medium wp-image-2473\" src=\"https:\/\/www.haideclean.com\/wp-content\/uploads\/2025\/12\/CHD5180GQXDFE6-Road-Cleaning-Truck6-300x250.jpg\" alt=\"\" width=\"300\" height=\"250\" srcset=\"https:\/\/www.haideclean.com\/wp-content\/uploads\/2025\/12\/CHD5180GQXDFE6-Road-Cleaning-Truck6-300x250.jpg 300w, https:\/\/www.haideclean.com\/wp-content\/uploads\/2025\/12\/CHD5180GQXDFE6-Road-Cleaning-Truck6-600x499.jpg 600w, https:\/\/www.haideclean.com\/wp-content\/uploads\/2025\/12\/CHD5180GQXDFE6-Road-Cleaning-Truck6.jpg 721w\" sizes=\"(max-width: 300px) 100vw, 300px\" \/><\/p>\n<p>Pistola de pulverizaci\u00f3n verde de alta presi\u00f3n<\/p>\n<p><img loading=\"lazy\" decoding=\"async\" class=\"alignnone size-medium wp-image-2474\" src=\"https:\/\/www.haideclean.com\/wp-content\/uploads\/2025\/12\/CHD5180GQXDFE6-Road-Cleaning-Truck8-300x200.jpg\" alt=\"\" width=\"300\" height=\"200\" srcset=\"https:\/\/www.haideclean.com\/wp-content\/uploads\/2025\/12\/CHD5180GQXDFE6-Road-Cleaning-Truck8-300x200.jpg 300w, https:\/\/www.haideclean.com\/wp-content\/uploads\/2025\/12\/CHD5180GQXDFE6-Road-Cleaning-Truck8-768x512.jpg 768w, https:\/\/www.haideclean.com\/wp-content\/uploads\/2025\/12\/CHD5180GQXDFE6-Road-Cleaning-Truck8-600x400.jpg 600w, https:\/\/www.haideclean.com\/wp-content\/uploads\/2025\/12\/CHD5180GQXDFE6-Road-Cleaning-Truck8.jpg 927w\" sizes=\"(max-width: 300px) 100vw, 300px\" \/><\/p>\n<p>Se\u00f1al de asignaci\u00f3n de iluminaci\u00f3n<\/p>\n<p><strong><b>Opci\u00f3n:<\/b><\/strong><\/p>\n<ol>\n<li>No seleccione ning\u00fan dispositivo de lavado frente al veh\u00edculo.<\/li>\n<li>Seleccione la boquilla redonda en la parte trasera.<\/li>\n<li>\u00a0Seleccione el conjunto del tubo.<\/li>\n<li>\u00a0Seleccione los dispositivos de vertido de verde izquierdo y derecho.<\/li>\n<li>\u00a0Seleccione el dispositivo de vertido verde superior en la parte superior.<\/li>\n<li>\u00a0Seleccione el indicador de operaci\u00f3n estilo flecha.<\/li>\n<li>\u00a0Seleccione el logotipo externo del veh\u00edculo nuevo.<\/li>\n<li>\u00a0Seleccione la placa de luz indicadora de funcionamiento.<\/li>\n<\/ol>\n<p><img loading=\"lazy\" decoding=\"async\" class=\"alignnone size-medium wp-image-2475\" src=\"https:\/\/www.haideclean.com\/wp-content\/uploads\/2025\/12\/CHD5180GQXDFE6-Road-Cleaning-Truck11-300x145.png\" alt=\"\" width=\"300\" height=\"145\" srcset=\"https:\/\/www.haideclean.com\/wp-content\/uploads\/2025\/12\/CHD5180GQXDFE6-Road-Cleaning-Truck11-300x145.png 300w, https:\/\/www.haideclean.com\/wp-content\/uploads\/2025\/12\/CHD5180GQXDFE6-Road-Cleaning-Truck11.png 443w\" sizes=\"(max-width: 300px) 100vw, 300px\" \/><\/p>\n<p>Boquilla redonda<\/p>\n<p><img loading=\"lazy\" decoding=\"async\" class=\"alignnone wp-image-2476 size-medium\" src=\"https:\/\/www.haideclean.com\/wp-content\/uploads\/2025\/12\/CHD5180GQXDFE6-Road-Cleaning-Truck14-300x234.png\" alt=\"\" width=\"300\" height=\"234\" srcset=\"https:\/\/www.haideclean.com\/wp-content\/uploads\/2025\/12\/CHD5180GQXDFE6-Road-Cleaning-Truck14-300x234.png 300w, https:\/\/www.haideclean.com\/wp-content\/uploads\/2025\/12\/CHD5180GQXDFE6-Road-Cleaning-Truck14.png 314w\" sizes=\"(max-width: 300px) 100vw, 300px\" \/><\/p>\n<p>Montaje de tubo de rodillo<\/p>\n<p><img loading=\"lazy\" decoding=\"async\" class=\"alignnone wp-image-2477 size-medium\" src=\"https:\/\/www.haideclean.com\/wp-content\/uploads\/2025\/12\/CHD5180GQXDFE6-Road-Cleaning-Truck16-300x179.jpg\" alt=\"\" width=\"300\" height=\"179\" srcset=\"https:\/\/www.haideclean.com\/wp-content\/uploads\/2025\/12\/CHD5180GQXDFE6-Road-Cleaning-Truck16-300x179.jpg 300w, https:\/\/www.haideclean.com\/wp-content\/uploads\/2025\/12\/CHD5180GQXDFE6-Road-Cleaning-Truck16-600x357.jpg 600w, https:\/\/www.haideclean.com\/wp-content\/uploads\/2025\/12\/CHD5180GQXDFE6-Road-Cleaning-Truck16.jpg 658w\" sizes=\"(max-width: 300px) 100vw, 300px\" \/><\/p>\n<p>Instrucciones de operaci\u00f3n estilo flecha<\/p>","protected":false},"excerpt":{"rendered":"<p>CHD5250GQXDFE6 cami\u00f3n de limpieza de carreteras es un veh\u00edculo de limpieza de gas natural desarrollado independientemente desarrollado por Yantai Haide Special Vehicle Co., Ltd., con excelente rendimiento y tecnolog\u00eda l\u00edder. Los componentes principales utilizan productos de marca mundial, rendimiento estable e integraci\u00f3n multifuncional. Tiene una variedad de funciones como rociado de pavimento, enjuague de carreteras, rociado de jard\u00edn y protecci\u00f3n contra incendios de emergencia.<\/p>","protected":false},"featured_media":2224,"template":"","meta":[],"product_brand":[],"product_cat":[27],"product_tag":[],"class_list":{"0":"post-2223","1":"product","2":"type-product","3":"status-publish","4":"has-post-thumbnail","6":"product_cat-cleaning-vehicles","8":"first","9":"instock","10":"shipping-taxable","11":"product-type-simple"},"_links":{"self":[{"href":"https:\/\/www.haideclean.com\/es\/wp-json\/wp\/v2\/product\/2223","targetHints":{"allow":["GET"]}}],"collection":[{"href":"https:\/\/www.haideclean.com\/es\/wp-json\/wp\/v2\/product"}],"about":[{"href":"https:\/\/www.haideclean.com\/es\/wp-json\/wp\/v2\/types\/product"}],"wp:featuredmedia":[{"embeddable":true,"href":"https:\/\/www.haideclean.com\/es\/wp-json\/wp\/v2\/media\/2224"}],"wp:attachment":[{"href":"https:\/\/www.haideclean.com\/es\/wp-json\/wp\/v2\/media?parent=2223"}],"wp:term":[{"taxonomy":"product_brand","embeddable":true,"href":"https:\/\/www.haideclean.com\/es\/wp-json\/wp\/v2\/product_brand?post=2223"},{"taxonomy":"product_cat","embeddable":true,"href":"https:\/\/www.haideclean.com\/es\/wp-json\/wp\/v2\/product_cat?post=2223"},{"taxonomy":"product_tag","embeddable":true,"href":"https:\/\/www.haideclean.com\/es\/wp-json\/wp\/v2\/product_tag?post=2223"}],"curies":[{"name":"wp","href":"https:\/\/api.w.org\/{rel}","templated":true}]}}