{"id":2226,"date":"2026-01-07T14:19:24","date_gmt":"2026-01-07T06:19:24","guid":{"rendered":"https:\/\/www.haideclean.com\/?post_type=product&#038;p=2226"},"modified":"2026-03-18T11:31:35","modified_gmt":"2026-03-18T03:31:35","slug":"chd5180gssdfe6-watering-truck","status":"publish","type":"product","link":"https:\/\/www.haideclean.com\/es\/producto\/chd5180gssdfe6-watering-truck\/","title":{"rendered":"CHD5180GSSDFE6 cami\u00f3n de riego"},"content":{"rendered":"<p>La estructura del tanque es cuadrada y redonda, seleccionados materiales de acero al carbono de alta calidad de WISCO, bombas especiales, extractores, bombas, v\u00e1lvulas de bola, pantallas son productos est\u00e1ndar nacionales, con excelente rendimiento, trabajo fiable, alta eficiencia, alta tasa de flujo, f\u00e1cil mantenimiento y as\u00ed sucesivamente.<\/p>\n<p>Despu\u00e9s de un dise\u00f1o de an\u00e1lisis cuidadoso mediante an\u00e1lisis de elementos finitos, en conjunci\u00f3n con la estructura de marco inferior de dise\u00f1o de la estructura de amortiguador de placa anti-onda interna, el cuerpo del tanque utiliza una m\u00e1quina de laminaci\u00f3n grande para formar un molde de laminaci\u00f3n a la vez, y el robot solda autom\u00e1ticamente un tanque para formar a la vez.<\/p>\n<p>La flexi\u00f3n general de la tuber\u00eda de la v\u00eda acu\u00e1tica se dobla para reducir la superficie de soldadura, reducir efectivamente el riesgo de fugas, la tuber\u00eda no est\u00e1 bloqueada, todo el coche&#8217; v\u00e1lvula de circuito grande, el flujo de agua es mayor.<\/p>\n<p>La apariencia se pulveriza con pintura a prueba de \u00f3xido m\u00faltiple y pintura decorativa, y la superficie interna se pulveriza con tecnolog\u00eda anticorrosiva de alta calidad, y el tanque es duradero. Equipo avanzado, habilidades exquisitas, proceso estandarizado, hermosa apariencia y excelente rendimiento de sellado.<\/p>\n<p>El producto est\u00e1 equipado con ca\u00f1ones de agua de alta presi\u00f3n en la corriente delantera, rociador trasero, rociador lateral, rociador lateral, plataforma de trabajo trasera y plataforma (puede girar 360 \u00b0, y la forma de la niebla de agua se puede ajustar a recta, lluvia pesada, lluvia media, lluvia ligera, lluvia peluda; El rango m\u00e1ximo del rango en forma recta es de 35 metros, y tambi\u00e9n se puede ajustar en un rango m\u00e1ximo de niebla \u2265 15 metros), equipado con bombas de rociador especiales de alta calidad de alta potencia, extracci\u00f3n de fuerza de marca, filtro de desechos, interfaz nacional est\u00e1ndar 65 contra incendios (puede pasar a trav\u00e9s de agua de protecci\u00f3n contra incendios), 1 conjunto de sistema de v\u00e1lvula de auto-ejecuci\u00f3n (auto-aspiraci\u00f3n, aspiraci\u00f3n m\u00e1xima de 7 metros), 2 tubos de goma de alambre de acero de desv\u00edo de agua. Es adecuado para diversas limpiezas de carreteras; \u00e1rboles, cinturones verdes y verdeamiento del c\u00e9sped; carreteras, f\u00e1brica y minas, construcci\u00f3n y construcci\u00f3n, y enjuague edificio de alta altitud. Tiene una variedad de funciones como rociador, polvo, pulverizaci\u00f3n alta (baja), pulverizaci\u00f3n de pesticidas, lavado de vallas y protecci\u00f3n contra incendios de emergencia.<\/p>\n<p>Bendici\u00f3n de tecnolog\u00eda inteligente: sistema de protecci\u00f3n de la fuerza, control del interruptor de un solo clic, eliminando el da\u00f1o al da\u00f1o a la fuerza; el nivel del agua solicita al sistema de alarma, a trav\u00e9s del sensor de nivel del agua, monitorear el nivel interno del agua del tanque, advertencia temprana para evitar quemar sin agua y quemar la bomba; El recordatorio de voz del gabinete, la gu\u00eda y el uso en todas las direcciones, eliminando el uso indebido de los novatos y causando da\u00f1os al veh\u00edculo.<\/p>","protected":false},"excerpt":{"rendered":"<p>El cami\u00f3n rociador CHD5180GSSDFE6 es un veh\u00edculo de agua de baja presi\u00f3n desarrollado independientemente en funci\u00f3n de la demanda del mercado. Tiene un excelente rendimiento y tecnolog\u00eda l\u00edder. Las principales piezas de compra extranjera utilizan productos mundialmente famosos, con calidad estable y multifunci\u00f3n e integraci\u00f3n. Tiene una variedad de funciones como rociado de pavimento, enjuague de carreteras, rociado de jard\u00edn y protecci\u00f3n contra incendios de emergencia.<\/p>","protected":false},"featured_media":2228,"template":"","meta":[],"product_brand":[],"product_cat":[27],"product_tag":[],"class_list":{"0":"post-2226","1":"product","2":"type-product","3":"status-publish","4":"has-post-thumbnail","6":"product_cat-cleaning-vehicles","8":"first","9":"instock","10":"shipping-taxable","11":"product-type-simple"},"_links":{"self":[{"href":"https:\/\/www.haideclean.com\/es\/wp-json\/wp\/v2\/product\/2226","targetHints":{"allow":["GET"]}}],"collection":[{"href":"https:\/\/www.haideclean.com\/es\/wp-json\/wp\/v2\/product"}],"about":[{"href":"https:\/\/www.haideclean.com\/es\/wp-json\/wp\/v2\/types\/product"}],"wp:featuredmedia":[{"embeddable":true,"href":"https:\/\/www.haideclean.com\/es\/wp-json\/wp\/v2\/media\/2228"}],"wp:attachment":[{"href":"https:\/\/www.haideclean.com\/es\/wp-json\/wp\/v2\/media?parent=2226"}],"wp:term":[{"taxonomy":"product_brand","embeddable":true,"href":"https:\/\/www.haideclean.com\/es\/wp-json\/wp\/v2\/product_brand?post=2226"},{"taxonomy":"product_cat","embeddable":true,"href":"https:\/\/www.haideclean.com\/es\/wp-json\/wp\/v2\/product_cat?post=2226"},{"taxonomy":"product_tag","embeddable":true,"href":"https:\/\/www.haideclean.com\/es\/wp-json\/wp\/v2\/product_tag?post=2226"}],"curies":[{"name":"wp","href":"https:\/\/api.w.org\/{rel}","templated":true}]}}