{"id":2229,"date":"2026-01-07T14:43:05","date_gmt":"2026-01-07T06:43:05","guid":{"rendered":"https:\/\/www.haideclean.com\/?post_type=product&#038;p=2229"},"modified":"2026-04-09T15:32:48","modified_gmt":"2026-04-09T07:32:48","slug":"chd5070tslqle6-road-sweeper-truck","status":"publish","type":"product","link":"https:\/\/www.haideclean.com\/es\/producto\/chd5070tslqle6-road-sweeper-truck\/","title":{"rendered":"CHD5070TSLQLE6 Cami\u00f3n barridora de carretera"},"content":{"rendered":"<p>1. Embrage centr\u00edfugo auto-creciente desarrollado independientemente: Con el fin de lograr el arranque sin carga del motor, se instala un embrague centr\u00edfugo auto-creciente desarrollado por s\u00ed mismo. En comparaci\u00f3n con los embragues centr\u00edfugos tradicionales, este tipo de embrague centr\u00edfugo tiene un acoplamiento suave, no es propenso al deslizamiento, el desgaste m\u00ednimo y una vida \u00fatil m\u00e1s larga.<\/p>\n<p><img fetchpriority=\"high\" decoding=\"async\" class=\"alignnone wp-image-2236 size-full\" src=\"https:\/\/www.haideclean.com\/wp-content\/uploads\/2026\/01\/Performance-characteristics1.jpg\" alt=\"\" width=\"800\" height=\"600\" srcset=\"https:\/\/www.haideclean.com\/wp-content\/uploads\/2026\/01\/Performance-characteristics1.jpg 800w, https:\/\/www.haideclean.com\/wp-content\/uploads\/2026\/01\/Performance-characteristics1-300x225.jpg 300w, https:\/\/www.haideclean.com\/wp-content\/uploads\/2026\/01\/Performance-characteristics1-768x576.jpg 768w, https:\/\/www.haideclean.com\/wp-content\/uploads\/2026\/01\/Performance-characteristics1-600x450.jpg 600w\" sizes=\"(max-width: 800px) 100vw, 800px\" \/><\/p>\n<p>2.El grupo de v\u00e1lvulas hidr\u00e1ulicas roscadas de enchufe tiene un rendimiento m\u00e1s estable: Para garantizar la estabilidad y la fiabilidad de todo el veh\u00edculo; sistema hidr\u00e1ulico, el grupo de v\u00e1lvulas hidr\u00e1ulicas utilizadas en el veh\u00edculo es una v\u00e1lvula hidr\u00e1ulica enchufable, que tiene las ventajas de la estructura compacta, el peso ligero, la funci\u00f3n potente, la alta fiabilidad y el f\u00e1cil mantenimiento.<\/p>\n<p>3.La velocidad del cepillo de barrido adopta un ajuste sin pasos: debido a las diferentes condiciones de la carretera y la distribuci\u00f3n de la basura, el cepillo de barrido necesita usar diferentes velocidades de trabajo para lograr resultados de operaci\u00f3n ideales. El ajuste del cepillo de barrido de este veh\u00edculo se logra ajustando el bot\u00f3n de ajuste en la caja de control el\u00e9ctrica para controlar la corriente de la bobina en el grupo de v\u00e1lvulas, y obtener el cambio en el desplazamiento del grupo de v\u00e1lvulas, logrando un ajuste sin pasos del disco del cepillo de barrido.<\/p>\n<p>4. Todas las juntas de manguito de tuber\u00edas hidr\u00e1ulicas se forman de una sola vez por una m\u00e1quina que forma el extremo de la tuber\u00eda: las m\u00e1quinas que forman el extremo de la tuber\u00eda com\u00fanmente usadas en Europa y Am\u00e9rica se usan para tuber\u00edas hidr\u00e1ulicas. Todos los extremos de tuber\u00edas de acero se forman de una sola vez mediante prensado, y est\u00e1n equipados con anillos de sellado especiales para resistir la extracci\u00f3n, sin fugas en la tuber\u00eda.<\/p>\n<p>5.Dispositivo de filtro de aire de dos etapas: adopta un filtro de aire de ba\u00f1o de aceite de filtro de aire de elemento de filtro de doble capa, asegurando la calidad de admisi\u00f3n del motor y maximizando la vida \u00fatil del motor.<\/p>\n<p>6.The dumping angle of the garbage container is as high as 60\u00b0: Due to the sticky nature of the garbage collected by the road sweeper, it is difficult to remove it directly. In order to maximize the unloading angle of the vehicle, the water tank of the vehicle is designed at the bottom of the garbage container, with a volume of up to 1100L. This allows the bottom plate of the garbage container to have a pre inclination angle of more than 10 degrees, and the unloading angle of the garbage container reach more than 60 degrees.<\/p>\n<p><img decoding=\"async\" class=\"alignnone wp-image-2237 size-full\" src=\"https:\/\/www.haideclean.com\/wp-content\/uploads\/2026\/01\/Performance-characteristics2.jpg\" alt=\"\" width=\"800\" height=\"600\" srcset=\"https:\/\/www.haideclean.com\/wp-content\/uploads\/2026\/01\/Performance-characteristics2.jpg 800w, https:\/\/www.haideclean.com\/wp-content\/uploads\/2026\/01\/Performance-characteristics2-300x225.jpg 300w, https:\/\/www.haideclean.com\/wp-content\/uploads\/2026\/01\/Performance-characteristics2-768x576.jpg 768w, https:\/\/www.haideclean.com\/wp-content\/uploads\/2026\/01\/Performance-characteristics2-600x450.jpg 600w\" sizes=\"(max-width: 800px) 100vw, 800px\" \/><\/p>\n<p>7.Una pantalla de filtro de \u00e1rea grande se instala en la parte superior del cuerpo: Para minimizar la disminuci\u00f3n en la capacidad de succi\u00f3n causada por el bloqueo del flujo de aire, el veh\u00edculo est\u00e1 equipado con una pantalla de filtro de acero inoxidable de \u00e1rea grande en la parte superior del recipiente de basura, que se utiliza para bloquear y filtrar la basura de volumen grande y peque\u00f1o en el flujo de aire. Tambi\u00e9n se instala una ranura de gu\u00eda en la parte superior de la caja para mejorar el efecto de reducci\u00f3n de polvo, hacer que la pila de basura se apile uniformemente y aumentar la capacidad efectiva.<\/p>\n<p><img decoding=\"async\" class=\"alignnone wp-image-2238 size-full\" src=\"https:\/\/www.haideclean.com\/wp-content\/uploads\/2026\/01\/Performance-characteristics3.jpg\" alt=\"\" width=\"800\" height=\"600\" srcset=\"https:\/\/www.haideclean.com\/wp-content\/uploads\/2026\/01\/Performance-characteristics3.jpg 800w, https:\/\/www.haideclean.com\/wp-content\/uploads\/2026\/01\/Performance-characteristics3-300x225.jpg 300w, https:\/\/www.haideclean.com\/wp-content\/uploads\/2026\/01\/Performance-characteristics3-768x576.jpg 768w, https:\/\/www.haideclean.com\/wp-content\/uploads\/2026\/01\/Performance-characteristics3-600x450.jpg 600w\" sizes=\"(max-width: 800px) 100vw, 800px\" \/><\/p>\n<p>El sistema de elevaci\u00f3n de emergencia de la bomba de mano proporciona comodidad para el mantenimiento de emergencia del veh\u00edculo: La funci\u00f3n de elevaci\u00f3n de emergencia de la bomba de mano no solo puede controlar la elevaci\u00f3n de la caja cuando el motor auxiliar falla y no se puede iniciar, sino que tambi\u00e9n puede levantar de emergencia los cepillos y los puertos de succi\u00f3n para facilitar el movimiento de veh\u00edculos o el mantenimiento.<\/p>\n<p><img loading=\"lazy\" decoding=\"async\" class=\"alignnone wp-image-2239 size-full\" src=\"https:\/\/www.haideclean.com\/wp-content\/uploads\/2026\/01\/Performance-characteristics4.jpg\" alt=\"\" width=\"800\" height=\"600\" srcset=\"https:\/\/www.haideclean.com\/wp-content\/uploads\/2026\/01\/Performance-characteristics4.jpg 800w, https:\/\/www.haideclean.com\/wp-content\/uploads\/2026\/01\/Performance-characteristics4-300x225.jpg 300w, https:\/\/www.haideclean.com\/wp-content\/uploads\/2026\/01\/Performance-characteristics4-768x576.jpg 768w, https:\/\/www.haideclean.com\/wp-content\/uploads\/2026\/01\/Performance-characteristics4-600x450.jpg 600w\" sizes=\"(max-width: 800px) 100vw, 800px\" \/><\/p>\n<p>9.Equipado con dispositivo avanzado de monitoreo de TV a color: Para facilitar la observaci\u00f3n oportuna del veh\u00edculo; estado de operaci\u00f3n, las sondas de observaci\u00f3n se instalan en los lados trasero y derecho del veh\u00edculo, y el funcionamiento y la conversi\u00f3n de la c\u00e1mara son extremadamente convenientes, lo que puede proporcionar la calidad de operaci\u00f3n de limpieza oportuna y la funci\u00f3n de imagen trasera del veh\u00edculo para los operadores.<\/p>\n<p><img loading=\"lazy\" decoding=\"async\" class=\"alignnone wp-image-2240 size-full\" src=\"https:\/\/www.haideclean.com\/wp-content\/uploads\/2026\/01\/Performance-characteristics5.jpg\" alt=\"\" width=\"800\" height=\"600\" srcset=\"https:\/\/www.haideclean.com\/wp-content\/uploads\/2026\/01\/Performance-characteristics5.jpg 800w, https:\/\/www.haideclean.com\/wp-content\/uploads\/2026\/01\/Performance-characteristics5-300x225.jpg 300w, https:\/\/www.haideclean.com\/wp-content\/uploads\/2026\/01\/Performance-characteristics5-768x576.jpg 768w, https:\/\/www.haideclean.com\/wp-content\/uploads\/2026\/01\/Performance-characteristics5-600x450.jpg 600w\" sizes=\"(max-width: 800px) 100vw, 800px\" \/><\/p>\n<p>10.El marco de seguridad est\u00e1 equipado con un interruptor de proximidad: Para evitar olvidarse de bajar el cuerpo de seguridad y causar da\u00f1os a la caja y el marco, se instala especialmente un interruptor de proximidad.<\/p>\n<p><img loading=\"lazy\" decoding=\"async\" class=\"alignnone wp-image-2241 size-full\" src=\"https:\/\/www.haideclean.com\/wp-content\/uploads\/2026\/01\/Performance-characteristics6.jpg\" alt=\"\" width=\"800\" height=\"600\" srcset=\"https:\/\/www.haideclean.com\/wp-content\/uploads\/2026\/01\/Performance-characteristics6.jpg 800w, https:\/\/www.haideclean.com\/wp-content\/uploads\/2026\/01\/Performance-characteristics6-300x225.jpg 300w, https:\/\/www.haideclean.com\/wp-content\/uploads\/2026\/01\/Performance-characteristics6-768x576.jpg 768w, https:\/\/www.haideclean.com\/wp-content\/uploads\/2026\/01\/Performance-characteristics6-600x450.jpg 600w\" sizes=\"(max-width: 800px) 100vw, 800px\" \/><\/p>\n<p>La aspiradora totalmente flotante adopta una estructura de conexi\u00f3n: la aspiradora adopta una conexi\u00f3n totalmente flotante y un mecanismo de equilibrio \u00fanico, que puede ajustarse autom\u00e1ticamente de acuerdo con la altura del suelo para garantizar que la distancia entre la aspiradora y la carretera permanezca inalterada, de modo que el veh\u00edculo siempre mantenga un buen efecto de trabajo.<\/p>\n<p><img loading=\"lazy\" decoding=\"async\" class=\"alignnone wp-image-2243 size-full\" src=\"https:\/\/www.haideclean.com\/wp-content\/uploads\/2026\/01\/Performance-characteristics8.jpg\" alt=\"\" width=\"800\" height=\"600\" srcset=\"https:\/\/www.haideclean.com\/wp-content\/uploads\/2026\/01\/Performance-characteristics8.jpg 800w, https:\/\/www.haideclean.com\/wp-content\/uploads\/2026\/01\/Performance-characteristics8-300x225.jpg 300w, https:\/\/www.haideclean.com\/wp-content\/uploads\/2026\/01\/Performance-characteristics8-768x576.jpg 768w, https:\/\/www.haideclean.com\/wp-content\/uploads\/2026\/01\/Performance-characteristics8-600x450.jpg 600w\" sizes=\"(max-width: 800px) 100vw, 800px\" \/><\/p>\n<p>La bomba de agua de v\u00f3rtice eficiente proporciona una garant\u00eda para la limpieza y la reducci\u00f3n del polvo: la pulverizaci\u00f3n efectiva y la reducci\u00f3n del polvo es una condici\u00f3n necesaria para la limpieza de carreteras. Adem\u00e1s de tener los cepillos necesarios, los puertos de succi\u00f3n y las tuber\u00edas de succi\u00f3n para la reducci\u00f3n del polvo, este veh\u00edculo tambi\u00e9n sirve como una boquilla de autoflujo para limpiar y comprimir polvo en \u00e1reas con alto contenido de polvo. Esta boquilla solo se abre cuando el polvo es grave para aumentar la cantidad de agua pulverizada por la tuber\u00eda de succi\u00f3n, mejorar el efecto de reducci\u00f3n del polvo y evitar la obstrucci\u00f3n de la tuber\u00eda de succi\u00f3n.<\/p>\n<p><img loading=\"lazy\" decoding=\"async\" class=\"alignnone wp-image-2242 size-full\" src=\"https:\/\/www.haideclean.com\/wp-content\/uploads\/2026\/01\/Performance-characteristics7.jpg\" alt=\"\" width=\"800\" height=\"600\" srcset=\"https:\/\/www.haideclean.com\/wp-content\/uploads\/2026\/01\/Performance-characteristics7.jpg 800w, https:\/\/www.haideclean.com\/wp-content\/uploads\/2026\/01\/Performance-characteristics7-300x225.jpg 300w, https:\/\/www.haideclean.com\/wp-content\/uploads\/2026\/01\/Performance-characteristics7-768x576.jpg 768w, https:\/\/www.haideclean.com\/wp-content\/uploads\/2026\/01\/Performance-characteristics7-600x450.jpg 600w\" sizes=\"(max-width: 800px) 100vw, 800px\" \/><\/p>\n<p>Los ventiladores de succi\u00f3n eficientes y de bajo ruido proporcionan capacidades de succi\u00f3n poderosas para las operaciones del veh\u00edculo: Los ventiladores de succi\u00f3n de alta eficiencia y bajo ruido especialmente dise\u00f1ados se utilizan para proporcionar fuertes capacidades de succi\u00f3n para los veh\u00edculos para lograr mejores resultados operacionales. Pueden lograr una limpieza de succi\u00f3n de basura com\u00fan, barro y piedras peque\u00f1as en la superficie de la carretera.<\/p>\n<p><img loading=\"lazy\" decoding=\"async\" class=\"alignnone wp-image-2244 size-full\" src=\"https:\/\/www.haideclean.com\/wp-content\/uploads\/2026\/01\/Performance-characteristics9.jpg\" alt=\"\" width=\"800\" height=\"600\" srcset=\"https:\/\/www.haideclean.com\/wp-content\/uploads\/2026\/01\/Performance-characteristics9.jpg 800w, https:\/\/www.haideclean.com\/wp-content\/uploads\/2026\/01\/Performance-characteristics9-300x225.jpg 300w, https:\/\/www.haideclean.com\/wp-content\/uploads\/2026\/01\/Performance-characteristics9-768x576.jpg 768w, https:\/\/www.haideclean.com\/wp-content\/uploads\/2026\/01\/Performance-characteristics9-600x450.jpg 600w\" sizes=\"(max-width: 800px) 100vw, 800px\" \/><\/p>\n<p>El dispositivo de enfriamiento de aceite hidr\u00e1ulico proporciona enfriamiento para los veh\u00edculos durante las operaciones de verano caliente: a medida que la temperatura del aceite hidr\u00e1ulico supera los 70 \u00b0 C durante las operaciones de verano caliente, la viscosidad del aceite hidr\u00e1ulico disminuir\u00e1 y tambi\u00e9n puede causar da\u00f1os a los sellos hidr\u00e1ulicos. Por lo tanto, el veh\u00edculo est\u00e1 equipado con un dispositivo de enfriamiento de aceite hidr\u00e1ulico, que enfr\u00eda y enfr\u00eda el aceite hidr\u00e1ulico a trav\u00e9s del flujo de agua en el dep\u00f3sito de polvo para asegurar que el veh\u00edculo opere normalmente en el verano caliente.<\/p>\n<p><img loading=\"lazy\" decoding=\"async\" class=\"alignnone wp-image-2245 size-full\" src=\"https:\/\/www.haideclean.com\/wp-content\/uploads\/2026\/01\/Performance-characteristics10.jpg\" alt=\"\" width=\"800\" height=\"600\" srcset=\"https:\/\/www.haideclean.com\/wp-content\/uploads\/2026\/01\/Performance-characteristics10.jpg 800w, https:\/\/www.haideclean.com\/wp-content\/uploads\/2026\/01\/Performance-characteristics10-300x225.jpg 300w, https:\/\/www.haideclean.com\/wp-content\/uploads\/2026\/01\/Performance-characteristics10-768x576.jpg 768w, https:\/\/www.haideclean.com\/wp-content\/uploads\/2026\/01\/Performance-characteristics10-600x450.jpg 600w\" sizes=\"(max-width: 800px) 100vw, 800px\" \/><\/p>\n<p>El motor de accionamiento del cepillo se selecciona entre motores cicloidales de alta calidad y eficientes: los motores de accionamiento para cada disco de cepillo de limpieza son motores de accionamiento cicloidales de alta calidad, que tienen una alta eficiencia de transmisi\u00f3n y una larga vida \u00fatil.<\/p>\n<p>Los discos de cepillo de limpieza frontales izquierdo y derecho tienen funci\u00f3n de protecci\u00f3n autom\u00e1tica de evitaci\u00f3n de obst\u00e1culos y funci\u00f3n de restablecimiento autom\u00e1tico: cuando el disco de barrido se encuentra con obst\u00e1culos, puede retraerse autom\u00e1ticamente para evitar y restablecer, resolviendo efectivamente el problema de da\u00f1o f\u00e1cil al dispositivo de limpieza.<\/p>\n<p>Los cepillos delanteros izquierdo y derecho pueden ser independientes o vinculados: permitiendo al veh\u00edculo usar selectivamente los cepillos delanteros derecho o izquierdo durante el funcionamiento, lo que permite que el mecanismo de trabajo en el lado del carril r\u00e1pido no se extienda m\u00e1s all\u00e1 de la carrocer\u00eda del veh\u00edculo al seleccionar el cepillo izquierdo. Esto no solo reduce la anchura de la ocupaci\u00f3n de la carretera, mejora la seguridad de los veh\u00edculos de trabajo y de paso, sino que tambi\u00e9n reduce el desgaste de los cepillos, reduciendo los costos de operaci\u00f3n.<\/p>\n<p>Para minimizar el ruido generado durante el funcionamiento del veh\u00edculo, se a\u00f1aden materiales especiales de absorci\u00f3n de sonido al compartimento de potencia del veh\u00edculo.<\/p>\n<p>19.Este veh\u00edculo puede estar equipado con una pala de nieve de 2,2 metros.<\/p>\n<p><strong>Opci\u00f3n<\/strong><\/p>\n<ol>\n<li>Tubo de succi\u00f3n de puerta trasera<\/li>\n<li>Dispositivo de im\u00e1n frontal<\/li>\n<li>Dispositivo de pulverizaci\u00f3n de agua frontal<\/li>\n<\/ol>","protected":false},"excerpt":{"rendered":"<p>El cami\u00f3n barridor CHD5070TSLQLE6 es un veh\u00edculo modificado de barrido y aspiraci\u00f3n para la eliminaci\u00f3n y barrido de polvo por pulverizaci\u00f3n de agua basado en el chasis QL1070BUHACY Euro VI Automobile producido por Qingling Automobile Co., Ltd., equipado con un dispositivo de funcionamiento dedicado con un motor secundario como potencia de funcionamiento.<\/p>","protected":false},"featured_media":2246,"template":"","meta":[],"product_brand":[],"product_cat":[15],"product_tag":[],"class_list":{"0":"post-2229","1":"product","2":"type-product","3":"status-publish","4":"has-post-thumbnail","6":"product_cat-road-sweeping","8":"first","9":"instock","10":"shipping-taxable","11":"product-type-simple"},"_links":{"self":[{"href":"https:\/\/www.haideclean.com\/es\/wp-json\/wp\/v2\/product\/2229","targetHints":{"allow":["GET"]}}],"collection":[{"href":"https:\/\/www.haideclean.com\/es\/wp-json\/wp\/v2\/product"}],"about":[{"href":"https:\/\/www.haideclean.com\/es\/wp-json\/wp\/v2\/types\/product"}],"wp:featuredmedia":[{"embeddable":true,"href":"https:\/\/www.haideclean.com\/es\/wp-json\/wp\/v2\/media\/2246"}],"wp:attachment":[{"href":"https:\/\/www.haideclean.com\/es\/wp-json\/wp\/v2\/media?parent=2229"}],"wp:term":[{"taxonomy":"product_brand","embeddable":true,"href":"https:\/\/www.haideclean.com\/es\/wp-json\/wp\/v2\/product_brand?post=2229"},{"taxonomy":"product_cat","embeddable":true,"href":"https:\/\/www.haideclean.com\/es\/wp-json\/wp\/v2\/product_cat?post=2229"},{"taxonomy":"product_tag","embeddable":true,"href":"https:\/\/www.haideclean.com\/es\/wp-json\/wp\/v2\/product_tag?post=2229"}],"curies":[{"name":"wp","href":"https:\/\/api.w.org\/{rel}","templated":true}]}}