{"id":2230,"date":"2026-01-07T14:56:16","date_gmt":"2026-01-07T06:56:16","guid":{"rendered":"https:\/\/www.haideclean.com\/?post_type=product&#038;p=2230"},"modified":"2026-04-09T15:10:39","modified_gmt":"2026-04-09T07:10:39","slug":"chd5110tslqle6-road-sweeper-truck","status":"publish","type":"product","link":"https:\/\/www.haideclean.com\/es\/producto\/chd5110tslqle6-road-sweeper-truck\/","title":{"rendered":"CHD5110TSLQLE6 Cami\u00f3n barridora de carretera"},"content":{"rendered":"<p>El grupo de v\u00e1lvulas hidr\u00e1ulicas de cartucho roscado tiene un rendimiento m\u00e1s estable: con el fin de garantizar la estabilidad y la fiabilidad del sistema hidr\u00e1ulico de todo el veh\u00edculo, el grupo de v\u00e1lvulas hidr\u00e1ulicas adoptado por el veh\u00edculo es la v\u00e1lvula hidr\u00e1ulica de cartucho, que tiene las ventajas de la estructura compacta, el peso ligero, la funci\u00f3n poderosa, la alta fiabilidad, el f\u00e1cil mantenimiento, y as\u00ed sucesivamente.<\/p>\n<p>2.La velocidad del cepillo de barrido adopta un ajuste sin pasos: debido a las diferentes condiciones de carretera y la distribuci\u00f3n de basura, el cepillo de barrido necesita diferentes velocidades de trabajo para obtener un efecto de trabajo m\u00e1s ideal, el ajuste del cepillo de barrido de este veh\u00edculo se adopta ajustando el bot\u00f3n de ajuste en la caja de control electr\u00f3nico para realizar el tama\u00f1o de la corriente de las bobinas de control en el grupo de v\u00e1lvulas y obtener el cambio del desplazamiento del grupo de v\u00e1lvulas, para lograr el ajuste sin pasos del disco del cepillo de barrido.<\/p>\n<p>Los accesorios de tubos de tuber\u00edas 3.Hydraulic est\u00e1n todos formados por la m\u00e1quina de moldeo del extremo de la tuber\u00eda de una sola vez: se selecciona la m\u00e1quina de moldeo del extremo de la tuber\u00eda com\u00fanmente utilizada en Europa y los Estados Unidos para tuber\u00edas hidr\u00e1ulicas, y todos los extremos de la tuber\u00eda de los tubos de acero se prensan y moldean de una sola vez y est\u00e1n equipados con sellos especiales para resistir la extracci\u00f3n, de modo que no haya fugas en las tuber\u00edas.<\/p>\n<p>4.Sub-motor tres dispositivo de filtraci\u00f3n de aire: adopta filtro de aire de doble capa filtro de aire de ba\u00f1o de aceite filtro de aire cicl\u00f3n filtro primario para asegurar la calidad del motor&#8217; s toma de aire y maximizar la vida \u00fatil del motor.<\/p>\n<p>5.El \u00e1ngulo de vertido del tanque de basura es de hasta 53 grados: Debido a que la basura de la barridora de carreteras es principalmente basura viscosa, es dif\u00edcil retirarla directamente, con el fin de maximizar el \u00e1ngulo de descarga del veh\u00edculo, el tanque de agua del veh\u00edculo est\u00e1 dise\u00f1ado en la parte inferior del tanque de basura, y el volumen del tanque de agua es tan alto como 2.000L, lo que hace que el tanque de basura&#8217; La placa inferior tiene un \u00e1ngulo de pre-vertido de 11 grados, y el \u00e1ngulo de descarga de la basura es tan alto como 53 grados o m\u00e1s.<\/p>\n<p>6.Malla de filtro de \u00e1rea grande en la parte superior del cuerpo: Con el fin de maximizar la disminuci\u00f3n de la capacidad de succi\u00f3n debido al bloqueo del flujo de aire, el veh\u00edculo est\u00e1 equipado con una malla de filtro de acero inoxidable de \u00e1rea grande en la parte superior del tanque de basura, que se utiliza para bloquear y filtrar basura grande y peque\u00f1a en el flujo de aire, y una ranura deflectora se establece en la parte superior del cuerpo para mejorar el efecto de la reducci\u00f3n del polvo y para hacer que la pila de basura suba uniformemente y mejorar la capacidad efectiva.<\/p>\n<p>7. sistema de elevaci\u00f3n de emergencia de la bomba de mano para el mantenimiento de emergencia del veh\u00edculo para proporcionar comodidad: la funci\u00f3n de elevaci\u00f3n de emergencia de la bomba de mano puede estar en la falla secundaria del motor no puede comenzar, no solo puede controlar la elevaci\u00f3n de la carrocer\u00eda, sino tambi\u00e9n puede estar en el cepillo de barrido, boca de succi\u00f3n para el levantamiento de emergencia, con el fin de mover el veh\u00edculo o facilitar su mantenimiento.<\/p>\n<p>8.Equipado con monitor de TV a color avanzado: para facilitar la observaci\u00f3n oportuna de las condiciones de funcionamiento del veh\u00edculo, el lado trasero y derecho del veh\u00edculo est\u00e1n equipados con sondas de observaci\u00f3n, la c\u00e1mara es extremadamente conveniente para la operaci\u00f3n de la conversi\u00f3n y puede proporcionar a los operadores la calidad de la operaci\u00f3n de barrido y la parte trasera de la imagen del veh\u00edculo de manera oportuna.<\/p>\n<p>9. Interruptor de proximidad para el marco de seguridad: Se proporciona un interruptor de proximidad para prevenir da\u00f1os al cuerpo y al marco si el cuerpo se opera olvidando bajar la seguridad.<\/p>\n<p>El disco de succi\u00f3n flotante adopta la estructura de conexi\u00f3n: la aspiradora adopta la conexi\u00f3n flotante y adopta un mecanismo de equilibrio \u00fanico, que se puede ajustar autom\u00e1ticamente con las diferentes alturas del suelo para garantizar que la brecha entre la aspiradora y la superficie de la carretera sea siempre constante, de modo que el veh\u00edculo siempre tenga un buen efecto operativo.<\/p>\n<p>11.Bomba de v\u00f3rtice de alta eficiencia para barrir el polvo para proporcionar una garant\u00eda: el polvo de pulverizaci\u00f3n eficaz es una condici\u00f3n necesaria para barrir la carretera, el coche adem\u00e1s de tener los cepillos de barrido necesarios y las bocas de succi\u00f3n, el polvo de la tuber\u00eda de succi\u00f3n, pero tambi\u00e9n para las \u00e1reas arenosas y polvosas que barren la presi\u00f3n del polvo de las boquillas autofluyentes, esta boquilla solo est\u00e1 en el polvo es m\u00e1s grave cuando se abre la v\u00eda acu\u00e1tica para aumentar la tuber\u00eda de succi\u00f3n de la boca de succi\u00f3n de la cantidad de pulverizaci\u00f3n de agua para aumentar el efecto del polvo con el fin de evitar el bloqueo de la tuber\u00eda de succi\u00f3n.<\/p>\n<p>12.El ventilador de succi\u00f3n de alta eficiencia y bajo ruido proporciona una fuerte capacidad de succi\u00f3n para el funcionamiento del veh\u00edculo: el ventilador de succi\u00f3n de alta eficiencia y bajo ruido especialmente dise\u00f1ado proporciona una fuerte capacidad de succi\u00f3n para el veh\u00edculo para obtener un mejor efecto de operaci\u00f3n, que puede darse cuenta de que la basura com\u00fan, el barro, la arena y las peque\u00f1as piedras en la superficie de la carretera se pueden succionar limpiamente a la vez.<\/p>\n<p>13. dispositivo de refrigeraci\u00f3n de aceite hidr\u00e1ulico para el veh\u00edculo en la operaci\u00f3n de verano caliente para proporcionar refrigeraci\u00f3n: porque el veh\u00edculo en la operaci\u00f3n de verano caliente, la temperatura del aceite hidr\u00e1ulico m\u00e1s de 70 \u00b0, har\u00e1 que la viscosidad del aceite hidr\u00e1ulico se reducir\u00e1, pero tambi\u00e9n puede causar da\u00f1os a los sellos hidr\u00e1ulicos, por lo que el veh\u00edculo est\u00e1 equipado con un dispositivo de refrigeraci\u00f3n de aceite hidr\u00e1ulico para asegurar que el veh\u00edculo en el trabajo de verano caliente como de costumbre.<\/p>\n<p>El motor de accionamiento del cepillo de barrido es un motor cicloide de alta calidad y alta eficiencia: el motor de accionamiento de cada disco de cepillo de barrido es un motor cicloide de alta calidad, que tiene una alta eficiencia de transmisi\u00f3n y una larga vida \u00fatil.<\/p>\n<p>Disco de cepillo de barrido frontal izquierdo y derecho, con funci\u00f3n de protecci\u00f3n autom\u00e1tica de evitaci\u00f3n de obst\u00e1culos y funci\u00f3n de restablecimiento autom\u00e1tico: cuando el disco de barrido se encuentra con obst\u00e1culos, puede retraerse autom\u00e1ticamente para evitar y restablecer autom\u00e1ticamente, esta funci\u00f3n resuelve eficazmente el problema de f\u00e1cil tocar el dispositivo de barrido malo.<\/p>\n<p>La placa del cepillo delantero izquierdo y derecho puede ser independiente o vinculaci\u00f3n: para que el veh\u00edculo en el trabajo del barrido delantero derecho o el trabajo de barrido delantero izquierdo se pueda usar selectivamente, de modo que el lado del carril r\u00e1pido del mecanismo de trabajo pueda estar en la elecci\u00f3n del caso de barrido izquierdo no extienda el cuerpo del veh\u00edculo no solo reduce la anchura de la carretera ocupada, mejora la seguridad de la operaci\u00f3n y el paso del veh\u00edculo, sino que tambi\u00e9n reduce el desgaste del cepillo, reduciendo los costos de operaci\u00f3n.<\/p>\n<p>Material amortiguador del compartimento de potencia: Para minimizar la agitaci\u00f3n generada cuando el veh\u00edculo est\u00e1 en funcionamiento, el veh\u00edculo tiene un material amortiguador especial fijado al compartimento de potencia.<\/p>\n<p>18. Los cilindros de elevaci\u00f3n se ajustan con cerraduras hidr\u00e1ulicas especiales: cerraduras hidr\u00e1ulicas especiales desarrolladas conjuntamente con fabricantes famosos pueden realizar las funciones de sincronizaci\u00f3n de elevaci\u00f3n, descenso suave y autobloqueo.<\/p>\n<p><strong>Opci\u00f3n<\/strong><\/p>\n<ol>\n<li>Manguera de succi\u00f3n de puerta trasera<\/li>\n<li>Dispositivo de im\u00e1n frontal<\/li>\n<li>Dispositivo de chorros de agua frontales<\/li>\n<li>Palla de nieve<\/li>\n<\/ol>","protected":false},"excerpt":{"rendered":"<p>CHD5110TSLQLE6 cami\u00f3n barridor de carreteras es un barridor de carreteras de reducci\u00f3n de polvo de tipo h\u00famedo de operaci\u00f3n de barrido y succi\u00f3n modificado sobre la base del chasis QL1110ANLACY producido por Qingling Automobile Co.Ltd.<\/p>","protected":false},"featured_media":2252,"template":"","meta":[],"product_brand":[],"product_cat":[15],"product_tag":[],"class_list":{"0":"post-2230","1":"product","2":"type-product","3":"status-publish","4":"has-post-thumbnail","6":"product_cat-road-sweeping","8":"first","9":"instock","10":"shipping-taxable","11":"product-type-simple"},"_links":{"self":[{"href":"https:\/\/www.haideclean.com\/es\/wp-json\/wp\/v2\/product\/2230","targetHints":{"allow":["GET"]}}],"collection":[{"href":"https:\/\/www.haideclean.com\/es\/wp-json\/wp\/v2\/product"}],"about":[{"href":"https:\/\/www.haideclean.com\/es\/wp-json\/wp\/v2\/types\/product"}],"wp:featuredmedia":[{"embeddable":true,"href":"https:\/\/www.haideclean.com\/es\/wp-json\/wp\/v2\/media\/2252"}],"wp:attachment":[{"href":"https:\/\/www.haideclean.com\/es\/wp-json\/wp\/v2\/media?parent=2230"}],"wp:term":[{"taxonomy":"product_brand","embeddable":true,"href":"https:\/\/www.haideclean.com\/es\/wp-json\/wp\/v2\/product_brand?post=2230"},{"taxonomy":"product_cat","embeddable":true,"href":"https:\/\/www.haideclean.com\/es\/wp-json\/wp\/v2\/product_cat?post=2230"},{"taxonomy":"product_tag","embeddable":true,"href":"https:\/\/www.haideclean.com\/es\/wp-json\/wp\/v2\/product_tag?post=2230"}],"curies":[{"name":"wp","href":"https:\/\/api.w.org\/{rel}","templated":true}]}}