{"id":2257,"date":"2026-01-07T15:10:44","date_gmt":"2026-01-07T07:10:44","guid":{"rendered":"https:\/\/www.haideclean.com\/?post_type=product&#038;p=2257"},"modified":"2026-04-09T15:09:25","modified_gmt":"2026-04-09T07:09:25","slug":"chd5186tslzqe2-road-sweeper-truck","status":"publish","type":"product","link":"https:\/\/www.haideclean.com\/es\/producto\/chd5186tslzqe2-road-sweeper-truck\/","title":{"rendered":"CHD5186TSLZQE2 Cami\u00f3n barridora de carretera"},"content":{"rendered":"<p>1. dispositivo de embrague neum\u00e1tico ultraestable: adoptando embrague neum\u00e1tico de alta calidad, realizando el arranque neum\u00e1tico sin carga del motor, prolongando efectivamente la vida \u00fatil del motor.<\/p>\n<p>2. V\u00e1lvula hidr\u00e1ulica de cartucho de alta precisi\u00f3n: adoptando bobina y bobina de alta calidad, combinada con bloque de v\u00e1lvula de alta precisi\u00f3n, tiene estructura compacta, peso ligero, funci\u00f3n poderosa, alta fiabilidad, f\u00e1cil mantenimiento, asegurando la estabilidad y fiabilidad de todo el sistema hidr\u00e1ulico del veh\u00edculo.<\/p>\n<p>Cambio de velocidad sin pasos del cepillo de barrido el\u00e9ctrico ajustable: a trav\u00e9s del bot\u00f3n el\u00e9ctrico ajustable, la velocidad del cepillo de barrido se puede ajustar sin pasos para adaptarse a diferentes condiciones de carretera y distribuci\u00f3n de basura para garantizar el mejor efecto de operaci\u00f3n.<\/p>\n<p>4.Precision tubo de acero de moldeo de una sola pieza: Adopta la m\u00e1quina de moldeo de extremo de tubo est\u00e1ndar europeo y americano para el moldeo de una sola vez, y ensambla el anillo de sellado especial para asegurarse de que la tuber\u00eda no tenga fugas, y la operaci\u00f3n es m\u00e1s segura.<\/p>\n<p>Dispositivo de filtro de aire 5.Dual vice-motor: filtro de aire de ba\u00f1o de aceite de filtro de aire de doble elemento se utiliza para garantizar la calidad de la entrada del motor y maximizar la vida \u00fatil del motor.<\/p>\n<p>6.Extra gran \u00e1ngulo de descarga: Debido a que la basura de la barridora de carreteras es principalmente estado de basura pegajosa, es m\u00e1s dif\u00edcil de quitar directamente, con el fin de maximizar el \u00e1ngulo de descarga del veh\u00edculo, el tanque de agua del veh\u00edculo est\u00e1 dise\u00f1ado en la parte inferior del tanque de basura, y el \u00e1ngulo de descarga de la basura es tan alto como 60 grados o m\u00e1s.<\/p>\n<p>7.Malla de filtro de \u00e1rea grande: Con el fin de maximizar la disminuci\u00f3n en la capacidad de succi\u00f3n causada por el bloqueo del flujo de aire, el veh\u00edculo est\u00e1 equipado con una malla de filtro de acero inoxidable de gran \u00e1rea en la parte superior de la bote de basura para bloquear y filtrar el gran volumen pero el \u00e1rea peque\u00f1a de basura en el flujo de aire, y tambi\u00e9n se establece una ranura deflectora en la parte superior de la caja para mejorar el efecto de la reducci\u00f3n del polvo, para hacer que la pila de basura suba uniformemente y para mejorar la capacidad efectiva.<\/p>\n<p>8.Sistema hidr\u00e1ulico de doble bomba rico: el coche adem\u00e1s del motor secundario montado con una bomba de aceite de engranaje hidr\u00e1ulico, para facilitar el funcionamiento, pero tambi\u00e9n en el extractor de chasis montado con una bomba de aceite hidr\u00e1ulico de alto flujo, la bomba y la bomba de aceite del motor secundario para tomar la conexi\u00f3n paralela, de modo que el operador pueda iniciar cualquier bomba se puede completar el veh\u00edculo&#8217; acci\u00f3n hidr\u00e1ulica.<\/p>\n<p>Monitor de TV a color de 9,7 pulgadas: para facilitar la observaci\u00f3n oportuna de las condiciones de funcionamiento del veh\u00edculo, el lado trasero y derecho del veh\u00edculo est\u00e1n equipados con sondas de observaci\u00f3n, la c\u00e1mara&#8217; La operaci\u00f3n es extremadamente conveniente de cambiar para proporcionar a los operadores la calidad de la operaci\u00f3n de barrido y la parte trasera del veh\u00edculo de una manera oportuna para proporcionar al operador la funci\u00f3n de la imagen del veh\u00edculo.<\/p>\n<p>Marco de seguridad de seguro 10.Double: Para evitar olvidar bajar la seguridad y operar la caja de aterrizaje, lo que resulta en la destrucci\u00f3n de la caja, el marco, especialmente configurado con un interruptor de proximidad.<\/p>\n<p>11.High-efficiency vortex pump: effective spray dust is a necessary condition for road sweeping, the car in addition to having the necessary sweeping brush and suction mouth, suction pipe dust, but also for the sandy and dusty areas sweeping for dust pressure of the self-flowing nozzles, this nozzle is only in the dust is more serious when the waterway is open in order to increase the amount of suction mouth suction pipe of the water spray to increase the effect of the dust, in order to avoid the suction pipe sticky blockage.<\/p>\n<p>12.High-efficiency and low-noise suction fan: The specially designed high-efficiency and low-noise suction fan provides strong suction capacity for the vehicle to obtain better operating results, which can realize the common garbage, mud, sand and small stones on the road surface can be suctioned clean at once.<\/p>\n<p>13.Reliable hydraulic oil cooling device: because the vehicle in the hot summer operation, the temperature of the hydraulic oil exceeds 70\u00b0, will make the viscosity of the hydraulic oil reduced, but also may cause damage to the hydraulic seals, so the vehicle is equipped with a hydraulic oil cooling device, through the water flow in the dust reduction tank to the hydraulic oil cooling cooling to ensure that the vehicle in the hot summer work as usual.<\/p>\n<p>14.High-efficiency brush motor: The drive motor of each sweeping brush disk is a high-quality cycloid drive motor with high transmission efficiency and long service life.<\/p>\n<p>15.Automatic obstacle avoidance sweeping and suction: when the sweeping device and suction device meets the obstacle, it can automatically retract to avoid the obstacle, this function effectively solves the suction cup device easy to touch the bad problem.<\/p>\n<p>16.Flexible and independent brush plate: enables the vehicle to selectively use the right front sweep or left front sweep during the work, so that the working mechanism on the side of the fast lane can be selected in the case of left sweep without extending the body of the vehicle not only reduces the width of the occupied road, improves the safety of the operation and the passing vehicles, and reduces the wear and tear of the sweeping brushes, reduces the operating costs.<\/p>\n<p>17.Silenced powerhouse: To minimize the agitated sound generated when the vehicle is in operation, the vehicle has a special silencing material affixed to the powerhouse.<\/p>\n<p>18.Safe lifting hydraulic lock: special hydraulic lock jointly developed with famous manufacturers, which can realize lifting synchronization, smooth descent and self-locking.<\/p>\n<p>19.Convenient high-pressure car washing device: equipped with a high-pressure car washing gun, the gun can not only effectively remove all the oil impurities on the car, but also remove posted advertisements.<\/p>\n<p>20.Durable stainless steel box: the dumpster and water tank are made of stainless steel. Dumpster and water tank are integral structure, water tank is set in the bottom of the dumpster so that the dumpster floor has a 10-degree pre-tilt angle, which is more convenient for dumping clean garbage.<\/p>","protected":false},"excerpt":{"rendered":"<p>Este producto es una barridora de carreteras con pulverizaci\u00f3n de agua, cepillo de barrido y boquilla de succi\u00f3n como la potencia operativa del submotor. Adopta la estructura de cuatro cepillos de barrido en el centro y la succi\u00f3n en la parte trasera, que se puede usar ampliamente en carreteras urbanas y otras escenas de operaci\u00f3n.<\/p>","protected":false},"featured_media":2905,"template":"","meta":[],"product_brand":[],"product_cat":[15],"product_tag":[],"class_list":{"0":"post-2257","1":"product","2":"type-product","3":"status-publish","4":"has-post-thumbnail","6":"product_cat-road-sweeping","8":"first","9":"instock","10":"shipping-taxable","11":"product-type-simple"},"_links":{"self":[{"href":"https:\/\/www.haideclean.com\/es\/wp-json\/wp\/v2\/product\/2257","targetHints":{"allow":["GET"]}}],"collection":[{"href":"https:\/\/www.haideclean.com\/es\/wp-json\/wp\/v2\/product"}],"about":[{"href":"https:\/\/www.haideclean.com\/es\/wp-json\/wp\/v2\/types\/product"}],"wp:featuredmedia":[{"embeddable":true,"href":"https:\/\/www.haideclean.com\/es\/wp-json\/wp\/v2\/media\/2905"}],"wp:attachment":[{"href":"https:\/\/www.haideclean.com\/es\/wp-json\/wp\/v2\/media?parent=2257"}],"wp:term":[{"taxonomy":"product_brand","embeddable":true,"href":"https:\/\/www.haideclean.com\/es\/wp-json\/wp\/v2\/product_brand?post=2257"},{"taxonomy":"product_cat","embeddable":true,"href":"https:\/\/www.haideclean.com\/es\/wp-json\/wp\/v2\/product_cat?post=2257"},{"taxonomy":"product_tag","embeddable":true,"href":"https:\/\/www.haideclean.com\/es\/wp-json\/wp\/v2\/product_tag?post=2257"}],"curies":[{"name":"wp","href":"https:\/\/api.w.org\/{rel}","templated":true}]}}