{"id":2258,"date":"2026-01-07T15:31:05","date_gmt":"2026-01-07T07:31:05","guid":{"rendered":"https:\/\/www.haideclean.com\/?post_type=product&#038;p=2258"},"modified":"2026-03-19T12:10:44","modified_gmt":"2026-03-19T04:10:44","slug":"chd5181txsdfbev-full-electric-washing-and-sweeping-truck","status":"publish","type":"product","link":"https:\/\/www.haideclean.com\/es\/producto\/chd5181txsdfbev-full-electric-washing-and-sweeping-truck\/","title":{"rendered":"CHD5181TXSDFBEV Cami\u00f3n de lavado y barrido el\u00e9ctrico completo"},"content":{"rendered":"<p>El veh\u00edculo adopta el modo de control de controlador multimotor m\u00e1s todo en uno, en comparaci\u00f3n con el modo de control de motor \u00fanico puede reducir en gran medida la p\u00e9rdida de energ\u00eda provocada por la transmisi\u00f3n mec\u00e1nica, y al mismo tiempo puede realizar la mejor coincidencia con la demanda de energ\u00eda de veh\u00edculos el\u00e9ctricos puros, maximizar el tiempo de funcionamiento del veh\u00edculo, y cada acci\u00f3n puede realizar el control de velocidad independiente.<\/p>\n<p>El veh\u00edculo adopta cepillos dobles montados en el centro, puerto de succi\u00f3n ancho, el marco de pulverizaci\u00f3n de lavado se encuentra a ambos lados del puerto de succi\u00f3n ancho, y el puerto de succi\u00f3n est\u00e1 dispuesto en forma de V, de modo que toda la estructura del veh\u00edculo est\u00e1 dispuesta razonablemente, y hay una variedad de opciones para el modo de funcionamiento.<\/p>\n<p>El veh\u00edculo utiliza la pantalla programable de comunicaci\u00f3n CAN y el controlador m\u00f3vil para controlar todo el veh\u00edculo&#8217; acci\u00f3n, y la pantalla exhaustivamente muestra el veh\u00edculo&#8217; condiciones de funcionamiento, estado del motor y estado de alarma y otra informaci\u00f3n. A trav\u00e9s del m\u00f3dulo de detecci\u00f3n de bus CAN, se da cuenta de la recopilaci\u00f3n de datos de todo el sistema de circuito del veh\u00edculo, que puede proporcionar advertencia temprana cuando la l\u00ednea falla, reduciendo efectivamente los riesgos de seguridad de la operaci\u00f3n, y toda la informaci\u00f3n de falla se puede consultar en la pantalla o a trav\u00e9s de la plataforma en la nube de la red del veh\u00edculo.<\/p>\n<table style=\"border-collapse: collapse; width: 100%;\">\n<tbody>\n<tr>\n<td style=\"width: 28.9625%;\"><img fetchpriority=\"high\" decoding=\"async\" class=\"size-medium wp-image-2908 alignnone\" src=\"https:\/\/www.haideclean.com\/wp-content\/uploads\/2026\/01\/CHD5181TXSDFBEV1-297x300.jpg\" alt=\"\" width=\"297\" height=\"300\" srcset=\"https:\/\/www.haideclean.com\/wp-content\/uploads\/2026\/01\/CHD5181TXSDFBEV1-297x300.jpg 297w, https:\/\/www.haideclean.com\/wp-content\/uploads\/2026\/01\/CHD5181TXSDFBEV1-12x12.jpg 12w, https:\/\/www.haideclean.com\/wp-content\/uploads\/2026\/01\/CHD5181TXSDFBEV1-100x100.jpg 100w, https:\/\/www.haideclean.com\/wp-content\/uploads\/2026\/01\/CHD5181TXSDFBEV1.jpg 483w\" sizes=\"(max-width: 297px) 100vw, 297px\" \/><\/td>\n<td style=\"width: 71.0375%;\"><img decoding=\"async\" class=\"alignnone wp-image-2909\" src=\"https:\/\/www.haideclean.com\/wp-content\/uploads\/2026\/01\/CHD5181TXSDFBEV2-300x205.jpg\" alt=\"\" width=\"449\" height=\"307\" srcset=\"https:\/\/www.haideclean.com\/wp-content\/uploads\/2026\/01\/CHD5181TXSDFBEV2-300x205.jpg 300w, https:\/\/www.haideclean.com\/wp-content\/uploads\/2026\/01\/CHD5181TXSDFBEV2-18x12.jpg 18w, https:\/\/www.haideclean.com\/wp-content\/uploads\/2026\/01\/CHD5181TXSDFBEV2-600x409.jpg 600w, https:\/\/www.haideclean.com\/wp-content\/uploads\/2026\/01\/CHD5181TXSDFBEV2.jpg 724w\" sizes=\"(max-width: 449px) 100vw, 449px\" \/><\/td>\n<\/tr>\n<\/tbody>\n<\/table>\n<p>Figure 1 Hydraulic valve\u00a0group<\/p>\n<table style=\"border-collapse: collapse; width: 100%;\">\n<tbody>\n<tr>\n<td style=\"width: 21.3737%;\"><img decoding=\"async\" class=\"alignnone size-medium wp-image-2910\" src=\"https:\/\/www.haideclean.com\/wp-content\/uploads\/2026\/01\/CHD5181TXSDFBEV3-217x300.jpg\" alt=\"\" width=\"217\" height=\"300\" srcset=\"https:\/\/www.haideclean.com\/wp-content\/uploads\/2026\/01\/CHD5181TXSDFBEV3-217x300.jpg 217w, https:\/\/www.haideclean.com\/wp-content\/uploads\/2026\/01\/CHD5181TXSDFBEV3-9x12.jpg 9w, https:\/\/www.haideclean.com\/wp-content\/uploads\/2026\/01\/CHD5181TXSDFBEV3.jpg 328w\" sizes=\"(max-width: 217px) 100vw, 217px\" \/><\/td>\n<td style=\"width: 78.6263%;\"><img loading=\"lazy\" decoding=\"async\" class=\"alignnone wp-image-2911\" src=\"https:\/\/www.haideclean.com\/wp-content\/uploads\/2026\/01\/CHD5181TXSDFBEV4-300x284.jpg\" alt=\"\" width=\"310\" height=\"293\" srcset=\"https:\/\/www.haideclean.com\/wp-content\/uploads\/2026\/01\/CHD5181TXSDFBEV4-300x284.jpg 300w, https:\/\/www.haideclean.com\/wp-content\/uploads\/2026\/01\/CHD5181TXSDFBEV4-13x12.jpg 13w, https:\/\/www.haideclean.com\/wp-content\/uploads\/2026\/01\/CHD5181TXSDFBEV4.jpg 472w\" sizes=\"(max-width: 310px) 100vw, 310px\" \/><\/td>\n<\/tr>\n<\/tbody>\n<\/table>\n<p><img loading=\"lazy\" decoding=\"async\" class=\"alignnone size-medium wp-image-2914\" src=\"https:\/\/www.haideclean.com\/wp-content\/uploads\/2026\/01\/CHD5181TXSDFBEV7-300x226.jpg\" alt=\"\" width=\"300\" height=\"226\" srcset=\"https:\/\/www.haideclean.com\/wp-content\/uploads\/2026\/01\/CHD5181TXSDFBEV7-300x226.jpg 300w, https:\/\/www.haideclean.com\/wp-content\/uploads\/2026\/01\/CHD5181TXSDFBEV7-16x12.jpg 16w, https:\/\/www.haideclean.com\/wp-content\/uploads\/2026\/01\/CHD5181TXSDFBEV7.jpg 561w\" sizes=\"(max-width: 300px) 100vw, 300px\" \/><\/p>\n<p>Figure 2 Air circuit components<\/p>\n<p><img loading=\"lazy\" decoding=\"async\" class=\"alignnone size-medium wp-image-2915\" src=\"https:\/\/www.haideclean.com\/wp-content\/uploads\/2026\/01\/CHD5181TXSDFBEV8-300x296.jpg\" alt=\"\" width=\"300\" height=\"296\" srcset=\"https:\/\/www.haideclean.com\/wp-content\/uploads\/2026\/01\/CHD5181TXSDFBEV8-300x296.jpg 300w, https:\/\/www.haideclean.com\/wp-content\/uploads\/2026\/01\/CHD5181TXSDFBEV8-12x12.jpg 12w, https:\/\/www.haideclean.com\/wp-content\/uploads\/2026\/01\/CHD5181TXSDFBEV8-100x100.jpg 100w, https:\/\/www.haideclean.com\/wp-content\/uploads\/2026\/01\/CHD5181TXSDFBEV8.jpg 340w\" sizes=\"(max-width: 300px) 100vw, 300px\" \/><\/p>\n<p>Figure 3 Stainless steel body<\/p>\n<p><img loading=\"lazy\" decoding=\"async\" class=\"alignnone size-medium wp-image-2916\" src=\"https:\/\/www.haideclean.com\/wp-content\/uploads\/2026\/01\/CHD5181TXSDFBEV9-300x172.jpg\" alt=\"\" width=\"300\" height=\"172\" srcset=\"https:\/\/www.haideclean.com\/wp-content\/uploads\/2026\/01\/CHD5181TXSDFBEV9-300x172.jpg 300w, https:\/\/www.haideclean.com\/wp-content\/uploads\/2026\/01\/CHD5181TXSDFBEV9-18x10.jpg 18w, https:\/\/www.haideclean.com\/wp-content\/uploads\/2026\/01\/CHD5181TXSDFBEV9-600x344.jpg 600w, https:\/\/www.haideclean.com\/wp-content\/uploads\/2026\/01\/CHD5181TXSDFBEV9.jpg 648w\" sizes=\"(max-width: 300px) 100vw, 300px\" \/><\/p>\n<p>Figure 4 Sewage tank water level alarm<\/p>\n<p><img loading=\"lazy\" decoding=\"async\" class=\"alignnone size-medium wp-image-2917\" src=\"https:\/\/www.haideclean.com\/wp-content\/uploads\/2026\/01\/CHD5181TXSDFBEV10-300x161.jpg\" alt=\"\" width=\"300\" height=\"161\" srcset=\"https:\/\/www.haideclean.com\/wp-content\/uploads\/2026\/01\/CHD5181TXSDFBEV10-300x161.jpg 300w, https:\/\/www.haideclean.com\/wp-content\/uploads\/2026\/01\/CHD5181TXSDFBEV10-18x10.jpg 18w, https:\/\/www.haideclean.com\/wp-content\/uploads\/2026\/01\/CHD5181TXSDFBEV10-600x323.jpg 600w, https:\/\/www.haideclean.com\/wp-content\/uploads\/2026\/01\/CHD5181TXSDFBEV10.jpg 649w\" sizes=\"(max-width: 300px) 100vw, 300px\" \/><\/p>\n<p>Figure 5 Rear spray pipe<\/p>\n<p><img loading=\"lazy\" decoding=\"async\" class=\"alignnone size-medium wp-image-2918\" src=\"https:\/\/www.haideclean.com\/wp-content\/uploads\/2026\/01\/CHD5181TXSDFBEV11-300x286.jpg\" alt=\"\" width=\"300\" height=\"286\" srcset=\"https:\/\/www.haideclean.com\/wp-content\/uploads\/2026\/01\/CHD5181TXSDFBEV11-300x286.jpg 300w, https:\/\/www.haideclean.com\/wp-content\/uploads\/2026\/01\/CHD5181TXSDFBEV11-13x12.jpg 13w, https:\/\/www.haideclean.com\/wp-content\/uploads\/2026\/01\/CHD5181TXSDFBEV11.jpg 519w\" sizes=\"(max-width: 300px) 100vw, 300px\" \/><\/p>\n<p>Fig. 6 Automatic Obstacle Avoidance and Collision Avoidance Brush Disc<\/p>","protected":false},"excerpt":{"rendered":"<p>CHD5181TXSDFBEV is a new generation of full electric sweeper for road operation which is modified by Yantai Haide Special Vehicle Co., Ltd. with the wheelbase of 5.3 meters full electric chassis EQ1180DACEV produced by Dongfeng Motor Co.<\/p>","protected":false},"featured_media":2905,"template":"","meta":[],"product_brand":[],"product_cat":[15],"product_tag":[],"class_list":{"0":"post-2258","1":"product","2":"type-product","3":"status-publish","4":"has-post-thumbnail","6":"product_cat-road-sweeping","8":"first","9":"instock","10":"shipping-taxable","11":"product-type-simple"},"_links":{"self":[{"href":"https:\/\/www.haideclean.com\/es\/wp-json\/wp\/v2\/product\/2258","targetHints":{"allow":["GET"]}}],"collection":[{"href":"https:\/\/www.haideclean.com\/es\/wp-json\/wp\/v2\/product"}],"about":[{"href":"https:\/\/www.haideclean.com\/es\/wp-json\/wp\/v2\/types\/product"}],"wp:featuredmedia":[{"embeddable":true,"href":"https:\/\/www.haideclean.com\/es\/wp-json\/wp\/v2\/media\/2905"}],"wp:attachment":[{"href":"https:\/\/www.haideclean.com\/es\/wp-json\/wp\/v2\/media?parent=2258"}],"wp:term":[{"taxonomy":"product_brand","embeddable":true,"href":"https:\/\/www.haideclean.com\/es\/wp-json\/wp\/v2\/product_brand?post=2258"},{"taxonomy":"product_cat","embeddable":true,"href":"https:\/\/www.haideclean.com\/es\/wp-json\/wp\/v2\/product_cat?post=2258"},{"taxonomy":"product_tag","embeddable":true,"href":"https:\/\/www.haideclean.com\/es\/wp-json\/wp\/v2\/product_tag?post=2258"}],"curies":[{"name":"wp","href":"https:\/\/api.w.org\/{rel}","templated":true}]}}