{"id":2264,"date":"2026-01-07T15:17:36","date_gmt":"2026-01-07T07:17:36","guid":{"rendered":"https:\/\/www.haideclean.com\/?post_type=product&#038;p=2264"},"modified":"2026-04-09T15:06:32","modified_gmt":"2026-04-09T07:06:32","slug":"chd5186txcdfe6-vacuum-sweeper-truck","status":"publish","type":"product","link":"https:\/\/www.haideclean.com\/es\/producto\/chd5186txcdfe6-vacuum-sweeper-truck\/","title":{"rendered":"CHD5186TXCDFE6 cami\u00f3n barridora de vac\u00edo"},"content":{"rendered":"<p><img fetchpriority=\"high\" decoding=\"async\" class=\"alignnone size-medium wp-image-2893\" src=\"https:\/\/www.haideclean.com\/wp-content\/uploads\/2026\/01\/CHD5186TXCDFE64-300x199.jpg\" alt=\"\" width=\"300\" height=\"199\" data-wp-editing=\"1\" srcset=\"https:\/\/www.haideclean.com\/wp-content\/uploads\/2026\/01\/CHD5186TXCDFE64-300x199.jpg 300w, https:\/\/www.haideclean.com\/wp-content\/uploads\/2026\/01\/CHD5186TXCDFE64-18x12.jpg 18w, https:\/\/www.haideclean.com\/wp-content\/uploads\/2026\/01\/CHD5186TXCDFE64-600x398.jpg 600w, https:\/\/www.haideclean.com\/wp-content\/uploads\/2026\/01\/CHD5186TXCDFE64.jpg 665w\" sizes=\"(max-width: 300px) 100vw, 300px\" \/><\/p>\n<p>Sistema de transporte neum\u00e1tico de filtraci\u00f3n de volumen de aire 1.Full: realizar completamente la operaci\u00f3n sin agua.<\/p>\n<p><img decoding=\"async\" class=\"alignnone size-medium wp-image-2890\" src=\"https:\/\/www.haideclean.com\/wp-content\/uploads\/2026\/01\/CHD5186TXCDFE61-300x163.jpg\" alt=\"\" width=\"300\" height=\"163\" srcset=\"https:\/\/www.haideclean.com\/wp-content\/uploads\/2026\/01\/CHD5186TXCDFE61-300x163.jpg 300w, https:\/\/www.haideclean.com\/wp-content\/uploads\/2026\/01\/CHD5186TXCDFE61-18x10.jpg 18w, https:\/\/www.haideclean.com\/wp-content\/uploads\/2026\/01\/CHD5186TXCDFE61-600x325.jpg 600w, https:\/\/www.haideclean.com\/wp-content\/uploads\/2026\/01\/CHD5186TXCDFE61.jpg 707w\" sizes=\"(max-width: 300px) 100vw, 300px\" \/><\/p>\n<p>2. sistema de reducci\u00f3n de polvo de descarga de pulverizaci\u00f3n: realizar la reducci\u00f3n de polvo de pulverizaci\u00f3n al vertir basura.<\/p>\n<p><img decoding=\"async\" class=\"alignnone size-medium wp-image-2891\" src=\"https:\/\/www.haideclean.com\/wp-content\/uploads\/2026\/01\/CHD5186TXCDFE62-300x171.jpg\" alt=\"\" width=\"300\" height=\"171\" srcset=\"https:\/\/www.haideclean.com\/wp-content\/uploads\/2026\/01\/CHD5186TXCDFE62-300x171.jpg 300w, https:\/\/www.haideclean.com\/wp-content\/uploads\/2026\/01\/CHD5186TXCDFE62-18x10.jpg 18w, https:\/\/www.haideclean.com\/wp-content\/uploads\/2026\/01\/CHD5186TXCDFE62-600x343.jpg 600w, https:\/\/www.haideclean.com\/wp-content\/uploads\/2026\/01\/CHD5186TXCDFE62.jpg 707w\" sizes=\"(max-width: 300px) 100vw, 300px\" \/><\/p>\n<p>Unidad de cepillo de velocidad variable ajustable el\u00e9ctricamente: La velocidad variable de la unidad de cepillo se puede realizar bajo cualquier condici\u00f3n de trabajo para mejorar la eficiencia de limpieza.<\/p>\n<p><img loading=\"lazy\" decoding=\"async\" class=\"alignnone size-medium wp-image-2892\" src=\"https:\/\/www.haideclean.com\/wp-content\/uploads\/2026\/01\/CHD5186TXCDFE63-300x205.jpg\" alt=\"\" width=\"300\" height=\"205\" srcset=\"https:\/\/www.haideclean.com\/wp-content\/uploads\/2026\/01\/CHD5186TXCDFE63-300x205.jpg 300w, https:\/\/www.haideclean.com\/wp-content\/uploads\/2026\/01\/CHD5186TXCDFE63-18x12.jpg 18w, https:\/\/www.haideclean.com\/wp-content\/uploads\/2026\/01\/CHD5186TXCDFE63-600x410.jpg 600w, https:\/\/www.haideclean.com\/wp-content\/uploads\/2026\/01\/CHD5186TXCDFE63.jpg 663w\" sizes=\"(max-width: 300px) 100vw, 300px\" \/><\/p>\n<p>4.Dispositivo de filtro de aire auxiliar del motor: filtro de aire de ba\u00f1o de aceite de filtro de aire de doble elemento se utiliza para garantizar la calidad de la entrada del motor y maximizar la vida \u00fatil del motor.<\/p>\n<p>Protecci\u00f3n de la m\u00e1quina del motor auxiliar 5.Multi: con bajo nivel de aceite, baja temperatura, sistema de alarma de bajo nivel de agua, compruebe siempre el estado del submotor.<br \/>\n6. Abrir el puerto de succi\u00f3n del cepillo de alta velocidad: f\u00e1cil mantenimiento, alta eficiencia de succi\u00f3n, cepillo de alta velocidad para lograr una limpieza eficiente de la basura sin faltar.<\/p>\n<p>&nbsp;<\/p>","protected":false},"excerpt":{"rendered":"<p>La aspiradora es una nueva generaci\u00f3n de veh\u00edculo operativo desarrollado por Yantai Haide Special Vehicle Co., Ltd. de acuerdo con la situaci\u00f3n real de China y en combinaci\u00f3n con la compa\u00f1\u00eda&#8217; a\u00f1os de experiencia en investigaci\u00f3n y desarrollo en barridoras de carreteras y aspiradoras. Este veh\u00edculo ha cambiado la forma tradicional de barrido con una placa de barrido por barridoras de carretera convencionales, y todas adoptan succi\u00f3n a presi\u00f3n negativa sin estructura de soplado para lograr la filtraci\u00f3n completa del polvo y sin polvo secundario. El veh\u00edculo es adecuado para la limpieza de carreteras urbanas, viaductos, plazas, aeropuertos, muelles, f\u00e1bricas, minas de carb\u00f3n y otros lugares.<\/p>","protected":false},"featured_media":2265,"template":"","meta":[],"product_brand":[],"product_cat":[15],"product_tag":[],"class_list":{"0":"post-2264","1":"product","2":"type-product","3":"status-publish","4":"has-post-thumbnail","6":"product_cat-road-sweeping","8":"first","9":"instock","10":"shipping-taxable","11":"product-type-simple"},"_links":{"self":[{"href":"https:\/\/www.haideclean.com\/es\/wp-json\/wp\/v2\/product\/2264","targetHints":{"allow":["GET"]}}],"collection":[{"href":"https:\/\/www.haideclean.com\/es\/wp-json\/wp\/v2\/product"}],"about":[{"href":"https:\/\/www.haideclean.com\/es\/wp-json\/wp\/v2\/types\/product"}],"wp:featuredmedia":[{"embeddable":true,"href":"https:\/\/www.haideclean.com\/es\/wp-json\/wp\/v2\/media\/2265"}],"wp:attachment":[{"href":"https:\/\/www.haideclean.com\/es\/wp-json\/wp\/v2\/media?parent=2264"}],"wp:term":[{"taxonomy":"product_brand","embeddable":true,"href":"https:\/\/www.haideclean.com\/es\/wp-json\/wp\/v2\/product_brand?post=2264"},{"taxonomy":"product_cat","embeddable":true,"href":"https:\/\/www.haideclean.com\/es\/wp-json\/wp\/v2\/product_cat?post=2264"},{"taxonomy":"product_tag","embeddable":true,"href":"https:\/\/www.haideclean.com\/es\/wp-json\/wp\/v2\/product_tag?post=2264"}],"curies":[{"name":"wp","href":"https:\/\/api.w.org\/{rel}","templated":true}]}}