{"id":2279,"date":"2026-01-07T15:38:13","date_gmt":"2026-01-07T07:38:13","guid":{"rendered":"https:\/\/www.haideclean.com\/?post_type=product&#038;p=2279"},"modified":"2026-03-18T11:31:22","modified_gmt":"2026-03-18T03:31:22","slug":"chd5073tqxqle6-dustbin-cleaning-truck","status":"publish","type":"product","link":"https:\/\/www.haideclean.com\/es\/producto\/chd5073tqxqle6-dustbin-cleaning-truck\/","title":{"rendered":"CHD5073TQXQLE6 Cami\u00f3n de limpieza del basurero"},"content":{"rendered":"<p>El cami\u00f3n de limpieza de basura CHD5073TQXQLE6 es un nuevo modelo totalmente cerrado de carga trasera modificado por Yantai Haide Special Vehicle Co., Ltd. basado en el chasis Euro VI producido por Qingling Motor Co., Ltd. Dise\u00f1ado para satisfacer diversos requisitos del usuario, este veh\u00edculo es ampliamente aplicable para limpiar basuras en carreteras urbanas y rurales. Capaz de limpiar basureros de 120L, 240L, 660L y 1100L, integra funciones de lavado de basureros y mantenimiento de carreteras, llenando la brecha del mercado dom\u00e9stico para veh\u00edculos compactos de lavado de basureros.<\/p>\n<p>El exterior de este veh\u00edculo fue dise\u00f1ado por una empresa italiana, con una forma distintiva y una fuerte est\u00e9tica tecnol\u00f3gica. El compartimiento de limpieza incorpora dos boquillas rotativas de alta presi\u00f3n importadas de Italia que giran 360 grados para limpiar a fondo el interior del contenedor de basura. El exterior del contenedor de basura es limpiado por barras de pulverizaci\u00f3n de agua colocadas alrededor del per\u00edmetro del compartimiento de limpieza, que realizan una limpieza cerrada de arriba a abajo y de izquierda a derecha, asegurando una limpieza integral de todas las superficies tanto dentro como fuera del contenedor de basura.<\/p>","protected":false},"excerpt":{"rendered":"<p>El cami\u00f3n de limpieza de basura CHD5073TQXQLE6 es un nuevo modelo totalmente cerrado de carga trasera modificado por Yantai Haide Special Vehicle Co., Ltd. basado en el chasis Euro VI producido por Qingling Motor Co., Ltd. Dise\u00f1ado para satisfacer diversos requisitos del usuario, este veh\u00edculo es ampliamente aplicable para limpiar basuras en carreteras urbanas y rurales. Capaz de limpiar basureros de 120L, 240L, 660L y 1100L, integra funciones de lavado de basureros y mantenimiento de carreteras, llenando la brecha del mercado dom\u00e9stico para veh\u00edculos compactos de lavado de basureros.<\/p>","protected":false},"featured_media":2296,"template":"","meta":[],"product_brand":[],"product_cat":[27],"product_tag":[],"class_list":{"0":"post-2279","1":"product","2":"type-product","3":"status-publish","4":"has-post-thumbnail","6":"product_cat-cleaning-vehicles","8":"first","9":"instock","10":"shipping-taxable","11":"product-type-simple"},"_links":{"self":[{"href":"https:\/\/www.haideclean.com\/es\/wp-json\/wp\/v2\/product\/2279","targetHints":{"allow":["GET"]}}],"collection":[{"href":"https:\/\/www.haideclean.com\/es\/wp-json\/wp\/v2\/product"}],"about":[{"href":"https:\/\/www.haideclean.com\/es\/wp-json\/wp\/v2\/types\/product"}],"wp:featuredmedia":[{"embeddable":true,"href":"https:\/\/www.haideclean.com\/es\/wp-json\/wp\/v2\/media\/2296"}],"wp:attachment":[{"href":"https:\/\/www.haideclean.com\/es\/wp-json\/wp\/v2\/media?parent=2279"}],"wp:term":[{"taxonomy":"product_brand","embeddable":true,"href":"https:\/\/www.haideclean.com\/es\/wp-json\/wp\/v2\/product_brand?post=2279"},{"taxonomy":"product_cat","embeddable":true,"href":"https:\/\/www.haideclean.com\/es\/wp-json\/wp\/v2\/product_cat?post=2279"},{"taxonomy":"product_tag","embeddable":true,"href":"https:\/\/www.haideclean.com\/es\/wp-json\/wp\/v2\/product_tag?post=2279"}],"curies":[{"name":"wp","href":"https:\/\/api.w.org\/{rel}","templated":true}]}}