{"id":2301,"date":"2026-01-07T15:42:44","date_gmt":"2026-01-07T07:42:44","guid":{"rendered":"https:\/\/www.haideclean.com\/?post_type=product&#038;p=2301"},"modified":"2026-03-18T11:47:21","modified_gmt":"2026-03-18T03:47:21","slug":"chd5186zysdfe6e-garbage-compactor-truck","status":"publish","type":"product","link":"https:\/\/www.haideclean.com\/es\/producto\/chd5186zysdfe6e-garbage-compactor-truck\/","title":{"rendered":"Cami\u00f3n compactador de basura modelo CHD5186ZYSDFE6E"},"content":{"rendered":"<p>El cami\u00f3n compactador de basura tiene una apariencia hermosa, conducci\u00f3n c\u00f3moda, operaci\u00f3n conveniente, flexibilidad, alta fiabilidad y bajo costo operativo, y puede ser ampliamente utilizado en la transferencia cerrada de residuos s\u00f3lidos municipales.<\/p>\n<p>La m\u00e1xima consideraci\u00f3n del entorno de uso del cliente, destaca el dise\u00f1o f\u00e1cil de usar, con iluminaci\u00f3n nocturna, con tanque de alcantarillado doble, con tuber\u00eda de drenaje, control remoto, manual de operaci\u00f3n y mantenimiento y v\u00eddeo completo.<\/p>\n<p>El sistema el\u00e9ctrico equipado con todo el veh\u00edculo puede realizar el control autom\u00e1tico de la potencia del motor, garantizar que el estado de aceleraci\u00f3n o ocio se pueda seleccionar autom\u00e1ticamente bajo las condiciones de trabajo u otras condiciones de trabajo, reducir la p\u00e9rdida de potencia y la tasa de fallas, reducir el consumo de combustible, m\u00e1s estable y ahorrar energ\u00eda.<\/p>\n<p><strong>Tratamiento de aguas residuales<\/strong><\/p>\n<p>Seg\u00fan la investigaci\u00f3n de mercado a lo largo de los a\u00f1os, una gran cantidad de aguas residuales aparecer\u00e1 cuando los camiones de basura comprimidos llenen la basura dom\u00e9stica, y la contaminaci\u00f3n causada por su goteo es uno de los principales defectos de los camiones compactadores de basura actuales. En respuesta a los problemas anteriores, Yantai Haide Special Vehicle Co., Ltd. ha dise\u00f1ado una variedad de ajustes para m\u00e9todos de recogida de aguas residuales para evitar que el compresor se fugue de aguas residuales durante la compactaci\u00f3n de la basura y la transferencia. El dep\u00f3sito de aguas residuales de gran capacidad est\u00e1 configurado de acuerdo con la estructura del chasis, y el dispositivo de recogida de aguas residuales combinado con el tipo de desv\u00edo puede drenar la fuga de aguas residuales entre la carga y el dep\u00f3sito de basura debido a la falla de la tira de goma de sellado al dep\u00f3sito especial de recogida de aguas residuales, evitando efectivamente la contaminaci\u00f3n secundaria causada por la fuga de aguas residuales.<\/p>\n<p>1. La estructura de la parte conjunta de la carga y la caja es razonable, y la tecnolog\u00eda de sellado completo de bloqueo hidr\u00e1ulico y la tira de goma de sellado de alto rendimiento se utilizan para asegurar el sellado entre la carga y el cuerpo, y para asegurar que el veh\u00edculo no tenga fugas de aguas residuales cuando se llena y transfiere la basura.<\/p>\n<p>2.La parte inferior de la carga est\u00e1 equipada con un tanque de aguas residuales, combinado con el dispositivo de recogida de aguas residuales de tipo de desv\u00edo, la fuga de aguas residuales entre la carga y el tanque de basura debido a la falla de la tira de goma de sellado se puede desviar a la caja especial de recogida de aguas residuales para prevenir la contaminaci\u00f3n secundaria causada por la fuga de aguas residuales.<\/p>\n<p><img fetchpriority=\"high\" decoding=\"async\" class=\"alignnone wp-image-2309 size-full\" src=\"https:\/\/www.haideclean.com\/wp-content\/uploads\/2026\/01\/CHD5186ZYSDFE6E-Garbage-Compactor-Truck.jpg\" alt=\"\" width=\"800\" height=\"600\" srcset=\"https:\/\/www.haideclean.com\/wp-content\/uploads\/2026\/01\/CHD5186ZYSDFE6E-Garbage-Compactor-Truck.jpg 800w, https:\/\/www.haideclean.com\/wp-content\/uploads\/2026\/01\/CHD5186ZYSDFE6E-Garbage-Compactor-Truck-300x225.jpg 300w, https:\/\/www.haideclean.com\/wp-content\/uploads\/2026\/01\/CHD5186ZYSDFE6E-Garbage-Compactor-Truck-768x576.jpg 768w, https:\/\/www.haideclean.com\/wp-content\/uploads\/2026\/01\/CHD5186ZYSDFE6E-Garbage-Compactor-Truck-600x450.jpg 600w\" sizes=\"(max-width: 800px) 100vw, 800px\" \/><\/p>\n<p><strong>Tanque de basura<\/strong><\/p>\n<p>La apariencia del cuerpo es forma lineal de flujo de arco, y todo el borde de la placa inferior no est\u00e1 soldado, lo que evita el riesgo de fugas. Simple y hermoso, resistencia a la deformaci\u00f3n fuerte, buena fiabilidad estructural, mientras que aumenta efectivamente el volumen de llenado real, m\u00e1s que productos similares, el material utiliza placa de acero de manganeso de alta resistencia, no f\u00e1cil de deformar, resistencia al desgaste, resistencia a la corrosi\u00f3n.<\/p>\n<p>El material resistente al desgaste de nylon se utiliza para reducir la resistencia al deslizamiento y el desgaste del par m\u00f3vil, y tambi\u00e9n reducir el ruido del movimiento en el trabajo.<\/p>\n<p><strong>Dispositivo empujador<\/strong><\/p>\n<p>La placa de empuje se encuentra en el dep\u00f3sito de basura y se puede hacer girar a lo largo del carril de gu\u00eda en el lado, que tiene tres funciones: 1. Al vertir la basura, la basura se descargar\u00e1 del contenedor de basura;  2. Cierre el extremo delantero de la basura; 3, la basura en la basura puede producir resistencia, de modo que la basura compactada. As\u00ed para completar el trabajo de eliminaci\u00f3n de basura del veh\u00edculo.<\/p>\n<p>Como punto principal de soporte del dispositivo de compresi\u00f3n de residuos, el carril de gu\u00eda m\u00f3vil de la placa de empuje debe tener una resistencia estructural extremadamente alta. El cami\u00f3n compactador de basura producido por Haide adopta la tecnolog\u00eda importada de trusses integrales en forma de U de alta resistencia, que se utiliza como el carril de gu\u00eda m\u00f3vil de la placa de empuje de basura, con una fuerte capacidad de compresi\u00f3n y una buena resistencia a la deformaci\u00f3n. El bloque deslizante est\u00e1 hecho de material de aleaci\u00f3n de alta resistencia al desgaste con larga vida \u00fatil.<\/p>\n<p><strong>relleno<\/strong><\/p>\n<p>El relleno se encuentra en la parte posterior del contenedor de basura, y la forma del relleno coincide con el gran arco del contenedor de basura, haciendo que la forma general del veh\u00edculo sea racionalizada y hermosa.<\/p>\n<p>La carga est\u00e1 compuesta por una tolva, un raspador, un skateboard, un mecanismo de alimentaci\u00f3n, un dispositivo de apertura de tapa y otros componentes, que se utiliza para completar la trituraci\u00f3n, compactaci\u00f3n y prensado de la basura densa en la caja de basura. Es la parte m\u00e1s importante del cami\u00f3n de basura de compresi\u00f3n en el trabajo de basura de compresi\u00f3n.<\/p>\n<p>Para garantizar la excelente producci\u00f3n de la carga, la carga producida por Yantai Haide Special Automobile Co., Ltd. utiliza herramientas de posicionamiento para garantizar la precisi\u00f3n del procesamiento.<\/p>\n<p><img decoding=\"async\" class=\"alignnone wp-image-2310 size-full\" src=\"https:\/\/www.haideclean.com\/wp-content\/uploads\/2026\/01\/CHD5186ZYSDFE6E-Garbage-Compactor-Truck2.jpg\" alt=\"\" width=\"800\" height=\"600\" srcset=\"https:\/\/www.haideclean.com\/wp-content\/uploads\/2026\/01\/CHD5186ZYSDFE6E-Garbage-Compactor-Truck2.jpg 800w, https:\/\/www.haideclean.com\/wp-content\/uploads\/2026\/01\/CHD5186ZYSDFE6E-Garbage-Compactor-Truck2-300x225.jpg 300w, https:\/\/www.haideclean.com\/wp-content\/uploads\/2026\/01\/CHD5186ZYSDFE6E-Garbage-Compactor-Truck2-768x576.jpg 768w, https:\/\/www.haideclean.com\/wp-content\/uploads\/2026\/01\/CHD5186ZYSDFE6E-Garbage-Compactor-Truck2-600x450.jpg 600w\" sizes=\"(max-width: 800px) 100vw, 800px\" \/><\/p>\n<p>Dispositivo de embalaje que se est\u00e1 procesando en herramientas<\/p>\n<p>La conexi\u00f3n entre el dep\u00f3sito de basura y la carga adopta dos tiras de sellado de silicona de tipo umbral y el dispositivo de gancho antibloqueo autom\u00e1tico. Las tiras de sellado est\u00e1n hechas de material de silicona, que tiene una vida \u00fatil m\u00e1s larga, m\u00e1s duradera y un mejor rendimiento de sellado que el caucho espumado tradicional.<\/p>\n<p><img decoding=\"async\" class=\"alignnone wp-image-2311 size-full\" src=\"https:\/\/www.haideclean.com\/wp-content\/uploads\/2026\/01\/CHD5186ZYSDFE6E-Garbage-Compactor-Truck3.jpg\" alt=\"\" width=\"800\" height=\"600\" srcset=\"https:\/\/www.haideclean.com\/wp-content\/uploads\/2026\/01\/CHD5186ZYSDFE6E-Garbage-Compactor-Truck3.jpg 800w, https:\/\/www.haideclean.com\/wp-content\/uploads\/2026\/01\/CHD5186ZYSDFE6E-Garbage-Compactor-Truck3-300x225.jpg 300w, https:\/\/www.haideclean.com\/wp-content\/uploads\/2026\/01\/CHD5186ZYSDFE6E-Garbage-Compactor-Truck3-768x576.jpg 768w, https:\/\/www.haideclean.com\/wp-content\/uploads\/2026\/01\/CHD5186ZYSDFE6E-Garbage-Compactor-Truck3-600x450.jpg 600w\" sizes=\"(max-width: 800px) 100vw, 800px\" \/><\/p>\n<p>Dos sellos de silicona tipo barrera<\/p>\n<p>Adem\u00e1s, la parte conjunta de la carga y la caja adopta tecnolog\u00eda de sellado completo de bloqueo hidr\u00e1ulico ajustable, que tiene un buen rendimiento de sellado. Est\u00e1 equipado con una serie de medidas de protecci\u00f3n de seguridad como el interruptor de bloqueo para evitar que la carga caiga, la varilla de soporte de seguridad y la funci\u00f3n de autobloqueo del cilindro de elevaci\u00f3n de carga para garantizar la seguridad del operador y mejorar en gran medida la seguridad de la operaci\u00f3n.<\/p>\n<p><strong>Sistema de control el\u00e9ctrico y sistema hidr\u00e1ulico<\/strong><\/p>\n<p>Automatizaci\u00f3n de funcionamiento: el sistema de control inteligente adopta el dise\u00f1o de bus CAN importado y la estructura modular. A trav\u00e9s de la combinaci\u00f3n de interruptor de proximidad e inducci\u00f3n de presi\u00f3n de aceite, el programa de compresi\u00f3n es eficiente, estable y f\u00e1cil de mantener. Dispone de tres conjuntos de modos de control manual, autom\u00e1tico y semiautom\u00e1tico, que se pueden operar dentro de la cabina, la parte delantera de la caja y la parte posterior de la caja. Est\u00e1 equipado con control remoto, que se puede utilizar en diferentes entornos de trabajo.<\/p>\n<p>Sistema de seguro doble: El sistema operativo tiene funciones duales de control por ordenador y operaci\u00f3n manual, lo que protege y mejora en gran medida la tasa de utilizaci\u00f3n del veh\u00edculo. La v\u00e1lvula reguladora de presi\u00f3n cambia la posici\u00f3n para evitar que los clientes ajusten la presi\u00f3n sin permiso, y el extractor de fuerza est\u00e1 equipado con palabras de advertencia para recordar a los clientes que cambien el extractor de fuerza y eviten que el extractor de fuerza se da\u00f1e. La cola puede estar equipada opcionalmente con un mecanismo de giro con un bote de basura (o cubo).<\/p>\n<p>La bomba de aceite adopta la bomba de aceite de marca conocida nacional e instala la v\u00e1lvula de compactaci\u00f3n para aumentar la densidad de compresi\u00f3n y mejorar la capacidad de carga. La capacidad de carga es equivalente a dos veces y media la del mismo tonelaje de residuos no comprimidos. Utilizando la \u00faltima estructura de cilindro externo y tecnolog\u00eda de compresi\u00f3n bidireccional, a trav\u00e9s de accesorios de marca de primera clase nacionales y extranjeros, la relaci\u00f3n de compresi\u00f3n alcanz\u00f3 1:6, un solo ciclo \u226420 segundos, para lograr la recogida de basura, la eficiencia se duplic\u00f3.<\/p>\n<p>El tanque de aceite se aumenta, el volumen se aumenta, para prevenir la alta temperatura del aceite hidr\u00e1ulico, todo el aceite hidr\u00e1ulico debe a\u00f1adirse al tanque de aceite a trav\u00e9s del filtro de aceite hidr\u00e1ulico, el filtro de tuber\u00eda de alta presi\u00f3n se puede instalar en la tuber\u00eda de presi\u00f3n de diferentes niveles de presi\u00f3n, para eliminar o bloquear a\u00fan m\u00e1s las impurezas causadas por el desgaste causado por los elementos externos en el interior, o atascado, y la acci\u00f3n qu\u00edmica del propio medio interno, etc. La precisi\u00f3n de filtraci\u00f3n del aceite es de 0,01 micras con filtro de alta presi\u00f3n. Reducir la tasa de falla, prevenir eficazmente el da\u00f1o de las piezas;<\/p>\n<p><strong>Diagrama de descomposici\u00f3n<\/strong><\/p>\n<table style=\"border-collapse: collapse; width: 100%; height: 360px;\">\n<tbody>\n<tr style=\"height: 120px;\">\n<td style=\"width: 50%; height: 120px;\"><img loading=\"lazy\" decoding=\"async\" class=\"alignnone wp-image-2312 size-full\" src=\"https:\/\/www.haideclean.com\/wp-content\/uploads\/2026\/01\/CHD5186ZYSDFE6E-Garbage-Compactor-Truck4.jpg\" alt=\"\" width=\"800\" height=\"600\" srcset=\"https:\/\/www.haideclean.com\/wp-content\/uploads\/2026\/01\/CHD5186ZYSDFE6E-Garbage-Compactor-Truck4.jpg 800w, https:\/\/www.haideclean.com\/wp-content\/uploads\/2026\/01\/CHD5186ZYSDFE6E-Garbage-Compactor-Truck4-300x225.jpg 300w, https:\/\/www.haideclean.com\/wp-content\/uploads\/2026\/01\/CHD5186ZYSDFE6E-Garbage-Compactor-Truck4-768x576.jpg 768w, https:\/\/www.haideclean.com\/wp-content\/uploads\/2026\/01\/CHD5186ZYSDFE6E-Garbage-Compactor-Truck4-600x450.jpg 600w\" sizes=\"(max-width: 800px) 100vw, 800px\" \/><\/td>\n<td style=\"width: 50%; height: 120px;\">Cami\u00f3n compactador de basura, la caja est\u00e1 equipada con una caja curvada, y la placa inferior se solda sin problemas para eliminar el riesgo de fugas. Simple y hermoso, resistencia a la deformaci\u00f3n fuerte, buena fiabilidad estructural, mientras que aumenta efectivamente el volumen de llenado real, m\u00e1s que productos similares, material con placa de alta resistencia al clima, no f\u00e1cil de deformar, resistencia al desgaste; Fuerte resistencia a la corrosi\u00f3n.<\/td>\n<\/tr>\n<tr style=\"height: 48px;\">\n<td style=\"width: 50%; height: 48px;\">La estructura principal del relleno de cola se divide en un cubo de llenado, un mecanismo de carga, un mecanismo de brazo oscilante y una cubierta externa.<\/td>\n<td style=\"width: 50%; height: 48px;\"><img loading=\"lazy\" decoding=\"async\" class=\"alignnone wp-image-2313 size-full\" src=\"https:\/\/www.haideclean.com\/wp-content\/uploads\/2026\/01\/CHD5186ZYSDFE6E-Garbage-Compactor-Truck5.jpg\" alt=\"\" width=\"800\" height=\"800\" srcset=\"https:\/\/www.haideclean.com\/wp-content\/uploads\/2026\/01\/CHD5186ZYSDFE6E-Garbage-Compactor-Truck5.jpg 800w, https:\/\/www.haideclean.com\/wp-content\/uploads\/2026\/01\/CHD5186ZYSDFE6E-Garbage-Compactor-Truck5-300x300.jpg 300w, https:\/\/www.haideclean.com\/wp-content\/uploads\/2026\/01\/CHD5186ZYSDFE6E-Garbage-Compactor-Truck5-150x150.jpg 150w, https:\/\/www.haideclean.com\/wp-content\/uploads\/2026\/01\/CHD5186ZYSDFE6E-Garbage-Compactor-Truck5-768x768.jpg 768w, https:\/\/www.haideclean.com\/wp-content\/uploads\/2026\/01\/CHD5186ZYSDFE6E-Garbage-Compactor-Truck5-600x600.jpg 600w, https:\/\/www.haideclean.com\/wp-content\/uploads\/2026\/01\/CHD5186ZYSDFE6E-Garbage-Compactor-Truck5-100x100.jpg 100w\" sizes=\"(max-width: 800px) 100vw, 800px\" \/><\/td>\n<\/tr>\n<tr style=\"height: 48px;\">\n<td style=\"width: 50%; height: 48px;\"><img loading=\"lazy\" decoding=\"async\" class=\"alignnone wp-image-2314 size-full\" src=\"https:\/\/www.haideclean.com\/wp-content\/uploads\/2026\/01\/CHD5186ZYSDFE6E-Garbage-Compactor-Truck6.jpg\" alt=\"\" width=\"800\" height=\"600\" srcset=\"https:\/\/www.haideclean.com\/wp-content\/uploads\/2026\/01\/CHD5186ZYSDFE6E-Garbage-Compactor-Truck6.jpg 800w, https:\/\/www.haideclean.com\/wp-content\/uploads\/2026\/01\/CHD5186ZYSDFE6E-Garbage-Compactor-Truck6-300x225.jpg 300w, https:\/\/www.haideclean.com\/wp-content\/uploads\/2026\/01\/CHD5186ZYSDFE6E-Garbage-Compactor-Truck6-768x576.jpg 768w, https:\/\/www.haideclean.com\/wp-content\/uploads\/2026\/01\/CHD5186ZYSDFE6E-Garbage-Compactor-Truck6-600x450.jpg 600w\" sizes=\"(max-width: 800px) 100vw, 800px\" \/><\/td>\n<td style=\"width: 50%; height: 48px;\">V\u00e1lvula de contrapresi\u00f3n \/ v\u00e1lvula de compactaci\u00f3n: compresi\u00f3n bidireccional, aumentar la relaci\u00f3n de compresi\u00f3n de la basura cargada, mejorar la carga de basura.<\/td>\n<\/tr>\n<tr style=\"height: 24px;\">\n<td style=\"width: 50%; height: 24px;\">Tanque de aceite hidr\u00e1ulico: El volumen del tanque de aceite se aumenta, mejora efectivamente la eficiencia de enfriamiento, estabiliza la temperatura y la presi\u00f3n del aceite, con el dispositivo de filtro de retorno de aceite, filtra efectivamente las impurezas contenidas en el aceite hidr\u00e1ulico, extiende el tiempo de servicio del aceite.<\/td>\n<td style=\"width: 50%; height: 24px;\"><img loading=\"lazy\" decoding=\"async\" class=\"alignnone wp-image-2315 size-full\" src=\"https:\/\/www.haideclean.com\/wp-content\/uploads\/2026\/01\/CHD5186ZYSDFE6E-Garbage-Compactor-Truck7.jpg\" alt=\"\" width=\"800\" height=\"600\" srcset=\"https:\/\/www.haideclean.com\/wp-content\/uploads\/2026\/01\/CHD5186ZYSDFE6E-Garbage-Compactor-Truck7.jpg 800w, https:\/\/www.haideclean.com\/wp-content\/uploads\/2026\/01\/CHD5186ZYSDFE6E-Garbage-Compactor-Truck7-300x225.jpg 300w, https:\/\/www.haideclean.com\/wp-content\/uploads\/2026\/01\/CHD5186ZYSDFE6E-Garbage-Compactor-Truck7-768x576.jpg 768w, https:\/\/www.haideclean.com\/wp-content\/uploads\/2026\/01\/CHD5186ZYSDFE6E-Garbage-Compactor-Truck7-600x450.jpg 600w\" sizes=\"(max-width: 800px) 100vw, 800px\" \/><\/td>\n<\/tr>\n<tr style=\"height: 24px;\">\n<td style=\"width: 50%; height: 24px;\"><img loading=\"lazy\" decoding=\"async\" class=\"alignnone wp-image-2316 size-full\" src=\"https:\/\/www.haideclean.com\/wp-content\/uploads\/2026\/01\/CHD5186ZYSDFE6E-Garbage-Compactor-Truck9.jpg\" alt=\"\" width=\"800\" height=\"600\" srcset=\"https:\/\/www.haideclean.com\/wp-content\/uploads\/2026\/01\/CHD5186ZYSDFE6E-Garbage-Compactor-Truck9.jpg 800w, https:\/\/www.haideclean.com\/wp-content\/uploads\/2026\/01\/CHD5186ZYSDFE6E-Garbage-Compactor-Truck9-300x225.jpg 300w, https:\/\/www.haideclean.com\/wp-content\/uploads\/2026\/01\/CHD5186ZYSDFE6E-Garbage-Compactor-Truck9-768x576.jpg 768w, https:\/\/www.haideclean.com\/wp-content\/uploads\/2026\/01\/CHD5186ZYSDFE6E-Garbage-Compactor-Truck9-600x450.jpg 600w\" sizes=\"(max-width: 800px) 100vw, 800px\" \/><\/td>\n<td style=\"width: 50%; height: 24px;\">Interruptor de proximidad: El interruptor de inducci\u00f3n m\u00e1s control de tiempo se utiliza para cambiar la acci\u00f3n, la acci\u00f3n es m\u00e1s precisa, el sistema de control electr\u00f3nico es m\u00e1s estable y el cilindro y el sistema hidr\u00e1ulico est\u00e1n mejor protegidos.<\/td>\n<\/tr>\n<tr style=\"height: 24px;\">\n<td style=\"width: 50%; height: 24px;\">El sistema operativo del veh\u00edculo se divide en dos partes, y hay dos sistemas de operaci\u00f3n de manija y operaci\u00f3n de interruptor el\u00e9ctrico.<span style=\"font-family: inherit; font-size: inherit;\">Conveniente para los trabajadores de usar.<\/span><\/td>\n<td style=\"width: 50%; height: 24px;\"><img loading=\"lazy\" decoding=\"async\" class=\"alignnone wp-image-2317 size-full\" src=\"https:\/\/www.haideclean.com\/wp-content\/uploads\/2026\/01\/CHD5186ZYSDFE6E-Garbage-Compactor-Truck10.jpg\" alt=\"\" width=\"800\" height=\"600\" srcset=\"https:\/\/www.haideclean.com\/wp-content\/uploads\/2026\/01\/CHD5186ZYSDFE6E-Garbage-Compactor-Truck10.jpg 800w, https:\/\/www.haideclean.com\/wp-content\/uploads\/2026\/01\/CHD5186ZYSDFE6E-Garbage-Compactor-Truck10-300x225.jpg 300w, https:\/\/www.haideclean.com\/wp-content\/uploads\/2026\/01\/CHD5186ZYSDFE6E-Garbage-Compactor-Truck10-768x576.jpg 768w, https:\/\/www.haideclean.com\/wp-content\/uploads\/2026\/01\/CHD5186ZYSDFE6E-Garbage-Compactor-Truck10-600x450.jpg 600w\" sizes=\"(max-width: 800px) 100vw, 800px\" \/><\/td>\n<\/tr>\n<tr style=\"height: 24px;\">\n<td style=\"width: 50%; height: 24px;\"><img loading=\"lazy\" decoding=\"async\" class=\"alignnone wp-image-2318 size-full\" src=\"https:\/\/www.haideclean.com\/wp-content\/uploads\/2026\/01\/CHD5186ZYSDFE6E-Garbage-Compactor-Truck11.jpg\" alt=\"\" width=\"800\" height=\"600\" srcset=\"https:\/\/www.haideclean.com\/wp-content\/uploads\/2026\/01\/CHD5186ZYSDFE6E-Garbage-Compactor-Truck11.jpg 800w, https:\/\/www.haideclean.com\/wp-content\/uploads\/2026\/01\/CHD5186ZYSDFE6E-Garbage-Compactor-Truck11-300x225.jpg 300w, https:\/\/www.haideclean.com\/wp-content\/uploads\/2026\/01\/CHD5186ZYSDFE6E-Garbage-Compactor-Truck11-768x576.jpg 768w, https:\/\/www.haideclean.com\/wp-content\/uploads\/2026\/01\/CHD5186ZYSDFE6E-Garbage-Compactor-Truck11-600x450.jpg 600w\" sizes=\"(max-width: 800px) 100vw, 800px\" \/><\/td>\n<td style=\"width: 50%; height: 24px;\">Estructura deslizante: nuevo tipo con estructura deslizante incrustada, con eje de conexi\u00f3n, resistencia al desgaste, sin deformaci\u00f3n, accionamiento para funci\u00f3n inversa, rascador abajo encuentro obst\u00e1culos puede cambiar autom\u00e1ticamente la acci\u00f3n, evitar efectivamente obst\u00e1culos, evitar da\u00f1os al equipo.<\/td>\n<\/tr>\n<tr style=\"height: 24px;\">\n<td style=\"width: 50%; height: 24px;\">Est\u00e1ndar con bomba de aceite de marca conocida dom\u00e9stica, la bomba hidr\u00e1ulica es el componente de potencia del sistema hidr\u00e1ulico, es accionado por el motor, desde el aceite de succi\u00f3n del tanque hidr\u00e1ulico, la formaci\u00f3n de descarga de aceite a presi\u00f3n, enviado a la ejecuci\u00f3n de una sola acci\u00f3n del cilindro de aceite, para proporcionar energ\u00eda para el sistema hidr\u00e1ulico<\/td>\n<td style=\"width: 50%; height: 24px;\"><img loading=\"lazy\" decoding=\"async\" class=\"alignnone wp-image-2319 size-full\" src=\"https:\/\/www.haideclean.com\/wp-content\/uploads\/2026\/01\/CHD5186ZYSDFE6E-Garbage-Compactor-Truck12.jpg\" alt=\"\" width=\"800\" height=\"600\" srcset=\"https:\/\/www.haideclean.com\/wp-content\/uploads\/2026\/01\/CHD5186ZYSDFE6E-Garbage-Compactor-Truck12.jpg 800w, https:\/\/www.haideclean.com\/wp-content\/uploads\/2026\/01\/CHD5186ZYSDFE6E-Garbage-Compactor-Truck12-300x225.jpg 300w, https:\/\/www.haideclean.com\/wp-content\/uploads\/2026\/01\/CHD5186ZYSDFE6E-Garbage-Compactor-Truck12-768x576.jpg 768w, https:\/\/www.haideclean.com\/wp-content\/uploads\/2026\/01\/CHD5186ZYSDFE6E-Garbage-Compactor-Truck12-600x450.jpg 600w\" sizes=\"(max-width: 800px) 100vw, 800px\" \/><\/td>\n<\/tr>\n<tr style=\"height: 24px;\">\n<td style=\"width: 50%; height: 24px;\"><img loading=\"lazy\" decoding=\"async\" class=\"alignnone wp-image-2320 size-full\" src=\"https:\/\/www.haideclean.com\/wp-content\/uploads\/2026\/01\/CHD5186ZYSDFE6E-Garbage-Compactor-Truck13.jpg\" alt=\"\" width=\"800\" height=\"600\" srcset=\"https:\/\/www.haideclean.com\/wp-content\/uploads\/2026\/01\/CHD5186ZYSDFE6E-Garbage-Compactor-Truck13.jpg 800w, https:\/\/www.haideclean.com\/wp-content\/uploads\/2026\/01\/CHD5186ZYSDFE6E-Garbage-Compactor-Truck13-300x225.jpg 300w, https:\/\/www.haideclean.com\/wp-content\/uploads\/2026\/01\/CHD5186ZYSDFE6E-Garbage-Compactor-Truck13-768x576.jpg 768w, https:\/\/www.haideclean.com\/wp-content\/uploads\/2026\/01\/CHD5186ZYSDFE6E-Garbage-Compactor-Truck13-600x450.jpg 600w\" sizes=\"(max-width: 800px) 100vw, 800px\" \/><\/td>\n<td style=\"width: 50%; height: 24px;\">El filtro de tuber\u00eda de alta presi\u00f3n se puede instalar en diferentes niveles de presi\u00f3n de la tuber\u00eda de presi\u00f3n, para eliminar o bloquear a\u00fan m\u00e1s debido a los elementos externos en el desgaste interno, o atascado, as\u00ed como el propio medio interno causado por la acci\u00f3n qu\u00edmica de impurezas, etc., equipado con una precisi\u00f3n de filtraci\u00f3n de aceite de filtro de alta presi\u00f3n de 0,01 micras. Especialmente adecuado para sistemas de control autom\u00e1tico y sistemas de servo, puede evitar que los componentes de control de alta precisi\u00f3n y los componentes ejecutivos se desgasten prematuramente o se atasquen debido a la contaminaci\u00f3n, reduciendo as\u00ed las fallas y prolongando la vida \u00fatil de los componentes del sistema hidr\u00e1ulico.<\/td>\n<\/tr>\n<\/tbody>\n<\/table>","protected":false},"excerpt":{"rendered":"<p>El cami\u00f3n compactador de basura CHD5186ZYSDFE6E se utiliza principalmente para recoger, comprimir y transportar residuos s\u00f3lidos municipales, y tambi\u00e9n se puede usar para recoger, comprimir y transportar algunos desechos industriales y agr\u00edcolas ligeros y dispersores. El veh\u00edculo est\u00e1 equipado con una unidad especial para el prop\u00f3sito de cargar, comprimir, transferir y vertir la basura en, comprimir, transferir y vertir la basura por s\u00ed mismo en combinaci\u00f3n con el equipo y la potencia del veh\u00edculo y el contenedor estereot\u00edpico (como una bote de basura).<\/p>","protected":false},"featured_media":2304,"template":"","meta":[],"product_brand":[],"product_cat":[28],"product_tag":[],"class_list":{"0":"post-2301","1":"product","2":"type-product","3":"status-publish","4":"has-post-thumbnail","6":"product_cat-waste-collection-transport","8":"first","9":"instock","10":"shipping-taxable","11":"product-type-simple"},"_links":{"self":[{"href":"https:\/\/www.haideclean.com\/es\/wp-json\/wp\/v2\/product\/2301","targetHints":{"allow":["GET"]}}],"collection":[{"href":"https:\/\/www.haideclean.com\/es\/wp-json\/wp\/v2\/product"}],"about":[{"href":"https:\/\/www.haideclean.com\/es\/wp-json\/wp\/v2\/types\/product"}],"wp:featuredmedia":[{"embeddable":true,"href":"https:\/\/www.haideclean.com\/es\/wp-json\/wp\/v2\/media\/2304"}],"wp:attachment":[{"href":"https:\/\/www.haideclean.com\/es\/wp-json\/wp\/v2\/media?parent=2301"}],"wp:term":[{"taxonomy":"product_brand","embeddable":true,"href":"https:\/\/www.haideclean.com\/es\/wp-json\/wp\/v2\/product_brand?post=2301"},{"taxonomy":"product_cat","embeddable":true,"href":"https:\/\/www.haideclean.com\/es\/wp-json\/wp\/v2\/product_cat?post=2301"},{"taxonomy":"product_tag","embeddable":true,"href":"https:\/\/www.haideclean.com\/es\/wp-json\/wp\/v2\/product_tag?post=2301"}],"curies":[{"name":"wp","href":"https:\/\/api.w.org\/{rel}","templated":true}]}}