{"id":2302,"date":"2026-01-07T16:12:02","date_gmt":"2026-01-07T08:12:02","guid":{"rendered":"https:\/\/www.haideclean.com\/?post_type=product&#038;p=2302"},"modified":"2026-03-19T11:32:41","modified_gmt":"2026-03-19T03:32:41","slug":"chd5181tdydfbev-full-electric-multi-functional-dust-suppression-truck","status":"publish","type":"product","link":"https:\/\/www.haideclean.com\/es\/producto\/chd5181tdydfbev-full-electric-multi-functional-dust-suppression-truck\/","title":{"rendered":"CHD5181TDYDFBEV Cami\u00f3n de supresi\u00f3n del polvo multifuncional totalmente el\u00e9ctrico"},"content":{"rendered":"<p>La niebla de pulverizaci\u00f3n de alta presi\u00f3n y los sistemas de v\u00edas de agua de baja presi\u00f3n son independientes entre s\u00ed.<\/p>\n<p>Nivel avanzado de tecnolog\u00eda: el tanque est\u00e1 equipado con una partici\u00f3n anti-onda multicanal para reducir el impacto en el tanque, el tanque de agua est\u00e1 equipado con un sistema de alarma de bajo nivel de agua y el ca\u00f1\u00f3n de niebla adopta un proceso de reducci\u00f3n de ruido de doble brazo para minimizar el ruido del funcionamiento del veh\u00edculo.<\/p>\n<p>Calidad del material de fabricaci\u00f3n: El tanque adopta material de acero inoxidable 304, resistencia a la corrosi\u00f3n, rendimiento estable.<\/p>\n<p>Conveniencia de operaci\u00f3n y mantenimiento: el control adopta la forma de control remoto inal\u00e1mbrico, f\u00e1cil de operar, los elementos centrales del ca\u00f1\u00f3n de niebla se encuentran en la cabina de mantenimiento bajo el ca\u00f1\u00f3n de niebla para un f\u00e1cil mantenimiento.<\/p>\n<p>En general avanzado y estable: motor independiente de rociado, distancia de enjuague de operaci\u00f3n de rociado de baja velocidad, flujo estable.<\/p>\n<p><strong>Sistemas de rociadores de baja presi\u00f3n:<\/strong><\/p>\n<p>Adoptando sistema operativo de un solo clic, tiene la funci\u00f3n de enjuague frontal y rociado trasero, y el ancho es ajustable;<\/p>\n<p>Equipado con dispositivo de lavado lateral de la columna central izquierda y derecha, la boquilla se puede ajustar en cualquier \u00e1ngulo de 360 \u00b0;<\/p>\n<p>El tanque est\u00e1 estandarizado con acero inoxidable 304 con m\u00faltiples particiones anti-ondas para reducir el impacto en el tanque, y el tanque de agua est\u00e1 equipado con un sistema de alarma de bajo nivel de agua.<\/p>\n<p>El veh\u00edculo est\u00e1 equipado con una bomba de agua de auto-succi\u00f3n con funci\u00f3n de auto-succi\u00f3n y un bucle de auto-circulaci\u00f3n en el sistema de agua, que se puede utilizar para derretir la nieve fundida en invierno;<\/p>\n<p>Todo el circuito de agua adopta el sistema neum\u00e1tico, que es seguro, fiable, f\u00e1cil y flexible de operar;<\/p>\n<p>Pulverizaci\u00f3n de motor independiente, distancia de enjuague de operaci\u00f3n de rociado de baja velocidad, flujo estable.<\/p>\n<p><strong>Sistemas de pulverizaci\u00f3n de alta presi\u00f3n:<\/strong><\/p>\n<p>Sistema de control inteligente, con manual (control remoto) y control remoto dos tipos de modo de operaci\u00f3n, operaci\u00f3n simple e inteligente;<\/p>\n<p>El sistema de pulverizaci\u00f3n adopta anillos de pulverizaci\u00f3n dobles y boquillas ajustables para la granularidad de la niebla, con una fuerte potencia del viento, un alto rango (lejano) y una buena penetraci\u00f3n;<\/p>\n<p>Las bombas de agua centr\u00edfugas multietapa verticales tienen cabeza alta, larga vida \u00fatil y resistencia a la corrosi\u00f3n;<\/p>\n<p>El veh\u00edculo&#8217; Las l\u00edneas de alta tensi\u00f3n est\u00e1n equipadas con un protector de cortocircuito de seguridad para prevenir accidentes de seguridad cuando las l\u00edneas se abrasan, se sumergen en agua o se cortocircuitan de otro modo;<\/p>\n<p>La plataforma de trabajo trasera de protecci\u00f3n m\u00faltiple est\u00e1 equipada con protectores de marco de seguridad, con pistola de agua verde de pulverizaci\u00f3n alta, con funci\u00f3n auxiliar de extinci\u00f3n de incendios, se puede presionar en una columna o niebla;<\/p>\n<p>Bot\u00f3n de parada trasera, dispositivo de alarma de seguridad, sistema de protecci\u00f3n contra cortocircuitos de seguridad Sistema de protecci\u00f3n de seguridad m\u00faltiple garantiza la seguridad del funcionamiento del veh\u00edculo.<\/p>\n<p><img fetchpriority=\"high\" decoding=\"async\" class=\"alignnone wp-image-2326 size-full\" src=\"https:\/\/www.haideclean.com\/wp-content\/uploads\/2026\/01\/CHD5181TDYDFBEV-Full-Electric-Multi-functional-Dust-Suppression-Truck12.jpg\" alt=\"\" width=\"800\" height=\"600\" srcset=\"https:\/\/www.haideclean.com\/wp-content\/uploads\/2026\/01\/CHD5181TDYDFBEV-Full-Electric-Multi-functional-Dust-Suppression-Truck12.jpg 800w, https:\/\/www.haideclean.com\/wp-content\/uploads\/2026\/01\/CHD5181TDYDFBEV-Full-Electric-Multi-functional-Dust-Suppression-Truck12-300x225.jpg 300w, https:\/\/www.haideclean.com\/wp-content\/uploads\/2026\/01\/CHD5181TDYDFBEV-Full-Electric-Multi-functional-Dust-Suppression-Truck12-768x576.jpg 768w, https:\/\/www.haideclean.com\/wp-content\/uploads\/2026\/01\/CHD5181TDYDFBEV-Full-Electric-Multi-functional-Dust-Suppression-Truck12-600x450.jpg 600w\" sizes=\"(max-width: 800px) 100vw, 800px\" \/><\/p>\n<p>Figura 1 Flushing frontal (basado en el veh\u00edculo real)<\/p>\n<p><img decoding=\"async\" class=\"alignnone wp-image-2327 size-full\" src=\"https:\/\/www.haideclean.com\/wp-content\/uploads\/2026\/01\/Figure-2-Side-Flush-Device-based-on-actual-vehicle13.jpg\" alt=\"\" width=\"800\" height=\"600\" srcset=\"https:\/\/www.haideclean.com\/wp-content\/uploads\/2026\/01\/Figure-2-Side-Flush-Device-based-on-actual-vehicle13.jpg 800w, https:\/\/www.haideclean.com\/wp-content\/uploads\/2026\/01\/Figure-2-Side-Flush-Device-based-on-actual-vehicle13-300x225.jpg 300w, https:\/\/www.haideclean.com\/wp-content\/uploads\/2026\/01\/Figure-2-Side-Flush-Device-based-on-actual-vehicle13-768x576.jpg 768w, https:\/\/www.haideclean.com\/wp-content\/uploads\/2026\/01\/Figure-2-Side-Flush-Device-based-on-actual-vehicle13-600x450.jpg 600w\" sizes=\"(max-width: 800px) 100vw, 800px\" \/><\/p>\n<p>Figura 2 Dispositivo de lavado lateral (basado en el veh\u00edculo real)<\/p>\n<p><img decoding=\"async\" class=\"alignnone wp-image-2328 size-full\" src=\"https:\/\/www.haideclean.com\/wp-content\/uploads\/2026\/01\/Figure-2-Side-Flush-Device-based-on-actual-vehicle14.jpg\" alt=\"\" width=\"800\" height=\"600\" srcset=\"https:\/\/www.haideclean.com\/wp-content\/uploads\/2026\/01\/Figure-2-Side-Flush-Device-based-on-actual-vehicle14.jpg 800w, https:\/\/www.haideclean.com\/wp-content\/uploads\/2026\/01\/Figure-2-Side-Flush-Device-based-on-actual-vehicle14-300x225.jpg 300w, https:\/\/www.haideclean.com\/wp-content\/uploads\/2026\/01\/Figure-2-Side-Flush-Device-based-on-actual-vehicle14-768x576.jpg 768w, https:\/\/www.haideclean.com\/wp-content\/uploads\/2026\/01\/Figure-2-Side-Flush-Device-based-on-actual-vehicle14-600x450.jpg 600w\" sizes=\"(max-width: 800px) 100vw, 800px\" \/><\/p>\n<p>Figura 3 Sprinkler trasero<\/p>\n<p><img loading=\"lazy\" decoding=\"async\" class=\"alignnone wp-image-2329 size-full\" src=\"https:\/\/www.haideclean.com\/wp-content\/uploads\/2026\/01\/Figure-2-Side-Flush-Device-based-on-actual-vehicle15.jpg\" alt=\"\" width=\"800\" height=\"600\" srcset=\"https:\/\/www.haideclean.com\/wp-content\/uploads\/2026\/01\/Figure-2-Side-Flush-Device-based-on-actual-vehicle15.jpg 800w, https:\/\/www.haideclean.com\/wp-content\/uploads\/2026\/01\/Figure-2-Side-Flush-Device-based-on-actual-vehicle15-300x225.jpg 300w, https:\/\/www.haideclean.com\/wp-content\/uploads\/2026\/01\/Figure-2-Side-Flush-Device-based-on-actual-vehicle15-768x576.jpg 768w, https:\/\/www.haideclean.com\/wp-content\/uploads\/2026\/01\/Figure-2-Side-Flush-Device-based-on-actual-vehicle15-600x450.jpg 600w\" sizes=\"(max-width: 800px) 100vw, 800px\" \/><\/p>\n<p>Figura 4 Pistola de niebla de anillo de pulverizaci\u00f3n doble<\/p>\n<p><img loading=\"lazy\" decoding=\"async\" class=\"alignnone wp-image-2330 size-full\" src=\"https:\/\/www.haideclean.com\/wp-content\/uploads\/2026\/01\/Figure-4-Double-spray-ring-fog-gun1.jpg\" alt=\"\" width=\"800\" height=\"600\" srcset=\"https:\/\/www.haideclean.com\/wp-content\/uploads\/2026\/01\/Figure-4-Double-spray-ring-fog-gun1.jpg 800w, https:\/\/www.haideclean.com\/wp-content\/uploads\/2026\/01\/Figure-4-Double-spray-ring-fog-gun1-300x225.jpg 300w, https:\/\/www.haideclean.com\/wp-content\/uploads\/2026\/01\/Figure-4-Double-spray-ring-fog-gun1-768x576.jpg 768w, https:\/\/www.haideclean.com\/wp-content\/uploads\/2026\/01\/Figure-4-Double-spray-ring-fog-gun1-600x450.jpg 600w\" sizes=\"(max-width: 800px) 100vw, 800px\" \/><\/p>\n<p>Figura 5 Pistolas de agua verde de pulverizaci\u00f3n alta<\/p>\n<p><img loading=\"lazy\" decoding=\"async\" class=\"alignnone wp-image-2331 size-full\" src=\"https:\/\/www.haideclean.com\/wp-content\/uploads\/2026\/01\/Figure-4-Double-spray-ring-fog-gun2.jpg\" alt=\"\" width=\"800\" height=\"600\" srcset=\"https:\/\/www.haideclean.com\/wp-content\/uploads\/2026\/01\/Figure-4-Double-spray-ring-fog-gun2.jpg 800w, https:\/\/www.haideclean.com\/wp-content\/uploads\/2026\/01\/Figure-4-Double-spray-ring-fog-gun2-300x225.jpg 300w, https:\/\/www.haideclean.com\/wp-content\/uploads\/2026\/01\/Figure-4-Double-spray-ring-fog-gun2-768x576.jpg 768w, https:\/\/www.haideclean.com\/wp-content\/uploads\/2026\/01\/Figure-4-Double-spray-ring-fog-gun2-600x450.jpg 600w\" sizes=\"(max-width: 800px) 100vw, 800px\" \/><\/p>\n<p>Fig. 6 Boquilla con tama\u00f1o de grano de niebla ajustable<\/p>\n<p><img loading=\"lazy\" decoding=\"async\" class=\"alignnone wp-image-2333 size-full\" src=\"https:\/\/www.haideclean.com\/wp-content\/uploads\/2026\/01\/Figure-4-Double-spray-ring-fog-gun4.jpg\" alt=\"\" width=\"800\" height=\"600\" srcset=\"https:\/\/www.haideclean.com\/wp-content\/uploads\/2026\/01\/Figure-4-Double-spray-ring-fog-gun4.jpg 800w, https:\/\/www.haideclean.com\/wp-content\/uploads\/2026\/01\/Figure-4-Double-spray-ring-fog-gun4-300x225.jpg 300w, https:\/\/www.haideclean.com\/wp-content\/uploads\/2026\/01\/Figure-4-Double-spray-ring-fog-gun4-768x576.jpg 768w, https:\/\/www.haideclean.com\/wp-content\/uploads\/2026\/01\/Figure-4-Double-spray-ring-fog-gun4-600x450.jpg 600w\" sizes=\"(max-width: 800px) 100vw, 800px\" \/><\/p>\n<p>Figura 8 Sistema neum\u00e1tico de v\u00edas fluviales<\/p>\n<p><img loading=\"lazy\" decoding=\"async\" class=\"alignnone wp-image-2332 size-full\" src=\"https:\/\/www.haideclean.com\/wp-content\/uploads\/2026\/01\/Figure-4-Double-spray-ring-fog-gun6.jpg\" alt=\"\" width=\"800\" height=\"600\" srcset=\"https:\/\/www.haideclean.com\/wp-content\/uploads\/2026\/01\/Figure-4-Double-spray-ring-fog-gun6.jpg 800w, https:\/\/www.haideclean.com\/wp-content\/uploads\/2026\/01\/Figure-4-Double-spray-ring-fog-gun6-300x225.jpg 300w, https:\/\/www.haideclean.com\/wp-content\/uploads\/2026\/01\/Figure-4-Double-spray-ring-fog-gun6-768x576.jpg 768w, https:\/\/www.haideclean.com\/wp-content\/uploads\/2026\/01\/Figure-4-Double-spray-ring-fog-gun6-600x450.jpg 600w\" sizes=\"(max-width: 800px) 100vw, 800px\" \/><\/p>\n<p>Figura 9 Sistema de control remoto<\/p>","protected":false},"excerpt":{"rendered":"<p>El cami\u00f3n multifuncional de supresi\u00f3n de polvo es un equipo de supresi\u00f3n de polvo de alta tecnolog\u00eda que puede purificar el aire y reducir la concentraci\u00f3n de PM2.5, tambi\u00e9n conocido como &#8220; ca\u00f1\u00f3n de niebla&#8221; Puede reducir el polvo y la descontaminaci\u00f3n rociando la niebla de agua, y tiene una fuerte penetraci\u00f3n del polvo en el aire, que puede controlar eficazmente la contaminaci\u00f3n de PM2.5, di\u00f3xido de nitr\u00f3geno y ozono y mejorar el ambiente del aire urbano.<\/p>","protected":false},"featured_media":2321,"template":"","meta":[],"product_brand":[],"product_cat":[27],"product_tag":[],"class_list":{"0":"post-2302","1":"product","2":"type-product","3":"status-publish","4":"has-post-thumbnail","6":"product_cat-cleaning-vehicles","8":"first","9":"instock","10":"shipping-taxable","11":"product-type-simple"},"_links":{"self":[{"href":"https:\/\/www.haideclean.com\/es\/wp-json\/wp\/v2\/product\/2302","targetHints":{"allow":["GET"]}}],"collection":[{"href":"https:\/\/www.haideclean.com\/es\/wp-json\/wp\/v2\/product"}],"about":[{"href":"https:\/\/www.haideclean.com\/es\/wp-json\/wp\/v2\/types\/product"}],"wp:featuredmedia":[{"embeddable":true,"href":"https:\/\/www.haideclean.com\/es\/wp-json\/wp\/v2\/media\/2321"}],"wp:attachment":[{"href":"https:\/\/www.haideclean.com\/es\/wp-json\/wp\/v2\/media?parent=2302"}],"wp:term":[{"taxonomy":"product_brand","embeddable":true,"href":"https:\/\/www.haideclean.com\/es\/wp-json\/wp\/v2\/product_brand?post=2302"},{"taxonomy":"product_cat","embeddable":true,"href":"https:\/\/www.haideclean.com\/es\/wp-json\/wp\/v2\/product_cat?post=2302"},{"taxonomy":"product_tag","embeddable":true,"href":"https:\/\/www.haideclean.com\/es\/wp-json\/wp\/v2\/product_tag?post=2302"}],"curies":[{"name":"wp","href":"https:\/\/api.w.org\/{rel}","templated":true}]}}