{"id":2334,"date":"2026-01-07T16:11:59","date_gmt":"2026-01-07T08:11:59","guid":{"rendered":"https:\/\/www.haideclean.com\/?post_type=product&#038;p=2334"},"modified":"2026-03-19T12:00:57","modified_gmt":"2026-03-19T04:00:57","slug":"chr20s-compact-diesel-powered-street-sweeper","status":"publish","type":"product","link":"https:\/\/www.haideclean.com\/es\/producto\/chr20s-compact-diesel-powered-street-sweeper\/","title":{"rendered":"CHR20S Compacta barridora de calles alimentada por di\u00e9sel"},"content":{"rendered":"<p>1\u3001Transmisi\u00f3n de potencia hidr\u00e1ulica completa, toda la acci\u00f3n se puede operar en la cabina.<\/p>\n<p>2\u3001La cabina est\u00e1 hecha principalmente de vidrio, el campo de visi\u00f3n est\u00e1 abierto, tiene aire acondicionado, espacioso y c\u00f3modo.<\/p>\n<p>El marco est\u00e1 formado por dos partes, que est\u00e1 conectada por bisagra, el dise\u00f1o es adecuado y el giro de todo el veh\u00edculo es muy flexible.<\/p>\n<p>4\u3001Mecanismo de giro hidr\u00e1ulico completo, cambio de velocidad sin pasos.<\/p>\n<p>5\u3001Manera de barrido: los dos cepillos est\u00e1n en la parte delantera del veh\u00edculo, el puerto de succi\u00f3n est\u00e1 en el medio, de modo que los cepillos puedan barrir la basura al puerto de succi\u00f3n con \u00e9xito.<\/p>\n<p>6\u3001Manera de succi\u00f3n: adopta la filtraci\u00f3n del aire de escape circular, cuando el aire del soplador es filtrado por el sistema de filtro seco, entonces volver\u00e1 al puerto de succi\u00f3n para el uso de soplado inverso, alta eficiencia, protecci\u00f3n ambiental y baja re-contaminaci\u00f3n.<\/p>\n<p>7\u3001La barridora est\u00e1 equipada con un tanque de agua limpia de 150L, enciende la boquilla, que est\u00e1 en el soporte del cepillo, para reducir el polvo con el riego.<\/p>\n<p>8\u3001La basura recogida se transporta a la basura de 240L. El estante de elevaci\u00f3n, controlado por hidr\u00e1ulico, puede dejar caer la basura a tierra de forma sencilla y pl\u00e1cida. La operaci\u00f3n es conveniente.<\/p>","protected":false},"excerpt":{"rendered":"<p>La barridora CHR20S adopta un motor \u00fanico y conduce por hidr\u00e1ulica completa, se fabrica con tecnolog\u00eda avanzada de la empresa famosa. El funcionamiento del veh\u00edculo es flexible con el giro articulado.<\/p>","protected":false},"featured_media":2337,"template":"","meta":[],"product_brand":[],"product_cat":[30],"product_tag":[],"class_list":{"0":"post-2334","1":"product","2":"type-product","3":"status-publish","4":"has-post-thumbnail","6":"product_cat-compact-street-sweepers","8":"first","9":"instock","10":"shipping-taxable","11":"product-type-simple"},"_links":{"self":[{"href":"https:\/\/www.haideclean.com\/es\/wp-json\/wp\/v2\/product\/2334","targetHints":{"allow":["GET"]}}],"collection":[{"href":"https:\/\/www.haideclean.com\/es\/wp-json\/wp\/v2\/product"}],"about":[{"href":"https:\/\/www.haideclean.com\/es\/wp-json\/wp\/v2\/types\/product"}],"wp:featuredmedia":[{"embeddable":true,"href":"https:\/\/www.haideclean.com\/es\/wp-json\/wp\/v2\/media\/2337"}],"wp:attachment":[{"href":"https:\/\/www.haideclean.com\/es\/wp-json\/wp\/v2\/media?parent=2334"}],"wp:term":[{"taxonomy":"product_brand","embeddable":true,"href":"https:\/\/www.haideclean.com\/es\/wp-json\/wp\/v2\/product_brand?post=2334"},{"taxonomy":"product_cat","embeddable":true,"href":"https:\/\/www.haideclean.com\/es\/wp-json\/wp\/v2\/product_cat?post=2334"},{"taxonomy":"product_tag","embeddable":true,"href":"https:\/\/www.haideclean.com\/es\/wp-json\/wp\/v2\/product_tag?post=2334"}],"curies":[{"name":"wp","href":"https:\/\/api.w.org\/{rel}","templated":true}]}}