{"id":2341,"date":"2026-01-07T16:17:49","date_gmt":"2026-01-07T08:17:49","guid":{"rendered":"https:\/\/www.haideclean.com\/?post_type=product&#038;p=2341"},"modified":"2026-04-09T15:19:44","modified_gmt":"2026-04-09T07:19:44","slug":"chd5181tdydfe6-multi-functional-dust-suppression-truck","status":"publish","type":"product","link":"https:\/\/www.haideclean.com\/es\/producto\/chd5181tdydfe6-multi-functional-dust-suppression-truck\/","title":{"rendered":"CHD5181TDYDFE6 cami\u00f3n multifuncional de supresi\u00f3n del polvo"},"content":{"rendered":"<p><strong><b>Features :<\/b><\/strong><\/p>\n<ol>\n<li>El cami\u00f3n podr\u00eda estar equipado con arado de nieve en invierno.<\/li>\n<li>El ancho de riego delantero y trasero es de m\u00e1s de 24m.<\/li>\n<li>It has two independent water systems, high pressure spray system and low pressure watering system.<\/li>\n<li>El tanque de agua est\u00e1 hecho de acero inoxidable, el grosor no es inferior a 3 mm.<\/li>\n<li>El panel de operaci\u00f3n del rociador tiene un bot\u00f3n de parada de emergencia y un dispositivo de alarma de seguridad.<\/li>\n<li>Tiene funci\u00f3n de auto-succi\u00f3n, el cami\u00f3n podr\u00eda succionar agua a agua mediante el uso de bomba de agua.<\/li>\n<li>El cami\u00f3n alarmar\u00e1 si no hay agua en el tanque de agua, lo que podr\u00eda proteger la bomba de agua de baja presi\u00f3n.<\/li>\n<li>La protecci\u00f3n lateral est\u00e1 hecha de material de aleaci\u00f3n de aluminio, que tiene una alta resistencia de seguridad y una hermosa apariencia.<\/li>\n<\/ol>","protected":false},"excerpt":{"rendered":"<p>En comparaci\u00f3n con el cami\u00f3n de riego ordinario, la mayor ventaja del cami\u00f3n de pulverizaci\u00f3n CHD5181TDYDFE6 es su funci\u00f3n completa. No solo tiene la funci\u00f3n de rociar y regar el cintur\u00f3n verde junto a la carretera, sino tambi\u00e9n la funci\u00f3n de control de pulverizaci\u00f3n y polvo, mejora de la calidad del aire y lucha contra incendios de emergencia. El cami\u00f3n tambi\u00e9n tiene funci\u00f3n de auto-cebado y puede ser absorbido por auto &#8211; bomba de succi\u00f3n. Por lo tanto, el cami\u00f3n puede ser ampliamente utilizado en los departamentos de gesti\u00f3n de carreteras, municipales y saneamiento de alto grado.<\/p>","protected":false},"featured_media":2360,"template":"","meta":[],"product_brand":[],"product_cat":[27],"product_tag":[],"class_list":{"0":"post-2341","1":"product","2":"type-product","3":"status-publish","4":"has-post-thumbnail","6":"product_cat-cleaning-vehicles","8":"first","9":"instock","10":"shipping-taxable","11":"product-type-simple"},"_links":{"self":[{"href":"https:\/\/www.haideclean.com\/es\/wp-json\/wp\/v2\/product\/2341","targetHints":{"allow":["GET"]}}],"collection":[{"href":"https:\/\/www.haideclean.com\/es\/wp-json\/wp\/v2\/product"}],"about":[{"href":"https:\/\/www.haideclean.com\/es\/wp-json\/wp\/v2\/types\/product"}],"wp:featuredmedia":[{"embeddable":true,"href":"https:\/\/www.haideclean.com\/es\/wp-json\/wp\/v2\/media\/2360"}],"wp:attachment":[{"href":"https:\/\/www.haideclean.com\/es\/wp-json\/wp\/v2\/media?parent=2341"}],"wp:term":[{"taxonomy":"product_brand","embeddable":true,"href":"https:\/\/www.haideclean.com\/es\/wp-json\/wp\/v2\/product_brand?post=2341"},{"taxonomy":"product_cat","embeddable":true,"href":"https:\/\/www.haideclean.com\/es\/wp-json\/wp\/v2\/product_cat?post=2341"},{"taxonomy":"product_tag","embeddable":true,"href":"https:\/\/www.haideclean.com\/es\/wp-json\/wp\/v2\/product_tag?post=2341"}],"curies":[{"name":"wp","href":"https:\/\/api.w.org\/{rel}","templated":true}]}}