{"id":2342,"date":"2026-01-07T16:14:42","date_gmt":"2026-01-07T08:14:42","guid":{"rendered":"https:\/\/www.haideclean.com\/?post_type=product&#038;p=2342"},"modified":"2026-03-18T11:38:06","modified_gmt":"2026-03-18T03:38:06","slug":"chr21qevf-full-electric-high-pressure-cleaner","status":"publish","type":"product","link":"https:\/\/www.haideclean.com\/es\/producto\/chr21qevf-full-electric-high-pressure-cleaner\/","title":{"rendered":"CHR21QEVF Limpiador el\u00e9ctrico completo de alta presi\u00f3n"},"content":{"rendered":"<ol>\n<li><strong>Direcci\u00f3n articulada<\/strong><\/li>\n<\/ol>\n<p>Peque\u00f1o radio de giro. El radio m\u00ednimo de giro es de solo 2,6 m, que tiene buena pasabilidad y puede pasar f\u00e1cilmente a trav\u00e9s de la pila de aislamiento. El ancho del bastidor de pulverizaci\u00f3n frontal es de 1540 mm, con un ancho m\u00ednimo de paso de 1350 mm (con el bastidor de pulverizaci\u00f3n frontal inclinado). Puede girar f\u00e1cilmente en carreteras estrechas y lograr el lavado circunferencial y la desinfecci\u00f3n de 360 \u00b0;<\/p>\n<ol start=\"2\">\n<li><strong>Cabina de vidrio panor\u00e1mica<\/strong><\/li>\n<\/ol>\n<p>El parachoques delantero y ambos lados de la parte trasera del conductor&#8217; La cabina est\u00e1 equipada con estructuras de vidrio panor\u00e1micas, proporcionando una amplia vista del trabajo sin puntos ciegos, lo que es m\u00e1s propicio para garantizar la calidad del trabajo; El vidrio en el conductor&#8217; La cabina est\u00e1 cubierta con una pel\u00edcula solar, que puede aislar eficazmente del calor en el verano caluroso y evitar que el vidrio se rompa cuando es golpeado por objetos duros, garantizando la seguridad del conductor.<\/p>\n<ol start=\"3\">\n<li><strong>Comodidad de conducci\u00f3n<\/strong><\/li>\n<\/ol>\n<p>El conductor&#8217; s cabina est\u00e1 equipada con funciones como aire acondicionado y carga de tel\u00e9fono. Tambi\u00e9n puede estar equipado con dispositivos multimedia m\u00e1s potentes, como radio inal\u00e1mbrica, reproducci\u00f3n de MP3, etc.; Equipado con asientos de suspensi\u00f3n mec\u00e1nica de marca de renombre nacional como est\u00e1ndar, la comodidad de absorci\u00f3n de golpes se puede ajustar en funci\u00f3n del conductor&#8217; s altura y peso, resuelve eficazmente el problema de la mala comodidad de conducci\u00f3n de las barredoras de carreteras peque\u00f1as de suspensi\u00f3n r\u00edgida. Los asientos tambi\u00e9n pueden equiparse con asientos GRAMMER alemanes para un mejor rendimiento de absorci\u00f3n de golpes.<\/p>\n<ol start=\"4\">\n<li><strong>Sistema de control eficiente<\/strong><\/li>\n<\/ol>\n<p>El sistema de control adopta una unidad de control de veh\u00edculo a nivel de veh\u00edculo el\u00e9ctrico puro (VECU), que tiene fuertes capacidades de procesamiento de informaci\u00f3n de bus CAN. Tiene las caracter\u00edsticas de buena resistencia s\u00edsmica, alto nivel de protecci\u00f3n, resistencia a grandes diferencias de temperatura, fluctuaciones de voltaje y la capacidad de lograr c\u00e1lculos de control complejos. Tambi\u00e9n soporta la instalaci\u00f3n de terminales de red de veh\u00edculos para lograr el monitoreo remoto y el diagn\u00f3stico de los datos del veh\u00edculo.<\/p>\n<ol start=\"5\">\n<li><strong>Cero emisiones<\/strong><\/li>\n<\/ol>\n<p>Todo el sistema de alimentaci\u00f3n adopta un paquete de bater\u00eda de fosfato de litio y hierro, que es seguro y fiable. El control de gesti\u00f3n BMS garantiza la estabilidad y seguridad del funcionamiento y la carga del veh\u00edculo. El sistema de caminata tiene una funci\u00f3n de retroalimentaci\u00f3n de energ\u00eda el\u00e9ctrica que puede cargar la bater\u00eda al rev\u00e9s cuando el veh\u00edculo est\u00e1 descendiendo y desacelerando. Combinado con una plataforma \u00fanica de red de veh\u00edculos, puede monitorear eficazmente la seguridad del veh\u00edculo; s consumo de electricidad y detectar r\u00e1pidamente fallas.<\/p>\n<ol start=\"6\">\n<li><strong>Rendimiento fiable<\/strong><\/li>\n<\/ol>\n<p>Los componentes principales, como el motor de accionamiento y el controlador de la bomba de agua caminante, son todos de producci\u00f3n nacional, con un excelente rendimiento y un funcionamiento fiable.<\/p>\n<ol start=\"7\">\n<li><strong>Alto rendimiento anticorrosi\u00f3n<\/strong><\/li>\n<\/ol>\n<p>El cuerpo del tanque de agua est\u00e1 hecho de vidrio, que tiene las ventajas de alta resistencia y resistencia a la corrosi\u00f3n fuerte.<\/p>\n<ol start=\"8\">\n<li><strong>Bajo ruido de funcionamiento<\/strong><\/li>\n<\/ol>\n<p>La operaci\u00f3n de pulverizaci\u00f3n tiene bajo ruido, y el ruido m\u00e1ximo de funcionamiento es de solo 75dBA.<\/p>\n<p>9.<strong>Operaci\u00f3n de lavado frontal<\/strong><\/p>\n<p>Al operar el sistema de lavado frontal de alta presi\u00f3n, el conductor puede ajustar la altura y el \u00e1ngulo de oscilaci\u00f3n del bastidor de pulverizaci\u00f3n frontal en cualquier momento de acuerdo con las condiciones de la carretera para garantizar el efecto de operaci\u00f3n.<\/p>\n<ol start=\"10\">\n<li><strong>Operaci\u00f3n de lavado lateral<\/strong><\/li>\n<\/ol>\n<p>La operaci\u00f3n de lavado lateral puede coordinarse con una barridora de carreteras (barridora de carreteras) para usar agua de alta presi\u00f3n desde el lado para lavar la basura en la acera sobre la carretera, o para lavar la basura debajo del veh\u00edculo, que es luego limpiada por la barridora de carreteras (barridora de carreteras). El trabajo colaborativo puede mejorar significativamente la eficiencia de las operaciones de saneamiento municipales.<\/p>\n<ol start=\"11\">\n<li><strong>Operaci\u00f3n de pulverizaci\u00f3n posterior<\/strong><\/li>\n<\/ol>\n<p>La pulverizaci\u00f3n de alta presi\u00f3n tiene una amplia cobertura, que se puede usar para operaciones de supresi\u00f3n de polvo de pulverizaci\u00f3n de cobertura cercana y de \u00e1rea grande dentro de 5 metros en ambos lados.<\/p>\n<ul>\n<li>Funci\u00f3n de desinfecci\u00f3n y esterilizaci\u00f3n<\/li>\n<\/ul>\n<p>Mediante la mezcla de desinfectantes en proporci\u00f3n, se pueden lograr operaciones de desinfecci\u00f3n y esterilizaci\u00f3n eficientes y flexibles, adecuadas para \u00e1reas epid\u00e9micas, hospitales y otros escenarios.<\/p>\n<ul>\n<li>Funci\u00f3n de pulverizaci\u00f3n de plaguicidas<\/li>\n<\/ul>\n<p>Mediante la adici\u00f3n de pesticidas, insecticidas, etc., se pueden lograr operaciones de pulverizaci\u00f3n de f\u00e1rmacos a gran escala y flexibles en parques, granjas y otros lugares.<\/p>\n<ol start=\"12\">\n<li><strong>Operaci\u00f3n de lavado de alta presi\u00f3n de mano<\/strong><\/li>\n<\/ol>\n<p>La pistola de pulverizaci\u00f3n port\u00e1til de alta presi\u00f3n puede lograr funciones como pulverizaci\u00f3n (medicaci\u00f3n, desinfecci\u00f3n), limpieza de peque\u00f1os anuncios y cepillado de coches.<\/p>\n<p>13.<strong>Configuraci\u00f3n opcional<\/strong><\/p>\n<ul>\n<li>Funci\u00f3n de pulverizaci\u00f3n opcional de pistola de niebla, la gama efectiva de pistola de niebla es de 20M, y la gama de productos similares nacionales es la m\u00e1s larga.<\/li>\n<li>La placa de lavado de pisos de alta presi\u00f3n se puede usar para limpiar profundamente varias superficies de carreteras, pisos de piedra, etc. La placa de lavado del piso puede recuperar y descargar autom\u00e1ticamente las aguas residuales, asegurando que no quede agua residual en el \u00e1rea de operaci\u00f3n, y el efecto de limpieza puede alcanzar el est\u00e1ndar de &#8220; sentado en el suelo&#8221;.<\/li>\n<\/ul>","protected":false},"excerpt":{"rendered":"<p>El limpiador de alta presi\u00f3n totalmente el\u00e9ctrico CHR21QEVF es una m\u00e1quina de lavado y desinfecci\u00f3n de alta presi\u00f3n el\u00e9ctrica pura de estructura articulada especializada desarrollada por Shandong Howe Technologies Co. Ltd. Esta m\u00e1quina de desinfecci\u00f3n adopta los m\u00e9todos de operaci\u00f3n de &#8220; lavado&#8221; , &#8220; lavado&#8221; y &#8220; reducci\u00f3n del polvo&#8221;  , dirigido a las calles urbanas, aeropuertos, muelles, campus, \u00e1reas de f\u00e1brica, plazas, parques, t\u00faneles y carreteras comunitarias como los principales objetos operativos, y tambi\u00e9n se puede aplicar a los anillos exteriores urbanos, Realizar operaciones de lavado y limpieza de carreteras en autopistas y otras ocasiones.<\/p>","protected":false},"featured_media":2343,"template":"","meta":[],"product_brand":[],"product_cat":[30],"product_tag":[],"class_list":{"0":"post-2342","1":"product","2":"type-product","3":"status-publish","4":"has-post-thumbnail","6":"product_cat-compact-street-sweepers","8":"first","9":"instock","10":"shipping-taxable","11":"product-type-simple"},"_links":{"self":[{"href":"https:\/\/www.haideclean.com\/es\/wp-json\/wp\/v2\/product\/2342","targetHints":{"allow":["GET"]}}],"collection":[{"href":"https:\/\/www.haideclean.com\/es\/wp-json\/wp\/v2\/product"}],"about":[{"href":"https:\/\/www.haideclean.com\/es\/wp-json\/wp\/v2\/types\/product"}],"wp:featuredmedia":[{"embeddable":true,"href":"https:\/\/www.haideclean.com\/es\/wp-json\/wp\/v2\/media\/2343"}],"wp:attachment":[{"href":"https:\/\/www.haideclean.com\/es\/wp-json\/wp\/v2\/media?parent=2342"}],"wp:term":[{"taxonomy":"product_brand","embeddable":true,"href":"https:\/\/www.haideclean.com\/es\/wp-json\/wp\/v2\/product_brand?post=2342"},{"taxonomy":"product_cat","embeddable":true,"href":"https:\/\/www.haideclean.com\/es\/wp-json\/wp\/v2\/product_cat?post=2342"},{"taxonomy":"product_tag","embeddable":true,"href":"https:\/\/www.haideclean.com\/es\/wp-json\/wp\/v2\/product_tag?post=2342"}],"curies":[{"name":"wp","href":"https:\/\/api.w.org\/{rel}","templated":true}]}}