{"id":2350,"date":"2026-01-07T16:16:15","date_gmt":"2026-01-07T08:16:15","guid":{"rendered":"https:\/\/www.haideclean.com\/?post_type=product&#038;p=2350"},"modified":"2026-03-19T11:59:36","modified_gmt":"2026-03-19T03:59:36","slug":"chr21sev-full-electric-street-sweeper","status":"publish","type":"product","link":"https:\/\/www.haideclean.com\/es\/producto\/chr21sev-full-electric-street-sweeper\/","title":{"rendered":"CHR21SEV Barradora de calles totalmente el\u00e9ctrica"},"content":{"rendered":"<p>1.La cabina de barridora est\u00e1 equipada con un reproductor de CD, monitor LCD de color y aire acondicionado para crear un ambiente de conducci\u00f3n c\u00f3modo para el conductor.<\/p>\n<p>2.The power system adopts a lithium battery pack and BMS management control to ensure the stability of work.<\/p>\n<p>3.The walking system components adopt worldwide famous brand to ensure the safety and stability of driving.<\/p>\n<p>Estructura 4.Articulated, operaci\u00f3n flexible con radio de giro corto, espacios y esquinas estrechos f\u00e1ciles de llegar.<\/p>\n<p>5.El freno de cubo de cuatro ruedas y el freno de retroceso del motor pueden realizar el frenado de emergencia del veh\u00edculo durante normal.<\/p>\n<p>6. conducir; la rueda trasera tiene el freno de encaje, que puede realizar el freno de estacionamiento, garantizando la seguridad de conducci\u00f3n y estacionamiento.<\/p>\n<p>7.El cepillo se monta frente a la cabina y el puerto de succi\u00f3n se coloca debajo de la cabina. Esta disposici\u00f3n permite al conductor ver claramente el funcionamiento del dispositivo de barrido a trav\u00e9s del parabrisas delantero.<\/p>\n<p>Capacidad de succi\u00f3n 8.Strong: succi\u00f3n de vac\u00edo impulsada por<\/p>\n<p>motor sin cepillo de alta velocidad.<\/p>\n<p>9.Dos modos de filtro: filtraci\u00f3n h\u00fameda y filtraci\u00f3n seca. Los dos modos de filtraci\u00f3n se pueden convertir mediante un bot\u00f3n.<\/p>\n<p>10.Estructura de vertido de alto nivel que hace que el vertido de la basura sea m\u00e1s limpio y r\u00e1pido. dise\u00f1o a prueba de viento para evitar el polvo de vertido. dos modos de operaci\u00f3n: bot\u00f3n de control en el veh\u00edculo y control remoto inal\u00e1mbrico, que es conveniente para que el personal opere dentro de 20 metros.<\/p>\n<p>Unidad de control de nivel de veh\u00edculo 11.Electric VECU con gran capacidad de procesamiento de informaci\u00f3n de bus CAN. Tiene las caracter\u00edsticas de buena resistencia a los sismos, alto nivel de protecci\u00f3n, resistencia a una gran diferencia de temperatura, resistencia a la fluctuaci\u00f3n de voltaje y c\u00e1lculo de control complejo. Tambi\u00e9n soporta el control remoto de los datos del veh\u00edculo y el diagn\u00f3stico remoto.<\/p>\n<p>El sistema de gesti\u00f3n de bater\u00edas 12.BMS \/ SOC puede gestionar la carga y descarga de bater\u00edas y proteger bater\u00edas individuales rotos. Puede prevenir el da\u00f1o a la bater\u00eda causado por la sobrecarga y la sobredescarga, garantizar la seguridad y eliminar la explosi\u00f3n y el incendio.<\/p>\n<p>13.Cargado por voltaje AC 220V, toma 4-5 horas con corriente de carga 80A, cortado autom\u00e1ticamente despu\u00e9s de cargar completamente.<\/p>\n<p>14.Las pajas retr\u00e1ctiles port\u00e1tiles extendidas para polvificar en \u00e1reas como cinturones verdes son opcionales, junto con una herramienta auxiliar para limpiar los residuos en las tuber\u00edas de succi\u00f3n. La bomba de agua para el lavado de veh\u00edculos tambi\u00e9n es opcional. La pistola de pulverizaci\u00f3n de alta presi\u00f3n puede llevarse con el veh\u00edculo, de modo que el veh\u00edculo puede limpiarse despu\u00e9s de su trabajo.<\/p>\n<p>Los extintores port\u00e1tiles est\u00e1n disponibles en la cabina para situaciones de emergencia. Equipado con una bomba manual de emergencia para levantar el contenedor de residuos para solucionar problemas en caso de falla del sistema el\u00e9ctrico e hidr\u00e1ulico.<\/p>","protected":false},"excerpt":{"rendered":"<p>La barridora el\u00e9ctrica CHR21SEV, desarrollada por Shandong Howe Technologies Co. Ltd., es una barridora compacta de vac\u00edo totalmente el\u00e9ctrica basada en chasis articulado especializado. Esta barridora el\u00e9ctrica emplea un modo de operaci\u00f3n de \u201cbarrido y aspiraci\u00f3n combinados\u201d con capacidades de \u201ccirculaci\u00f3n de aguas residuales\u201d y \u201cautovertido de alta posici\u00f3n\u201d, con un dise\u00f1o estructural que cumple con est\u00e1ndares especializados avanzados tanto a nivel nacional como internacional.<\/p>","protected":false},"featured_media":2351,"template":"","meta":[],"product_brand":[],"product_cat":[30],"product_tag":[],"class_list":{"0":"post-2350","1":"product","2":"type-product","3":"status-publish","4":"has-post-thumbnail","6":"product_cat-compact-street-sweepers","8":"first","9":"instock","10":"shipping-taxable","11":"product-type-simple"},"_links":{"self":[{"href":"https:\/\/www.haideclean.com\/es\/wp-json\/wp\/v2\/product\/2350","targetHints":{"allow":["GET"]}}],"collection":[{"href":"https:\/\/www.haideclean.com\/es\/wp-json\/wp\/v2\/product"}],"about":[{"href":"https:\/\/www.haideclean.com\/es\/wp-json\/wp\/v2\/types\/product"}],"wp:featuredmedia":[{"embeddable":true,"href":"https:\/\/www.haideclean.com\/es\/wp-json\/wp\/v2\/media\/2351"}],"wp:attachment":[{"href":"https:\/\/www.haideclean.com\/es\/wp-json\/wp\/v2\/media?parent=2350"}],"wp:term":[{"taxonomy":"product_brand","embeddable":true,"href":"https:\/\/www.haideclean.com\/es\/wp-json\/wp\/v2\/product_brand?post=2350"},{"taxonomy":"product_cat","embeddable":true,"href":"https:\/\/www.haideclean.com\/es\/wp-json\/wp\/v2\/product_cat?post=2350"},{"taxonomy":"product_tag","embeddable":true,"href":"https:\/\/www.haideclean.com\/es\/wp-json\/wp\/v2\/product_tag?post=2350"}],"curies":[{"name":"wp","href":"https:\/\/api.w.org\/{rel}","templated":true}]}}