{"id":2359,"date":"2026-01-07T16:18:43","date_gmt":"2026-01-07T08:18:43","guid":{"rendered":"https:\/\/www.haideclean.com\/?post_type=product&#038;p=2359"},"modified":"2026-03-19T11:56:45","modified_gmt":"2026-03-19T03:56:45","slug":"chr30mev-full-electric-multi-functional-street-sweeper","status":"publish","type":"product","link":"https:\/\/www.haideclean.com\/es\/producto\/chr30mev-full-electric-multi-functional-street-sweeper\/","title":{"rendered":"CHR30MEV Barradora de calles multifuncional totalmente el\u00e9ctrica"},"content":{"rendered":"<p><strong>Caracter\u00edsticas de rendimiento de las barridoras multifunci\u00f3n totalmente el\u00e9ctricas CHR30MEV<\/strong><\/p>\n<ol>\n<li><strong>Direcci\u00f3n articulada\u00a0<\/strong><\/li>\n<\/ol>\n<p>Peque\u00f1o radio de giro. El radio m\u00ednimo de giro es de solo 2,05 m, lo que hace que sea f\u00e1cil dar vueltas en carreteras estrechas y lograr una limpieza circunferencial de 360 \u00b0. Tambi\u00e9n puede limpiar las \u00e1reas de esquina de la carretera;<\/p>\n<ol start=\"2\">\n<li><strong>Cabina de vidrio panor\u00e1mica<\/strong><\/li>\n<\/ol>\n<p>El parachoques delantero y ambos lados de la parte trasera del conductor&#8217; s cabina est\u00e1n equipados con estructuras de vidrio panor\u00e1mico, proporcionando una amplia gama de visi\u00f3n para el trabajo sin puntos ciegos, lo que es m\u00e1s propicio para garantizar la calidad del trabajo; El vidrio en el conductor&#8217; La cabina est\u00e1 cubierta con una pel\u00edcula solar, que puede aislar eficazmente del calor en el verano caluroso y evitar que el vidrio se rompa cuando es golpeado por objetos duros, garantizando la seguridad del conductor.<\/p>\n<ol start=\"3\">\n<li><strong>Comodidad de conducci\u00f3n<\/strong><\/li>\n<\/ol>\n<p>El conductor&#8217; La cabina est\u00e1 equipada con funciones como aire acondicionado y carga de tel\u00e9fono. Tambi\u00e9n puede estar equipado con dispositivos multimedia m\u00e1s potentes, como radio inal\u00e1mbrica, reproductor de MP3, etc.; Equipado con asientos de suspensi\u00f3n mec\u00e1nica de marca de renombre nacional como est\u00e1ndar, la comodidad de absorci\u00f3n de golpes se puede ajustar en funci\u00f3n del conductor&#8217; s altura y peso, resuelve eficazmente el problema de la mala comodidad de conducci\u00f3n de las barridoras compactas de carretera de suspensi\u00f3n r\u00edgida. Los asientos tambi\u00e9n pueden equiparse con asientos GRAMMER alemanes para un mejor rendimiento de absorci\u00f3n de golpes.<\/p>\n<ol start=\"4\">\n<li><b><\/b><strong><b>Eficiente <\/b><b>C<\/b><b>control <\/b><b>S<\/b><b>sistema<\/b><\/strong><\/li>\n<\/ol>\n<p>El sistema de control adopta una unidad de control de veh\u00edculo a nivel de veh\u00edculo el\u00e9ctrico (VECU), que tiene una fuerte capacidad de procesamiento de informaci\u00f3n de bus CAN. Tiene las caracter\u00edsticas de buena resistencia s\u00edsmica, alto nivel de protecci\u00f3n, resistencia a una gran diferencia de temperatura, resistencia a la fluctuaci\u00f3n de voltaje y puede realizar c\u00e1lculos de control complejos. Tambi\u00e9n soporta el uso de terminales Vehicle-to-everything para realizar monitoreo remoto y diagn\u00f3stico de datos del veh\u00edculo.<\/p>\n<ol start=\"5\">\n<li><b><\/b><strong><b>Cero <\/b><b>E<\/b><b>misiones<\/b><\/strong><\/li>\n<\/ol>\n<p>El sistema de alimentaci\u00f3n de todo el veh\u00edculo adopta un paquete de bater\u00eda de fosfato de hierro de litio, que es seguro y fiable. El control de gesti\u00f3n BMS garantiza la estabilidad y seguridad del funcionamiento y la carga del veh\u00edculo. El sistema de caminata tiene una funci\u00f3n de retroalimentaci\u00f3n de energ\u00eda el\u00e9ctrica para cargar la bater\u00eda cuando el veh\u00edculo desciende y desacelera. Con la plataforma \u00fanica Vehicle-to-everything, puede monitorear eficazmente la seguridad de energ\u00eda de todo el veh\u00edculo y encontrar fallos a tiempo.<\/p>\n<ol start=\"6\">\n<li><b><\/b><strong><b>Confiable <\/b><b>P<\/b><b>rendimiento<\/b><\/strong><\/li>\n<\/ol>\n<p>Los componentes principales como motores de accionamiento, controladores, etc. son todos productos de primera l\u00ednea producidos en el pa\u00eds, y los accesorios hidr\u00e1ulicos son importados, con un excelente rendimiento y un funcionamiento fiable.<\/p>\n<ol start=\"7\">\n<li><b><\/b><strong><b>Durable <\/b><b>M<\/b><b>material <\/b><b>S<\/b><b>elecciones<\/b><\/strong><\/li>\n<\/ol>\n<p>Los componentes estructurales tales como el cuerpo de tolva de basura, la boquilla de succi\u00f3n y el cilindro de succi\u00f3n est\u00e1n hechos de material de acero inoxidable; El tanque de agua limpia y diversas operaciones, partes de cubierta, etc. se moldean usando un proceso de moldeo rotativo o al vac\u00edo en su conjunto. Peso ligero, alta resistencia y hermosa apariencia.<\/p>\n<ol start=\"8\">\n<li><b><\/b><strong><b>Todos<\/b><b>Tiempo O<\/b><b>operaci\u00f3n<\/b><\/strong><\/li>\n<\/ol>\n<p>El sistema de filtraci\u00f3n dual pionero a nivel internacional tiene dos modos de barrido: h\u00famedo y seco, con dos configuraciones correspondientes a diferentes entornos en el sur y el norte. El sistema de limpieza en h\u00famedo es adecuado para entornos en el sur que no se congelan todo el a\u00f1o, mejorando el efecto de reducci\u00f3n de polvo de las operaciones de barrido, y utilizando el agua circulante m\u00faltiples veces, ahorrando recursos h\u00eddricos y aumentando el radio operativo de los veh\u00edculos; El sistema de limpieza en seco es adecuado para las regiones del norte que se congelan en invierno, y utiliza tecnolog\u00eda de retrosoplado circulante para lograr barrido anhidro. Al seleccionar dos configuraciones diferentes razonablemente, es posible lograr todas las operaciones de temporada y todas las condiciones meteorol\u00f3gicas.<\/p>\n<ol start=\"9\">\n<li><b><\/b><strong><b>Alto <\/b><b>L<\/b><b>evel <\/b><b>D<\/b><b>descarga<\/b><\/strong><\/li>\n<\/ol>\n<p>El m\u00e9todo de vertido de la tolva de basura de esta barridora de carreteras es el autovertido de alto nivel, lo que hace que el vertido de basura sea m\u00e1s limpio y r\u00e1pido. Soporta dos tipos de operaciones de descarga de basura: jogging corporal y control remoto inal\u00e1mbrico, lo que hace que sea conveniente para el personal operar dentro de un rango de 20M.<\/p>\n<ol start=\"10\">\n<li><b><\/b><strong><b>Bajo <\/b><b>W<\/b><b>Orque <\/b><b>N<\/b><b>oise<\/b><\/strong><\/li>\n<\/ol>\n<p>El nivel m\u00e1ximo de ruido durante la operaci\u00f3n de barrido en seco es de solo 68 dBA, mientras que el nivel m\u00e1ximo de ruido durante la operaci\u00f3n de barrido en h\u00famedo es de solo 72 dBA, lo que es mucho menor que los requisitos est\u00e1ndar de la industria. El nivel de ruido est\u00e1 liderando toda la industria.<\/p>\n<ol start=\"11\">\n<li><b><\/b><strong><b>Eficiente <\/b><b>Barrar<\/b><b>ing<\/b><\/strong><\/li>\n<\/ol>\n<p>La funci\u00f3n de limpieza y succi\u00f3n de la carretera es fuerte, y la operaci\u00f3n de barrido puede ajustar libremente la velocidad del cepillo y la velocidad del ventilador de acuerdo con la situaci\u00f3n de la basura de la carretera para ahorrar electricidad. Una carga puede durar m\u00e1s de 8 horas de funcionamiento y lograr un rendimiento l\u00edder en la industria.<\/p>\n<p><strong><b>12.Quick <\/b><b>C<\/b><b>colgar <\/b><b>M<\/b><b>echanismo<\/b><\/strong><\/p>\n<p>Hay tres tipos de equipos de eliminaci\u00f3n de nieve multifuncionales para barridoras de carreteras: palas de nieve, cepillo de rodillos de nieve y soplador de nieve. Pueden reemplazar r\u00e1pidamente el mejor equipo de eliminaci\u00f3n de nieve seg\u00fan las necesidades operacionales de diferentes condiciones de trabajo.<\/p>\n<p>I\u3001Palla de nieve<\/p>\n<p><img decoding=\"async\" class=\"wp-image-2534 alignleft\" src=\"https:\/\/www.haideclean.com\/wp-content\/uploads\/2026\/01\/CHR30MEV-FULL-ELECTRIC-STREET-SWEEPER-5-300x252.png\" alt=\"\" width=\"227\" height=\"191\" srcset=\"https:\/\/www.haideclean.com\/wp-content\/uploads\/2026\/01\/CHR30MEV-FULL-ELECTRIC-STREET-SWEEPER-5-300x252.png 300w, https:\/\/www.haideclean.com\/wp-content\/uploads\/2026\/01\/CHR30MEV-FULL-ELECTRIC-STREET-SWEEPER-5.png 427w\" sizes=\"(max-width: 227px) 100vw, 227px\" \/><\/p>\n<p>&nbsp;<\/p>\n<p>&nbsp;<\/p>\n<p>&nbsp;<\/p>\n<p>&nbsp;<\/p>\n<p>&nbsp;<\/p>\n<p>&nbsp;<\/p>\n<table style=\"border-collapse: collapse; width: 62.4687%; height: 139px;\" border=\"0\" width=\"835\" cellspacing=\"0\" cellpadding=\"0\">\n<tbody>\n<tr style=\"height: 13.50pt;\">\n<td class=\"et2\" style=\"width: 36.7925%; height: 13px;\" width=\"248\">Proyecto<\/td>\n<td class=\"et2\" style=\"width: 62.9717%; height: 13px;\" width=\"425\">Par\u00e1metro<\/td>\n<\/tr>\n<tr style=\"height: 13.50pt;\">\n<td class=\"et4\" style=\"width: 36.7925%; height: 48px;\" rowspan=\"2\" width=\"248\">Anchura de empuje de nieve<\/td>\n<td class=\"et4\" style=\"width: 62.9717%; height: 24px;\" width=\"425\">30MEV\/50MEV<\/td>\n<\/tr>\n<tr style=\"height: 13.50pt;\">\n<td class=\"et4\" style=\"width: 62.9717%; height: 24px;\" width=\"425\">1500\u339c\/1800mm<\/td>\n<\/tr>\n<tr style=\"height: 13.50pt;\">\n<td class=\"et4\" style=\"width: 36.7925%; height: 13px;\" width=\"248\">Espesor de empuje de nieve<\/td>\n<td class=\"et4\" style=\"width: 62.9717%; height: 13px;\" width=\"425\">50-200\u339c<\/td>\n<\/tr>\n<tr style=\"height: 16.00pt;\">\n<td class=\"et4\" style=\"width: 36.7925%; height: 16px;\" width=\"248\">Escenario de aplicaci\u00f3n<\/td>\n<td class=\"et4\" style=\"width: 62.9717%; height: 16px;\" width=\"425\">Superficie pavimentada, sin salientes ni escombros, superficie relativamente plana<\/td>\n<\/tr>\n<tr style=\"height: 13.50pt;\">\n<td class=\"et4\" style=\"width: 36.7925%; height: 13px;\" width=\"248\">\u00c1ngulo oscilante de nieve empujando pala<\/td>\n<td class=\"et4\" style=\"width: 62.9717%; height: 13px;\" width=\"425\">\u00b1 20 \u00b0<\/td>\n<\/tr>\n<tr style=\"height: 18.00pt;\">\n<td class=\"et4\" style=\"width: 36.7925%; height: 18px;\" width=\"248\">Ventajas de la pala de nieve<\/td>\n<td class=\"et4\" style=\"width: 62.9717%; height: 18px;\" width=\"425\">Simple, pr\u00e1ctico, fiable y capaz de limpiar r\u00e1pidamente las carreteras en la nieve<\/td>\n<\/tr>\n<tr style=\"height: 18.00pt;\">\n<td class=\"et4\" style=\"width: 36.7925%; height: 18px;\" width=\"248\">Partes vulnerables<\/td>\n<td class=\"et4\" style=\"width: 62.9717%; height: 18px;\" width=\"425\">Hoja de pala de nieve<\/td>\n<\/tr>\n<\/tbody>\n<\/table>\n<p>&nbsp;<\/p>\n<p>&nbsp;<\/p>\n<p>II, cepillo de rodillo de nieve<\/p>\n<p><img fetchpriority=\"high\" decoding=\"async\" class=\"alignnone size-medium wp-image-2533\" src=\"https:\/\/www.haideclean.com\/wp-content\/uploads\/2026\/01\/CHR30MEV-FULL-ELECTRIC-STREET-SWEEPER-4-300x182.png\" alt=\"\" width=\"300\" height=\"182\" srcset=\"https:\/\/www.haideclean.com\/wp-content\/uploads\/2026\/01\/CHR30MEV-FULL-ELECTRIC-STREET-SWEEPER-4-300x182.png 300w, https:\/\/www.haideclean.com\/wp-content\/uploads\/2026\/01\/CHR30MEV-FULL-ELECTRIC-STREET-SWEEPER-4.png 561w\" sizes=\"(max-width: 300px) 100vw, 300px\" \/><\/p>\n<table style=\"border-collapse: collapse; width: 61.9246%;\" border=\"0\" width=\"835\" cellspacing=\"0\" cellpadding=\"0\">\n<tbody>\n<tr style=\"height: 13.50pt;\">\n<td class=\"et2\" style=\"width: 308px;\" width=\"248\">Proyecto<\/td>\n<td class=\"et2\" style=\"width: 526px;\" width=\"425\">Par\u00e1metro<\/td>\n<\/tr>\n<tr style=\"height: 13.50pt;\">\n<td class=\"et4\" style=\"width: 308px;\" width=\"248\">Anchura del cepillo del rodillo<\/td>\n<td class=\"et4\" style=\"width: 526px;\" width=\"425\">1480\u339c<\/td>\n<\/tr>\n<tr style=\"height: 13.50pt;\">\n<td class=\"et4\" style=\"width: 308px;\" width=\"248\">Di\u00e1metro del cepillo del rodillo<\/td>\n<td class=\"et4\" style=\"width: 526px;\" width=\"425\">470\u339c<\/td>\n<\/tr>\n<tr style=\"height: 33.00pt;\">\n<td class=\"et4\" style=\"width: 308px;\" width=\"248\">Escenario de aplicaci\u00f3n<\/td>\n<td class=\"et4\" style=\"width: 526px;\" width=\"425\">Nieve seca, nieve h\u00fameda, nieve h\u00fameda, nieve de az\u00facar<\/td>\n<\/tr>\n<tr style=\"height: 13.50pt;\">\n<td class=\"et4\" style=\"width: 308px;\" width=\"248\">Espesor de nieve del rodillo<\/td>\n<td class=\"et4\" style=\"width: 526px;\" width=\"425\">1-100\u339c<\/td>\n<\/tr>\n<tr style=\"height: 33.00pt;\">\n<td class=\"et4\" style=\"width: 308px;\" width=\"248\">\u00c1ngulo oscilante de nieve empujando pala<\/td>\n<td class=\"et4\" style=\"width: 526px;\" width=\"425\">\u00b1 20 \u00b0<\/td>\n<\/tr>\n<tr style=\"height: 13.50pt;\">\n<td class=\"et4\" style=\"width: 308px;\" width=\"248\">Material del cepillo del rodillo<\/td>\n<td class=\"et4\" style=\"width: 526px;\" width=\"425\">Todas las cerdas de nylon<\/td>\n<\/tr>\n<tr style=\"height: 35.00pt;\">\n<td class=\"et4\" style=\"width: 308px;\" width=\"248\">Escenario de aplicaci\u00f3n<\/td>\n<td class=\"et4\" style=\"width: 526px;\" width=\"425\">Limpieza de la acumulaci\u00f3n de nieve en huecos entre carreteras de ladrillo y piedra, adoquines, carreteras asfaltadas, etc.<\/td>\n<\/tr>\n<tr style=\"height: 24.00pt;\">\n<td class=\"et4\" style=\"width: 308px;\" width=\"248\">Partes vulnerables<\/td>\n<td class=\"et4\" style=\"width: 526px;\" width=\"425\">Cerdas de cepillo de rodillos<\/td>\n<\/tr>\n<\/tbody>\n<\/table>\n<p>&nbsp;<\/p>\n<p>III. Elevador de nieve<\/p>\n<p><img decoding=\"async\" class=\"alignnone size-medium wp-image-2532\" src=\"https:\/\/www.haideclean.com\/wp-content\/uploads\/2026\/01\/CHR30MEV-FULL-ELECTRIC-STREET-SWEEPER-3-225x300.png\" alt=\"\" width=\"225\" height=\"300\" srcset=\"https:\/\/www.haideclean.com\/wp-content\/uploads\/2026\/01\/CHR30MEV-FULL-ELECTRIC-STREET-SWEEPER-3-225x300.png 225w, https:\/\/www.haideclean.com\/wp-content\/uploads\/2026\/01\/CHR30MEV-FULL-ELECTRIC-STREET-SWEEPER-3.png 357w\" sizes=\"(max-width: 225px) 100vw, 225px\" \/><\/p>\n<table style=\"border-collapse: collapse; width: 61.9246%;\" border=\"0\" width=\"835\" cellspacing=\"0\" cellpadding=\"0\">\n<tbody>\n<tr style=\"height: 13.50pt;\">\n<td class=\"et2\" style=\"width: 99.881%;\" width=\"425\">Par\u00e1metro<\/td>\n<\/tr>\n<tr style=\"height: 13.50pt;\">\n<td class=\"et5\" style=\"width: 99.881%;\" width=\"425\">30MEV\/50MEV<\/td>\n<\/tr>\n<tr style=\"height: 13.50pt;\">\n<td class=\"et5\" style=\"width: 99.881%;\" width=\"425\">1250\u339c\/1530\u339c<\/td>\n<\/tr>\n<tr style=\"height: 13.50pt;\">\n<td class=\"et5\" style=\"width: 99.881%;\" width=\"425\">- 15 \u00b0 a 35 \u00b0<\/td>\n<\/tr>\n<tr style=\"height: 65.00pt;\">\n<td class=\"et5\" style=\"width: 99.881%;\" width=\"425\">La acumulaci\u00f3n de nieve que no puede ser limpiada por palas de nieve y cepillo de rodillos de nieve<\/p>\n<p>Las palas de nieve y el cepillo del rodillo de nieve se utilizan para quitar la nieve del borde de la carretera<\/td>\n<\/tr>\n<tr style=\"height: 13.50pt;\">\n<td class=\"et5\" style=\"width: 99.881%;\" width=\"425\">200-450\u339c<\/td>\n<\/tr>\n<tr style=\"height: 33.00pt;\">\n<td class=\"et5\" style=\"width: 99.881%;\" width=\"425\">\u00b1 90 \u00b0<\/td>\n<\/tr>\n<tr style=\"height: 54.00pt;\">\n<td class=\"et5\" style=\"width: 99.881%;\" width=\"425\">La nieve se puede tirar a ambos lados de la carretera, y tambi\u00e9n se puede transportar con una carretilla elevadora o un peque\u00f1o triciclo.<\/td>\n<\/tr>\n<\/tbody>\n<\/table>\n<p><img loading=\"lazy\" decoding=\"async\" class=\"alignnone wp-image-2531\" src=\"https:\/\/www.haideclean.com\/wp-content\/uploads\/2026\/01\/CHR30MEV-FULL-ELECTRIC-STREET-SWEEPER-2-300x171.png\" alt=\"\" width=\"396\" height=\"225\" srcset=\"https:\/\/www.haideclean.com\/wp-content\/uploads\/2026\/01\/CHR30MEV-FULL-ELECTRIC-STREET-SWEEPER-2-300x171.png 300w, https:\/\/www.haideclean.com\/wp-content\/uploads\/2026\/01\/CHR30MEV-FULL-ELECTRIC-STREET-SWEEPER-2-1024x583.png 1024w, https:\/\/www.haideclean.com\/wp-content\/uploads\/2026\/01\/CHR30MEV-FULL-ELECTRIC-STREET-SWEEPER-2-768x438.png 768w, https:\/\/www.haideclean.com\/wp-content\/uploads\/2026\/01\/CHR30MEV-FULL-ELECTRIC-STREET-SWEEPER-2-600x342.png 600w, https:\/\/www.haideclean.com\/wp-content\/uploads\/2026\/01\/CHR30MEV-FULL-ELECTRIC-STREET-SWEEPER-2.png 1262w\" sizes=\"(max-width: 396px) 100vw, 396px\" \/><img loading=\"lazy\" decoding=\"async\" class=\"alignnone size-medium wp-image-2535\" src=\"https:\/\/www.haideclean.com\/wp-content\/uploads\/2026\/01\/CHR30MEV-FULL-ELECTRIC-STREET-SWEEPER-300x225.png\" alt=\"\" width=\"300\" height=\"225\" srcset=\"https:\/\/www.haideclean.com\/wp-content\/uploads\/2026\/01\/CHR30MEV-FULL-ELECTRIC-STREET-SWEEPER-300x225.png 300w, https:\/\/www.haideclean.com\/wp-content\/uploads\/2026\/01\/CHR30MEV-FULL-ELECTRIC-STREET-SWEEPER-1024x768.png 1024w, https:\/\/www.haideclean.com\/wp-content\/uploads\/2026\/01\/CHR30MEV-FULL-ELECTRIC-STREET-SWEEPER-768x576.png 768w, https:\/\/www.haideclean.com\/wp-content\/uploads\/2026\/01\/CHR30MEV-FULL-ELECTRIC-STREET-SWEEPER-600x450.png 600w, https:\/\/www.haideclean.com\/wp-content\/uploads\/2026\/01\/CHR30MEV-FULL-ELECTRIC-STREET-SWEEPER.png 1269w\" sizes=\"(max-width: 300px) 100vw, 300px\" \/><\/p>","protected":false},"excerpt":{"rendered":"<p>La barridora multifuncional totalmente el\u00e9ctrica CHR30MEV es una barridora compacta de carreteras con chasis especial articulado, barrido multifuncional y tipo de succi\u00f3n.<\/p>","protected":false},"featured_media":2362,"template":"","meta":[],"product_brand":[],"product_cat":[30],"product_tag":[],"class_list":{"0":"post-2359","1":"product","2":"type-product","3":"status-publish","4":"has-post-thumbnail","6":"product_cat-compact-street-sweepers","8":"first","9":"instock","10":"shipping-taxable","11":"product-type-simple"},"_links":{"self":[{"href":"https:\/\/www.haideclean.com\/es\/wp-json\/wp\/v2\/product\/2359","targetHints":{"allow":["GET"]}}],"collection":[{"href":"https:\/\/www.haideclean.com\/es\/wp-json\/wp\/v2\/product"}],"about":[{"href":"https:\/\/www.haideclean.com\/es\/wp-json\/wp\/v2\/types\/product"}],"wp:featuredmedia":[{"embeddable":true,"href":"https:\/\/www.haideclean.com\/es\/wp-json\/wp\/v2\/media\/2362"}],"wp:attachment":[{"href":"https:\/\/www.haideclean.com\/es\/wp-json\/wp\/v2\/media?parent=2359"}],"wp:term":[{"taxonomy":"product_brand","embeddable":true,"href":"https:\/\/www.haideclean.com\/es\/wp-json\/wp\/v2\/product_brand?post=2359"},{"taxonomy":"product_cat","embeddable":true,"href":"https:\/\/www.haideclean.com\/es\/wp-json\/wp\/v2\/product_cat?post=2359"},{"taxonomy":"product_tag","embeddable":true,"href":"https:\/\/www.haideclean.com\/es\/wp-json\/wp\/v2\/product_tag?post=2359"}],"curies":[{"name":"wp","href":"https:\/\/api.w.org\/{rel}","templated":true}]}}